{"id":945,"date":"2020-12-04T13:32:26","date_gmt":"2020-12-04T12:32:26","guid":{"rendered":"https:\/\/cesarbaggio.fr\/WP\/?page_id=945"},"modified":"2025-01-23T10:35:05","modified_gmt":"2025-01-23T09:35:05","slug":"les-modes-dhebergement","status":"publish","type":"page","link":"https:\/\/cesarbaggio.fr\/WP\/vie-du-lycee\/les-modes-dhebergement\/","title":{"rendered":"LES MODES D&rsquo;HEBERGEMENT"},"content":{"rendered":"\n<hr class=\"wp-block-separator has-css-opacity\"\/>\n\n\n<p style=\"text-align: center;\"><span style=\"font-size: 18pt; color: #0000ff;\"><strong><em>L\u2019internat\u00a0: Un espace de vie &amp; de travail au service de la r\u00e9ussite des \u00e9l\u00e8ves &amp; des \u00e9tudiants<\/em><\/strong><\/span><\/p>\n<p style=\"text-align: justify;\">La cit\u00e9 scolaire dispose d\u2019un internat pouvant accueillir les \u00e9l\u00e8ves et \u00e9tudiants du <strong>dimanche soir <\/strong>au <strong>samedi midi<\/strong>, sur la p\u00e9riode scolaire.<\/p>\n<p style=\"text-align: justify;\">Les internes sont issus de classes et de formations de la seconde \u00e0 la deuxi\u00e8me ann\u00e9e de classe pr\u00e9paratoire aux Grandes Ecoles (CPGE) ou de Section de Technicien Sup\u00e9rieur (STS) ainsi que de l\u2019Unit\u00e9 de Formation d\u2019Apprentis (UFA). <strong>Dans l\u2019attribution des places disponibles, le temps de trajet entre le domicile et l\u2019\u00e9tablissement est pris en compte.<\/strong><\/p>\n<p style=\"text-align: justify;\">L\u2019internat est un service rendu aux \u00e9l\u00e8ves, aux \u00e9tudiants et \u00e0 leurs familles. S\u2019y inscrire implique de la part de chacun, le respect des r\u00e8gles de fonctionnement de l\u2019internat et de ses horaires.<\/p>\n<p style=\"text-align: justify;\">Les tarifs sont r\u00e9vis\u00e9s chaque ann\u00e9e par le Conseil R\u00e9gional des Hauts-de-France. Pour l\u2019ann\u00e9e scolaire en cours (2024-2025) ils s\u2019\u00e9l\u00e8vent \u00e0 : <strong>2200\u20ac environ<\/strong> (la facture varie d\u2019un trimestre \u00e0 l\u2019autre, en fonction du nombre de jours d\u2019ouverture de l\u2019internat).<\/p>\n<p style=\"text-align: justify;\"><strong><em>Remarque\u00a0:<\/em><\/strong><em> Une facture est envoy\u00e9e par mail au responsable financier de l\u2019\u00e9l\u00e8ve et \/ ou \u00e0 l\u2019\u00e9tudiant chaque trimestre. Un paiement \u00e9chelonn\u00e9 peut \u00eatre convenu d\u00e8s l\u2019inscription \u00e0 l\u2019internat.<\/em><\/p>\n<p style=\"text-align: center;\"><em>\u00a0<span style=\"color: #ff6600; font-size: 14pt;\"><strong>Pour information, le co\u00fbt journalier de l\u2019internat est de<\/strong>\u00a0<strong>: 12,31\u20ac<br \/><\/strong>(Petit-d\u00e9jeuner \u2013 D\u00e9jeuner \u2013 D\u00eener \u2013 Nuit\u00e9e)<\/span><\/em><\/p>\n<p style=\"text-align: center;\"><span style=\"font-size: 14pt;\"><em>\u00a0<span style=\"color: #00ccff;\">Pour plus de renseignements, contactez le service d\u2019intendance au\u00a0: 03.20.88.67.93\u00a0<\/span><\/em><\/span><\/p>\n<ul>\n<li><em>\u00a0<\/em><strong><em style=\"color: initial;\">Locaux\u00a0&amp; situation g\u00e9ographique :<\/em><\/strong><\/li>\n<\/ul>\n<p style=\"text-align: justify;\">De part sa situation g\u00e9ographique, l\u2019internat de la cit\u00e9 scolaire donne acc\u00e8s aux services et prestations de la ville, et plus largement, de la m\u00e9tropole europ\u00e9enne de Lille (entreprises, terrains de stage, activit\u00e9s culturelles et sportives, vie associative).<\/p>\n<p>Il est situ\u00e9 \u00e0 dix minutes \u00e0 peine de la gare Lille Flandres via la ligne 2 du <strong>m\u00e9tro (arr\u00eat Porte d\u2019Arras)<\/strong>.<\/p>\n<p style=\"text-align: justify;\">Implant\u00e9 sur le site du lyc\u00e9e, le b\u00e2timent de l\u2019internat permet par sa situation, de rejoindre les b\u00e2timents de cours, la restauration et les diff\u00e9rents lieux de vie (foyer des internes, maison des lyc\u00e9ens, salle de travail), sans avoir \u00e0 passer par l\u2019ext\u00e9rieur.<\/p>\n<p style=\"text-align: justify;\">Dans chaque chambre, un interne dispose d\u2019un lit, d\u2019un bureau, et d\u2019une armoire. L\u2019internat peut accueillir \u00e9l\u00e8ves ou \u00e9tudiants \u00e0 mobilit\u00e9 r\u00e9duite (locaux, mobilier adapt\u00e9s et ascenseur). Le b\u00e2timent est \u00e9quip\u00e9 du r\u00e9seau internet, en WI-FI.<\/p>\n<p>Chaque chambre peut accueillir 4 internes maximum.<\/p>\n<ul>\n<li><strong><em>Encadrement et bien-\u00eatre\u00a0: <\/em><\/strong><\/li>\n<\/ul>\n<p style=\"text-align: justify;\">Chaque soir, les internes sont accueillis et encadr\u00e9s par une \u00e9quipe d\u2019Assistant d\u2019Education (AED) et d\u2019un Conseiller Principal d\u2019Education qui assure une permanence jusqu\u2019\u00e0 21h. Au-del\u00e0 de cet horaire, un service d\u2019astreinte est pr\u00e9vu, jusqu\u2019\u00e0 08h00 le lendemain.<\/p>\n<p style=\"text-align: justify;\">Un service infirmier est \u00e9galement organis\u00e9 d\u00e8s 07h00 chaque matin et jusqu\u2019\u00e0 21h00 chaque soir. L\u00e0 encore, au-del\u00e0, un service d\u2019astreinte est pr\u00e9vu.<\/p>\n<ul>\n<li><strong><em>Les espaces de travail et les temps d\u2019\u00e9tude\u00a0: <\/em><\/strong><\/li>\n<\/ul>\n<p>Des temps d\u2019\u00e9tude surveill\u00e9e sont organis\u00e9s pour l\u2019ensemble des internes\u00a0:<\/p>\n<ul>\n<li style=\"list-style-type: none;\">\n<ul>\n<li>A raison de deux heures, du lundi au jeudi pour les CPGE (en alternance, selon les classes)<\/li>\n<li>A raison d\u2019une heure trente pour les classes du secondaire, du lundi au jeudi (de la seconde \u00e0 la terminale)<\/li>\n<\/ul>\n<\/li>\n<\/ul>\n<ul>\n<li><strong><em>Activit\u00e9s propos\u00e9es\u00a0: <\/em><\/strong><\/li>\n<\/ul>\n<p style=\"text-align: justify;\">V\u00e9ritable lieu de vie, l\u2019internat est un espace que la communaut\u00e9 \u00e9ducative a \u00e0 c\u0153ur de pr\u00e9server et d\u2019am\u00e9liorer continuellement. Pour cela, comme dans chaque classe, les \u00e9l\u00e8ves et \u00e9tudiants internes \u00e9lisent parmi eux leurs repr\u00e9sentants qui sont charg\u00e9s de transmettre leurs demandes, propositions d\u2019actions, id\u00e9es d\u2019activit\u00e9s et autres informations, aux CPE et \u00e0 la direction du lyc\u00e9e.<\/p>\n<p style=\"text-align: justify;\">Les internes ont \u00e9galement acc\u00e8s, sous r\u00e9serve de leur inscription \u00e0 l\u2019Association Sportive du Lyc\u00e9e, aux installations sportives de l\u2019\u00e9tablissement, tout en \u00e9tant encadr\u00e9s par un enseignant.<\/p>\n<p style=\"text-align: justify;\">R\u00e9guli\u00e8rement, des projections de films et des d\u00e9bats sont organis\u00e9s \u00e0 l\u2019internat pour \u00e9veiller la curiosit\u00e9, ouvrir l\u2019esprit et amener les \u00e9l\u00e8ves \u00e0 interroger leurs repr\u00e9sentations d\u2019eux-m\u00eames et du monde qui les entourent.\u00a0\u00a0<\/p>\n<ul>\n<li><strong><em>Entr\u00e9es et sorties\u00a0: <\/em><\/strong><\/li>\n<\/ul>\n<p>Selon leur \u00e2ge, les internes b\u00e9n\u00e9ficient d\u2019un r\u00e9gime de sortie diff\u00e9rent\u00a0:<\/p>\n<ul>\n<li><strong>Les lyc\u00e9ens<\/strong> (de la seconde \u00e0 la terminale) sont tenus de rejoindre l\u2019internat chaque soir pour 18h30 au plus tard. Aucune autorisation de sortie de l\u2019internat ne peut \u00eatre accept\u00e9e sans \u00e9crit de la famille, du ou des responsable(s) et validation par un CPE.<\/li>\n<li><strong>Les \u00e9tudiants<\/strong> (CPGE &amp; BTS) b\u00e9n\u00e9ficient d\u2019une autorisation de sortie jusqu\u2019\u00e0 22h00, chaque soir de la semaine.<\/li>\n<\/ul>\n<p style=\"text-align: center;\"><em>\u00a0<\/em><span style=\"font-size: 18pt;\"><span style=\"color: #00ccff;\"><em>Pour plus de renseignements, contactez-nous \u00e0 l\u2019adresse suivante\u00a0:<\/em> internat.baggio@gmail.com<\/span><\/span><\/p>\n<p style=\"text-align: justify;\"><br style=\"font-weight: 400;\" \/><b><\/b><\/p>\n<ul>\n<li style=\"text-align: justify;\"><b>La restauration<br \/><\/b><span style=\"font-weight: 400;\"><br style=\"font-weight: 400;\" \/>La restauration du lyc\u00e9e est ouverte :<br style=\"font-weight: 400;\" \/><\/span><\/li>\n<li>Petit d\u00e9jeuner : de 7 h \u00e0 8 h 00.<\/li>\n<li>D\u00e9jeuner : de 11 h 15 \u00e0 13 h 30.<\/li>\n<li>D\u00eener : de 18 h 30 \u00e0 19 h 20<\/li>\n<\/ul>\n<p>\u00a0Autres possibilit\u00e9s d&rsquo;h\u00e9bergement :<\/p>\n<p><span style=\"font-weight: 400;\"><strong><br \/>Les r\u00e9sidences universitaires :<\/strong><br style=\"font-weight: 400;\" \/>Sur e site du CROUS : <a href=\"https:\/\/www.messervices.etudiant.gouv.fr\/envole\/\" target=\"_blank\" rel=\"noopener nofollow\">messervices.etudiant.gouv.fr<\/a><br style=\"font-weight: 400;\" \/><em>rubrique \u00ab\u00a0Trouver un Logement en R\u00e9sidence CROUS\u00a0\u00bb<\/em><br style=\"font-weight: 400;\" \/><br style=\"font-weight: 400;\" \/><\/span><\/p>\n<p><span style=\"font-weight: 400;\"><strong>Les r\u00e9sidences universitaires les plus proches du lyc\u00e9e Baggio sont :<\/strong><br style=\"font-weight: 400;\" \/><\/span><\/p>\n<ul style=\"font-weight: 400;\">\n<li>R\u00e9sidence Guy de Maupassant &#8211; 3, Rue Guy de Maupassant 59000 Lille\u00a0<\/li>\n<li>R\u00e9sidence George Lef\u00e9vre &#8211; 2, Boulevard du Docteur Calmette 59000 Lille<\/li>\n<li>R\u00e9sidence Arsenal des Postes &#8211; 47 Rue de Strasbourg 59000 Lille<\/li>\n<li>r\u00e9sidence Courmont &#8211; 4 Rue Courmont 59000 Lille<\/li>\n<li>R\u00e9sidence du Bas-Li\u00e9vin &#8211; 48\/50, rue du Bas-Li\u00e9vin 59000 Lille\u00a0<\/li>\n<li>R\u00e9sidence Jean Zay &#8211; Rue Jean Zay 59000 Lille<\/li>\n<li>R\u00e9sidence Moulins Parc Centre &#8211; 91 Rue d&rsquo;Arras 59000 Lille\u00a0<\/li>\n<\/ul>\n<p><span style=\"font-weight: 400;\">D&rsquo;autres possibilit\u00e9s existent : vous pouvez interroger le\u00a0<span style=\"color: #3366ff;\"><a style=\"font-weight: 400; color: #3366ff;\" href=\"http:\/\/www.crous-lille.fr\/\" rel=\"nofollow noopener\" target=\"_blank\">CROUS par internet<\/a><\/span><\/span><\/p>\n<p style=\"text-align: center;\">pour info <span style=\"color: #3366ff;\"><a style=\"color: #3366ff;\" href=\"mailto:bourses.hebergement.baggio@gmail.com\">bourses.hebergement.baggio@gmail.com<\/a><\/span><\/p>\n\n\n<p><\/p>\n","protected":false},"excerpt":{"rendered":"<p>L\u2019internat\u00a0: Un espace de vie &amp; de travail au service de la r\u00e9ussite des \u00e9l\u00e8ves&#8230;<\/p>\n","protected":false},"author":1,"featured_media":0,"parent":194,"menu_order":0,"comment_status":"closed","ping_status":"closed","template":"","meta":{"footnotes":""},"class_list":["post-945","page","type-page","status-publish","hentry"],"jetpack_sharing_enabled":true,"_links":{"self":[{"href":"https:\/\/cesarbaggio.fr\/WP\/wp-json\/wp\/v2\/pages\/945","targetHints":{"allow":["GET"]}}],"collection":[{"href":"https:\/\/cesarbaggio.fr\/WP\/wp-json\/wp\/v2\/pages"}],"about":[{"href":"https:\/\/cesarbaggio.fr\/WP\/wp-json\/wp\/v2\/types\/page"}],"author":[{"embeddable":true,"href":"https:\/\/cesarbaggio.fr\/WP\/wp-json\/wp\/v2\/users\/1"}],"replies":[{"embeddable":true,"href":"https:\/\/cesarbaggio.fr\/WP\/wp-json\/wp\/v2\/comments?post=945"}],"version-history":[{"count":11,"href":"https:\/\/cesarbaggio.fr\/WP\/wp-json\/wp\/v2\/pages\/945\/revisions"}],"predecessor-version":[{"id":5347,"href":"https:\/\/cesarbaggio.fr\/WP\/wp-json\/wp\/v2\/pages\/945\/revisions\/5347"}],"up":[{"embeddable":true,"href":"https:\/\/cesarbaggio.fr\/WP\/wp-json\/wp\/v2\/pages\/194"}],"wp:attachment":[{"href":"https:\/\/cesarbaggio.fr\/WP\/wp-json\/wp\/v2\/media?parent=945"}],"curies":[{"name":"wp","href":"https:\/\/api.w.org\/{rel}","templated":true}]}}