{"id":942,"date":"2020-12-04T12:22:46","date_gmt":"2020-12-04T11:22:46","guid":{"rendered":"https:\/\/cesarbaggio.fr\/WP\/?page_id=942"},"modified":"2022-10-12T16:11:11","modified_gmt":"2022-10-12T14:11:11","slug":"reglement-interieur-du-lycee-baggio","status":"publish","type":"page","link":"https:\/\/cesarbaggio.fr\/WP\/vie-du-lycee\/reglement-interieur-du-lycee-baggio\/","title":{"rendered":"REGLEMENT INTERIEUR DU LYCEE BAGGIO"},"content":{"rendered":"\n<hr class=\"wp-block-separator\"\/>\n\n\n<div class=\"art-content-layout\">\n<div class=\"art-content-layout-row responsive-layout-row-1\">\n<div class=\"art-layout-cell\">\n<div align=\"center\"><strong><br \/>Approuv\u00e9 par le Conseil d\u2019Administration du 30 Juin 2022<br \/>Extrait du r\u00e8glement int\u00e9rieur &#8211; second cycle Lyc\u00e9e et Lyc\u00e9e Professionnel<\/strong><\/div>\n<p><strong>PR\u00c9AMBULE<\/strong><\/p>\n<p>Le lyc\u00e9e est un lieu d\u2019enseignement et aussi d\u2019\u00e9ducation visant \u00e0 responsabiliser les \u00e9l\u00e8ves et \u00e0 les placer en situation d\u2019apprentissage de la vie en soci\u00e9t\u00e9, de la citoyennet\u00e9 et de la d\u00e9mocratie.<\/p>\n<p>Le r\u00e8glement int\u00e9rieur pr\u00e9cise et compl\u00e8te la loi mais ne s\u2019y substitue pas ; il vise \u00e0 organiser la vie en communaut\u00e9 de fa\u00e7on \u00e0 garantir le droit de chaque \u00e9l\u00e8ve \u00e0 une formation de qualit\u00e9, \u00e0 la r\u00e9ussite de son projet d\u2019insertion sociale et professionnelle.<\/p>\n<p>\u00c9labor\u00e9 en concertation avec tous les membres de la communaut\u00e9 scolaire, le r\u00e8glement d\u00e9finit pour le lyc\u00e9e C\u00e9sar Baggio les r\u00e8gles de fonctionnement ainsi que les droits et obligations de chacun de ses membres ; il en pr\u00e9cise les modalit\u00e9s d\u2019exercice.<\/p>\n<p><strong>Le r\u00e8glement int\u00e9rieur est fond\u00e9 sur des principes que chacun se doit de respecter :<\/strong><\/p>\n<p>&#8211; la gratuit\u00e9 de l\u2019enseignement,<br \/>&#8211; la neutralit\u00e9 et la la\u00efcit\u00e9,<br \/>&#8211; le respect mutuel \u00e9l\u00e8ves et adultes et \u00e9l\u00e8ves entre eux,<br \/>&#8211; le devoir de tol\u00e9rance et de respect d\u2019autrui,<br \/>&#8211; la garantie de protection contre toute violence psychologique, physique ou morale,<br \/>&#8211; le devoir de n\u2019user d\u2019aucune violence,<br \/>&#8211; l\u2019\u00e9galit\u00e9 des chances et de traitement filles, gar\u00e7ons et handicap\u00e9s,v &#8211; l\u2019assiduit\u00e9 et la ponctualit\u00e9,<br \/>&#8211; le travail,<br \/>&#8211; la volont\u00e9 de r\u00e9ussir.<\/p>\n<p>Les principes et dispositions d\u00e9finis dans le r\u00e8glement int\u00e9rieur concernent l\u2019\u00e9tablissement et ses services annexes que sont l\u2019internat et la demi-pension ;\u00a0<\/p>\n<p>Les r\u00e8gles particuli\u00e8res \u00e0 l\u2019internat, \u00e0 la demi-pension, aux stages en entreprise, au CDI sont pr\u00e9cis\u00e9es en annexes qui seront mises \u00e0 disposition des \u00e9l\u00e8ves et \u00e9tudiants concern\u00e9s.<\/p>\n<\/div>\n<\/div>\n<\/div>\n<div class=\"art-content-layout\">\n<div class=\"art-content-layout-row responsive-layout-row-2\">\n<div class=\"art-layout-cell layout-item-0\">\n<p style=\"text-align: center;\">\u00a0<span style=\"color: #0000ff;\"><a class=\"typeliencourant\" style=\"color: #0000ff;\" href=\"http:\/\/cesarbaggio.fr\/plaquette\/reglement-interieur.pdf\" target=\"_blank\" rel=\"noopener noreferrer\">T\u00e9l\u00e9chargez le r\u00e9glement complet au format PDF<\/a><\/span><\/p>\n<\/div>\n<\/div>\n<\/div>","protected":false},"excerpt":{"rendered":"<p>Approuv\u00e9 par le Conseil d\u2019Administration du 30 Juin 2022Extrait du r\u00e8glement int\u00e9rieur &#8211; second cycle&#8230;<\/p>\n","protected":false},"author":1,"featured_media":0,"parent":194,"menu_order":0,"comment_status":"closed","ping_status":"closed","template":"","meta":{"footnotes":""},"class_list":["post-942","page","type-page","status-publish","hentry"],"jetpack_sharing_enabled":true,"_links":{"self":[{"href":"https:\/\/cesarbaggio.fr\/WP\/wp-json\/wp\/v2\/pages\/942","targetHints":{"allow":["GET"]}}],"collection":[{"href":"https:\/\/cesarbaggio.fr\/WP\/wp-json\/wp\/v2\/pages"}],"about":[{"href":"https:\/\/cesarbaggio.fr\/WP\/wp-json\/wp\/v2\/types\/page"}],"author":[{"embeddable":true,"href":"https:\/\/cesarbaggio.fr\/WP\/wp-json\/wp\/v2\/users\/1"}],"replies":[{"embeddable":true,"href":"https:\/\/cesarbaggio.fr\/WP\/wp-json\/wp\/v2\/comments?post=942"}],"version-history":[{"count":3,"href":"https:\/\/cesarbaggio.fr\/WP\/wp-json\/wp\/v2\/pages\/942\/revisions"}],"predecessor-version":[{"id":3909,"href":"https:\/\/cesarbaggio.fr\/WP\/wp-json\/wp\/v2\/pages\/942\/revisions\/3909"}],"up":[{"embeddable":true,"href":"https:\/\/cesarbaggio.fr\/WP\/wp-json\/wp\/v2\/pages\/194"}],"wp:attachment":[{"href":"https:\/\/cesarbaggio.fr\/WP\/wp-json\/wp\/v2\/media?parent=942"}],"curies":[{"name":"wp","href":"https:\/\/api.w.org\/{rel}","templated":true}]}}