{"id":934,"date":"2020-12-04T11:52:09","date_gmt":"2020-12-04T10:52:09","guid":{"rendered":"https:\/\/cesarbaggio.fr\/WP\/?page_id=934"},"modified":"2020-12-08T13:17:00","modified_gmt":"2020-12-08T12:17:00","slug":"les-associations-des-parents-deleves","status":"publish","type":"page","link":"https:\/\/cesarbaggio.fr\/WP\/vie-du-lycee\/les-associations-des-parents-deleves\/","title":{"rendered":"LES ASSOCIATIONS DES PARENTS D&rsquo;ELEVES"},"content":{"rendered":"\n<hr class=\"wp-block-separator\"\/>\n\n\n<p>Vous pouvez leur \u00e9crire au Lyc\u00e9e<\/p>\n<p style=\"text-align: center;\"><a href=\"http:\/\/fcpebaggio.free.fr\/\" target=\"_blank\" rel=\"noopener noreferrer nofollow\"><img loading=\"lazy\" decoding=\"async\" class=\"aligncenter\" src=\"http:\/\/cesarbaggio.fr\/images\/logo-fcpe-baggio.gif\" alt=\"\" width=\"139\" height=\"100\"><\/a><strong>Lyc\u00e9es Technologique et Professionnel<\/strong><br>\nC\u00e9sar BAGGIO<\/p>\n<p style=\"text-align: center;\"><a href=\"http:\/\/www.peepbaggio.org\/\" target=\"_blank\" rel=\"noopener noreferrer nofollow\"><img loading=\"lazy\" decoding=\"async\" class=\"\" src=\"http:\/\/cesarbaggio.fr\/images\/logo-peep.jpg\" alt=\"\" width=\"163\" height=\"45\"><\/a><br>\n<strong>Lyc\u00e9es Technologique et Professionnel&nbsp;<\/strong><br>\nC\u00e9sar BAGGIO<\/p>","protected":false},"excerpt":{"rendered":"<p>Vous pouvez leur \u00e9crire au Lyc\u00e9e Lyc\u00e9es Technologique et Professionnel C\u00e9sar BAGGIO Lyc\u00e9es Technologique et&#8230;<\/p>\n","protected":false},"author":1,"featured_media":0,"parent":194,"menu_order":0,"comment_status":"closed","ping_status":"closed","template":"","meta":{"footnotes":""},"class_list":["post-934","page","type-page","status-publish","hentry"],"jetpack_sharing_enabled":true,"_links":{"self":[{"href":"https:\/\/cesarbaggio.fr\/WP\/wp-json\/wp\/v2\/pages\/934","targetHints":{"allow":["GET"]}}],"collection":[{"href":"https:\/\/cesarbaggio.fr\/WP\/wp-json\/wp\/v2\/pages"}],"about":[{"href":"https:\/\/cesarbaggio.fr\/WP\/wp-json\/wp\/v2\/types\/page"}],"author":[{"embeddable":true,"href":"https:\/\/cesarbaggio.fr\/WP\/wp-json\/wp\/v2\/users\/1"}],"replies":[{"embeddable":true,"href":"https:\/\/cesarbaggio.fr\/WP\/wp-json\/wp\/v2\/comments?post=934"}],"version-history":[{"count":2,"href":"https:\/\/cesarbaggio.fr\/WP\/wp-json\/wp\/v2\/pages\/934\/revisions"}],"predecessor-version":[{"id":1020,"href":"https:\/\/cesarbaggio.fr\/WP\/wp-json\/wp\/v2\/pages\/934\/revisions\/1020"}],"up":[{"embeddable":true,"href":"https:\/\/cesarbaggio.fr\/WP\/wp-json\/wp\/v2\/pages\/194"}],"wp:attachment":[{"href":"https:\/\/cesarbaggio.fr\/WP\/wp-json\/wp\/v2\/media?parent=934"}],"curies":[{"name":"wp","href":"https:\/\/api.w.org\/{rel}","templated":true}]}}