{"id":930,"date":"2020-12-04T11:40:22","date_gmt":"2020-12-04T10:40:22","guid":{"rendered":"https:\/\/cesarbaggio.fr\/WP\/?page_id=930"},"modified":"2025-01-23T10:42:57","modified_gmt":"2025-01-23T09:42:57","slug":"restaurant-scolaire","status":"publish","type":"page","link":"https:\/\/cesarbaggio.fr\/WP\/vie-du-lycee\/restaurant-scolaire\/","title":{"rendered":"Restaurant Scolaire"},"content":{"rendered":"\n<hr class=\"wp-block-separator has-css-opacity\"\/>\n\n\n<p><img loading=\"lazy\" decoding=\"async\" class=\"size-full wp-image-931 alignleft\" src=\"https:\/\/cesarbaggio.fr\/WP\/wp-content\/uploads\/2020\/12\/rest-scolaire-Baggio.gif\" alt=\"\" width=\"296\" height=\"199\" \/><\/p>\n<p style=\"font-weight: 400; text-align: justify;\">La restauration du Lyc\u00e9e Baggio a le souci de remplir son r\u00f4le en mati\u00e8re d\u2019\u00e9ducation alimentaire afin que les \u00e9l\u00e8ves et les \u00e9tudiants b\u00e9n\u00e9ficient d\u2019un repas le plus \u00e9quilibr\u00e9 possible et app\u00e9tissant. Nous informons nos jeunes consommateurs et les orientons vers des choix alimentaires satisfaisants, afin de pr\u00e9venir les troubles nutritionnels (pr\u00e9vention de la d\u00e9nutrition et de l\u2019ob\u00e9sit\u00e9 adolescente).<\/p>\n<p style=\"font-weight: 400;\"><strong>LE BIO et le DEVELOPPEMENT DURABLE au Lyc\u00e9e BAGGIO<\/strong><\/p>\n<p style=\"font-weight: 400; text-align: justify;\">Dans la coh\u00e9rence de son engagement pour une politique environnementale responsable et de sa d\u00e9marche qualit\u00e9.<br \/>Le lyc\u00e9e Baggio a inclus des principes de d\u00e9veloppement durable dans la pr\u00e9paration des repas. Nous avons fait le choix d\u2019introduire des produits issus de l\u2019agriculture biologique (fruits, l\u00e9gumes, produits laitiers, viandes etc.\u2026) ou bio \u00e9quitables, en privil\u00e9giant les circuits d\u2019approvisionnements de proximit\u00e9 (locaux et r\u00e9gionaux) et des produits de saison.<\/p>\n<p style=\"font-weight: 400;\">La restauration du Lyc\u00e9e BAGGIO vous accueille de 11H15 \u00e0 13H30 sans r\u00e9servation pr\u00e9alable.<\/p>\n<p style=\"font-weight: 400;\"><strong>Nous vous proposons 2 formules de restauration :<\/strong><\/p>\n<ul>\n<li style=\"font-weight: 400;\"><strong>Prix du repas \u00e9l\u00e8ve \u00e0 la prestation :\u00a0<\/strong>3.95\u20ac<\/li>\n<li style=\"font-weight: 400;\"><strong>Prix du forfait<\/strong> (5 repas par semaine) tarif 2024\/25 = 546.68\u20ac (soit 3.03\u20ac le repas), payable au trimestre :\n<ul>\n<li>sept-d\u00e9cembre 2025 = 218.04\u20ac(Augmentation possible au 1er Septembre)<\/li>\n<\/ul>\n<\/li>\n<\/ul>\n<p style=\"font-weight: 400; text-align: center;\"><strong>Le menu : 1 plat + 3 annexes (entr\u00e9e, fromage, dessert)<br \/><a href=\"https:\/\/lgt-cesar-baggio-lille.59.ac-lille.fr\/menu-lycee-cesar-baggio\/\" rel=\"nofollow noopener\" target=\"_blank\">Menu de la Semaine<\/a><\/strong><\/p>\n<p style=\"font-weight: 400;\"><strong>Les demi-pensionnaires peuvent aussi d\u00e9guster :<\/strong>\u00a0un petit d\u00e9jeuner de 7H00 \u00e0 8H00 au prix de 1.50\u20ac<br \/>Pour les \u00e9l\u00e8ves internes le restaurant scolaire est ouvert du lundi matin au samedi midi.<\/p>\n<p style=\"font-weight: 400;\"><strong>Horaires d\u2019ouverture pour le repas du soir :<\/strong> 18h30 \u00e0 19H20.<\/p>\n<p style=\"font-weight: 400;\">Toute l&rsquo;\u00e9quipe de restauration sera attentive \u00e0 vous pr\u00e9senter des plats vari\u00e9s et de qualit\u00e9<br \/><em>Un repas \u00e9quilibr\u00e9 est toujours pr\u00e9f\u00e9rable \u00e0 un simple sandwich pris sur le pouce !<\/em><\/p>\n<p style=\"font-weight: 400;\">\u00a0<\/p>","protected":false},"excerpt":{"rendered":"<p>La restauration du Lyc\u00e9e Baggio a le souci de remplir son r\u00f4le en mati\u00e8re d\u2019\u00e9ducation&#8230;<\/p>\n","protected":false},"author":1,"featured_media":0,"parent":194,"menu_order":4,"comment_status":"closed","ping_status":"closed","template":"","meta":{"footnotes":""},"class_list":["post-930","page","type-page","status-publish","hentry"],"jetpack_sharing_enabled":true,"_links":{"self":[{"href":"https:\/\/cesarbaggio.fr\/WP\/wp-json\/wp\/v2\/pages\/930","targetHints":{"allow":["GET"]}}],"collection":[{"href":"https:\/\/cesarbaggio.fr\/WP\/wp-json\/wp\/v2\/pages"}],"about":[{"href":"https:\/\/cesarbaggio.fr\/WP\/wp-json\/wp\/v2\/types\/page"}],"author":[{"embeddable":true,"href":"https:\/\/cesarbaggio.fr\/WP\/wp-json\/wp\/v2\/users\/1"}],"replies":[{"embeddable":true,"href":"https:\/\/cesarbaggio.fr\/WP\/wp-json\/wp\/v2\/comments?post=930"}],"version-history":[{"count":9,"href":"https:\/\/cesarbaggio.fr\/WP\/wp-json\/wp\/v2\/pages\/930\/revisions"}],"predecessor-version":[{"id":5348,"href":"https:\/\/cesarbaggio.fr\/WP\/wp-json\/wp\/v2\/pages\/930\/revisions\/5348"}],"up":[{"embeddable":true,"href":"https:\/\/cesarbaggio.fr\/WP\/wp-json\/wp\/v2\/pages\/194"}],"wp:attachment":[{"href":"https:\/\/cesarbaggio.fr\/WP\/wp-json\/wp\/v2\/media?parent=930"}],"curies":[{"name":"wp","href":"https:\/\/api.w.org\/{rel}","templated":true}]}}