{"id":927,"date":"2020-12-04T11:34:55","date_gmt":"2020-12-04T10:34:55","guid":{"rendered":"https:\/\/cesarbaggio.fr\/WP\/?page_id=927"},"modified":"2021-03-29T14:26:44","modified_gmt":"2021-03-29T12:26:44","slug":"les-services-sociaux-medicaux-et-infirmiers","status":"publish","type":"page","link":"https:\/\/cesarbaggio.fr\/WP\/vie-du-lycee\/les-services-sociaux-medicaux-et-infirmiers\/","title":{"rendered":"LES SERVICES SOCIAUX, M\u00c9DICAUX ET INFIRMIERS"},"content":{"rendered":"<p><strong>\u00a0L&rsquo;assistant social<\/strong>\u00a0est pr\u00e9sent au lyc\u00e9e :<\/p>\n<ul>\n<li>mardi<\/li>\n<li>mercredi matin<\/li>\n<li>vendredi<\/li>\n<\/ul>\n<p>Tenu au secret professionnel :<\/p>\n<ul>\n<li>il peut entendre tous les probl\u00e8mes qui se posent aux \u00e9l\u00e8ves et est susceptible de conseiller ces derniers dans leurs d\u00e9marches voire d&rsquo;enclencher rapidement un syst\u00e8me d&rsquo;aide dans le cadre des dispositions en vigueur.<\/li>\n<li>il examine pr\u00e9alablement toutes les d\u00e9marches d&rsquo;intervention du fonds social lyc\u00e9en au profit d&rsquo;\u00e9l\u00e8ves en difficult\u00e9.<\/li>\n<\/ul>\n<p>Rappelons que le\u00a0<strong>fonds social peut apporter une aide financi\u00e8re rapide\u00a0<\/strong>pour permettre une scolarit\u00e9 normale : prise en charge de la demi-pension, de l&rsquo;internat pendant une p\u00e9riode plus ou moins longue, pr\u00eat, achat des fournitures scolaires&#8230;<\/p>\n<p><strong><img loading=\"lazy\" decoding=\"async\" src=\"http:\/\/www.lycee-baggio.fr\/images\/icone-fleche.gif\" alt=\"\" width=\"15\" height=\"15\" \/>\u00a0Les m\u00e9decins de sant\u00e9 scolaire<\/strong><\/p>\n<ul>\n<li>proc\u00e8dent aux visites syst\u00e9matiques<\/li>\n<li>d\u00e9livrent l&rsquo;autorisation pour travailler sur machines outils, les dispenses d&rsquo;E.P.S &#8230;<\/li>\n<\/ul>\n<p>Ils peuvent \u00eatre consult\u00e9s sur rendez-vous pris aupr\u00e9s des infirmi\u00e8res. Ils ne remplacent cependant pas le m\u00e9decin de famille qui doit \u00eatre consult\u00e9 en cas de maladie.<\/p>\n<p><strong><img loading=\"lazy\" decoding=\"async\" src=\"http:\/\/www.lycee-baggio.fr\/images\/icone-fleche.gif\" alt=\"\" width=\"15\" height=\"15\" \/>\u00a0L&rsquo;infirmerie est ouverte du lundi matin au samedi midi.<\/strong><\/p>\n<p>Elle est destin\u00e9e \u00e0 accueillir les \u00e9l\u00e8ves victimes de malaise ou de blessure survenus au lyc\u00e9e. Les infirmi\u00e8res assurent alors les soins de premi\u00e8re urgence.<\/p>\n<p>Les \u00e9l\u00e8ves peuvent trouver aupr\u00e8s des infirmi\u00e8res tous les conseils d&rsquo;hygi\u00e8ne n\u00e9cessaires au d\u00e9veloppement harmonieux des individus et \u00e0 une scolarit\u00e9 positive. Tenues \u00e9galement au secret professionnel, les infirmi\u00e8res peuvent \u00e9tudier tout probl\u00e8me v\u00e9cu par les lyc\u00e9ens et les lyc\u00e9ennes.<\/p>\n<p>De l&rsquo;infirmerie partent r\u00e9guli\u00e8rement des campagnes de pr\u00e9vention contre le tabagisme, les M.S.T, les toxicomanies.<\/p>\n<h4 style=\"text-align: center;\"><span class=\"texte11rougebold\" style=\"color: #ff0000;\">En cas d&rsquo;urgence, le lyc\u00e9e n&rsquo;h\u00e9site jamais \u00e0 faire appel au SAMU.<\/span><\/h4>\n","protected":false},"excerpt":{"rendered":"<p>\u00a0L&rsquo;assistant social\u00a0est pr\u00e9sent au lyc\u00e9e : mardi mercredi matin vendredi Tenu au secret professionnel :&#8230;<\/p>\n","protected":false},"author":1,"featured_media":0,"parent":194,"menu_order":3,"comment_status":"closed","ping_status":"closed","template":"","meta":{"footnotes":""},"class_list":["post-927","page","type-page","status-publish","hentry"],"jetpack_sharing_enabled":true,"_links":{"self":[{"href":"https:\/\/cesarbaggio.fr\/WP\/wp-json\/wp\/v2\/pages\/927","targetHints":{"allow":["GET"]}}],"collection":[{"href":"https:\/\/cesarbaggio.fr\/WP\/wp-json\/wp\/v2\/pages"}],"about":[{"href":"https:\/\/cesarbaggio.fr\/WP\/wp-json\/wp\/v2\/types\/page"}],"author":[{"embeddable":true,"href":"https:\/\/cesarbaggio.fr\/WP\/wp-json\/wp\/v2\/users\/1"}],"replies":[{"embeddable":true,"href":"https:\/\/cesarbaggio.fr\/WP\/wp-json\/wp\/v2\/comments?post=927"}],"version-history":[{"count":3,"href":"https:\/\/cesarbaggio.fr\/WP\/wp-json\/wp\/v2\/pages\/927\/revisions"}],"predecessor-version":[{"id":2741,"href":"https:\/\/cesarbaggio.fr\/WP\/wp-json\/wp\/v2\/pages\/927\/revisions\/2741"}],"up":[{"embeddable":true,"href":"https:\/\/cesarbaggio.fr\/WP\/wp-json\/wp\/v2\/pages\/194"}],"wp:attachment":[{"href":"https:\/\/cesarbaggio.fr\/WP\/wp-json\/wp\/v2\/media?parent=927"}],"curies":[{"name":"wp","href":"https:\/\/api.w.org\/{rel}","templated":true}]}}