{"id":922,"date":"2020-12-04T10:52:13","date_gmt":"2020-12-04T09:52:13","guid":{"rendered":"https:\/\/cesarbaggio.fr\/WP\/?page_id=922"},"modified":"2022-05-16T13:38:15","modified_gmt":"2022-05-16T11:38:15","slug":"studio-baggio","status":"publish","type":"page","link":"https:\/\/cesarbaggio.fr\/WP\/vie-du-lycee\/studio-baggio\/","title":{"rendered":"Studio BAGGIO"},"content":{"rendered":"\n<hr class=\"wp-block-separator\"\/>\n\n\n<div><img loading=\"lazy\" decoding=\"async\" class=\"size-medium wp-image-923 alignright\" src=\"https:\/\/cesarbaggio.fr\/WP\/wp-content\/uploads\/2020\/12\/studio-Baggio-300x298.png\" alt=\"\" width=\"300\" height=\"298\" srcset=\"https:\/\/cesarbaggio.fr\/WP\/wp-content\/uploads\/2020\/12\/studio-Baggio-300x298.png 300w, https:\/\/cesarbaggio.fr\/WP\/wp-content\/uploads\/2020\/12\/studio-Baggio-150x150.png 150w, https:\/\/cesarbaggio.fr\/WP\/wp-content\/uploads\/2020\/12\/studio-Baggio-24x24.png 24w, https:\/\/cesarbaggio.fr\/WP\/wp-content\/uploads\/2020\/12\/studio-Baggio-36x36.png 36w, https:\/\/cesarbaggio.fr\/WP\/wp-content\/uploads\/2020\/12\/studio-Baggio-48x48.png 48w, https:\/\/cesarbaggio.fr\/WP\/wp-content\/uploads\/2020\/12\/studio-Baggio.png 302w\" sizes=\"auto, (max-width: 300px) 100vw, 300px\" \/><\/div>\n<div style=\"text-align: justify;\">\u00ab\u00a0Studio BAGGIO, la toute nouvelle webradio !!!<\/div>\n<div style=\"text-align: justify;\">Une toute nouvelle \u00e9mission unique en son genre.<\/div>\n<div style=\"text-align: justify;\">A travers l&rsquo;actualit\u00e9 \u00e9conomique, sociale et culturelle, des enqu\u00eates et interviews en tout genre, des jeunes de premi\u00e8re SES, accompagn\u00e9s de leur enseignante Aur\u00e9lie Storme, vous feront d\u00e9couvrir LEUR vision du monde.\u00a0<\/div>\n<div style=\"text-align: justify;\">\u00c7a bouge, \u00e7a swing, \u00e7a rappe, \u00e7a cogite sec et c&rsquo;est sur Studio BAGGIO !\u00a0 Alors fermez la t\u00e9l\u00e9 et Allumez votre radio !\u00a0\u00bb<\/div>\n<div>\u00a0<\/div>\n<div>\n<ul>\n<li><span style=\"color: #3366ff;\"><a style=\"color: #3366ff;\" href=\"https:\/\/www.youtube.com\/channel\/UCCtdc9KAUBEbRKJrABZo9Ew\" rel=\"nofollow noopener\" target=\"_blank\">StudioBaggio \u00e9mission hebdomadaire\u00a0<\/a>\u00a0\u00a0<\/span>\n<ul>\n<li><span style=\"color: #3366ff;\"><a style=\"color: #3366ff;\" href=\"https:\/\/www.youtube.com\/watch?v=ApHVfvKJai8\" target=\"_blank\" rel=\"noopener nofollow\">1\u00b0 Emission 2021\/22 [La F1 en Bref #1 &#8211; La F1, c&rsquo;est quoi?\u00a0<\/a><\/span><\/li>\n<li><a href=\"https:\/\/www.youtube.com\/watch?v=egqjmGZyeMk\" target=\"_blank\" rel=\"noopener nofollow\"><span style=\"color: #3366ff;\">2\u00b0 Emission 2021\/22 [ Combien le lentilles faut-il pour forger une fourchette?]<\/span><\/a><\/li>\n<li><span style=\"color: #3366ff;\"><a style=\"color: #3366ff;\" href=\"https:\/\/www.youtube.com\/watch?v=iEK87ippbP8\" target=\"_blank\" rel=\"noopener nofollow\">3\u00b0 Emission 2021\/22 [Crusader Kings III]<\/a><\/span><\/li>\n<li><a href=\"https:\/\/www.youtube.com\/watch?v=9SeV3K9-AHY\" target=\"_blank\" rel=\"noopener nofollow\"><span style=\"color: #3366ff;\">4\u00b0 Emission 2021\/22 [La photographie argentique]<\/span><\/a><\/li>\n<li><span style=\"color: #0000ff;\"><a style=\"color: #0000ff;\" href=\"https:\/\/www.youtube.com\/watch?v=vUdDYpA7uNI\" target=\"_blank\" rel=\"noopener nofollow\"><span style=\"color: #3366ff;\">5\u00b0 Emission 2021\/22 [Les quatre prisons les plus dangereuses dans le monde]<\/span><\/a><\/span><\/li>\n<li><span style=\"color: #3366ff;\"><a style=\"color: #3366ff;\" href=\"https:\/\/www.youtube.com\/watch?v=FvGVGDsmYGA\" target=\"_blank\" rel=\"noopener nofollow\">6\u00b0 Emission 2021\/22 [Les clich\u00e9s dans le RAP]<\/a><\/span><\/li>\n<li><a href=\"https:\/\/www.youtube.com\/watch?v=Rms-RYhQSME\" target=\"_blank\" rel=\"noopener nofollow\"><span style=\"color: #3366ff;\">7\u00b0 Emission 2021\/22 [Micro-Trottoir |Qui est le meilleur, Messi ou Ronaldo?]<\/span><\/a><\/li>\n<li><a href=\"https:\/\/www.youtube.com\/watch?v=_G4K0LJlOWE\" target=\"_blank\" rel=\"noopener nofollow\"><span style=\"color: #3366ff;\">8\u00b0 Emission 2021\/22 [Pr\u00e9sentation de Squid Game]<\/span><\/a><\/li>\n<li><a href=\"https:\/\/www.youtube.com\/watch?v=xJm1uMoILHc\" target=\"_blank\" rel=\"noopener nofollow\"><span style=\"color: #3366ff;\">9\u00b0 Emission 2021\/22 [Interviews sur les consommateurs de drogue]<\/span><\/a><\/li>\n<li><span style=\"color: #3366ff;\"><a style=\"color: #3366ff;\" href=\"https:\/\/www.youtube.com\/watch?v=YqNGO8U99IE&amp;t=11s\" rel=\"nofollow noopener\" target=\"_blank\">10\u00b0 Emission\u00a0 2021\/22 [One Piece]<\/a><\/span><\/li>\n<li><a href=\"https:\/\/www.youtube.com\/watch?v=1tT7Ot13WvI\" target=\"_blank\" rel=\"nofollow noopener\"><span style=\"color: #3366ff;\">11\u00b0 Emission 2021\/22 [Soft wool assault tank, une nouvelle musique compos\u00e9e pour vous!]<\/span><\/a><\/li>\n<li><span style=\"color: #3366ff;\"><a style=\"color: #3366ff;\" href=\"https:\/\/www.youtube.com\/watch?v=dZEQe4P1I9U\" target=\"_blank\" rel=\"noopener nofollow\">12\u00b0 Emission 2021\/22 [L&rsquo;esport, c&rsquo;est quoi?]<\/a><\/span><\/li>\n<li><span style=\"color: #3366ff;\"><a style=\"color: #3366ff;\" href=\"https:\/\/www.youtube.com\/watch?v=w7fSMJfKNLM\" target=\"_blank\" rel=\"noopener nofollow\">13\u00b0 Emission 2021\/22 [Comment fonctionne un drone?]<\/a><\/span><\/li>\n<li><span style=\"color: #3366ff;\"><a style=\"color: #3366ff;\" href=\"https:\/\/www.youtube.com\/watch?v=x9KOmdR4wiI\" target=\"_blank\" rel=\"noopener nofollow\">14\u00b0 Emission 2021\/22 [Pr\u00e9sentation du jeu \u00ab\u00a0Dofus\u00a0\u00bb]<\/a><\/span><\/li>\n<li><a href=\"https:\/\/www.youtube.com\/watch?v=0Qu-Qw06l1M\" target=\"_blank\" rel=\"noopener nofollow\"><span style=\"color: #3366ff;\">15\u00b0 Emission 2021\/22 [L&rsquo;histoire de Coluche]<\/span><\/a><\/li>\n<li><a href=\"https:\/\/www.youtube.com\/watch?v=DuWhjz0uYQE\" target=\"_blank\" rel=\"noopener nofollow\"><span style=\"color: #3366ff;\">16\u00b0 Emission 2021\/22 [Le Zevent]<\/span><\/a><\/li>\n<li><a href=\"https:\/\/www.youtube.com\/watch?v=j3bKFwyoHu4\" rel=\"nofollow noopener\" target=\"_blank\"><span style=\"color: #3366ff;\">17\u00b0 Emission 2021\/22 [La F1 en Bref #2 &#8211; Les Pit Stop]<\/span><\/a><\/li>\n<li><span style=\"color: #3366ff;\"><a style=\"color: #3366ff;\" href=\"https:\/\/www.youtube.com\/watch?v=_ufx2jxGZ-Q\" rel=\"nofollow noopener\" target=\"_blank\">18\u00b0 Emission 2021\/22 [Les Ann\u00e9es ORTF\/Les politiques et la t\u00e9l\u00e9vision #1]<\/a><\/span><\/li>\n<li><a href=\"https:\/\/www.youtube.com\/watch?v=Byypd_n9xe8\" target=\"_blank\" rel=\"noopener nofollow\"><span style=\"color: #3366ff;\">19\u00b0 Emission 2021\/22 [Les Ann\u00e9es Giscardiennes\/Les politiques et la t\u00e9l\u00e9vision #2]<\/span><\/a><\/li>\n<li><span style=\"color: #3366ff;\"><a style=\"color: #3366ff;\" href=\"https:\/\/www.youtube.com\/watch?v=y9k9DSUp798\" rel=\"nofollow noopener\" target=\"_blank\">20\u00b0 Emission 2021\/22 [Les Ann\u00e9es Mitterrand\/Les politiques et la t\u00e9l\u00e9vision #3]<\/a><\/span><\/li>\n<li><span style=\"color: #3366ff;\"><a style=\"color: #3366ff;\" href=\"https:\/\/www.youtube.com\/watch?v=xKyATO4U3U4\" rel=\"nofollow noopener\" target=\"_blank\">21\u00b0 Emission 2021\/22 [Aujourd&rsquo;hui\/Les politiques et la t\u00e9l\u00e9vision #4]<\/a><\/span><\/li>\n<li><span style=\"color: #3366ff;\"><a style=\"color: #3366ff;\" href=\"https:\/\/www.youtube.com\/watch?v=pwONfQUYehw\" rel=\"nofollow noopener\" target=\"_blank\">22\u00b0 Emission 2021\/22 [Les clich\u00e9s dans le rap #2]<\/a><\/span><\/li>\n<li><span style=\"color: #3366ff;\"><a style=\"color: #3366ff;\" href=\"https:\/\/www.youtube.com\/watch?v=alWbvNuKqpA\" rel=\"nofollow noopener\" target=\"_blank\">23\u00b0 Emission 2021\/22 [Cinq endroits \u00e0 d\u00e9couvrir dans le monde]<\/a><\/span><\/li>\n<li><a href=\"https:\/\/www.youtube.com\/watch?v=IUuxA61eRk8\" rel=\"nofollow noopener\" target=\"_blank\"><span style=\"color: #3366ff;\">24] Emission 2021\/22 [Une IA dirige cette \u00e9mission!]<\/span><\/a><\/li>\n<li>\u00a0<\/li>\n<li><span style=\"color: #3366ff;\"><a style=\"color: #3366ff;\" href=\"https:\/\/www.youtube.com\/watch?v=kB-ll7uk17c&amp;t=390s\" target=\"_blank\" rel=\"noopener nofollow\">1\u00b0 Emission 2020\/21 [L&rsquo;histoire de la Mongolie]<\/a><\/span><\/li>\n<li><span style=\"color: #3366ff;\"><a style=\"color: #3366ff;\" href=\"https:\/\/www.youtube.com\/watch?v=Rbwa-rZ7QDM\" target=\"_blank\" rel=\"noopener nofollow\">2\u00b0 Emission 2020\/21 [Une musique Cr\u00e9e pour vous, The Maze of Decay!]<\/a><\/span><\/li>\n<li><span style=\"color: #3366ff;\"><a style=\"color: #3366ff;\" href=\"https:\/\/www.youtube.com\/watch?v=1BXoIly5BFo\" target=\"_blank\" rel=\"noopener nofollow\">3\u00b0 Emission 2020\/21 [Les \u00e9lection s pr\u00e9sidentielles aux Etas-Unis]<\/a><\/span><\/li>\n<li><span style=\"color: #3366ff;\"><a style=\"color: #3366ff;\" href=\"https:\/\/www.youtube.com\/watch?v=ZTeUQFnhnOA&amp;t=10s\" target=\"_blank\" rel=\"noopener nofollow\">4\u00b0 Emission 2020\/21 [Parlons manga!]<\/a><\/span><\/li>\n<li><span style=\"color: #3366ff;\"><a style=\"color: #3366ff;\" href=\"https:\/\/www.youtube.com\/watch?v=Y6ml85UbW1k\" target=\"_blank\" rel=\"noopener nofollow\">5\u00b0 Emission 2020\/21 [Comment vivre son confinement]<\/a><\/span><\/li>\n<li><span style=\"color: #3366ff;\"><a style=\"color: #3366ff;\" href=\"https:\/\/www.youtube.com\/watch?v=kWeMPB-TgYA\" target=\"_blank\" rel=\"noopener nofollow\">6\u00b0 Emission 2020\/21 [Le sous-d\u00e9veloppement]<\/a><\/span><\/li>\n<li><span style=\"color: #3366ff;\"><a style=\"color: #3366ff;\" href=\"https:\/\/www.youtube.com\/watch?v=nIpUERk0si8\" target=\"_blank\" rel=\"noopener nofollow\">7\u00b0 Emission 2020\/21 [Les Tournois de claques]<\/a><\/span><\/li>\n<li><span style=\"color: #3366ff;\"><a style=\"color: #3366ff;\" href=\"https:\/\/www.youtube.com\/watch?v=MUTv04t0gp0\" target=\"_blank\" rel=\"noopener nofollow\">8\u00b0 Emission 2020\/21 [Les \u00ab\u00a0Timeslines\u00a0\u00bb de The Legend of Zelda]<\/a><\/span><\/li>\n<li><span style=\"color: #3366ff;\"><a style=\"color: #3366ff;\" href=\"https:\/\/www.youtube.com\/watch?v=0YwdjqXCXeU\" target=\"_blank\" rel=\"noopener nofollow\">9\u00b0 Emission 2020\/21 [Le Football Am\u00e9ricain]<\/a><\/span><\/li>\n<li><span style=\"color: #3366ff;\"><a style=\"color: #3366ff;\" href=\"https:\/\/www.youtube.com\/watch?v=S841IxsLZ5c\" target=\"_blank\" rel=\"noopener nofollow\">10\u00b0 Emission 2020\/21 [Les Guignols de l&rsquo;Info]<\/a><\/span><\/li>\n<li><span style=\"color: #3366ff;\"><a style=\"color: #3366ff;\" href=\"https:\/\/www.youtube.com\/watch?v=FGfwB1Bf3dw\" target=\"_blank\" rel=\"noopener nofollow\">11\u00b0 Emission 2020\/21 [L&rsquo;Euthanasie]<\/a><br \/><\/span><\/li>\n<li><a href=\"https:\/\/www.youtube.com\/watch?v=Xx6epXYEr2E\" target=\"_blank\" rel=\"noopener nofollow\"><span style=\"color: #3366ff;\">12\u00b0 Emission 2020\/21 [Immersion \u00e0 la ferme!]<\/span><\/a><\/li>\n<li><a href=\"https:\/\/www.youtube.com\/watch?v=O7NIv-MpIDw\" target=\"_blank\" rel=\"noopener nofollow\"><span style=\"color: #3366ff;\">13\u00b0 Emission 2020\/21 [Le basket]<\/span><\/a><\/li>\n<li><a href=\"https:\/\/www.youtube.com\/watch?v=4N-cwasNQyo\" target=\"_blank\" rel=\"noopener nofollow\"><span style=\"color: #3366ff;\">14\u00b0 Emission 2020\/21 [Le foot]<\/span><\/a><\/li>\n<li><a href=\"https:\/\/www.youtube.com\/watch?v=wydLqBnswPk\" target=\"_blank\" rel=\"noopener nofollow\"><span style=\"color: #3366ff;\">15\u00b0 Emission 2020\/21 [L&rsquo;anim\u00e9 pourquoi le regarder?]<\/span><\/a><\/li>\n<li><a href=\"https:\/\/www.youtube.com\/watch?v=GhRJKbKp_l4\" rel=\"nofollow noopener\" target=\"_blank\"><span style=\"color: #3366ff;\">16\u00b0 Emission 2020\/21 [Quatre endroits myst\u00e9rieux \u00e0 travers le monde&#8230;]<\/span><\/a><\/li>\n<li><a href=\"https:\/\/www.youtube.com\/watch?v=i3NFPef1iHY\" target=\"_blank\" rel=\"noopener nofollow\"><span style=\"color: #3366ff;\">17\u00b0 Emission 2020\/21 [Nike]<\/span><\/a><\/li>\n<li><a href=\"https:\/\/www.youtube.com\/watch?v=lSCoxJTsL-o\" target=\"_blank\" rel=\"noopener nofollow\"><span style=\"color: #3366ff;\">18\u00b0 Emission 2020\/21 [Best of]<\/span><\/a><\/li>\n<li><a href=\"https:\/\/www.youtube.com\/watch?v=JxE1a1Mlrvg&amp;t=64s\" target=\"_blank\" rel=\"noopener nofollow\"><span style=\"color: #3366ff;\">19\u00b0 Emission 2020\/21 [Bloqu\u00e9s: Cool\/Pas Cool\u00a0 (Parodie)]<\/span><\/a><\/li>\n<li><span style=\"color: #3366ff;\"><a style=\"color: #3366ff;\" href=\"https:\/\/www.youtube.com\/watch?v=h-SOIsYrGTw\" target=\"_blank\" rel=\"noopener nofollow\">20\u00b0 Emission 2020\/21 [La vari\u00e9t\u00e9 fran\u00e7aise des ann\u00e9es 70 (Michel Sardou, Claude Fran\u00e7ois, Sheila)]<\/a><\/span><\/li>\n<li><span style=\"color: #3366ff;\"><a style=\"color: #3366ff;\" href=\"https:\/\/www.youtube.com\/watch?v=gan9zCAZmwA\" target=\"_blank\" rel=\"noopener nofollow\">21\u00b0 Emission 2020\/21 [Une seconde musique cr\u00e9\u00e9e pour vous, Amor Fati!]\u00a0<\/a><\/span><\/li>\n<li><span style=\"color: #3366ff;\"><a style=\"color: #3366ff;\" href=\"https:\/\/www.youtube.com\/watch?v=JJO1b3Kuq5s\" target=\"_blank\" rel=\"noopener nofollow\">22\u00b0 Emission 2020\/21 [Marco Polo, un grand explorateur]\u00a0<\/a><\/span><\/li>\n<li><span style=\"color: #3366ff;\"><a style=\"color: #3366ff;\" href=\"https:\/\/www.youtube.com\/watch?v=YK-8CsWs6uE\" target=\"_blank\" rel=\"noopener nofollow\">23\u00b0 Emission 2020\/21 [L&rsquo;athl\u00e9tisme]<\/a><\/span><\/li>\n<li><a href=\"https:\/\/www.youtube.com\/watch?v=FOLvbs5mqpQ\" target=\"_blank\" rel=\"noopener nofollow\"><span style=\"color: #3366ff;\">24\u00b0 Emission 2020\/21 [L&rsquo;histoire du Lyc\u00e9e BAGGIO]<\/span><\/a><\/li>\n<li><span style=\"color: #3366ff;\"><a style=\"color: #3366ff;\" href=\"https:\/\/www.youtube.com\/watch?v=jUKxwayU_uU\" target=\"_blank\" rel=\"noopener nofollow\">25\u00b0 Emission 2020\/21 [Pop Smoke]<\/a><\/span><\/li>\n<li><span style=\"color: #3366ff;\"><a style=\"color: #3366ff;\" href=\"https:\/\/www.youtube.com\/watch?v=aMQZhf49mpY\" target=\"_blank\" rel=\"noopener nofollow\">26\u00b0 Emission 2020\/21 [La Drill UK]<\/a><br \/><\/span><\/li>\n<li><span style=\"color: #3366ff;\"><a style=\"color: #3366ff;\" href=\"https:\/\/www.youtube.com\/watch?v=znCoHjFo15E\" target=\"_blank\" rel=\"noopener nofollow\">27\u00b0 Emission 2020\/21 [L&rsquo;opening de Dragon Ball GT au piano]<\/a><\/span><\/li>\n<li>\u00a0<\/li>\n<li><span style=\"color: #3366ff;\"><a style=\"color: #3366ff;\" href=\"https:\/\/www.youtube.com\/watch?v=ASEYhMsAAZI\" rel=\"nofollow noopener\" target=\"_blank\">1\u00b0 Emission 2019\/20 [Unbelievable, Homophobie]<\/a><\/span><\/li>\n<li><span style=\"color: #3366ff;\"><a style=\"color: #3366ff;\" href=\"https:\/\/www.youtube.com\/watch?v=zvxm_5wgD2I\" rel=\"nofollow noopener\" target=\"_blank\">2\u00b0 Emission 2019\/20 [La Po\u00e9sie]<\/a><\/span><\/li>\n<li><span style=\"color: #3366ff;\"><a style=\"color: #3366ff;\" href=\"https:\/\/www.youtube.com\/watch?v=yNjRhCxDLso\" rel=\"nofollow noopener\" target=\"_blank\">3\u00b0 Emission 2019\/20 [ASMR, Informatique]<\/a><\/span><\/li>\n<li><span style=\"color: #3366ff;\"><a style=\"color: #3366ff;\" href=\"https:\/\/www.youtube.com\/watch?v=5qkbJKDRubI&amp;t=128s\" rel=\"nofollow noopener\" target=\"_blank\">4\u00b0 Emission 2019\/20 [XXX Tentation, R\u00e9chauffement Climatique]<\/a><\/span><\/li>\n<li><span style=\"color: #3366ff;\"><a style=\"color: #3366ff;\" href=\"https:\/\/www.youtube.com\/watch?v=oPPL18Pd0qE\" rel=\"nofollow noopener\" target=\"_blank\">5\u00b0 Emission 2019\/20 [Parc d&rsquo;Attraction]<\/a><\/span><\/li>\n<li><span style=\"color: #3366ff;\"><a style=\"color: #3366ff;\" href=\"https:\/\/www.youtube.com\/watch?v=vvsdIC4lK9Q\" rel=\"nofollow noopener\" target=\"_blank\">6\u00b0 Emission 2019\/20 [Discrimination]<\/a><\/span><\/li>\n<li><span style=\"color: #3366ff;\"><a style=\"color: #3366ff;\" href=\"https:\/\/www.youtube.com\/watch?v=jN-Ol4ggk_4\" rel=\"nofollow noopener\" target=\"_blank\">7\u00b0 Emission 2019\/20 [Jugement des Djihadistes, Arts Martiaux]<\/a><\/span><\/li>\n<\/ul>\n<\/li>\n<\/ul>\n<\/div>\n\n\n<p><\/p>\n","protected":false},"excerpt":{"rendered":"<p>\u00ab\u00a0Studio BAGGIO, la toute nouvelle webradio !!! Une toute nouvelle \u00e9mission unique en son genre&#8230;.<\/p>\n","protected":false},"author":1,"featured_media":0,"parent":194,"menu_order":2,"comment_status":"closed","ping_status":"closed","template":"","meta":{"footnotes":""},"class_list":["post-922","page","type-page","status-publish","hentry"],"jetpack_sharing_enabled":true,"_links":{"self":[{"href":"https:\/\/cesarbaggio.fr\/WP\/wp-json\/wp\/v2\/pages\/922","targetHints":{"allow":["GET"]}}],"collection":[{"href":"https:\/\/cesarbaggio.fr\/WP\/wp-json\/wp\/v2\/pages"}],"about":[{"href":"https:\/\/cesarbaggio.fr\/WP\/wp-json\/wp\/v2\/types\/page"}],"author":[{"embeddable":true,"href":"https:\/\/cesarbaggio.fr\/WP\/wp-json\/wp\/v2\/users\/1"}],"replies":[{"embeddable":true,"href":"https:\/\/cesarbaggio.fr\/WP\/wp-json\/wp\/v2\/comments?post=922"}],"version-history":[{"count":24,"href":"https:\/\/cesarbaggio.fr\/WP\/wp-json\/wp\/v2\/pages\/922\/revisions"}],"predecessor-version":[{"id":3618,"href":"https:\/\/cesarbaggio.fr\/WP\/wp-json\/wp\/v2\/pages\/922\/revisions\/3618"}],"up":[{"embeddable":true,"href":"https:\/\/cesarbaggio.fr\/WP\/wp-json\/wp\/v2\/pages\/194"}],"wp:attachment":[{"href":"https:\/\/cesarbaggio.fr\/WP\/wp-json\/wp\/v2\/media?parent=922"}],"curies":[{"name":"wp","href":"https:\/\/api.w.org\/{rel}","templated":true}]}}