{"id":895,"date":"2020-12-01T12:21:49","date_gmt":"2020-12-01T11:21:49","guid":{"rendered":"https:\/\/cesarbaggio.fr\/WP\/?page_id=895"},"modified":"2022-03-04T10:12:39","modified_gmt":"2022-03-04T09:12:39","slug":"contacts","status":"publish","type":"page","link":"https:\/\/cesarbaggio.fr\/WP\/formations\/cpge\/pcsi-psi-psi\/contacts\/","title":{"rendered":"Contacts"},"content":{"rendered":"\n<div class=\"wp-block-group is-layout-flow wp-block-group-is-layout-flow\">\n<div class=\"wp-block-columns is-layout-flex wp-container-core-columns-is-layout-28f84493 wp-block-columns-is-layout-flex\">\n<div class=\"wp-block-column is-layout-flow wp-block-column-is-layout-flow\">\n<h3 class=\"wp-block-heading\">N\u2019h\u00e9sitez pas \u00e0 nous contacter si vous avez la moindre question concernant les CPGE en g\u00e9n\u00e9ral et la fili\u00e8re PCSI\/PSI en particulier.<\/h3>\n\n\n\n<p>Gaudeline WAGNER, Professeur de Physique-Chimie en PSI* :&nbsp;<a href=\"mailto:gaudeline_w@hotmail.com\">gaudeline_w@hotmail.com<\/a><\/p>\n\n\n\n<p>(correspondante de la fili\u00e8re)<\/p>\n\n\n\n<p>Thomas DELPLACE, Professeur de Sciences de l\u2019Ing\u00e9nieur en PSI* :&nbsp;&nbsp;<a href=\"mailto:delplace.tv@wanadoo.fr\">delplace.tv@wanadoo.fr<\/a><\/p>\n\n\n\n<p>Sylvie DORMART, Professeur de Math\u00e9matiques de PCSI :\u00a0\u00a0<a href=\"mailto:sylvie.dormart@laposte.net\">sylvie.dormart@laposte.net<\/a><\/p>\n\n\n\n<p>Sylvain HEUMEZ, Professeur de Math\u00e9matiques en PSI :&nbsp;&nbsp;<a href=\"mailto:%20heumezsylvain@free.fr\">heumezsylvain@free.fr<\/a><\/p>\n\n\n\n<h3 class=\"wp-block-heading\"><br>&nbsp;<\/h3>\n<\/div>\n\n\n\n<div class=\"wp-block-column is-layout-flow wp-block-column-is-layout-flow\" style=\"flex-basis:30%\"><div class=\"menu-pcsi-container\"><ul id=\"menu-pcsi\" class=\"menu\"><li id=\"menu-item-900\" class=\"menu-item menu-item-type-post_type menu-item-object-page menu-item-900\"><a href=\"https:\/\/cesarbaggio.fr\/WP\/formations\/cpge\/pcsi-psi-psi\/pourquoi-pcsi-puis-psi\/\">Pourquoi faire une PCSI puis une PSI ?<\/a><\/li>\n<li id=\"menu-item-901\" class=\"menu-item menu-item-type-post_type menu-item-object-page menu-item-901\"><a href=\"https:\/\/cesarbaggio.fr\/WP\/formations\/cpge\/pcsi-psi-psi\/une-semaine-en-pcsi-ou-en-psi\/\">Une semaine en PCSI ou en PSI<\/a><\/li>\n<li id=\"menu-item-902\" class=\"menu-item menu-item-type-post_type menu-item-object-page menu-item-902\"><a href=\"https:\/\/cesarbaggio.fr\/WP\/formations\/cpge\/pcsi-psi-psi\/les-ecoles-dingenieur-apres-une-psi\/\">Les \u00e9coles d\u2019ing\u00e9nieur apr\u00e8s une PSI<\/a><\/li>\n<li id=\"menu-item-897\" class=\"menu-item menu-item-type-post_type menu-item-object-page menu-item-897\"><a href=\"https:\/\/cesarbaggio.fr\/WP\/formations\/cpge\/pcsi-psi-psi\/les-resultats-des-concours-en-psi-au-lycee-baggio\/\">Les r\u00e9sultats des concours en PSI au lyc\u00e9e Baggio<\/a><\/li>\n<li id=\"menu-item-1723\" class=\"menu-item menu-item-type-post_type menu-item-object-page menu-item-1723\"><a href=\"https:\/\/cesarbaggio.fr\/WP\/formations\/cpge\/pcsi-psi-psi\/le-devenir-de-nos-etudiants-au-lycee-baggio\/\">Le devenir de nos \u00e9tudiants au Lyc\u00e9e Baggio<\/a><\/li>\n<li id=\"menu-item-1732\" class=\"menu-item menu-item-type-post_type menu-item-object-page menu-item-1732\"><a href=\"https:\/\/cesarbaggio.fr\/WP\/formations\/cpge\/pcsi-psi-psi\/les-matieres-litteraires\/\">Les mati\u00e8res litt\u00e9raires<\/a><\/li>\n<li id=\"menu-item-1905\" class=\"menu-item menu-item-type-taxonomy menu-item-object-category menu-item-1905\"><a href=\"https:\/\/cesarbaggio.fr\/WP\/category\/actualite-cpge\/\">Actualit\u00e9 &#8211; CPGE<\/a><\/li>\n<li id=\"menu-item-1906\" class=\"menu-item menu-item-type-taxonomy menu-item-object-category menu-item-1906\"><a href=\"https:\/\/cesarbaggio.fr\/WP\/category\/temoignage-cpge\/\">T\u00e9moignage &#8211; CPGE<\/a><\/li>\n<li id=\"menu-item-899\" class=\"menu-item menu-item-type-post_type menu-item-object-page menu-item-899\"><a href=\"https:\/\/cesarbaggio.fr\/WP\/formations\/cpge\/pcsi-psi-psi\/contacts\/\">Contacts<\/a><\/li>\n<\/ul><\/div>\n\n\n\n<div class=\"wp-block-blockspare-blockspare-social-links blockspare-8d217b7b-8a2c-4 blockspare-socaillink-block\"><style>.blockspare-8d217b7b-8a2c-4 .blockspare-social-wrapper{text-align:left;margin-top:30px;margin-bottom:30px}<\/style><div class=\"blockspare-blocks blockspare-social-wrapper\"><ul class=\"blockspare-social-links blockspare-default-official-color blockspare-social-icon-circle blockspare-social-icon-medium blockspare-icon-only blockspare-social-icon-solid\"><li><a href=\"https:\/\/fr-fr.facebook.com\/prepabaggio\/\" class=\"\" target=\"_blank\" rel=\"noopener noreferrer nofollow\"><span class=\"blockspare-social-icons\"><i class=\"fab fa-facebook-f\"><\/i> <span class=\"screen-reader-text\">facebook<\/span><\/span><\/a><\/li><li><a href=\"https:\/\/www.youtube.com\/channel\/UCRR1M3fKaxZa8C-_BNBQ7jg\" class=\"\" target=\"_blank\" rel=\"noopener noreferrer nofollow\"><span class=\"blockspare-social-icons\"><i class=\"fab fa-youtube\"><\/i><span class=\"screen-reader-text\">YouTube<\/span><\/span><\/a><\/li><\/ul><\/div><\/div>\n<\/div>\n<\/div>\n<\/div>\n\n\n\n<p><\/p>\n","protected":false},"excerpt":{"rendered":"<p>N\u2019h\u00e9sitez pas \u00e0 nous contacter si vous avez la moindre question concernant les CPGE en&#8230;<\/p>\n","protected":false},"author":1,"featured_media":0,"parent":791,"menu_order":6,"comment_status":"closed","ping_status":"closed","template":"","meta":{"footnotes":""},"class_list":["post-895","page","type-page","status-publish","hentry"],"jetpack_sharing_enabled":true,"_links":{"self":[{"href":"https:\/\/cesarbaggio.fr\/WP\/wp-json\/wp\/v2\/pages\/895","targetHints":{"allow":["GET"]}}],"collection":[{"href":"https:\/\/cesarbaggio.fr\/WP\/wp-json\/wp\/v2\/pages"}],"about":[{"href":"https:\/\/cesarbaggio.fr\/WP\/wp-json\/wp\/v2\/types\/page"}],"author":[{"embeddable":true,"href":"https:\/\/cesarbaggio.fr\/WP\/wp-json\/wp\/v2\/users\/1"}],"replies":[{"embeddable":true,"href":"https:\/\/cesarbaggio.fr\/WP\/wp-json\/wp\/v2\/comments?post=895"}],"version-history":[{"count":5,"href":"https:\/\/cesarbaggio.fr\/WP\/wp-json\/wp\/v2\/pages\/895\/revisions"}],"predecessor-version":[{"id":3606,"href":"https:\/\/cesarbaggio.fr\/WP\/wp-json\/wp\/v2\/pages\/895\/revisions\/3606"}],"up":[{"embeddable":true,"href":"https:\/\/cesarbaggio.fr\/WP\/wp-json\/wp\/v2\/pages\/791"}],"wp:attachment":[{"href":"https:\/\/cesarbaggio.fr\/WP\/wp-json\/wp\/v2\/media?parent=895"}],"curies":[{"name":"wp","href":"https:\/\/api.w.org\/{rel}","templated":true}]}}