{"id":887,"date":"2020-12-01T12:07:03","date_gmt":"2020-12-01T11:07:03","guid":{"rendered":"https:\/\/cesarbaggio.fr\/WP\/?page_id=887"},"modified":"2021-01-22T11:59:09","modified_gmt":"2021-01-22T10:59:09","slug":"les-ecoles-dingenieur-apres-une-psi","status":"publish","type":"page","link":"https:\/\/cesarbaggio.fr\/WP\/formations\/cpge\/pcsi-psi-psi\/les-ecoles-dingenieur-apres-une-psi\/","title":{"rendered":"Les \u00e9coles d\u2019ing\u00e9nieur apr\u00e8s une PSI"},"content":{"rendered":"\n<div class=\"wp-block-group\"><div class=\"wp-block-group__inner-container is-layout-flow wp-block-group-is-layout-flow\">\n<div class=\"wp-block-columns is-layout-flex wp-container-core-columns-is-layout-28f84493 wp-block-columns-is-layout-flex\">\n<div class=\"wp-block-column is-layout-flow wp-block-column-is-layout-flow\">\n<h3 class=\"wp-block-heading\">Les \u00e9coles et les concours<\/h3>\n\n\n\n<p><img loading=\"lazy\" decoding=\"async\" width=\"448\" height=\"346\" src=\"http:\/\/cesarbaggio.fr\/images\/clip_image002_3.jpg\" class=\"\"><br>Instigatrices de cette fili\u00e8re,&nbsp;<em><strong>toutes les \u00e9coles d\u2019ing\u00e9nieurs recrutent de nombreux PSI<\/strong><\/em>&nbsp;:&nbsp;\u00e9coles du concours&nbsp;<a href=\"http:\/\/www.mines-ponts.fr\/index.php\" rel=\"nofollow noopener\" target=\"_blank\">Mines-Ponts<\/a>, du concours Mines-T\u00e9l\u00e9com, du concours Centrale-Supelec&nbsp;(comprenant les Arts et M\u00e9tiers et l\u2019ESTP), du concours&nbsp;<a href=\"http:\/\/www.e3a.fr\/\" target=\"_blank\" rel=\"noreferrer noopener nofollow\">E3A<\/a>&nbsp;(comprenant notamment le concours Polytech), du concours&nbsp;<a href=\"http:\/\/ccp.scei-concours.fr\/sccp.php?page=cpge\/accueil_cpge.html&amp;onglet=accueil\" target=\"_blank\" rel=\"noreferrer noopener nofollow\">CCINP<\/a>, l\u2019<a href=\"http:\/\/www.admission.polytechnique.edu\/\" target=\"_blank\" rel=\"noreferrer noopener nofollow\">\u00c9cole Polytechnique<\/a>&nbsp;et l\u2019<a href=\"http:\/\/www.ens-cachan.fr\/version-francaise\/admission\/sur-concours\/\" target=\"_blank\" rel=\"noreferrer noopener nofollow\">\u00c9cole Normale Sup\u00e9rieure de Cachan<\/a>. Il faut noter que d\u2019autres \u00e9coles organisent leur propre concours ou se servent des banques de notes constitu\u00e9es par les concours pr\u00e9c\u00e9dents pour recruter leurs \u00e9l\u00e8ves.<\/p>\n\n\n\n<p><strong>Le nombre de places r\u00e9serv\u00e9es \u00e0 la fili\u00e8re PSI est<\/strong>&nbsp;<strong>important et augmente chaque ann\u00e9e<\/strong><strong>: autour de 4400 places pour environ 5700 \u00e9tudiants (avec un ratio nombre de places\/nombre de candidats plus \u00e9lev\u00e9 que dans les fili\u00e8res MP et PC).<\/strong><\/p>\n\n\n\n<p class=\"has-text-align-center\"><strong><a href=\"http:\/\/www.scei-concours.fr\/stat2019\/psi.html\" rel=\"nofollow noopener\" target=\"_blank\">Lien vers les statistiques de la fili\u00e8re PSI<\/a><\/strong><\/p>\n<\/div>\n\n\n\n<div class=\"wp-block-column is-layout-flow wp-block-column-is-layout-flow\" style=\"flex-basis:30%\"><div class=\"menu-pcsi-container\"><ul id=\"menu-pcsi\" class=\"menu\"><li id=\"menu-item-900\" class=\"menu-item menu-item-type-post_type menu-item-object-page menu-item-900\"><a href=\"https:\/\/cesarbaggio.fr\/WP\/formations\/cpge\/pcsi-psi-psi\/pourquoi-pcsi-puis-psi\/\">Pourquoi faire une PCSI puis une PSI ?<\/a><\/li>\n<li id=\"menu-item-901\" class=\"menu-item menu-item-type-post_type menu-item-object-page menu-item-901\"><a href=\"https:\/\/cesarbaggio.fr\/WP\/formations\/cpge\/pcsi-psi-psi\/une-semaine-en-pcsi-ou-en-psi\/\">Une semaine en PCSI ou en PSI<\/a><\/li>\n<li id=\"menu-item-902\" class=\"menu-item menu-item-type-post_type menu-item-object-page menu-item-902\"><a href=\"https:\/\/cesarbaggio.fr\/WP\/formations\/cpge\/pcsi-psi-psi\/les-ecoles-dingenieur-apres-une-psi\/\">Les \u00e9coles d\u2019ing\u00e9nieur apr\u00e8s une PSI<\/a><\/li>\n<li id=\"menu-item-897\" class=\"menu-item menu-item-type-post_type menu-item-object-page menu-item-897\"><a href=\"https:\/\/cesarbaggio.fr\/WP\/formations\/cpge\/pcsi-psi-psi\/les-resultats-des-concours-en-psi-au-lycee-baggio\/\">Les r\u00e9sultats des concours en PSI au lyc\u00e9e Baggio<\/a><\/li>\n<li id=\"menu-item-1723\" class=\"menu-item menu-item-type-post_type menu-item-object-page menu-item-1723\"><a href=\"https:\/\/cesarbaggio.fr\/WP\/formations\/cpge\/pcsi-psi-psi\/le-devenir-de-nos-etudiants-au-lycee-baggio\/\">Le devenir de nos \u00e9tudiants au Lyc\u00e9e Baggio<\/a><\/li>\n<li id=\"menu-item-1732\" class=\"menu-item menu-item-type-post_type menu-item-object-page menu-item-1732\"><a href=\"https:\/\/cesarbaggio.fr\/WP\/formations\/cpge\/pcsi-psi-psi\/les-matieres-litteraires\/\">Les mati\u00e8res litt\u00e9raires<\/a><\/li>\n<li id=\"menu-item-1905\" class=\"menu-item menu-item-type-taxonomy menu-item-object-category menu-item-1905\"><a href=\"https:\/\/cesarbaggio.fr\/WP\/category\/actualite-cpge\/\">Actualit\u00e9 &#8211; CPGE<\/a><\/li>\n<li id=\"menu-item-1906\" class=\"menu-item menu-item-type-taxonomy menu-item-object-category menu-item-1906\"><a href=\"https:\/\/cesarbaggio.fr\/WP\/category\/temoignage-cpge\/\">T\u00e9moignage &#8211; CPGE<\/a><\/li>\n<li id=\"menu-item-899\" class=\"menu-item menu-item-type-post_type menu-item-object-page menu-item-899\"><a href=\"https:\/\/cesarbaggio.fr\/WP\/formations\/cpge\/pcsi-psi-psi\/contacts\/\">Contacts<\/a><\/li>\n<\/ul><\/div>\n\n\n\n<div class=\"wp-block-blockspare-blockspare-social-links blockspare-b6cad187-593c-4 blockspare-socaillink-block\"><style>.blockspare-b6cad187-593c-4 .blockspare-social-wrapper{text-align:left;margin-top:30px;margin-bottom:30px}<\/style><div class=\"blockspare-blocks blockspare-social-wrapper\"><ul class=\"blockspare-social-links blockspare-default-official-color blockspare-social-icon-circle blockspare-social-icon-medium blockspare-icon-only blockspare-social-icon-solid\"><li><a href=\"https:\/\/fr-fr.facebook.com\/prepabaggio\/\" class=\"\" target=\"_blank\" rel=\"noopener noreferrer nofollow\"><span class=\"blockspare-social-icons\"><i class=\"fab fa-facebook-f\"><\/i> <span class=\"screen-reader-text\">facebook<\/span><\/span><\/a><\/li><li><a href=\"https:\/\/www.youtube.com\/channel\/UCRR1M3fKaxZa8C-_BNBQ7jg\" class=\"\" target=\"_blank\" rel=\"noopener noreferrer nofollow\"><span class=\"blockspare-social-icons\"><i class=\"fab fa-youtube\"><\/i><span class=\"screen-reader-text\">YouTube<\/span><\/span><\/a><\/li><\/ul><\/div><\/div>\n<\/div>\n<\/div>\n<\/div><\/div>\n\n\n\n<p><\/p>\n","protected":false},"excerpt":{"rendered":"<p>Les \u00e9coles et les concours Instigatrices de cette fili\u00e8re,&nbsp;toutes les \u00e9coles d\u2019ing\u00e9nieurs recrutent de nombreux&#8230;<\/p>\n","protected":false},"author":1,"featured_media":0,"parent":791,"menu_order":3,"comment_status":"closed","ping_status":"closed","template":"","meta":{"footnotes":""},"class_list":["post-887","page","type-page","status-publish","hentry"],"jetpack_sharing_enabled":true,"_links":{"self":[{"href":"https:\/\/cesarbaggio.fr\/WP\/wp-json\/wp\/v2\/pages\/887","targetHints":{"allow":["GET"]}}],"collection":[{"href":"https:\/\/cesarbaggio.fr\/WP\/wp-json\/wp\/v2\/pages"}],"about":[{"href":"https:\/\/cesarbaggio.fr\/WP\/wp-json\/wp\/v2\/types\/page"}],"author":[{"embeddable":true,"href":"https:\/\/cesarbaggio.fr\/WP\/wp-json\/wp\/v2\/users\/1"}],"replies":[{"embeddable":true,"href":"https:\/\/cesarbaggio.fr\/WP\/wp-json\/wp\/v2\/comments?post=887"}],"version-history":[{"count":3,"href":"https:\/\/cesarbaggio.fr\/WP\/wp-json\/wp\/v2\/pages\/887\/revisions"}],"predecessor-version":[{"id":1930,"href":"https:\/\/cesarbaggio.fr\/WP\/wp-json\/wp\/v2\/pages\/887\/revisions\/1930"}],"up":[{"embeddable":true,"href":"https:\/\/cesarbaggio.fr\/WP\/wp-json\/wp\/v2\/pages\/791"}],"wp:attachment":[{"href":"https:\/\/cesarbaggio.fr\/WP\/wp-json\/wp\/v2\/media?parent=887"}],"curies":[{"name":"wp","href":"https:\/\/api.w.org\/{rel}","templated":true}]}}