{"id":885,"date":"2020-12-01T12:05:39","date_gmt":"2020-12-01T11:05:39","guid":{"rendered":"https:\/\/cesarbaggio.fr\/WP\/?page_id=885"},"modified":"2021-12-16T23:18:04","modified_gmt":"2021-12-16T22:18:04","slug":"une-semaine-en-pcsi-ou-en-psi","status":"publish","type":"page","link":"https:\/\/cesarbaggio.fr\/WP\/formations\/cpge\/pcsi-psi-psi\/une-semaine-en-pcsi-ou-en-psi\/","title":{"rendered":"Une semaine en PCSI ou en PSI"},"content":{"rendered":"\n<hr class=\"wp-block-separator\"\/>\n\n\n\n<div class=\"wp-block-group\"><div class=\"wp-block-group__inner-container is-layout-flow wp-block-group-is-layout-flow\">\n<div class=\"wp-block-columns is-layout-flex wp-container-core-columns-is-layout-28f84493 wp-block-columns-is-layout-flex\">\n<div class=\"wp-block-column is-layout-flow wp-block-column-is-layout-flow\">\n<p><span style=\"color:#8c0659\" class=\"has-inline-color\">Les horaires des diff\u00e9rentes mati\u00e8res en PCSI\/PSI<\/span><\/p>\n\n\n\n<p style=\"font-size:14px\">La fili\u00e8re PCSI\/PSI est une fili\u00e8re \u00e9quilibr\u00e9e dans laquelle la Physique, la Chimie, les Math\u00e9matiques et les Sciences de l\u2019Ing\u00e9nieur sont pr\u00e9sentes. Comme dans toutes les autres fili\u00e8res, il y a \u00e9galement de l\u2019Informatique, du Fran\u00e7ais et des Langues vivantes (une LV1 obligatoire, une LV2 facultative). Sans oublier le sport !<\/p>\n\n\n\n<figure class=\"wp-block-table is-style-stripes\"><table><tbody><tr><td><\/td><\/tr><tr><td><\/td><td class=\"has-text-align-center\" data-align=\"center\"><img loading=\"lazy\" decoding=\"async\" width=\"394\" height=\"257\" src=\"http:\/\/cesarbaggio.fr\/images\/clip_image002_2.jpg\" class=\"\"><\/td><\/tr><\/tbody><\/table><\/figure>\n\n\n\n<h3 class=\"wp-block-heading\">&nbsp;<\/h3>\n\n\n\n<p><img decoding=\"async\" class=\"aligncenter\" src=\"http:\/\/cesarbaggio.fr\/images\/clip_image003_1.png\" alt=\"L\u2019attribut alt de cette image est vide, son nom de fichier est clip_image003_1.png.\" width=\"60%\" height=\"60%\" \/><\/p>\n<p><span style=\"font-size: 14pt; color: #993366;\"><strong>Les colles<\/strong><\/span><\/p>\n<p style=\"text-align: justify;\"><span style=\"font-size: 12pt;\">Les colles sont une sp\u00e9cificit\u00e9 des classes pr\u00e9paratoires. Il s\u2019agit d\u2019interrogations orales hebdomadaires (\u00e0 raison de deux heures par semaine). Les \u00e9tudiants passent au tableau, par groupe de trois, et doivent r\u00e9pondre \u00e0 des questions de cours et r\u00e9soudre des exercices.<\/span><\/p>\n<p><img decoding=\"async\" class=\"aligncenter\" src=\"http:\/\/cesarbaggio.fr\/images\/clip_image005.jpg\" alt=\"L\u2019attribut alt de cette image est vide, son nom de fichier est clip_image005.jpg.\" width=\"80%\" height=\"80%\" \/><\/p>\n\n\n\n<p>C\u2019est l\u2019occasion pour les professeurs de v\u00e9rifier que les \u00e9tudiants ont bien compris leur cours et pour les \u00e9tudiants de s\u2019entra\u00eener \u00e0 l\u2019oral et de&nbsp;<strong>b\u00e9n\u00e9ficier d\u2019un vrai suivi personnalis\u00e9<\/strong>.<\/p>\n\n\n\n<p>En PCSI, les \u00e9tudiants ont chaque semaine une colle de math\u00e9matiques plus une colle de chimie, ou une colle de physique plus une colle de langues vivantes.<\/p>\n\n\n\n<p>En PSI, les \u00e9tudiants ont chaque semaine une colle de physique (ou SI une semaine sur quatre) et une colle de math\u00e9matiques, ou une colle de physique&nbsp;(ou SI une semaine sur quatre) et une colle de langues vivantes.<\/p>\n\n\n\n<h3 class=\"wp-block-heading\">Les devoirs surveill\u00e9s<\/h3>\n\n\n\n<p>Les \u00e9tudiants ont un devoir surveill\u00e9&nbsp;<strong>toutes les semaines<\/strong>, le samedi matin, de 8h \u00e0 12h. Ce rythme r\u00e9gulier d\u2019\u00e9valuations permet un contr\u00f4le continu de l\u2019acquisition des notions vues en cours. Ces s\u00e9ances de DS permettent \u00e9galement de travailler sur des sujets type \u00ab&nbsp;concours&nbsp;\u00bb.<\/p>\n<\/div>\n\n\n\n<div class=\"wp-block-column is-layout-flow wp-block-column-is-layout-flow\" style=\"flex-basis:30%\"><div class=\"menu-pcsi-container\"><ul id=\"menu-pcsi\" class=\"menu\"><li id=\"menu-item-900\" class=\"menu-item menu-item-type-post_type menu-item-object-page menu-item-900\"><a href=\"https:\/\/cesarbaggio.fr\/WP\/formations\/cpge\/pcsi-psi-psi\/pourquoi-pcsi-puis-psi\/\">Pourquoi faire une PCSI puis une PSI ?<\/a><\/li>\n<li id=\"menu-item-901\" class=\"menu-item menu-item-type-post_type menu-item-object-page menu-item-901\"><a href=\"https:\/\/cesarbaggio.fr\/WP\/formations\/cpge\/pcsi-psi-psi\/une-semaine-en-pcsi-ou-en-psi\/\">Une semaine en PCSI ou en PSI<\/a><\/li>\n<li id=\"menu-item-902\" class=\"menu-item menu-item-type-post_type menu-item-object-page menu-item-902\"><a href=\"https:\/\/cesarbaggio.fr\/WP\/formations\/cpge\/pcsi-psi-psi\/les-ecoles-dingenieur-apres-une-psi\/\">Les \u00e9coles d\u2019ing\u00e9nieur apr\u00e8s une PSI<\/a><\/li>\n<li id=\"menu-item-897\" class=\"menu-item menu-item-type-post_type menu-item-object-page menu-item-897\"><a href=\"https:\/\/cesarbaggio.fr\/WP\/formations\/cpge\/pcsi-psi-psi\/les-resultats-des-concours-en-psi-au-lycee-baggio\/\">Les r\u00e9sultats des concours en PSI au lyc\u00e9e Baggio<\/a><\/li>\n<li id=\"menu-item-1723\" class=\"menu-item menu-item-type-post_type menu-item-object-page menu-item-1723\"><a href=\"https:\/\/cesarbaggio.fr\/WP\/formations\/cpge\/pcsi-psi-psi\/le-devenir-de-nos-etudiants-au-lycee-baggio\/\">Le devenir de nos \u00e9tudiants au Lyc\u00e9e Baggio<\/a><\/li>\n<li id=\"menu-item-1732\" class=\"menu-item menu-item-type-post_type menu-item-object-page menu-item-1732\"><a href=\"https:\/\/cesarbaggio.fr\/WP\/formations\/cpge\/pcsi-psi-psi\/les-matieres-litteraires\/\">Les mati\u00e8res litt\u00e9raires<\/a><\/li>\n<li id=\"menu-item-1905\" class=\"menu-item menu-item-type-taxonomy menu-item-object-category menu-item-1905\"><a href=\"https:\/\/cesarbaggio.fr\/WP\/category\/actualite-cpge\/\">Actualit\u00e9 &#8211; CPGE<\/a><\/li>\n<li id=\"menu-item-1906\" class=\"menu-item menu-item-type-taxonomy menu-item-object-category menu-item-1906\"><a href=\"https:\/\/cesarbaggio.fr\/WP\/category\/temoignage-cpge\/\">T\u00e9moignage &#8211; CPGE<\/a><\/li>\n<li id=\"menu-item-899\" class=\"menu-item menu-item-type-post_type menu-item-object-page menu-item-899\"><a href=\"https:\/\/cesarbaggio.fr\/WP\/formations\/cpge\/pcsi-psi-psi\/contacts\/\">Contacts<\/a><\/li>\n<\/ul><\/div>\n\n\n\n<div class=\"wp-block-blockspare-blockspare-social-links blockspare-985b0676-fc25-4 blockspare-socaillink-block\"><style>.blockspare-985b0676-fc25-4 .blockspare-social-wrapper{text-align:left;margin-top:30px;margin-bottom:30px}<\/style><div class=\"blockspare-blocks blockspare-social-wrapper\"><ul class=\"blockspare-social-links blockspare-default-official-color blockspare-social-icon-circle blockspare-social-icon-medium blockspare-icon-only blockspare-social-icon-solid\"><li><a href=\"https:\/\/fr-fr.facebook.com\/prepabaggio\/\" class=\"\" target=\"_blank\" rel=\"noopener noreferrer nofollow\"><span class=\"blockspare-social-icons\"><i class=\"fab fa-facebook-f\"><\/i> <span class=\"screen-reader-text\">facebook<\/span><\/span><\/a><\/li><li><a href=\"https:\/\/www.youtube.com\/channel\/UCRR1M3fKaxZa8C-_BNBQ7jg\" class=\"\" target=\"_blank\" rel=\"noopener noreferrer nofollow\"><span class=\"blockspare-social-icons\"><i class=\"fab fa-youtube\"><\/i><span class=\"screen-reader-text\">YouTube<\/span><\/span><\/a><\/li><\/ul><\/div><\/div>\n<\/div>\n<\/div>\n<\/div><\/div>\n\n\n\n<p><\/p>\n","protected":false},"excerpt":{"rendered":"<p>Les horaires des diff\u00e9rentes mati\u00e8res en PCSI\/PSI La fili\u00e8re PCSI\/PSI est une fili\u00e8re \u00e9quilibr\u00e9e dans&#8230;<\/p>\n","protected":false},"author":1,"featured_media":0,"parent":791,"menu_order":2,"comment_status":"closed","ping_status":"closed","template":"","meta":{"footnotes":""},"class_list":["post-885","page","type-page","status-publish","hentry"],"jetpack_sharing_enabled":true,"_links":{"self":[{"href":"https:\/\/cesarbaggio.fr\/WP\/wp-json\/wp\/v2\/pages\/885","targetHints":{"allow":["GET"]}}],"collection":[{"href":"https:\/\/cesarbaggio.fr\/WP\/wp-json\/wp\/v2\/pages"}],"about":[{"href":"https:\/\/cesarbaggio.fr\/WP\/wp-json\/wp\/v2\/types\/page"}],"author":[{"embeddable":true,"href":"https:\/\/cesarbaggio.fr\/WP\/wp-json\/wp\/v2\/users\/1"}],"replies":[{"embeddable":true,"href":"https:\/\/cesarbaggio.fr\/WP\/wp-json\/wp\/v2\/comments?post=885"}],"version-history":[{"count":10,"href":"https:\/\/cesarbaggio.fr\/WP\/wp-json\/wp\/v2\/pages\/885\/revisions"}],"predecessor-version":[{"id":3119,"href":"https:\/\/cesarbaggio.fr\/WP\/wp-json\/wp\/v2\/pages\/885\/revisions\/3119"}],"up":[{"embeddable":true,"href":"https:\/\/cesarbaggio.fr\/WP\/wp-json\/wp\/v2\/pages\/791"}],"wp:attachment":[{"href":"https:\/\/cesarbaggio.fr\/WP\/wp-json\/wp\/v2\/media?parent=885"}],"curies":[{"name":"wp","href":"https:\/\/api.w.org\/{rel}","templated":true}]}}