{"id":818,"date":"2020-11-30T09:41:00","date_gmt":"2020-11-30T08:41:00","guid":{"rendered":"https:\/\/cesarbaggio.fr\/WP\/?page_id=818"},"modified":"2021-01-22T11:55:58","modified_gmt":"2021-01-22T10:55:58","slug":"pourquoi-ptsi","status":"publish","type":"page","link":"https:\/\/cesarbaggio.fr\/WP\/formations\/cpge\/ptsi-pt-pt\/pourquoi-ptsi\/","title":{"rendered":"Pourquoi choisir la fili\u00e8re PTSI?"},"content":{"rendered":"\n<hr class=\"wp-block-separator\"\/>\n\n\n\n<div class=\"wp-block-columns is-layout-flex wp-container-core-columns-is-layout-28f84493 wp-block-columns-is-layout-flex\">\n<div class=\"wp-block-column is-layout-flow wp-block-column-is-layout-flow\" style=\"flex-basis:66.66%\">\n<p><span style=\"color: #993366;\"><strong>Pourquoi &nbsp;choisir la fili\u00e8re PTSI-PT&nbsp;?<\/strong><\/span><\/p>\n<p>Au m\u00eame titre que les fili\u00e8res MPSI et PCSI, la fili\u00e8re PTSI est une CPGE qui <span style=\"color: #993366;\"><strong>pr\u00e9pare aux<\/strong> <strong>concours d\u2019entr\u00e9e des plus grandes \u00e9coles d\u2019ing\u00e9nieurs<\/strong><\/span> et qui obtient m\u00eame les meilleurs taux de r\u00e9ussite aux concours&nbsp;!<\/p>\n<p><img loading=\"lazy\" decoding=\"async\" class=\"alignnone  wp-image-1392\" src=\"https:\/\/cesarbaggio.fr\/WP\/wp-content\/uploads\/2021\/01\/tab1-PTSI-300x35.png\" alt=\"\" width=\"789\" height=\"92\" srcset=\"https:\/\/cesarbaggio.fr\/WP\/wp-content\/uploads\/2021\/01\/tab1-PTSI-300x35.png 300w, https:\/\/cesarbaggio.fr\/WP\/wp-content\/uploads\/2021\/01\/tab1-PTSI-768x89.png 768w, https:\/\/cesarbaggio.fr\/WP\/wp-content\/uploads\/2021\/01\/tab1-PTSI-24x3.png 24w, https:\/\/cesarbaggio.fr\/WP\/wp-content\/uploads\/2021\/01\/tab1-PTSI-36x4.png 36w, https:\/\/cesarbaggio.fr\/WP\/wp-content\/uploads\/2021\/01\/tab1-PTSI-48x6.png 48w, https:\/\/cesarbaggio.fr\/WP\/wp-content\/uploads\/2021\/01\/tab1-PTSI.png 944w\" sizes=\"auto, (max-width: 789px) 100vw, 789px\" \/><\/p>\n<p>Extrait des statiques SCEI&nbsp;: <span style=\"color: #3366ff;\"><a style=\"color: #3366ff;\" href=\"http:\/\/www.scei-concours.fr\/\" rel=\"nofollow noopener\" target=\"_blank\">http:\/\/www.scei-concours.fr\/<\/a><\/span><\/p>\n<p>Site de la banque PT&nbsp;: <span style=\"color: #3366ff;\"><a style=\"color: #3366ff;\" href=\"https:\/\/www.banquept.fr\/\" rel=\"nofollow noopener\" target=\"_blank\">https:\/\/www.banquept.fr\/<\/a><\/span><\/p>\n<p><span style=\"color: #993366;\"><strong>Une fili\u00e8re reconnue<\/strong><\/span><\/p>\n<ul>\n<li>Elle est ouverte \u00e0 tous titulaires d\u2019un baccalaur\u00e9at g\u00e9n\u00e9ral quelles que soient les sp\u00e9cialit\u00e9s scientifiques suivies en terminale&nbsp;;<\/li>\n<li>La quasi-totalit\u00e9 des Grandes \u00c9coles d\u2019Ing\u00e9nieurs recrutent sur la fili\u00e8re PT.<\/li>\n<\/ul>\n<p><span style=\"color: #993366;\"><strong>Un accompagnement<\/strong><\/span><\/p>\n<ul>\n<li>Une \u00e9quipe p\u00e9dagogique encadrant une seule classe.<\/li>\n<li>Un contr\u00f4le hebdomadaire des connaissances.<\/li>\n<li>2 \u00e0 3 h par semaine de suivi individualis\u00e9 (colles avec 1 professeur pour 3 \u00e9l\u00e8ves).<\/li>\n<li>Des cours de soutien pour les \u00e9l\u00e8ves n\u2019ayant jamais fait de Sciences de l\u2019Ing\u00e9nieur.<\/li>\n<\/ul>\n<p><strong>Des moyens innovants<\/strong><\/p>\n<ul>\n<li>Des laboratoires de formation aux diff\u00e9rentes technologies.<\/li>\n<li>Des salles informatiques d\u00e9di\u00e9es aux disciplines scientifiques.<\/li>\n<li>De nombreux syst\u00e8mes industriels<\/li>\n<\/ul>\n<p><strong>Un excellent taux de r\u00e9ussite aux concours<\/strong><\/p>\n<ul>\n<li>Tout \u00e9tudiant s\u00e9rieux et assidu est admis dans une \u00e9cole adapt\u00e9e \u00e0 son niveau.<\/li>\n<\/ul>\n<p><strong>La meilleure approche du m\u00e9tier d\u2019ing\u00e9nieur<\/strong><\/p>\n<ul>\n<li>Un volume horaire cons\u00e9quent consacr\u00e9 aux Sciences de l\u2019Ing\u00e9nieur.<\/li>\n<li>Un lien avec le monde de l\u2019entreprise : les TIPE (Travaux d\u2019Initiative Personnelle Encadr\u00e9s).<\/li>\n<\/ul>\n<p><strong>Une bonne insertion professionnelle<\/strong><\/p>\n<ul>\n<li>Une demande croissante d\u2019ing\u00e9nieurs.<\/li>\n<li>Des d\u00e9bouch\u00e9s vari\u00e9s en sortie d\u2019\u00e9cole.<\/li>\n<\/ul>\n<p>Les entreprises appr\u00e9cient les qualit\u00e9s des ing\u00e9nieurs issus de la fili\u00e8re PTSI-PT.<\/p>\n<\/div>\n\n\n\n<div class=\"wp-block-column is-layout-flow wp-block-column-is-layout-flow\" style=\"flex-basis:33.33%\">\n<p><strong>PTSI &#8211; PT &#8211; PT* <\/strong><\/p>\n\n\n\n<hr class=\"wp-block-separator\"\/>\n\n\n<div class=\"menu-ptsi-container\"><ul id=\"menu-ptsi\" class=\"menu\"><li id=\"menu-item-871\" class=\"menu-item menu-item-type-post_type menu-item-object-page menu-item-871\"><a href=\"https:\/\/cesarbaggio.fr\/WP\/formations\/cpge\/ptsi-pt-pt\/pourquoi-ptsi\/\">Pourquoi choisir la fili\u00e8re PTSI?<\/a><\/li>\n<li id=\"menu-item-1487\" class=\"menu-item menu-item-type-post_type menu-item-object-page menu-item-1487\"><a href=\"https:\/\/cesarbaggio.fr\/WP\/formations\/cpge\/ptsi-pt-pt\/une-semaine-ptsi-pt\/\">Une semaine en PTSI ou en PT<\/a><\/li>\n<li id=\"menu-item-1486\" class=\"menu-item menu-item-type-post_type menu-item-object-page menu-item-1486\"><a href=\"https:\/\/cesarbaggio.fr\/WP\/formations\/cpge\/ptsi-pt-pt\/les-enseignements-ptsi-pt\/\">Les enseignements en PTSI ou en PT<\/a><\/li>\n<li id=\"menu-item-1485\" class=\"menu-item menu-item-type-post_type menu-item-object-page menu-item-1485\"><a href=\"https:\/\/cesarbaggio.fr\/WP\/formations\/cpge\/ptsi-pt-pt\/les-ecoles-dingenieur-apres-une-pt\/\">Les \u00e9coles d\u2019ing\u00e9nieur apr\u00e8s une PT<\/a><\/li>\n<li id=\"menu-item-1484\" class=\"menu-item menu-item-type-post_type menu-item-object-page menu-item-1484\"><a href=\"https:\/\/cesarbaggio.fr\/WP\/formations\/cpge\/ptsi-pt-pt\/les-resultats-des-concours-en-pt-au-lycee-baggio\/\">Les r\u00e9sultats des concours en PT au lyc\u00e9e Baggio<\/a><\/li>\n<li id=\"menu-item-1483\" class=\"menu-item menu-item-type-post_type menu-item-object-page menu-item-1483\"><a href=\"https:\/\/cesarbaggio.fr\/WP\/formations\/cpge\/ptsi-pt-pt\/le-devenir-de-nos-etudiants-au-lycee-baggio\/\">Le devenir de nos \u00e9tudiants au Lyc\u00e9e Baggio<\/a><\/li>\n<li id=\"menu-item-1698\" class=\"menu-item menu-item-type-post_type menu-item-object-page menu-item-1698\"><a href=\"https:\/\/cesarbaggio.fr\/WP\/formations\/cpge\/ptsi-pt-pt\/les-matieres-litteraires\/\">Les mati\u00e8res litt\u00e9raires<\/a><\/li>\n<li id=\"menu-item-1960\" class=\"menu-item menu-item-type-taxonomy menu-item-object-category menu-item-1960\"><a href=\"https:\/\/cesarbaggio.fr\/WP\/category\/actualite-cpge\/\">Actualit\u00e9 &#8211; CPGE<\/a><\/li>\n<li id=\"menu-item-1961\" class=\"menu-item menu-item-type-taxonomy menu-item-object-category menu-item-1961\"><a href=\"https:\/\/cesarbaggio.fr\/WP\/category\/temoignage-cpge\/\">T\u00e9moignage &#8211; CPGE<\/a><\/li>\n<li id=\"menu-item-1482\" class=\"menu-item menu-item-type-post_type menu-item-object-page menu-item-1482\"><a href=\"https:\/\/cesarbaggio.fr\/WP\/formations\/cpge\/ptsi-pt-pt\/contacts\/\">Contacts<\/a><\/li>\n<\/ul><\/div>\n\n\n\n<div class=\"wp-block-blockspare-blockspare-social-links blockspare-3dc0acc2-95a4-4 blockspare-socaillink-block\"><style>.blockspare-3dc0acc2-95a4-4 .blockspare-social-wrapper{text-align:left;margin-top:30px;margin-bottom:30px}<\/style><div class=\"blockspare-blocks blockspare-social-wrapper\"><ul class=\"blockspare-social-links blockspare-default-official-color blockspare-social-icon-circle blockspare-social-icon-medium blockspare-icon-only blockspare-social-icon-solid\"><li><a href=\"https:\/\/fr-fr.facebook.com\/prepabaggio\/\" class=\"\" target=\"_blank\" rel=\"noopener noreferrer nofollow\"><span class=\"blockspare-social-icons\"><i class=\"fab fa-facebook-f\"><\/i> <span class=\"screen-reader-text\">facebook<\/span><\/span><\/a><\/li><li><a href=\"https:\/\/www.youtube.com\/channel\/UCRR1M3fKaxZa8C-_BNBQ7jg\" class=\"\" target=\"_blank\" rel=\"noopener noreferrer nofollow\"><span class=\"blockspare-social-icons\"><i class=\"fab fa-youtube\"><\/i><span class=\"screen-reader-text\">YouTube<\/span><\/span><\/a><\/li><\/ul><\/div><\/div>\n<\/div>\n<\/div>\n","protected":false},"excerpt":{"rendered":"<p>Pourquoi &nbsp;choisir la fili\u00e8re PTSI-PT&nbsp;? Au m\u00eame titre que les fili\u00e8res MPSI et PCSI, la&#8230;<\/p>\n","protected":false},"author":1,"featured_media":0,"parent":487,"menu_order":1,"comment_status":"closed","ping_status":"closed","template":"","meta":{"footnotes":""},"class_list":["post-818","page","type-page","status-publish","hentry"],"jetpack_sharing_enabled":true,"_links":{"self":[{"href":"https:\/\/cesarbaggio.fr\/WP\/wp-json\/wp\/v2\/pages\/818","targetHints":{"allow":["GET"]}}],"collection":[{"href":"https:\/\/cesarbaggio.fr\/WP\/wp-json\/wp\/v2\/pages"}],"about":[{"href":"https:\/\/cesarbaggio.fr\/WP\/wp-json\/wp\/v2\/types\/page"}],"author":[{"embeddable":true,"href":"https:\/\/cesarbaggio.fr\/WP\/wp-json\/wp\/v2\/users\/1"}],"replies":[{"embeddable":true,"href":"https:\/\/cesarbaggio.fr\/WP\/wp-json\/wp\/v2\/comments?post=818"}],"version-history":[{"count":7,"href":"https:\/\/cesarbaggio.fr\/WP\/wp-json\/wp\/v2\/pages\/818\/revisions"}],"predecessor-version":[{"id":1921,"href":"https:\/\/cesarbaggio.fr\/WP\/wp-json\/wp\/v2\/pages\/818\/revisions\/1921"}],"up":[{"embeddable":true,"href":"https:\/\/cesarbaggio.fr\/WP\/wp-json\/wp\/v2\/pages\/487"}],"wp:attachment":[{"href":"https:\/\/cesarbaggio.fr\/WP\/wp-json\/wp\/v2\/media?parent=818"}],"curies":[{"name":"wp","href":"https:\/\/api.w.org\/{rel}","templated":true}]}}