{"id":791,"date":"2020-11-26T13:34:23","date_gmt":"2020-11-26T12:34:23","guid":{"rendered":"https:\/\/cesarbaggio.fr\/WP\/?page_id=791"},"modified":"2021-12-16T23:14:21","modified_gmt":"2021-12-16T22:14:21","slug":"pcsi-psi-psi","status":"publish","type":"page","link":"https:\/\/cesarbaggio.fr\/WP\/formations\/cpge\/pcsi-psi-psi\/","title":{"rendered":"PCSI PSI PSI*"},"content":{"rendered":"\n<hr class=\"wp-block-separator\"\/>\n\n\n\n<div class=\"wp-block-group\"><div class=\"wp-block-group__inner-container is-layout-flow wp-block-group-is-layout-flow\">\n<div class=\"wp-block-columns is-layout-flex wp-container-core-columns-is-layout-28f84493 wp-block-columns-is-layout-flex\">\n<div class=\"wp-block-column is-layout-flow wp-block-column-is-layout-flow\">\n<p style=\"font-weight: 400;\"><b>Comment s&rsquo;incrire? &#8211;\u00a0<\/b><b>Site d&rsquo;acc\u00e8s: \u00a0<a href=\"http:\/\/cesarbaggio.fr\/formations\/classes-preparatoires\/www.parcoussup.fr\">WWW.PARCOURSUP.FR<\/a><\/b><\/p>\n<p style=\"font-weight: 400;\">\u00a0<\/p>\n<p style=\"font-weight: 400;\"><span style=\"color: #993366;\"><strong>PCSI \u2013 PSI<\/strong><\/span><\/p>\n<ul>\n<li style=\"font-weight: 400;\">PCSI\u00a0: Physique, Chimie et Sciences de l\u2019Ing\u00e9nieur<\/li>\n<li style=\"font-weight: 400;\">PSI\u00a0: Physique et Sciences de l\u2019Ing\u00e9nieur<\/li>\n<\/ul>\n<p style=\"font-weight: 400; text-align: justify;\">La fili\u00e8re PSI (Physique et Sciences de l\u2019Ing\u00e9nieur) a \u00e9t\u00e9 cr\u00e9\u00e9e en 1996\u00a0\u00e0 la demande\u00a0des Grandes \u00c9coles d\u2019Ing\u00e9nieurs,\u00a0\u00e0 la suite de la r\u00e9forme des classes pr\u00e9paratoires intervenue en 1995. D\u2019une part, elle r\u00e9pond aux\u00a0exigences actuelles du m\u00e9tier d\u2019ing\u00e9nieur\u00a0tr\u00e8s largement domin\u00e9 par l\u2019informatique et les syst\u00e8mes robotis\u00e9s, et, d\u2019autre part, elle dispense aux \u00e9tudiants une\u00a0<strong>formation polyvalente et diversifi\u00e9e<\/strong>\u00a0leur permettant d\u2019acqu\u00e9rir des\u00a0connaissances \u00e9tendues en physique, math\u00e9matiques et sciences de l\u2019ing\u00e9nieur.<\/p>\n<p style=\"font-weight: 400;\"><span style=\"color: #993366;\"><strong>Organisation des deux ann\u00e9es de CPGE au lyc\u00e9e Baggio<\/strong><\/span><\/p>\n<p style=\"font-weight: 400; text-align: justify;\">Pendant deux ann\u00e9es\u00a0de CPGE (premi\u00e8re ann\u00e9e\u00a0: sup PCSI, deuxi\u00e8me ann\u00e9e\u00a0: sp\u00e9 PSI ou PSI*), les \u00e9tudiants pr\u00e9parent les concours d\u2019entr\u00e9e en Grandes Ecoles d\u2019Ing\u00e9nieur. \u00c0 l\u2019issue du premier semestre de la premi\u00e8re ann\u00e9e (fin janvier), les \u00e9tudiants choisissent l\u2019option Sciences de l\u2019Ing\u00e9nieur (l\u2019option Chimie n\u2019est pas disponible au lyc\u00e9e Baggio).<\/p>\n<p style=\"font-weight: 400;\"><em>Attention : le lyc\u00e9e Baggio ne propose que l\u2019option SI, menant \u00e0 la deuxi\u00e8me ann\u00e9e PSI.<\/em><\/p>\n<p style=\"font-weight: 400;\">\u00a0<\/p>\n<p style=\"font-weight: 400;\"><span style=\"color: #993366;\"><strong>Les enseignements\u00a0?<\/strong><\/span><\/p>\n<p style=\"font-weight: 400; text-align: justify;\">Les\u00a0<em>Sciences de l\u2019Ing\u00e9nieur<\/em>\u00a0sont souvent une nouvelle discipline pour les \u00e9tudiants n\u2019ayant pas suivi cette sp\u00e9cialit\u00e9 au lyc\u00e9e. Cet enseignement est dispens\u00e9 \u00e0 travers des travaux pratiques, cours, et travaux dirig\u00e9s et a pour\u00a0support\u00a0les\u00a0<strong>technologies nouvelles<\/strong>.\u00a0Cette mati\u00e8re permet \u00e0 l\u2019\u00e9tudiant de s\u2019ouvrir aux techniques de l\u2019ing\u00e9nieur, et de d\u00e9velopper une culture industrielle, des m\u00e9thodes de traitement de projet, un esprit de synth\u00e8se \u2026 Les th\u00e8mes abord\u00e9s sont tr\u00e8s g\u00e9n\u00e9ralistes, et concernent par exemple des domaines tels que l\u2019industrie automobile, a\u00e9ronautique, spatiale, \u00e9lectronique, des automatismes, de l\u2019informatique, etc.<\/p>\n<p style=\"font-weight: 400;\">\u00a0<\/p>\n<p style=\"font-weight: 400; text-align: justify;\">Le programme de\u00a0<em>Sciences Physiques<\/em>,\u00a0qui comprend une partie de chimie, est abord\u00e9 d\u2019un point de vue th\u00e9orique et exp\u00e9rimental.\u00a0L\u2019\u00e9lectronique, les milieux magn\u00e9tiques, les moteurs \u00e9lectriques\u00a0sont propres \u00e0 la fili\u00e8re PSI.\u00a0La m\u00e9canique des fluides, la physique des ondes, la thermodynamique et l\u2019\u00e9lectromagn\u00e9tisme\u00a0compl\u00e8tent cet enseignement. Ce programme,\u00a0<strong>tr\u00e8s complet<\/strong>, permet d\u2019aborder de nombreux th\u00e8mes indispensables au futur ing\u00e9nieur.<\/p>\n<p style=\"font-weight: 400;\">\u00a0<\/p>\n<p style=\"font-weight: 400; text-align: justify;\">L\u2019importance fondamentale des\u00a0<em>Math\u00e9matiques<\/em>\u00a0se traduit par un programme de haut niveau, adapt\u00e9 \u00e0 l\u2019esprit de la fili\u00e8re et d\u2019un horaire d\u2019\u00e9gale importance \u00e0 celui de physique.<\/p>\n<p style=\"font-weight: 400;\">\u00a0<\/p>\n<p style=\"font-weight: 400;\">\u00a0<\/p>\n<p style=\"font-weight: 400; text-align: justify;\">L\u2019<em>Informatique<\/em>\u00a0vient compl\u00e9ter l\u2019enseignement scientifiques et suit un programme commun \u00e0 toutes les fili\u00e8res (algorithmique, programmation, bases de donn\u00e9es).<\/p>\n<p style=\"font-weight: 400;\">\u00a0<\/p>\n<p style=\"font-weight: 400; text-align: justify;\">Comme dans les autres fili\u00e8res,\u00a0<em>le\u00a0Fran\u00e7ais et les Langues vivantes<\/em>\u00a0sont tr\u00e8s importants. Ces mati\u00e8res participent \u00e0 une\u00a0formation pluridisciplinaire indispensable pour des futurs ing\u00e9nieurs\u00a0et citoyens et permettent souvent de faire la diff\u00e9rence aux concours.<\/p>\n<p style=\"font-weight: 400;\">\u00a0<\/p>\n<\/div>\n\n\n\n<div class=\"wp-block-column is-layout-flow wp-block-column-is-layout-flow\" style=\"flex-basis:21.5%\"><div class=\"menu-pcsi-container\"><ul id=\"menu-pcsi\" class=\"menu\"><li id=\"menu-item-900\" class=\"menu-item menu-item-type-post_type menu-item-object-page menu-item-900\"><a href=\"https:\/\/cesarbaggio.fr\/WP\/formations\/cpge\/pcsi-psi-psi\/pourquoi-pcsi-puis-psi\/\">Pourquoi faire une PCSI puis une PSI ?<\/a><\/li>\n<li id=\"menu-item-901\" class=\"menu-item menu-item-type-post_type menu-item-object-page menu-item-901\"><a href=\"https:\/\/cesarbaggio.fr\/WP\/formations\/cpge\/pcsi-psi-psi\/une-semaine-en-pcsi-ou-en-psi\/\">Une semaine en PCSI ou en PSI<\/a><\/li>\n<li id=\"menu-item-902\" class=\"menu-item menu-item-type-post_type menu-item-object-page menu-item-902\"><a href=\"https:\/\/cesarbaggio.fr\/WP\/formations\/cpge\/pcsi-psi-psi\/les-ecoles-dingenieur-apres-une-psi\/\">Les \u00e9coles d\u2019ing\u00e9nieur apr\u00e8s une PSI<\/a><\/li>\n<li id=\"menu-item-897\" class=\"menu-item menu-item-type-post_type menu-item-object-page menu-item-897\"><a href=\"https:\/\/cesarbaggio.fr\/WP\/formations\/cpge\/pcsi-psi-psi\/les-resultats-des-concours-en-psi-au-lycee-baggio\/\">Les r\u00e9sultats des concours en PSI au lyc\u00e9e Baggio<\/a><\/li>\n<li id=\"menu-item-1723\" class=\"menu-item menu-item-type-post_type menu-item-object-page menu-item-1723\"><a href=\"https:\/\/cesarbaggio.fr\/WP\/formations\/cpge\/pcsi-psi-psi\/le-devenir-de-nos-etudiants-au-lycee-baggio\/\">Le devenir de nos \u00e9tudiants au Lyc\u00e9e Baggio<\/a><\/li>\n<li id=\"menu-item-1732\" class=\"menu-item menu-item-type-post_type menu-item-object-page menu-item-1732\"><a href=\"https:\/\/cesarbaggio.fr\/WP\/formations\/cpge\/pcsi-psi-psi\/les-matieres-litteraires\/\">Les mati\u00e8res litt\u00e9raires<\/a><\/li>\n<li id=\"menu-item-1905\" class=\"menu-item menu-item-type-taxonomy menu-item-object-category menu-item-1905\"><a href=\"https:\/\/cesarbaggio.fr\/WP\/category\/actualite-cpge\/\">Actualit\u00e9 &#8211; CPGE<\/a><\/li>\n<li id=\"menu-item-1906\" class=\"menu-item menu-item-type-taxonomy menu-item-object-category menu-item-1906\"><a href=\"https:\/\/cesarbaggio.fr\/WP\/category\/temoignage-cpge\/\">T\u00e9moignage &#8211; CPGE<\/a><\/li>\n<li id=\"menu-item-899\" class=\"menu-item menu-item-type-post_type menu-item-object-page menu-item-899\"><a href=\"https:\/\/cesarbaggio.fr\/WP\/formations\/cpge\/pcsi-psi-psi\/contacts\/\">Contacts<\/a><\/li>\n<\/ul><\/div>\n\n\n\n<div class=\"wp-block-blockspare-blockspare-social-links blockspare-bcd05f18-ae66-4 blockspare-socaillink-block\"><style>.blockspare-bcd05f18-ae66-4 .blockspare-social-wrapper{text-align:left;margin-top:30px;margin-bottom:30px}<\/style><div class=\"blockspare-blocks blockspare-social-wrapper\"><ul class=\"blockspare-social-links blockspare-default-official-color blockspare-social-icon-circle blockspare-social-icon-medium blockspare-icon-only blockspare-social-icon-solid\"><li><a href=\"https:\/\/fr-fr.facebook.com\/prepabaggio\/\" class=\"\" target=\"_blank\" rel=\"noopener noreferrer nofollow\"><span class=\"blockspare-social-icons\"><i class=\"fab fa-facebook-f\"><\/i> <span class=\"screen-reader-text\">facebook<\/span><\/span><\/a><\/li><li><a href=\"https:\/\/www.youtube.com\/channel\/UCRR1M3fKaxZa8C-_BNBQ7jg\" class=\"\" target=\"_blank\" rel=\"noopener noreferrer nofollow\"><span class=\"blockspare-social-icons\"><i class=\"fab fa-youtube\"><\/i><span class=\"screen-reader-text\">YouTube<\/span><\/span><\/a><\/li><\/ul><\/div><\/div>\n<\/div>\n<\/div>\n<\/div><\/div>\n","protected":false},"excerpt":{"rendered":"<p>Comment s&rsquo;incrire? &#8211;\u00a0Site d&rsquo;acc\u00e8s: \u00a0WWW.PARCOURSUP.FR \u00a0 PCSI \u2013 PSI PCSI\u00a0: Physique, Chimie et Sciences de&#8230;<\/p>\n","protected":false},"author":1,"featured_media":0,"parent":437,"menu_order":0,"comment_status":"closed","ping_status":"closed","template":"","meta":{"footnotes":""},"class_list":["post-791","page","type-page","status-publish","hentry"],"jetpack_sharing_enabled":true,"_links":{"self":[{"href":"https:\/\/cesarbaggio.fr\/WP\/wp-json\/wp\/v2\/pages\/791","targetHints":{"allow":["GET"]}}],"collection":[{"href":"https:\/\/cesarbaggio.fr\/WP\/wp-json\/wp\/v2\/pages"}],"about":[{"href":"https:\/\/cesarbaggio.fr\/WP\/wp-json\/wp\/v2\/types\/page"}],"author":[{"embeddable":true,"href":"https:\/\/cesarbaggio.fr\/WP\/wp-json\/wp\/v2\/users\/1"}],"replies":[{"embeddable":true,"href":"https:\/\/cesarbaggio.fr\/WP\/wp-json\/wp\/v2\/comments?post=791"}],"version-history":[{"count":7,"href":"https:\/\/cesarbaggio.fr\/WP\/wp-json\/wp\/v2\/pages\/791\/revisions"}],"predecessor-version":[{"id":3117,"href":"https:\/\/cesarbaggio.fr\/WP\/wp-json\/wp\/v2\/pages\/791\/revisions\/3117"}],"up":[{"embeddable":true,"href":"https:\/\/cesarbaggio.fr\/WP\/wp-json\/wp\/v2\/pages\/437"}],"wp:attachment":[{"href":"https:\/\/cesarbaggio.fr\/WP\/wp-json\/wp\/v2\/media?parent=791"}],"curies":[{"name":"wp","href":"https:\/\/api.w.org\/{rel}","templated":true}]}}