{"id":774,"date":"2020-11-26T10:04:10","date_gmt":"2020-11-26T09:04:10","guid":{"rendered":"https:\/\/cesarbaggio.fr\/WP\/?page_id=774"},"modified":"2022-03-14T10:50:56","modified_gmt":"2022-03-14T09:50:56","slug":"actions-baggio","status":"publish","type":"page","link":"https:\/\/cesarbaggio.fr\/WP\/vie-du-lycee\/actions-baggio\/","title":{"rendered":"ACTIONS BAGGIO TS"},"content":{"rendered":"\n<hr class=\"wp-block-separator\"\/>\n\n\n\n<figure class=\"wp-block-image\"><img decoding=\"async\" src=\"http:\/\/cesarbaggio.fr\/images\/logo%20action%20baggio.png\" alt=\"\"\/><\/figure>\n\n\n\n<p><strong>ELECTROGUIN\u00c9E<\/strong><\/p>\n\n\n\n<p><strong>Electrification et adduction d\u2019eau au centre de formation professionnelle de Lab\u00e9 en GUINEE.<\/strong><\/p>\n\n\n\n<p><a href=\"http:\/\/94.23.249.211\/baggio_echange\/plaquette\/presentation%20abts%20janv%202011.pdf\" rel=\"nofollow\" target=\"_blank\"><strong><\/strong><\/a><\/p>\n\n\n\n<p>ACTIONS BAGGIO TS (ABTS) est une association constitu\u00e9e de jeunes \u00e9l\u00e8ves ou \u00e9tudiants, d\u2019enseignants ou d\u2019anciens du lyc\u00e9e Baggio de Lille. Pour r\u00e9pondre \u00e0 la demande d\u2019un \u00e9tudiant de l\u2019association originaire de Guin\u00e9e Conakry, nous nous sommes mobilis\u00e9s depuis plus d\u2019un an pour r\u00e9aliser ce projet.L\u2019objectif de ce projet est de d\u00e9velopper la formation aux \u00e9nergies renouvelables dans le centre de formation professionnelle (CFP) de Lab\u00e9 en Guin\u00e9e, en r\u00e9alisant une installation&nbsp;photovolta\u00efque \u00e0 vocation p\u00e9dagogique. Elle assurera des activit\u00e9s p\u00e9dagogiques de mesurages et de d\u00e9pannages pour les \u00e9l\u00e8ves de la section \u00e9lectricit\u00e9-b\u00e2timent. L&rsquo;\u00e9nergie \u00e9lectrique capt\u00e9e alimentera l&rsquo;atelier d&rsquo;\u00e9lectricit\u00e9 afin d&rsquo;assurer la continuit\u00e9 des s\u00e9ances de travaux pratiques car les pannes \u00e9lectriques sont r\u00e9currentes. Nous avons r\u00e9alis\u00e9 des installations de ce type \u00e0 Saint Louis du S\u00e9n\u00e9gal en 2017.<\/p>\n\n\n\n<p>Une pompe solaire alimentera le r\u00e9seau d\u2019eau de l\u2019\u00e9tablissement afin de supprimer les corv\u00e9es d\u2019eau. &nbsp;Les installations photovolta\u00efque et de pompage seront r\u00e9alis\u00e9es conjointement avec les jeunes et les enseignants du CFP de Lab\u00e9 et les membres de notre association qui sont essentiellement issus de la section \u00e9lectrotechnique du lyc\u00e9e Baggio de Lille.<\/p>\n\n\n\n<p><img loading=\"lazy\" decoding=\"async\" width=\"15\" height=\"15\" src=\"http:\/\/cesarbaggio.fr\/images\/clip_image001_1.gif\" alt=\"*\" class=\"\"><strong>CENTRE DE FORMATION PROFESSIONNELLE DE LAB\u00c9 GUIN\u00c9E<\/strong>    <img loading=\"lazy\" decoding=\"async\" width=\"378\" height=\"244\" alt=\"\" src=\"http:\/\/cesarbaggio.fr\/images\/tmp3388.png\"><br><\/p>\n\n\n\n<p>Le Centre de Formation Professionnelle (CFP) R\u00e9gional de Lab\u00e9 a pour vocation la formation des ouvriers qualifi\u00e9s encadr\u00e9s par les enseignants Guin\u00e9ens dans les diff\u00e9rentes Options \u00e0 savoir : la Ma\u00e7onnerie, la Menuiserie, la Chaudronnerie, la Plomberie-Sanitaire, l&rsquo;Electricit\u00e9-B\u00e2timent et la M\u00e9canique-Auto.<\/p>\n\n\n\n<p>L&rsquo;effectif total est de 297 \u00e9l\u00e8ves dont 33 filles encadr\u00e9s par 46 formateurs dont deux femmes.<\/p>\n\n\n\n<p><strong>PROJET 2019 &#8211; GUIN\u00c9E CONAKRY<br><\/strong><\/p>\n\n\n\n<p><strong>Objectifs du projet<\/strong><\/p>\n\n\n\n<p>Notre souhait est de cr\u00e9er et de p\u00e9renniser une fili\u00e8re de \u00ab\u00a0formation \u00e9nergie renouvelable\u00a0\u00bb au centre de formation de Lab\u00e9 et de sensibiliser la population aux enjeux \u00e9nerg\u00e9tiques : production et consommation.<\/p>\n\n\n\n<p>Ce r\u00e9sultat permettra de former les jeunes aux \u00e9nergies renouvelables qui \u00e0 leur tour d\u00e9velopperont ce secteur d&rsquo;activit\u00e9.<\/p>\n\n\n\n<p>De fa\u00e7on tr\u00e8s concr\u00e8te, au CFP de Lab\u00e9, le projet aura 3 volets&nbsp;:<\/p>\n\n\n\n<p>\u00b7&nbsp;Alimenter en \u00e9lectricit\u00e9 et assurer une continuit\u00e9 de service de l\u2019atelier d\u2019\u00e9lectricit\u00e9 (tables de mesures, syst\u00e8mes \u00e9lectriques et ordinateurs) dans le but d\u2019am\u00e9liorer les conditions d\u2019\u00e9tudes des \u00e9l\u00e8ves. Cette installation sera didactis\u00e9e pour \u00eatre un support d\u2019\u00e9tudes destin\u00e9 aux \u00e9l\u00e8ves (mesures, d\u00e9pannage)<\/p>\n\n\n\n<p>\u00b7&nbsp;Alimenter le r\u00e9frig\u00e9rateur qui permettra la conservation des aliments de la cantine<\/p>\n\n\n\n<p>Un syst\u00e8me de pompage au fil du soleil permettra de distribuer l\u2019eau d\u2019alimentation du syst\u00e8me goutte \u00e0 goutte de centre (v\u00e9g\u00e9talisation du site)<\/p>\n\n\n\n<p><strong>Planning<\/strong><strong><\/strong><\/p>\n\n\n\n<p>Depuis pr\u00e8s d&rsquo;un an, le groupe se mobilise pour ce projet. Des actions de pr\u00e9sentations et d&rsquo;autofinancements ont \u00e9t\u00e9 r\u00e9alis\u00e9es, soir\u00e9es, ventes d&rsquo;objets artisanaux et de tee-shirts, participation \u00e0 des braderies. Le projet a \u00e9t\u00e9 pr\u00e9sent\u00e9 lors de manifestations et lors de la soir\u00e9e \u00ab\u00a0G\u00e9n\u00e9ration Climat\u00a0\u00bb \u00e0 Lille, en avril 2018, organis\u00e9es par Cap Solidarit\u00e9s.<\/p>\n\n\n\n<p>Nous allons continuer les actions d&rsquo;autofinancements (ventes de calendriers&#8230;) et nous sommes en contact avec des entreprises priv\u00e9es et des institutions susceptibles de le financer.<\/p>\n\n\n\n<p>Nous nous sommes rapproch\u00e9s du CFP et du centre de sant\u00e9 pour travailler en concertation. Un groupe de jeunes et d&rsquo;encadrants va \u00eatre mis en place au CFP afin d&rsquo;organiser la partie technique du projet : pr\u00e9paration de la logistique, des h\u00e9bergements, des travaux \u00e0 r\u00e9aliser, des achats des mat\u00e9riels \u00e9lectriques et photovolta\u00efques \u00e0 Conakry. La r\u00e9alisation est pr\u00e9vue au CFP en avril 2019<\/p>\n\n\n\n<p>&nbsp;<strong>L&rsquo;association ACTIONS BAGGIO TS (ABTS)<\/strong><\/p>\n\n\n\n<figure class=\"wp-block-table is-style-stripes\"><table><tbody><tr><td><img decoding=\"async\" width=\"100%\" height=\"100%\" alt=\"\" src=\"http:\/\/cesarbaggio.fr\/images\/tmpA117.png\"><\/td><td><strong>Pr\u00e9sident : Saad SOUALAH<\/strong>\/Etudiant&nbsp;<strong>BTS ELECTROTECHNIQUE<\/strong>T\u00e9l. 07 61 73 56 51<br><strong>Tr\u00e9sorier&nbsp;<\/strong>:&nbsp;<strong>Fran\u00e7ois LEMAN<\/strong>\/Enseignant f.leman@free.fr<br><strong>Secr\u00e9taire :&nbsp;<\/strong>Prudent NIZIGURA\/Etudiant&nbsp;<strong>BTS ELECTROTECHNIQUE<\/strong> niziguraprudent@gmail.com<\/td><\/tr><\/tbody><\/table><\/figure>\n\n\n\n<p><a href=\"mailto:info@richardmouyal.net\"><\/a><\/p>\n\n\n\n<figure class=\"wp-block-image\"><img decoding=\"async\" src=\"http:\/\/cesarbaggio.fr\/images\/tmpBC73.png\" alt=\"\"\/><\/figure>\n\n\n\n<figure class=\"wp-block-table is-style-stripes\"><table><tbody><tr><td>2017Lyc\u00e9e A. Peytavin de Saint Louis S\u00e9n\u00e9gal<img loading=\"lazy\" decoding=\"async\" width=\"198\" height=\"113\" alt=\"\" src=\"http:\/\/cesarbaggio.fr\/images\/tmpC76.png\"><\/td><td>2012H\u00f4pital de Mamou en Guin\u00e9e<img loading=\"lazy\" decoding=\"async\" width=\"170\" height=\"113\" alt=\"\" src=\"http:\/\/cesarbaggio.fr\/images\/tmp695C.png\"><\/td><td>2008Centre de sant\u00e9 de Dounet en Guin\u00e9e<img loading=\"lazy\" decoding=\"async\" width=\"191\" height=\"113\" alt=\"\" src=\"http:\/\/cesarbaggio.fr\/images\/tmpB134.png\"><\/td><\/tr><\/tbody><\/table><\/figure>\n\n\n\n<p><br>Pour plus d&rsquo;informations :&nbsp;<a href=\"http:\/\/www.actionsbaggiots.fr\/\" rel=\"nofollow noopener\" target=\"_blank\">http:\/\/www.actionsbaggiots.fr&nbsp;<\/a>&nbsp; &nbsp; &nbsp; &nbsp; &nbsp; &nbsp; &nbsp; &nbsp;<a href=\"http:\/\/94.23.249.211\/baggio_echange\/plaquette\/projet2019abtsguinee.pdf\" rel=\"nofollow\" target=\"_blank\"><\/a>&nbsp;<a href=\"http:\/\/94.23.249.211\/baggio_echange\/plaquette\/projet2019abtsguinee.pdf\" rel=\"nofollow\" target=\"_blank\">Projet 2019 ABTS Guin\u00e9e<\/a><\/p>\n\n\n\n<figure class=\"wp-block-image\"><img decoding=\"async\" src=\"http:\/\/cesarbaggio.fr\/images\/tmpB315.png\" alt=\"\"\/><\/figure>\n","protected":false},"excerpt":{"rendered":"<p>ELECTROGUIN\u00c9E Electrification et adduction d\u2019eau au centre de formation professionnelle de Lab\u00e9 en GUINEE. ACTIONS&#8230;<\/p>\n","protected":false},"author":1,"featured_media":775,"parent":194,"menu_order":0,"comment_status":"closed","ping_status":"closed","template":"","meta":{"footnotes":""},"class_list":["post-774","page","type-page","status-publish","has-post-thumbnail","hentry"],"jetpack_sharing_enabled":true,"_links":{"self":[{"href":"https:\/\/cesarbaggio.fr\/WP\/wp-json\/wp\/v2\/pages\/774","targetHints":{"allow":["GET"]}}],"collection":[{"href":"https:\/\/cesarbaggio.fr\/WP\/wp-json\/wp\/v2\/pages"}],"about":[{"href":"https:\/\/cesarbaggio.fr\/WP\/wp-json\/wp\/v2\/types\/page"}],"author":[{"embeddable":true,"href":"https:\/\/cesarbaggio.fr\/WP\/wp-json\/wp\/v2\/users\/1"}],"replies":[{"embeddable":true,"href":"https:\/\/cesarbaggio.fr\/WP\/wp-json\/wp\/v2\/comments?post=774"}],"version-history":[{"count":3,"href":"https:\/\/cesarbaggio.fr\/WP\/wp-json\/wp\/v2\/pages\/774\/revisions"}],"predecessor-version":[{"id":1019,"href":"https:\/\/cesarbaggio.fr\/WP\/wp-json\/wp\/v2\/pages\/774\/revisions\/1019"}],"up":[{"embeddable":true,"href":"https:\/\/cesarbaggio.fr\/WP\/wp-json\/wp\/v2\/pages\/194"}],"wp:featuredmedia":[{"embeddable":true,"href":"https:\/\/cesarbaggio.fr\/WP\/wp-json\/wp\/v2\/media\/775"}],"wp:attachment":[{"href":"https:\/\/cesarbaggio.fr\/WP\/wp-json\/wp\/v2\/media?parent=774"}],"curies":[{"name":"wp","href":"https:\/\/api.w.org\/{rel}","templated":true}]}}