{"id":741,"date":"2020-11-23T13:46:37","date_gmt":"2020-11-23T12:46:37","guid":{"rendered":"https:\/\/cesarbaggio.fr\/WP\/?page_id=741"},"modified":"2026-02-09T16:55:19","modified_gmt":"2026-02-09T15:55:19","slug":"section-athletisme-du-lycee-baggio","status":"publish","type":"page","link":"https:\/\/cesarbaggio.fr\/WP\/formations\/section-athletisme-du-lycee-baggio\/","title":{"rendered":"SECTION ATHL\u00c9TISME  DU LYC\u00c9E BAGGIO"},"content":{"rendered":"\n<h1 class=\"wp-block-heading\"><\/h1>\n\n\n\n<hr class=\"wp-block-separator has-css-opacity\"\/>\n\n\n<ul>\n<li><strong><span style=\"font-family: Helvetica; font-size: 14pt; color: #0000ff;\">Section Sportive<\/span><\/strong><\/li>\n<\/ul>\n<p>Les pratiques sportives au m\u00eame titre que les pratiques culturelles, contribuent \u00e0 l\u2019\u00e9panouissement du jeune et \u00e0 son int\u00e9gration sociale. Depuis septembre 2004, la section athl\u00e9tisme du lyc\u00e9e Baggio accueille les jeunes athl\u00e8tes d\u00e9sireux de progresser.<\/p>\n<p><img loading=\"lazy\" decoding=\"async\" class=\" wp-image-1428 aligncenter\" src=\"https:\/\/cesarbaggio.fr\/WP\/wp-content\/uploads\/2021\/01\/ass-sport-300x225.png\" alt=\"\" width=\"431\" height=\"323\" srcset=\"https:\/\/cesarbaggio.fr\/WP\/wp-content\/uploads\/2021\/01\/ass-sport-300x225.png 300w, https:\/\/cesarbaggio.fr\/WP\/wp-content\/uploads\/2021\/01\/ass-sport-1024x768.png 1024w, https:\/\/cesarbaggio.fr\/WP\/wp-content\/uploads\/2021\/01\/ass-sport-768x576.png 768w, https:\/\/cesarbaggio.fr\/WP\/wp-content\/uploads\/2021\/01\/ass-sport.png 1186w\" sizes=\"auto, (max-width: 431px) 100vw, 431px\" \/><\/p>\n<p>Les \u00e9l\u00e8ves sont externes, demi-pensionnaires ou internes au Lyc\u00e9e. Ils suivent la scolarit\u00e9 normale du niveau concern\u00e9. Ils b\u00e9n\u00e9ficient d\u2019horaires am\u00e9nag\u00e9s qui leur lib\u00e8rent des temps pour s\u2019entra\u00eener.<\/p>\n<p>Ils b\u00e9n\u00e9ficient d\u2019un suivi par le responsable de section, le CPE ainsi que par le ma\u00eetre d\u2019internat.<\/p>\n<h5 id=\"block-163d5672-8154-4f84-95fd-c38b3918fe36\" class=\"block-editor-rich-text__editable block-editor-block-list__block wp-block is-selected is-focused is-focus-mode has-normal-font-size rich-text\" tabindex=\"0\" role=\"group\" contenteditable=\"true\" aria-multiline=\"true\" aria-label=\"Bloc\u00a0: Titre\" data-block=\"163d5672-8154-4f84-95fd-c38b3918fe36\" data-type=\"core\/heading\" data-title=\"Titre\">Le responsable de la Section Sportive participe aux diff\u00e9rents conseils de classe \u00e0 chaque fin de trimestre.<\/h5>\n<p>L\u2019objectif de la section est bien de concilier la r\u00e9ussite d\u2019\u00e9tudes r\u00e9alis\u00e9es dans le cadre d\u2019un cursus scolaire normal avec les exigences d\u2019une activit\u00e9 sportive prenante.<\/p>\n<p><strong data-rich-text-format-boundary=\"true\">Objectifs\u00a0sections\u00a0<\/strong><\/p>\n<p><span style=\"font-family: Helvetica;\">R\u00e9ussites scolaire et sportive :<\/span><\/p>\n<ul>\n<li><span style=\"font-family: Helvetica;\">juste appr\u00e9ciation de son v\u00e9cu (sport, \u00e9tude)<\/span><\/li>\n<li><span style=\"font-family: Helvetica;\">prise de responsabilit\u00e9<\/span><\/li>\n<li><span style=\"font-family: Helvetica;\">autonomie<\/span><\/li>\n<li><span style=\"font-family: Helvetica;\">hygi\u00e8ne de vie<\/span><\/li>\n<\/ul>\n<p><span style=\"font-family: Helvetica;\"><strong>Conditions mat\u00e9rielles<\/strong><\/span><\/p>\n<p><span style=\"font-family: Helvetica;\">La section sportive propose :<\/span><\/p>\n<ul>\n<li><span style=\"font-family: Helvetica;\">halle Jean Bouin : stade ouvert avec piste de 200 m, sautoirs, aires de lanc\u00e9s<\/span><\/li>\n<li><span style=\"font-family: Helvetica;\">salle de musculation<\/span><\/li>\n<li><span style=\"font-family: Helvetica;\">piste 400 m synth\u00e9tique du stade\u00a0L\u00e9o-Lagrange du Lille M\u00e9trop\u00f4le athl\u00e9tisme.<\/span><\/li>\n<\/ul>\n<p><span style=\"font-family: Helvetica;\"><img loading=\"lazy\" decoding=\"async\" class=\"aligncenter\" src=\"http:\/\/cesarbaggio.fr\/images\/photos-halle-jeanbouin.jpg\" alt=\"\" width=\"350\" height=\"250\" \/><\/span><\/p>\n<h5><span style=\"font-family: Helvetica;\">Les entra\u00eenements\u00a0<\/span><\/h5>\n<p><span style=\"font-family: Helvetica;\">La vie des athl\u00e8tes est rythm\u00e9e par les entra\u00eenements\u00a0<\/span><\/p>\n<p><span style=\"font-family: Helvetica;\">Ils ont l\u2019obligation de participer aux comp\u00e9titions et aux ent ments et doivent viser l\u2019excellence en comp\u00e9tition.<\/span><\/p>\n<p><span style=\"font-family: Helvetica;\"><strong>\u00a0\u00a0Sur le plan m\u00e9dical<\/strong><\/span><\/p>\n<p><span style=\"font-family: Helvetica;\">Les athl\u00e8tes b\u00e9n\u00e9ficient d\u2019un suivi par une \u00e9quipe de professionnels sp\u00e9cifiques.<\/span><\/p>\n<ul>\n<li><span style=\"font-family: Helvetica;\">Ost\u00e9opathe, kin\u00e9sith\u00e9rapeutes.<\/span><\/li>\n<li><span style=\"font-family: Helvetica;\">Intervention sur la di\u00e9t\u00e9tique et les conduites dopantes.<\/span><\/li>\n<li><span style=\"font-family: Helvetica;\">Intervention d\u2019une sophrologue pour la gestion du stress et de la performance<\/span><\/li>\n<\/ul>\n<p><span style=\"font-size: 14pt; font-family: Helvetica;\"><strong>P\u00f4le sant\u00e9<\/strong><\/span><\/p>\n<p><span style=\"font-family: Helvetica;\">Mise en place d\u2019un suivi m\u00e9dical :<\/span><\/p>\n<ul>\n<li><span style=\"font-family: Helvetica;\">visites m\u00e9dicales IRBMS (CREPS Wattignies)<\/span><\/li>\n<li><span style=\"font-family: Helvetica;\">suivi podologue, ost\u00e9opathe<\/span><\/li>\n<li><span style=\"font-family: Helvetica;\">suivi responsable avec infirmi\u00e8re du lyc\u00e9e<\/span><\/li>\n<\/ul>\n<p><span style=\"font-size: 14pt; font-family: Helvetica;\"><strong>P\u00f4le formation<\/strong><\/span><\/p>\n<p><span style=\"font-family: Helvetica;\">Devenir officiel en athl\u00e9tisme :<\/span><\/p>\n<ul>\n<li><span style=\"font-family: Helvetica;\">informations r\u00e8glements<\/span><\/li>\n<li><span style=\"font-family: Helvetica;\">jurys lors des comp\u00e9titions UNSS<\/span><\/li>\n<\/ul>\n<p><span style=\"font-family: Helvetica;\">\u00a0<span style=\"font-size: 14pt;\"><strong> \u00c9quipe d\u2019encadrement<\/strong><\/span><\/span><\/p>\n<p class=\"has-normal-font-size\"><span style=\"font-family: Helvetica;\">Saut en hauteur : Yves G\u00e9rard \u2013 Lancers : \u00c9ric Lepeuple<\/span><\/p>\n<p class=\"has-normal-font-size\"><span style=\"font-family: Helvetica;\">Demi-Fond : Azzedine B\u00e9chir \u2013 Sprint-Haies : Jalile Boukhoubza Sauts, longueur, triple sauts : Yves Nkada<\/span><\/p>\n<p class=\"has-normal-font-size\"><span style=\"font-family: Helvetica;\"><strong><span style=\"font-size: 14pt;\">Le recrutement<\/span><\/strong><\/span><\/p>\n<p class=\"has-normal-font-size\"><span style=\"font-family: Helvetica;\">Le recrutement se fait sur dossier en mai.<\/span><\/p>\n<p class=\"has-normal-font-size\"><span style=\"font-family: Helvetica;\">La s\u00e9lection est \u00e9tablie sur les r\u00e9sultats scolaires et sportifs (tests et entretiens).<\/span><\/p>\n<p class=\"has-normal-font-size\"><span style=\"font-family: Helvetica;\">R\u00e9sultats des s\u00e9lections d\u00e9but juin.<\/span><\/p>\n<p class=\"has-normal-font-size\"><span style=\"font-family: Helvetica;\">\u00a0Attention : nous demandons \u00e0 nos athl\u00e9tes de ne pas m\u00fbter lors de votre scolarit\u00e9 au sein de notre \u00e9tablissement.<\/span><\/p>\n<p><span style=\"font-family: Helvetica;\">\u00a0 P\u00f4le de Formation juge<\/span><\/p>\n<p><span style=\"font-family: Helvetica;\">Devenir officiel en athl\u00e9tisme<\/span><\/p>\n<ul>\n<li>\n<p><span style=\"font-family: Helvetica;\">Informations r\u00e8glements<\/span><\/p>\n<\/li>\n<li>\n<p><span style=\"font-family: Helvetica;\">Jury lors des comp\u00e9titions UNSS<\/span><\/p>\n<\/li>\n<\/ul>\n<p><span style=\"font-family: Helvetica;\">La section compte, \u00e0 ce jour, 14 juges d\u00e9partementaux, 4 juges acad\u00e9miques, 2 juges nationaux.<\/span><\/p>\n<p><span style=\"font-family: Helvetica;\">\u00a0 <\/span><\/p>\n<p><strong><span style=\"font-family: Helvetica; font-size: 14pt;\">Des exemples de r\u00e9sultats<\/span><\/strong><\/p>\n<p class=\"has-text-align-center\"><span style=\"font-family: Helvetica;\"><strong>Loic Herkenrath<br \/><\/strong><\/span><span style=\"font-family: Helvetica;\"><strong>\u2013\u00a0<\/strong>Vice Champion de France sur 110 H avec un record de ligue de 13s93 minima aux chanpionnats du monde cadet.<br \/><\/span><span style=\"font-family: Helvetica;\">\u2013\u00a0Vice Champion de France par \u00e9quipe en 2011 en UNSS.<br \/><\/span><span style=\"font-family: Helvetica;\">\u2013\u00a0Vice Champion de France sur le 4\u00d7100 m en relais en UNSS en 2012.<\/span><\/p>\n<p class=\"has-text-align-center\"><span style=\"font-family: Helvetica;\"><strong>Manu George Ngenyang<br \/><\/strong><\/span><span style=\"font-family: Helvetica;\"><strong>\u2013<\/strong>\u00a0Vice Champion de France en salle au 400 m en 48s45 et minima au 400 H aux championnats du monde cadets en 55s au 400 Haies.<br \/><\/span><span style=\"font-family: Helvetica;\">\u2013\u00a0Vice Champion de France par \u00e9quipe en UNSS en 2011.<br \/><\/span><span style=\"font-family: Helvetica;\">\u2013\u00a0Vice Champion de France sur le 4 x 100 m en relais en 42s59 en UNSS en 2012.<\/span><\/p>\n<p class=\"has-text-align-center\"><span style=\"font-family: Helvetica;\"><strong>Alexy Lepeuple<br \/><\/strong><\/span><span style=\"font-family: Helvetica;\"><strong>\u2013\u00a0<\/strong>Record de France du poids minime 17m31 le 07 janvier 2015.<br \/><\/span><span style=\"font-family: Helvetica;\">\u2013\u00a0Champion de France par \u00e9quipe \u00e0 Tourlaville dans le challenge lancer.<br \/><\/span><span style=\"font-family: Helvetica;\">\u2013\u00a06e\u00a0des Championnats du Monde Scolaire \u00e0 Nancy en 2017.<\/span><\/p>\n<p class=\"has-text-align-center\"><span style=\"font-family: Helvetica;\"><strong>Anthony Lepeuple<br \/><\/strong><\/span><span style=\"font-family: Helvetica;\"><strong>\u2013<\/strong><strong>\u00a0<\/strong>Champion de France par \u00e9quipe \u00e0 Tourlaville dans le challenge lancer.<\/span><\/p>\n<p class=\"has-text-align-center\"><span style=\"font-family: Helvetica;\"><strong>Mohammed-Ali Benlahbib<br \/><\/strong><\/span><span style=\"font-family: Helvetica;\"><strong>\u2013<\/strong><strong>\u00a0<\/strong>Champion de France par \u00e9quipe \u00e0 Compi\u00e8gne en 2018.Champion du monde scolaire \u00e0 Marrakech en 2018<\/span><\/p>\n<p class=\"has-text-align-center\"><span style=\"font-family: Helvetica;\"><a href=\"mailto:%20jalilebouk@wanadoo.fr\">N\u2019h\u00e9sitez pas \u00e0 nous contacter<\/a><\/span><\/p>\n<p class=\"has-text-align-center\"><span style=\"font-family: Helvetica;\">\u00a0<a href=\"http:\/\/cesarbaggio.fr\/plaquette\/Pres%20Ass%20Sport.pdf\">Plaquette d\u2019information\u00a0<\/a><\/span><\/p>\n<p class=\"has-text-align-center\"><span style=\"font-family: Helvetica;\"> <a href=\"https:\/\/cesarbaggio.fr\/WP\/wp-content\/uploads\/2026\/02\/Dossier-inscription-section2026.pdf\">Dossier Athletisme<\/a><a href=\"http:\/\/cesarbaggio.fr\/plaquette\/DOSSIER%20ATHLETISME.pdf\">\u00a0<\/a><\/span><\/p>\n<p style=\"text-align: center;\"><a href=\"https:\/\/youtu.be\/-SB7oXLHG7k\" rel=\"nofollow noopener\" target=\"_blank\">Vid\u00e9o<\/a>\u00a0\u00a0<\/p>\n\n\n<p><\/p>\n","protected":false},"excerpt":{"rendered":"<p>Section Sportive Les pratiques sportives au m\u00eame titre que les pratiques culturelles, contribuent \u00e0 l\u2019\u00e9panouissement&#8230;<\/p>\n","protected":false},"author":1,"featured_media":0,"parent":30,"menu_order":0,"comment_status":"closed","ping_status":"closed","template":"","meta":{"footnotes":""},"class_list":["post-741","page","type-page","status-publish","hentry"],"jetpack_sharing_enabled":true,"_links":{"self":[{"href":"https:\/\/cesarbaggio.fr\/WP\/wp-json\/wp\/v2\/pages\/741","targetHints":{"allow":["GET"]}}],"collection":[{"href":"https:\/\/cesarbaggio.fr\/WP\/wp-json\/wp\/v2\/pages"}],"about":[{"href":"https:\/\/cesarbaggio.fr\/WP\/wp-json\/wp\/v2\/types\/page"}],"author":[{"embeddable":true,"href":"https:\/\/cesarbaggio.fr\/WP\/wp-json\/wp\/v2\/users\/1"}],"replies":[{"embeddable":true,"href":"https:\/\/cesarbaggio.fr\/WP\/wp-json\/wp\/v2\/comments?post=741"}],"version-history":[{"count":6,"href":"https:\/\/cesarbaggio.fr\/WP\/wp-json\/wp\/v2\/pages\/741\/revisions"}],"predecessor-version":[{"id":6165,"href":"https:\/\/cesarbaggio.fr\/WP\/wp-json\/wp\/v2\/pages\/741\/revisions\/6165"}],"up":[{"embeddable":true,"href":"https:\/\/cesarbaggio.fr\/WP\/wp-json\/wp\/v2\/pages\/30"}],"wp:attachment":[{"href":"https:\/\/cesarbaggio.fr\/WP\/wp-json\/wp\/v2\/media?parent=741"}],"curies":[{"name":"wp","href":"https:\/\/api.w.org\/{rel}","templated":true}]}}