{"id":739,"date":"2020-11-23T13:39:42","date_gmt":"2020-11-23T12:39:42","guid":{"rendered":"https:\/\/cesarbaggio.fr\/WP\/?page_id=739"},"modified":"2025-11-14T15:07:10","modified_gmt":"2025-11-14T14:07:10","slug":"classes-europeennes","status":"publish","type":"page","link":"https:\/\/cesarbaggio.fr\/WP\/formations\/classes-europeennes\/","title":{"rendered":"CLASSES EUROP\u00c9ENNES"},"content":{"rendered":"\n<hr class=\"wp-block-separator has-css-opacity\"\/>\n\n\n<p style=\"text-align: left;\">Parvenir \u00e0 une r\u00e9elle ma\u00eetrise d&rsquo;une langue \u00e9trang\u00e8re et une bonne connaissance de la culture europ\u00e9enne et scientifique.<\/p>\n<p>\u00b0 ANGLAIS\u00a0<\/p>\n<p style=\"text-align: justify;\">Depuis septembre 1998, une section Europ\u00e9enne anglais fonctionne au lyc\u00e9e Baggio en classe de seconde g\u00e9n\u00e9rale et technologique \u00e0 la terminale.<\/p>\n<\/p>\n<p><span style=\"font-size: inherit;\">ORGANISATION<\/span><\/p>\n<p>\u00b0 ANGLAIS<\/p>\n<ul>\n<li>1 heure d&rsquo;anglais renforc\u00e9e\u00a0<\/li>\n<li>1 heure DNL en Math ou Physique<\/li>\n<\/ul>\n<p>\u00a0\u00a0&#8211; Les plus<\/p>\n<ul>\n<li>Certification Cambridge<\/li>\n<li>Certification Cambridge English First<\/li>\n<li>Dipl\u00f4me du BAC avec\u00a0 Mention &lt;&lt;europ\u00e9ennes&gt;&gt;<\/li>\n<\/ul>\n<p>Les cord\u00e9es des S.I.<\/p>\n<p>&#8211; Ateliers hebdomadaires de pratique de l&rsquo;anglais<\/p>\n<p>&#8211; \u00ab\u00a0D\u00e9jeuners polyglottes\u00a0\u00bb 1 heure d&rsquo;anglais renforc\u00e9e\u00a0<\/p>\n<p style=\"text-align: center;\"><img loading=\"lazy\" decoding=\"async\" class=\"\" src=\"http:\/\/www.lycee-baggio.fr\/images\/icone-fleche.gif\" alt=\"\" width=\"15\" height=\"15\" \/>\u00a0<a href=\"http:\/\/cesarbaggio.fr\/plaquette\/section_europ.pdf\">Plaquette d&rsquo;information\u00a0<\/a><\/p>\n\n\n      <div class=\"alignwide blockspare-block-animation AFTfadeIn \">\n        <style type=\"text\/css\"> .blockspare-72fff46e-b5d3-4 .bs-flash-wrap .bs-exclusive-posts{\n                background-color:transparent;\n            } .blockspare-72fff46e-b5d3-4 .bs-flash-wrap .bs-exclusive-posts{\n            border-radius:0px;\n        } .blockspare-72fff46e-b5d3-4 .bs-flash-wrap .bs-exclusive-posts .bs-exclusive-now-txt-animation-wrap{\n            border-radius:0px;\n        } .blockspare-72fff46e-b5d3-4 .bs-flash-wrap .bs-exclusive-posts .bs-exclusive-slides{\n            border-radius:0px;\n        } .blockspare-72fff46e-b5d3-4 .bs-flash-wrap .bs-exclusive-posts .bs-exclusive-slides .bs-circle-marq{\n            border-radius:0px;\n        } .blockspare-72fff46e-b5d3-4 .bs-flash-wrap .bs-exclusive-posts .bs-exclusive-slides .bs-marquee .bs-marquee-wrapper{\n            animation-duration:37s;\n        } .blockspare-72fff46e-b5d3-4 .bs-flash-wrap.has-fixed-width  h2.bs-post-title{\n            width:375px;\n        } .blockspare-72fff46e-b5d3-4 .bs-flash-wrap .bs-exclusive-posts .bs-exclusive-slides a .bs-post-title{\n            color:#000;\n        } .blockspare-72fff46e-b5d3-4 .bs-flash-wrap .bs-exclusive-posts .bs-exclusive-slides a:hover .bs-post-title{\n            color:#404040;\n        } .blockspare-72fff46e-b5d3-4 .bs-flash-wrap .bs-exclusive-posts .bs-exclusive-now .bs-exclusive-now-txt-animation-wrap{\n            color:#fff;\n            background-color: #BB1919;\n        } .blockspare-72fff46e-b5d3-4 .bs-flash-wrap.flash-style-2 .bs-exclusive-posts .bs-exclusive-now .bs-exclusive-now-txt-animation-wrap::after{\n            border-left-color:#BB1919;\n        } .blockspare-72fff46e-b5d3-4 .bs-flash-wrap.flash-style-3 .bs-exclusive-posts .bs-exclusive-now .bs-exclusive-now-txt-animation-wrap::after{\n            background-color:#BB1919;\n        } .blockspare-72fff46e-b5d3-4 .bs-flash-wrap.flash-style-4 .bs-exclusive-posts .bs-exclusive-now .bs-exclusive-now-txt-animation-wrap::after{\n            background-color:#BB1919;\n        } .blockspare-72fff46e-b5d3-4 .bs-flash-wrap .bs-exclusive-posts{\n            margin-top:0px;\n            margin-right:0px;\n            margin-bottom:0px;\n            margin-left:0px;\n        } .blockspare-72fff46e-b5d3-4 .bs-flash-wrap .bs-exclusive-slides{\n            padding-top:0px;\n            padding-right:0px;\n            padding-bottom:0px;\n            padding-left:5px;\n        } .blockspare-72fff46e-b5d3-4 .bs-flash-wrap .bs-exclusive-posts .bs-exclusive-slides a .bs-post-title{\n            font-size: 14px;\n            ;\n            ;\n            line-height: 1.5;\n        } .blockspare-72fff46e-b5d3-4 .bs-flash-wrap .bs-exclusive-now .bs-exclusive-now-txt-animation-wrap .bs-exclusive-texts-wrapper{\n            font-size: 16px;\n            ;\n            ;\n        } .blockspare-72fff46e-b5d3-4 .bs-flash-wrap .bs-exclusive-now .bs-exclusive-news-title{\n            font-size: 11px;\n            ;\n            font-weight:600;\n        }@media (max-width: 1025px) {  .blockspare-72fff46e-b5d3-4 .bs-flash-wrap .bs-exclusive-posts .bs-exclusive-slides a .bs-post-title{\n                font-size: 14px;\n            } .blockspare-72fff46e-b5d3-4 .bs-flash-wrap .bs-exclusive-now .bs-exclusive-now-txt-animation-wrap .bs-exclusive-texts-wrapper{\n                font-size: 14px;\n            } .blockspare-72fff46e-b5d3-4 .bs-flash-wrap .bs-exclusive-now .bs-exclusive-news-title{\n                font-size: 11px;\n            }}@media (max-width: 767px) {  .blockspare-72fff46e-b5d3-4 .bs-flash-wrap .bs-exclusive-posts .bs-exclusive-slides a .bs-post-title{\n                font-size: 12px;\n            } .blockspare-72fff46e-b5d3-4 .bs-flash-wrap .bs-exclusive-now .bs-exclusive-now-txt-animation-wrap .bs-exclusive-texts-wrapper{\n                font-size: 14px;\n            } .blockspare-72fff46e-b5d3-4 .bs-flash-wrap .bs-exclusive-now .bs-exclusive-news-title{\n                font-size: 11px;\n            }}<\/style>        <section class=\"blockspare-72fff46e-b5d3-4  blockspare-posts-block-post-wrap\">\n          <div class=\"bs-flash-wrap flash-layout flash-style-1\">\n            <div class=\"bs-exclusive-posts blockspare-hover-item bs-border-disabled\">\n              <div class=\"bs-exclusive-now\">\n                                <div class=\"bs-exclusive-now-txt-animation-wrap\">\n                                      <span class=\"bs-spinner spinner-style-2\">\n                                                                        <div class=\"ring\"><\/div>\n                          <div class=\"ring\"><\/div>\n                          <div class=\"ring\"><\/div>\n                          <div class=\"ring\"><\/div>\n                                                                  <\/span>\n                                    <span class=\"bs-exclusive-texts-wrapper\">\n                    News                  <\/span>\n                <\/div>\n              <\/div>\n              <div class=\"bs-exclusive-slides\">\n                <div class=\"bs-marquee bs-flash-side left pause-on-hover\">\n                  <div class=\"bs-marquee-wrapper\">\n                    \n                      <h2 class=\"bs-post-title \">\n                                                <a href=\"https:\/\/cesarbaggio.fr\/WP\/2026\/01\/13\/mobilite-erasmus-une-remise-deuropass-sous-le-signe-de-lambition-et-du-partage\/\" rel=\"bookmark\">\n                          <span class=\"bs-circle-marq\">\n                                                        <img loading=\"lazy\" decoding=\"async\" width=\"2560\" height=\"697\" src=\"https:\/\/cesarbaggio.fr\/WP\/wp-content\/uploads\/2026\/01\/remis-erasmus-scaled.jpg\" class=\"attachment-thumbnail    size-thumbnail   \" alt=\"\" \/>                          <\/span>\n                          <span class=\"bs-post-title\">\n                            Mobilit\u00e9 Erasmus+ \u00ab\u00a0Une remise d&rsquo;Europass sous le signe de l&rsquo;ambition et du partage\u00a0\u00bb                          <\/span>\n                        <\/a>\n                      <\/h2>\n                    \n                      <h2 class=\"bs-post-title \">\n                                                <a href=\"https:\/\/cesarbaggio.fr\/WP\/2026\/01\/13\/mobilite-erasmus-les-eleves-de-2tne-sur-les-traces-de-linterconnexion-france-irlande\/\" rel=\"bookmark\">\n                          <span class=\"bs-circle-marq\">\n                                                        <img loading=\"lazy\" decoding=\"async\" width=\"2560\" height=\"697\" src=\"https:\/\/cesarbaggio.fr\/WP\/wp-content\/uploads\/2026\/01\/erasmus-irland-scaled.jpg\" class=\"attachment-thumbnail    size-thumbnail   \" alt=\"\" \/>                          <\/span>\n                          <span class=\"bs-post-title\">\n                            Mobilit\u00e9 Erasmus+ \u00ab\u00a0Les \u00e9l\u00e8ves de 2TNE sur les traces de l\u2019interconnexion France-Irlande                          <\/span>\n                        <\/a>\n                      <\/h2>\n                    \n                      <h2 class=\"bs-post-title \">\n                                                <a href=\"https:\/\/cesarbaggio.fr\/WP\/2025\/11\/14\/projet-erasmus-a-reggio-emilio-italie\/\" rel=\"bookmark\">\n                          <span class=\"bs-circle-marq\">\n                                                        <img loading=\"lazy\" decoding=\"async\" width=\"2560\" height=\"697\" src=\"https:\/\/cesarbaggio.fr\/WP\/wp-content\/uploads\/2025\/11\/voyage-Italie-scaled.jpg\" class=\"attachment-thumbnail    size-thumbnail   \" alt=\"\" \/>                          <\/span>\n                          <span class=\"bs-post-title\">\n                            Projet Erasmus \u00e0 Reggio Emilio, Italie                          <\/span>\n                        <\/a>\n                      <\/h2>\n                                      <\/div>\n                  <div class=\"bs-marquee-wrapper\">\n                    \n                      <h2 class=\"bs-post-title \">\n                                                <a href=\"https:\/\/cesarbaggio.fr\/WP\/2026\/01\/13\/mobilite-erasmus-une-remise-deuropass-sous-le-signe-de-lambition-et-du-partage\/\" rel=\"bookmark\">\n                          <span class=\"bs-circle-marq\">\n                                                        <img loading=\"lazy\" decoding=\"async\" width=\"2560\" height=\"697\" src=\"https:\/\/cesarbaggio.fr\/WP\/wp-content\/uploads\/2026\/01\/remis-erasmus-scaled.jpg\" class=\"attachment-thumbnail    size-thumbnail   \" alt=\"\" \/>                          <\/span>\n                          <span class=\"bs-post-title\">\n                            Mobilit\u00e9 Erasmus+ \u00ab\u00a0Une remise d&rsquo;Europass sous le signe de l&rsquo;ambition et du partage\u00a0\u00bb                          <\/span>\n                        <\/a>\n                      <\/h2>\n                    \n                      <h2 class=\"bs-post-title \">\n                                                <a href=\"https:\/\/cesarbaggio.fr\/WP\/2026\/01\/13\/mobilite-erasmus-les-eleves-de-2tne-sur-les-traces-de-linterconnexion-france-irlande\/\" rel=\"bookmark\">\n                          <span class=\"bs-circle-marq\">\n                                                        <img loading=\"lazy\" decoding=\"async\" width=\"2560\" height=\"697\" src=\"https:\/\/cesarbaggio.fr\/WP\/wp-content\/uploads\/2026\/01\/erasmus-irland-scaled.jpg\" class=\"attachment-thumbnail    size-thumbnail   \" alt=\"\" \/>                          <\/span>\n                          <span class=\"bs-post-title\">\n                            Mobilit\u00e9 Erasmus+ \u00ab\u00a0Les \u00e9l\u00e8ves de 2TNE sur les traces de l\u2019interconnexion France-Irlande                          <\/span>\n                        <\/a>\n                      <\/h2>\n                    \n                      <h2 class=\"bs-post-title \">\n                                                <a href=\"https:\/\/cesarbaggio.fr\/WP\/2025\/11\/14\/projet-erasmus-a-reggio-emilio-italie\/\" rel=\"bookmark\">\n                          <span class=\"bs-circle-marq\">\n                                                        <img loading=\"lazy\" decoding=\"async\" width=\"2560\" height=\"697\" src=\"https:\/\/cesarbaggio.fr\/WP\/wp-content\/uploads\/2025\/11\/voyage-Italie-scaled.jpg\" class=\"attachment-thumbnail    size-thumbnail   \" alt=\"\" \/>                          <\/span>\n                          <span class=\"bs-post-title\">\n                            Projet Erasmus \u00e0 Reggio Emilio, Italie                          <\/span>\n                        <\/a>\n                      <\/h2>\n                                      <\/div>\n                <\/div>\n              <\/div>\n            <\/div>\n          <\/div>\n        <\/section>\n      <\/div>\n","protected":false},"excerpt":{"rendered":"<p>Parvenir \u00e0 une r\u00e9elle ma\u00eetrise d&rsquo;une langue \u00e9trang\u00e8re et une bonne connaissance de la culture&#8230;<\/p>\n","protected":false},"author":1,"featured_media":0,"parent":30,"menu_order":3,"comment_status":"closed","ping_status":"closed","template":"","meta":{"footnotes":""},"class_list":["post-739","page","type-page","status-publish","hentry"],"jetpack_sharing_enabled":true,"_links":{"self":[{"href":"https:\/\/cesarbaggio.fr\/WP\/wp-json\/wp\/v2\/pages\/739","targetHints":{"allow":["GET"]}}],"collection":[{"href":"https:\/\/cesarbaggio.fr\/WP\/wp-json\/wp\/v2\/pages"}],"about":[{"href":"https:\/\/cesarbaggio.fr\/WP\/wp-json\/wp\/v2\/types\/page"}],"author":[{"embeddable":true,"href":"https:\/\/cesarbaggio.fr\/WP\/wp-json\/wp\/v2\/users\/1"}],"replies":[{"embeddable":true,"href":"https:\/\/cesarbaggio.fr\/WP\/wp-json\/wp\/v2\/comments?post=739"}],"version-history":[{"count":9,"href":"https:\/\/cesarbaggio.fr\/WP\/wp-json\/wp\/v2\/pages\/739\/revisions"}],"predecessor-version":[{"id":5729,"href":"https:\/\/cesarbaggio.fr\/WP\/wp-json\/wp\/v2\/pages\/739\/revisions\/5729"}],"up":[{"embeddable":true,"href":"https:\/\/cesarbaggio.fr\/WP\/wp-json\/wp\/v2\/pages\/30"}],"wp:attachment":[{"href":"https:\/\/cesarbaggio.fr\/WP\/wp-json\/wp\/v2\/media?parent=739"}],"curies":[{"name":"wp","href":"https:\/\/api.w.org\/{rel}","templated":true}]}}