{"id":728,"date":"2020-11-23T13:22:30","date_gmt":"2020-11-23T12:22:30","guid":{"rendered":"https:\/\/cesarbaggio.fr\/WP\/?page_id=728"},"modified":"2024-12-20T10:41:10","modified_gmt":"2024-12-20T09:41:10","slug":"brevet-technicien-superieur","status":"publish","type":"page","link":"https:\/\/cesarbaggio.fr\/WP\/formations\/brevet-technicien-superieur\/","title":{"rendered":"BREVET TECHNICIEN SUP\u00c9RIEUR"},"content":{"rendered":"\n<hr class=\"wp-block-separator\"\/>\n\n\n\n<div class=\"wp-block-columns is-layout-flex wp-container-core-columns-is-layout-28f84493 wp-block-columns-is-layout-flex\">\n<div class=\"wp-block-column is-layout-flow wp-block-column-is-layout-flow\" style=\"flex-basis:66.66%\">\n<p><span style=\"color: #000000;\"><strong>BTS du Domaine de l&rsquo;Energie<\/strong><\/span><\/p>\n<table class=\"art-article\">\n<tbody>\n<tr>\n<td><a href=\"http:\/\/cesarbaggio.fr\/plaquette\/fiche_bts_energie.pdf\"><img loading=\"lazy\" decoding=\"async\" class=\"\" src=\"http:\/\/cesarbaggio.fr\/images\/im3.png\" alt=\"\" width=\"53\" height=\"48\"><\/a><\/td>\n<td style=\"text-align: center;\"><span style=\"color: #ff9900;\"><a style=\"color: #ff9900;\" href=\"http:\/\/cesarbaggio.fr\/plaquette\/fiche_bts_energie.pdf\" target=\"_blank\" rel=\"noopener\">Maintenance des Syst\u00e8mes option Syst\u00e8mes \u00c9nerg\u00e9tiques et Fluidiques (MSEF)<\/a><\/span><\/td>\n<\/tr>\n<tr>\n<td><a href=\"http:\/\/cesarbaggio.fr\/plaquette\/fiche_bts_energie.pdf\"><img loading=\"lazy\" decoding=\"async\" class=\"alignnone\" src=\"http:\/\/cesarbaggio.fr\/images\/im4.png\" alt=\"\" width=\"51\" height=\"58\"><\/a><\/td>\n<td style=\"text-align: center;\"><span style=\"color: #ff9900;\"><a style=\"color: #ff9900;\" href=\"http:\/\/cesarbaggio.fr\/plaquette\/fiche_bts_energie.pdf\" target=\"_blank\" rel=\"noopener\">Fluide \u00c9nergie Domotique Option G\u00e9nie Climatique et Fluidique (FED-GCF)<\/a><\/span><\/td>\n<\/tr>\n<tr>\n<td><a href=\"http:\/\/cesarbaggio.fr\/plaquette\/fiche_bts_energie.pdf\"><img loading=\"lazy\" decoding=\"async\" class=\"alignnone\" src=\"http:\/\/cesarbaggio.fr\/images\/im5.png\" alt=\"\" width=\"48\" height=\"68\"><\/a><\/td>\n<td style=\"text-align: center;\"><span style=\"color: #ff9900;\"><a style=\"color: #ff9900;\" href=\"http:\/\/cesarbaggio.fr\/plaquette\/fiche_bts_energie.pdf\" target=\"_blank\" rel=\"noopener\">Fluide \u00c9nergie Domotique Option Domotique et B\u00e2timent Communicants (FED-DBC)<\/a><\/span><\/td>\n<\/tr>\n<\/tbody>\n<\/table>\n<p><strong>BTS du Domaine des Industries Graphiques &#8211; \u00c9tudes de R\u00e9alisation d&rsquo;un Projet de Communication&nbsp;&nbsp;<br><\/strong><\/p>\n<table class=\"art-article\">\n<tbody>\n<tr>\n<td><a href=\"http:\/\/cesarbaggio.fr\/plaquette\/fiche_bts_graph.pdf\"><img loading=\"lazy\" decoding=\"async\" class=\"\" src=\"http:\/\/cesarbaggio.fr\/images\/im1.png\" alt=\"\" width=\"42\" height=\"50\"><\/a><\/td>\n<td style=\"text-align: center;\"><span style=\"color: #ff9900;\"><span style=\"color: #ffcc00;\"><a style=\"color: #ffcc00;\" href=\"http:\/\/cesarbaggio.fr\/plaquette\/fiche_bts_Graph.pdf\" target=\"_blank\" rel=\"noopener\"><span style=\"color: #ff9900;\">Option \u00c9tudes de R\u00e9alisation de Produits Plurim\u00e9dia<\/span><\/a><\/span>&nbsp;<\/span><\/td>\n<\/tr>\n<tr>\n<td><a href=\"http:\/\/cesarbaggio.fr\/plaquette\/fiche_bts_graph.pdf\"><img loading=\"lazy\" decoding=\"async\" class=\"\" src=\"http:\/\/cesarbaggio.fr\/images\/im2.png\" alt=\"\" width=\"49\" height=\"42\"><\/a><\/td>\n<td style=\"text-align: center;\"><span style=\"color: #ff9900;\"><a style=\"color: #ff9900;\" href=\"http:\/\/cesarbaggio.fr\/plaquette\/fiche_bts_Graph.pdf\" target=\"_blank\" rel=\"noopener\">Option \u00c9tudes de R\u00e9alisation de Produits Imprim\u00e9s<\/a><\/span><\/td>\n<\/tr>\n<\/tbody>\n<\/table>\n<p><strong>BTS du Domaine du G\u00e9nie M\u00e9canique<\/strong><\/p>\n<table class=\"art-article\">\n<tbody>\n<tr>\n<td><a href=\"http:\/\/cesarbaggio.fr\/formations\/bts\/crsa.html\"><img loading=\"lazy\" decoding=\"async\" class=\"\" src=\"http:\/\/cesarbaggio.fr\/images\/im6.png\" alt=\"\" width=\"34\" height=\"47\"><\/a><\/td>\n<td style=\"text-align: center;\"><span style=\"color: #ff9900;\"><a style=\"color: #ff9900;\" href=\"http:\/\/cesarbaggio.fr\/plaquette\/fiche_bts_crsa.pdf\" target=\"_blank\" rel=\"noopener\">Conception et R\u00e9alisation Syst\u00e9mes Automatiques (CRSA)<\/a><\/span><\/td>\n<\/tr>\n<tr>\n<td><a href=\"http:\/\/cesarbaggio.fr\/formations\/bts\/cprp.html\"><img loading=\"lazy\" decoding=\"async\" class=\"\" src=\"http:\/\/cesarbaggio.fr\/images\/im7.png\" alt=\"\" width=\"55\" height=\"43\"><\/a><\/td>\n<td style=\"text-align: center;\"><a href=\"http:\/\/cesarbaggio.fr\/plaquette\/fiche_bts_cprp.pdf\" target=\"_blank\" rel=\"noopener\"><span style=\"color: #ff9900;\">Conception des Processur de Realisation de Produits(CPRP)<\/span><\/a><\/td>\n<\/tr>\n<tr>\n<td><a href=\"http:\/\/cesarbaggio.fr\/plaquette\/fiche_bts_cpi.pdf\"><img loading=\"lazy\" decoding=\"async\" class=\"\" src=\"http:\/\/cesarbaggio.fr\/images\/im8.png\" alt=\"\" width=\"45\" height=\"46\"><\/a><\/td>\n<td style=\"text-align: center;\"><span style=\"color: #ff9900;\"><a style=\"color: #ff9900;\" href=\"http:\/\/cesarbaggio.fr\/plaquette\/fiche_bts_cpi.pdf\" target=\"_blank\" rel=\"noopener\">Conception de Produits Industriels&nbsp;(CPI)<\/a><\/span><\/td>\n<\/tr>\n<\/tbody>\n<\/table>\n<p><strong>BTS du Domaine du G\u00e9nie Electrique<\/strong><\/p>\n<table class=\"art-article\">\n<tbody>\n<tr>\n<td><span style=\"color: #ff9900;\"><a style=\"color: #ff9900;\" href=\"http:\/\/cesarbaggio.fr\/plaquette\/fiche_bts_elect.pdf\"><img loading=\"lazy\" decoding=\"async\" class=\"\" src=\"http:\/\/cesarbaggio.fr\/images\/im9.png\" alt=\"\" width=\"42\" height=\"46\"><\/a><\/span><\/td>\n<td style=\"text-align: center;\"><span style=\"color: #ff9900;\"><a style=\"color: #ff9900;\" href=\"http:\/\/cesarbaggio.fr\/plaquette\/fiche_bts_elect.pdf\" target=\"_blank\" rel=\"noopener\">\u00c9lectrotechnique (ET)<\/a><\/span><\/td>\n<\/tr>\n<tr>\n<td><a href=\"http:\/\/cesarbaggio.fr\/plaquette\/fiche_bts_sn.pdf\"><img loading=\"lazy\" decoding=\"async\" class=\"\" src=\"http:\/\/cesarbaggio.fr\/images\/im10.png\" alt=\"\" width=\"35\" height=\"48\"><\/a><\/td>\n<td style=\"text-align: center;\"><a href=\"http:\/\/cesarbaggio.fr\/plaquette\/fiche_bts_sn.pdf\" target=\"_blank\" rel=\"noopener\"><span style=\"color: #ff9900;\">Syst\u00e8mes Num\u00e9riques (SN EC) &#8211; Option \u00c9lectronique et Communication<\/span><\/a><\/td>\n<\/tr>\n<tr>\n<td><a href=\"http:\/\/cesarbaggio.fr\/plaquette\/fiche_bts_cpi.pdf\"><img loading=\"lazy\" decoding=\"async\" class=\"art-lightbox\" src=\"http:\/\/cesarbaggio.fr\/images\/logo%20sn-2.png\" alt=\"\" width=\"50\" height=\"45\"><\/a><\/td>\n<td style=\"text-align: center;\"><a href=\"http:\/\/cesarbaggio.fr\/plaquette\/fiche_bts_sn.pdf\" target=\"_blank\" rel=\"noopener\"><span style=\"color: #ff9900;\">Syst\u00e8mes Num\u00e9riques (SN IR) &#8211; Option Informatique et R\u00e9seaux<\/span><\/a><\/td>\n<\/tr>\n<\/tbody>\n<\/table>\n<p><strong style=\"font-size: inherit;\"><br>BTS Mention Compl\u00e9mentaire<\/strong><\/p>\n<table class=\"art-article\">\n<tbody>\n<tr>\n<td><a href=\"http:\/\/cesarbaggio.fr\/formations\/bts\/ter.html\"><img loading=\"lazy\" decoding=\"async\" class=\"\" src=\"http:\/\/cesarbaggio.fr\/images\/im11.png\" alt=\"\" width=\"52\" height=\"43\"><\/a><\/td>\n<td style=\"text-align: center;\"><a href=\"http:\/\/cesarbaggio.fr\/plaquette\/fiche_bts_ter.pdf\" target=\"_blank\" rel=\"noopener\"><span style=\"color: #ff9900;\">Technicien en \u00c9nergies Renouvelables (TER)<\/span><\/a><\/td>\n<\/tr>\n<\/tbody>\n<\/table>\n<\/div>\n\n\n\n<div class=\"wp-block-column is-layout-flow wp-block-column-is-layout-flow\" style=\"flex-basis:33.33%\">\n<p class=\"has-text-align-center has-black-color has-text-color has-medium-font-size\"><strong>Pr\u00e9sentation de la Fili\u00e8re en Vid\u00e9o<\/strong><\/p>\n\n\n\n<p class=\"has-vivid-cyan-blue-color has-text-color\" style=\"font-size:15px\">BTS &#8211; IG &#8211; ERPC<\/p>\n\n\n\n<figure class=\"wp-block-embed is-type-video is-provider-youtube wp-block-embed-youtube wp-embed-aspect-16-9 wp-has-aspect-ratio\"><div class=\"wp-block-embed__wrapper\">\n<iframe loading=\"lazy\" title=\"Portes ouvertes en Industries Graphiques au Lyc\u00e9e Baggio de Lille\" width=\"640\" height=\"360\" src=\"https:\/\/www.youtube.com\/embed\/TjJTFn6zdIw?feature=oembed\" frameborder=\"0\" allow=\"accelerometer; autoplay; clipboard-write; encrypted-media; gyroscope; picture-in-picture; web-share\" referrerpolicy=\"strict-origin-when-cross-origin\" allowfullscreen><\/iframe>\n<\/div><\/figure>\n\n\n\n<figure class=\"wp-block-embed is-type-video is-provider-youtube wp-block-embed-youtube wp-embed-aspect-16-9 wp-has-aspect-ratio\"><div class=\"wp-block-embed__wrapper\">\n<iframe loading=\"lazy\" title=\"Pre\u0301sentation BTS ERPC Baggio Lille\" width=\"640\" height=\"360\" src=\"https:\/\/www.youtube.com\/embed\/Uyg_RRMLDEU?feature=oembed\" frameborder=\"0\" allow=\"accelerometer; autoplay; clipboard-write; encrypted-media; gyroscope; picture-in-picture; web-share\" referrerpolicy=\"strict-origin-when-cross-origin\" allowfullscreen><\/iframe>\n<\/div><\/figure>\n\n\n\n<figure class=\"wp-block-embed is-type-video is-provider-youtube wp-block-embed-youtube wp-embed-aspect-16-9 wp-has-aspect-ratio\"><div class=\"wp-block-embed__wrapper\">\n<iframe loading=\"lazy\" title=\"BTS ERPC - \u00c9tudes de R\u00e9alisation d&#039;un Projet de Communication\" width=\"640\" height=\"360\" src=\"https:\/\/www.youtube.com\/embed\/0qPnRMQ8c8w?feature=oembed\" frameborder=\"0\" allow=\"accelerometer; autoplay; clipboard-write; encrypted-media; gyroscope; picture-in-picture; web-share\" referrerpolicy=\"strict-origin-when-cross-origin\" allowfullscreen><\/iframe>\n<\/div><\/figure>\n\n\n\n<p><span style=\"color: #3366ff; font-size: 12pt;\">BTS &#8211; CPI<\/span><\/p>\n<p><a href=\"https:\/\/www.youtube.com\/channel\/UCwXVsm9XLcFZzzH3FNFEgJg\" target=\"_blank\" rel=\"noopener nofollow\"><img loading=\"lazy\" decoding=\"async\" class=\"aligncenter size-full wp-image-3348\" src=\"https:\/\/cesarbaggio.fr\/WP\/wp-content\/uploads\/2022\/03\/IMAGE-VIDEO-CPI-scaled.jpg\" alt=\"\" width=\"2560\" height=\"1707\" srcset=\"https:\/\/cesarbaggio.fr\/WP\/wp-content\/uploads\/2022\/03\/IMAGE-VIDEO-CPI-scaled.jpg 2560w, https:\/\/cesarbaggio.fr\/WP\/wp-content\/uploads\/2022\/03\/IMAGE-VIDEO-CPI-300x200.jpg 300w, https:\/\/cesarbaggio.fr\/WP\/wp-content\/uploads\/2022\/03\/IMAGE-VIDEO-CPI-1024x683.jpg 1024w, https:\/\/cesarbaggio.fr\/WP\/wp-content\/uploads\/2022\/03\/IMAGE-VIDEO-CPI-768x512.jpg 768w, https:\/\/cesarbaggio.fr\/WP\/wp-content\/uploads\/2022\/03\/IMAGE-VIDEO-CPI-1536x1024.jpg 1536w, https:\/\/cesarbaggio.fr\/WP\/wp-content\/uploads\/2022\/03\/IMAGE-VIDEO-CPI-2048x1365.jpg 2048w, https:\/\/cesarbaggio.fr\/WP\/wp-content\/uploads\/2022\/03\/IMAGE-VIDEO-CPI-24x16.jpg 24w, https:\/\/cesarbaggio.fr\/WP\/wp-content\/uploads\/2022\/03\/IMAGE-VIDEO-CPI-36x24.jpg 36w, https:\/\/cesarbaggio.fr\/WP\/wp-content\/uploads\/2022\/03\/IMAGE-VIDEO-CPI-48x32.jpg 48w\" sizes=\"auto, (max-width: 2560px) 100vw, 2560px\" \/><\/a><\/p>\n<\/div>\n<\/div>\n\n\n\n\n\n<p><\/p>\n","protected":false},"excerpt":{"rendered":"<p>BTS du Domaine de l&rsquo;Energie Maintenance des Syst\u00e8mes option Syst\u00e8mes \u00c9nerg\u00e9tiques et Fluidiques (MSEF) Fluide&#8230;<\/p>\n","protected":false},"author":1,"featured_media":0,"parent":30,"menu_order":0,"comment_status":"closed","ping_status":"closed","template":"","meta":{"footnotes":""},"class_list":["post-728","page","type-page","status-publish","hentry"],"jetpack_sharing_enabled":true,"_links":{"self":[{"href":"https:\/\/cesarbaggio.fr\/WP\/wp-json\/wp\/v2\/pages\/728","targetHints":{"allow":["GET"]}}],"collection":[{"href":"https:\/\/cesarbaggio.fr\/WP\/wp-json\/wp\/v2\/pages"}],"about":[{"href":"https:\/\/cesarbaggio.fr\/WP\/wp-json\/wp\/v2\/types\/page"}],"author":[{"embeddable":true,"href":"https:\/\/cesarbaggio.fr\/WP\/wp-json\/wp\/v2\/users\/1"}],"replies":[{"embeddable":true,"href":"https:\/\/cesarbaggio.fr\/WP\/wp-json\/wp\/v2\/comments?post=728"}],"version-history":[{"count":53,"href":"https:\/\/cesarbaggio.fr\/WP\/wp-json\/wp\/v2\/pages\/728\/revisions"}],"predecessor-version":[{"id":5296,"href":"https:\/\/cesarbaggio.fr\/WP\/wp-json\/wp\/v2\/pages\/728\/revisions\/5296"}],"up":[{"embeddable":true,"href":"https:\/\/cesarbaggio.fr\/WP\/wp-json\/wp\/v2\/pages\/30"}],"wp:attachment":[{"href":"https:\/\/cesarbaggio.fr\/WP\/wp-json\/wp\/v2\/media?parent=728"}],"curies":[{"name":"wp","href":"https:\/\/api.w.org\/{rel}","templated":true}]}}