{"id":725,"date":"2020-11-23T11:43:24","date_gmt":"2020-11-23T10:43:24","guid":{"rendered":"https:\/\/cesarbaggio.fr\/WP\/?page_id=725"},"modified":"2025-12-19T08:51:44","modified_gmt":"2025-12-19T07:51:44","slug":"les-formations-continues","status":"publish","type":"page","link":"https:\/\/cesarbaggio.fr\/WP\/formations\/les-formations-continues\/","title":{"rendered":"LA FORMATION CONTINUE"},"content":{"rendered":"\n<hr class=\"wp-block-separator has-css-opacity\"\/>\n\n\n\n<figure class=\"wp-block-image size-full is-resized\"><img loading=\"lazy\" decoding=\"async\" width=\"250\" height=\"116\" src=\"https:\/\/cesarbaggio.fr\/WP\/wp-content\/uploads\/2025\/12\/Logo-GRETA-Lille-Metropoke-250-154-1.jpg\" alt=\"\" class=\"wp-image-6028\" style=\"width:234px;height:auto\" srcset=\"https:\/\/cesarbaggio.fr\/WP\/wp-content\/uploads\/2025\/12\/Logo-GRETA-Lille-Metropoke-250-154-1.jpg 250w, https:\/\/cesarbaggio.fr\/WP\/wp-content\/uploads\/2025\/12\/Logo-GRETA-Lille-Metropoke-250-154-1-24x11.jpg 24w, https:\/\/cesarbaggio.fr\/WP\/wp-content\/uploads\/2025\/12\/Logo-GRETA-Lille-Metropoke-250-154-1-36x17.jpg 36w, https:\/\/cesarbaggio.fr\/WP\/wp-content\/uploads\/2025\/12\/Logo-GRETA-Lille-Metropoke-250-154-1-48x22.jpg 48w\" sizes=\"auto, (max-width: 250px) 100vw, 250px\" \/><\/figure>\n\n\n<div id=\"model-response-message-contentr_6126e2f1523e2057\" class=\"markdown markdown-main-panel stronger enable-updated-hr-color\" dir=\"ltr\" aria-live=\"polite\" aria-busy=\"false\"><hr data-path-to-node=\"1\" \/>\n<h1 data-path-to-node=\"2\">Greta Lille M\u00e9tropole : Votre Avenir Professionnel commence ici<\/h1>\n<p data-path-to-node=\"3\">La formation continue au sein du <b data-path-to-node=\"3\" data-index-in-node=\"33\">Greta Lille M\u00e9tropole<\/b> est une passerelle vers l&#8217;emploi et l&rsquo;\u00e9volution de carri\u00e8re. Nous accompagnons les salari\u00e9s, demandeurs d&#8217;emploi et particuliers dans la r\u00e9ussite de leurs projets.<\/p>\n<h2 data-path-to-node=\"4\">Pourquoi choisir le Greta pour votre formation ?<\/h2>\n<p data-path-to-node=\"5\">Le Greta propose un accompagnement sur-mesure pour r\u00e9pondre \u00e0 chaque besoin professionnel :<\/p>\n<p data-path-to-node=\"6,0,0\"><b data-path-to-node=\"6,0,0\" data-index-in-node=\"0\">Dipl\u00f4mes &amp; Qualifications :<\/b> Pr\u00e9parez un dipl\u00f4me d&rsquo;\u00c9tat (Bac Pro, BTS) ou un Titre Professionnel.<br \/><b data-path-to-node=\"6,1,0\" data-index-in-node=\"0\">\u00c9volution de carri\u00e8re :<\/b> \u00c9levez votre niveau de qualification ou adaptez-vous aux innovations technologiques.<br \/><b data-path-to-node=\"6,2,0\" data-index-in-node=\"0\">Reconversion :<\/b> \u00c9laborez un nouveau projet et changez de m\u00e9tier avec s\u00e9r\u00e9nit\u00e9.<br \/><b data-path-to-node=\"6,3,0\" data-index-in-node=\"0\">Remise \u00e0 niveau :<\/b> Reprenez une formation g\u00e9n\u00e9rale ou professionnelle et pr\u00e9parez vos concours.<\/p>\n<hr data-path-to-node=\"7\" \/>\n<h2 data-path-to-node=\"8\">Nos Domaines de Formation<\/h2>\n<p data-path-to-node=\"9\"><i data-path-to-node=\"9\" data-index-in-node=\"0\">D\u00e9couvrez nos parcours d&rsquo;excellence, du Bac Pro au BTS, ainsi que nos modules de sp\u00e9cialisation.<\/i><\/p>\n<h3 data-path-to-node=\"10\">\ud83d\udfe2 \u00c9nergie, Domotique &amp; Climatisation<\/h3>\n<p><b data-path-to-node=\"11,0,0\" data-index-in-node=\"0\">Bac Pro<\/b> Technicien de maintenance en syst\u00e8mes \u00e9nerg\u00e9tiques et climatiques<br \/><b data-path-to-node=\"11,1,0\" data-index-in-node=\"0\">Bac Pro<\/b> Technicien d&rsquo;installation des syst\u00e8mes \u00e9nerg\u00e9tiques et climatiques<br \/><b data-path-to-node=\"11,2,0\" data-index-in-node=\"0\">Bac Pro<\/b> Technicien froid et conditionnement d&rsquo;air<br \/><b data-path-to-node=\"11,3,0\" data-index-in-node=\"0\">BTS<\/b> Fluides \u00c9nergies Domotique (Option G\u00e9nie Climatique \/ Domotique B\u00e2timent Communicant)<br \/><b data-path-to-node=\"11,4,0\" data-index-in-node=\"0\">BTS<\/b> Maintenance des Syst\u00e8mes \u00c9nerg\u00e9tiques et Fluidiques<br \/><b data-path-to-node=\"11,5,0\" data-index-in-node=\"0\">Titre Pro<\/b> Technicien d&rsquo;installation ou de maintenance en \u00e9quipement de confort climatique<br \/><strong>DIAG IMMO<\/strong> Diagnostiqueur Immobilier<\/p>\n<h3 data-path-to-node=\"12\">\u2699\ufe0f Industrie, Conception &amp; \u00c9lectrotechnique<\/h3>\n<p data-path-to-node=\"13,0,0\"><b data-path-to-node=\"13,0,0\" data-index-in-node=\"0\">BTS<\/b> \u00c9lectrotechnique<br \/><b data-path-to-node=\"13,1,0\" data-index-in-node=\"0\">BTS<\/b> Conception de Produits Industriels (CPI)<br \/><b data-path-to-node=\"13,2,0\" data-index-in-node=\"0\">BTS<\/b> Conception des Processus de R\u00e9alisation de Produits (CPRP)<br \/><b data-path-to-node=\"13,3,0\" data-index-in-node=\"0\">Titre Pro<\/b> Technicien Sup\u00e9rieur en Conception Industrielle de Syst\u00e8mes M\u00e9caniques<br \/><b data-path-to-node=\"13,4,0\" data-index-in-node=\"0\">Titre Pro<\/b> Technicien d&rsquo;Usinage Assist\u00e9 par Ordinateur<br \/><b data-path-to-node=\"13,5,0\" data-index-in-node=\"0\">Module de sp\u00e9cialisation<\/b> Conception Assist\u00e9e par Ordinateur \/ Dessin Assist\u00e9 par Ordinateur<\/p>\n<h3 data-path-to-node=\"14\">\ud83d\udcbb Num\u00e9rique &amp; Industries Graphiques<\/h3>\n<p data-path-to-node=\"15,0,0\"><b data-path-to-node=\"15,0,0\" data-index-in-node=\"0\">BTS<\/b> Communication et Industries Graphiques<br \/><b data-path-to-node=\"15,1,0\" data-index-in-node=\"0\">Module de sp\u00e9cialisation<\/b> D\u00e9veloppement .Net<br \/><b data-path-to-node=\"15,2,0\" data-index-in-node=\"0\">Module de sp\u00e9cialisation<\/b> Int\u00e9grateur en R\u00e9alisation Web<\/p>\n<hr data-path-to-node=\"16\" \/><\/div>\n\n\n<figure class=\"wp-block-table\"><table><tbody><tr><td class=\"has-text-align-center\" data-align=\"center\"><strong>Monsieur David CARIO<br>DDFPT<br><\/strong>Lyc\u00e9e C\u00e9sar BAGGIO<br>Boulevard d&rsquo;Alsace<br>59000 Lille<br><strong>T\u00e9l\u00e9phone :<\/strong>&nbsp;03 20 88 67 88<\/td><td class=\"has-text-align-center\" data-align=\"center\"><strong>Monsieur Mohamed EL MOURABIT<br>DDFPT<br><\/strong>Lyc\u00e9e C\u00e9sar BAGGIO<br>Boulevard d&rsquo;Alsace<br>59000 Lille<br><strong>T\u00e9l\u00e9phone :<\/strong>&nbsp;03 20 88 77 88<\/td><\/tr><\/tbody><\/table><\/figure>\n\n\n\n<div class=\"wp-block-blockspare-blockspare-buttons blockspare-5a5168c7-dfb0-4 blockspare-block-button-wrap\" blockspare-animation=\"\"><style>.blockspare-5a5168c7-dfb0-4 .blockspare-block-button{text-align:center;margin-top:30px;margin-bottom:30px;margin-left:0px;margin-right:0px}.blockspare-5a5168c7-dfb0-4 .blockspare-block-button span{color:#fff;border-width:2px;font-size:16px}.blockspare-5a5168c7-dfb0-4 .blockspare-block-button .blockspare-button{background-color:var(--bgcolor)}.blockspare-5a5168c7-dfb0-4 .blockspare-block-button .blockspare-button:visited{background-color:var(--bgcolor)}.blockspare-5a5168c7-dfb0-4 .blockspare-block-button .blockspare-button:focus{background-color:var(--bgcolor)}.blockspare-5a5168c7-dfb0-4 .blockspare-block-button i{font-size:16px}.blockspare-5a5168c7-dfb0-4 .blockspare-block-button a{padding-top:12px;padding-bottom:12px;padding-right:22px;padding-left:22px}@media screen and (max-width:1025px){.blockspare-5a5168c7-dfb0-4 .blockspare-block-button span{font-size:14px}.blockspare-5a5168c7-dfb0-4 .blockspare-block-button i{font-size:14px}}@media screen and (max-width:768px){.blockspare-5a5168c7-dfb0-4 .blockspare-block-button span{font-size:14px}.blockspare-5a5168c7-dfb0-4 .blockspare-block-button i{font-size:14px}}<\/style><div class=\"blockspare-block-button\"><a href=\"https:\/\/monavenirpro-hdf.fr\/notre-reseau\/greta-lille-metropole\/\" class=\"blockspare-button blockspare-button-shape-rounded blockspare-button-size-small\" rel=\"nofollow noopener\" target=\"_blank\"><span>Mon Avenir Pro<br>Cliquez ici<\/span><\/a><\/div><\/div>\n","protected":false},"excerpt":{"rendered":"<p>Greta Lille M\u00e9tropole : Votre Avenir Professionnel commence ici La formation continue au sein du&#8230;<\/p>\n","protected":false},"author":1,"featured_media":0,"parent":30,"menu_order":2,"comment_status":"closed","ping_status":"closed","template":"","meta":{"footnotes":""},"class_list":["post-725","page","type-page","status-publish","hentry"],"jetpack_sharing_enabled":true,"_links":{"self":[{"href":"https:\/\/cesarbaggio.fr\/WP\/wp-json\/wp\/v2\/pages\/725","targetHints":{"allow":["GET"]}}],"collection":[{"href":"https:\/\/cesarbaggio.fr\/WP\/wp-json\/wp\/v2\/pages"}],"about":[{"href":"https:\/\/cesarbaggio.fr\/WP\/wp-json\/wp\/v2\/types\/page"}],"author":[{"embeddable":true,"href":"https:\/\/cesarbaggio.fr\/WP\/wp-json\/wp\/v2\/users\/1"}],"replies":[{"embeddable":true,"href":"https:\/\/cesarbaggio.fr\/WP\/wp-json\/wp\/v2\/comments?post=725"}],"version-history":[{"count":23,"href":"https:\/\/cesarbaggio.fr\/WP\/wp-json\/wp\/v2\/pages\/725\/revisions"}],"predecessor-version":[{"id":6044,"href":"https:\/\/cesarbaggio.fr\/WP\/wp-json\/wp\/v2\/pages\/725\/revisions\/6044"}],"up":[{"embeddable":true,"href":"https:\/\/cesarbaggio.fr\/WP\/wp-json\/wp\/v2\/pages\/30"}],"wp:attachment":[{"href":"https:\/\/cesarbaggio.fr\/WP\/wp-json\/wp\/v2\/media?parent=725"}],"curies":[{"name":"wp","href":"https:\/\/api.w.org\/{rel}","templated":true}]}}