{"id":690,"date":"2020-11-20T08:54:50","date_gmt":"2020-11-20T07:54:50","guid":{"rendered":"https:\/\/cesarbaggio.fr\/WP\/?page_id=690"},"modified":"2021-12-06T11:11:28","modified_gmt":"2021-12-06T10:11:28","slug":"informations-pratiques","status":"publish","type":"page","link":"https:\/\/cesarbaggio.fr\/WP\/formations\/cpge\/ats\/informations-pratiques\/","title":{"rendered":"Informations pratiques"},"content":{"rendered":"\n<hr class=\"wp-block-separator\"\/>\n\n\n\n<div class=\"wp-block-columns is-layout-flex wp-container-core-columns-is-layout-28f84493 wp-block-columns-is-layout-flex\">\n<div class=\"wp-block-column is-layout-flow wp-block-column-is-layout-flow\" style=\"flex-basis:66.66%\">\n<p>1-\u00a0<strong>Renseignements\u00a0:<\/strong>\u00a0Les enseignants d&rsquo;ATS sont \u00e0\u00a0 votre disposition pour r\u00e9pondre \u00e0\u00a0 vos questions lors des\u00a0Journ\u00e9es \u00ab\u00a0Portes Ouvertes\u00a0\u00bb au Lyc\u00e9e Baggio ou au Salon de l&rsquo;\u00c9tudiant ou par m\u00e9l, \u00e0\u00a0 l&rsquo;adresse\u00a0:\u00a0<a href=\"mailto:prepa.baggio.ats@gmail.com\">prepa.baggio.ats@gmail.com<\/a><\/p>\n<p>2-\u00a0<strong>Situation\u00a0:<\/strong>\u00a0Le lyc\u00e9e Baggio est situ\u00e9 entre les stations de m\u00e9tro \u00ab\u00a0Porte d&rsquo;Arras\u00a0\u00bb et \u00ab\u00a0Porte de Douai\u00a0\u00bb (5 minutes \u00e0\u00a0 pied de l&rsquo;une comme de l&rsquo;autre). La station de m\u00e9tro \u00ab\u00a0Porte de Douai\u00a0\u00bb s&rsquo;atteint en 4 minutes de trajet \u00e0\u00a0 partir des gares de Lille-Flandres ou Lille-Europe (ligne n\u00b02).<\/p>\n<p><img decoding=\"async\" class=\"aligncenter\" src=\"http:\/\/cesarbaggio.fr\/images\/clip_image002_3.png\" \/><\/p>\n<p><img decoding=\"async\" class=\"aligncenter\" src=\"http:\/\/cesarbaggio.fr\/images\/clip_image004_1.png\" alt=\"L\u2019attribut alt de cette image est vide, son nom de fichier est clip_image004_1.png.\" \/><\/p>\n\n\n\n<p>3-&nbsp;<strong>Bourse d&rsquo;\u00e9tude&nbsp;:<\/strong>&nbsp;La classe d&rsquo;ATS est consid\u00e9r\u00e9e comme une poursuite d&rsquo;\u00e9tudes pour les Techniciens Sup\u00e9rieurs. En cons\u00e9quence, les \u00e9tudiants boursiers continuent \u00e0&nbsp; percevoir leur bourse.<\/p>\n\n\n\n<p>4-&nbsp;<strong>H\u00e9bergement&nbsp;:<\/strong>&nbsp;Le lyc\u00e9e Baggio dispose, pour les gar\u00e7ons et pour les filles, d&rsquo;un internat permettant d&rsquo;h\u00e9berger les \u00e9tudiants et les \u00e9tudiantes qui le souhaitent. De nombreuses autres solutions d&rsquo;h\u00e9bergement sont possibles dans les environs du lyc\u00e9e Baggio par l&rsquo;interm\u00e9diaire du CROUS.<\/p>\n\n\n\n<p>LIEN VERS&nbsp;<a href=\"https:\/\/cesarbaggio.fr\/WP\/vie-du-lycee\/les-modes-dhebergement\/\">LES MODES D&rsquo;HEBERGEMENT<\/a><\/p>\n\n\n\n<p><\/p>\n<\/div>\n\n\n\n<div class=\"wp-block-column is-layout-flow wp-block-column-is-layout-flow\" style=\"flex-basis:33.33%\"><div id=\"nav_menu-3\" class=\"widget newsphere-widget widget_nav_menu amr_widget\"><h2 class=\"widget-title widget-title-1\"><span>ATS<\/span><\/h2><div class=\"menu-ats-container\"><ul id=\"menu-ats\" class=\"menu\"><li id=\"menu-item-699\" class=\"menu-item menu-item-type-post_type menu-item-object-page menu-item-699\"><a href=\"https:\/\/cesarbaggio.fr\/WP\/formations\/cpge\/ats\/pourquoi-et-a-qui-sadresse-la-classe-preparatoire-ats\/\">Pourquoi et \u00e0  qui s\u2019adresse la classe pr\u00e9paratoire ATS<\/a><\/li>\n<li id=\"menu-item-698\" class=\"menu-item menu-item-type-post_type menu-item-object-page menu-item-698\"><a href=\"https:\/\/cesarbaggio.fr\/WP\/formations\/cpge\/ats\/organisation-hebdomadaire-de-la-classe\/\">Organisation hebdomadaire de la classe<\/a><\/li>\n<li id=\"menu-item-697\" class=\"menu-item menu-item-type-post_type menu-item-object-page menu-item-697\"><a href=\"https:\/\/cesarbaggio.fr\/WP\/formations\/cpge\/ats\/contenus-et-objectifs-des-enseignements\/\">Contenus et objectifs des enseignements<\/a><\/li>\n<li id=\"menu-item-696\" class=\"menu-item menu-item-type-post_type menu-item-object-page menu-item-696\"><a href=\"https:\/\/cesarbaggio.fr\/WP\/formations\/cpge\/ats\/statistiques-de-la-classe\/\">Statistiques de la classe<\/a><\/li>\n<li id=\"menu-item-695\" class=\"menu-item menu-item-type-post_type menu-item-object-page menu-item-695\"><a href=\"https:\/\/cesarbaggio.fr\/WP\/formations\/cpge\/ats\/poursuite-detudes-le-statut-etudiant-et-le-statut-apprenti\/\">Poursuite d\u2019\u00e9tudes : le statut \u00ab \u00c9tudiant \u00bb et le statut \u00ab Apprenti \u00bb<\/a><\/li>\n<li id=\"menu-item-694\" class=\"menu-item menu-item-type-post_type menu-item-object-page menu-item-694\"><a href=\"https:\/\/cesarbaggio.fr\/WP\/formations\/cpge\/ats\/comment-entrer-en-prepa-ats\/\">Comment entrer en pr\u00e9pa ATS ?<\/a><\/li>\n<li id=\"menu-item-1958\" class=\"menu-item menu-item-type-taxonomy menu-item-object-category menu-item-1958\"><a href=\"https:\/\/cesarbaggio.fr\/WP\/category\/actualite-cpge\/\">Actualit\u00e9 &#8211; CPGE<\/a><\/li>\n<li id=\"menu-item-1959\" class=\"menu-item menu-item-type-taxonomy menu-item-object-category menu-item-1959\"><a href=\"https:\/\/cesarbaggio.fr\/WP\/category\/temoignage-cpge\/\">T\u00e9moignage &#8211; CPGE<\/a><\/li>\n<li id=\"menu-item-693\" class=\"menu-item menu-item-type-post_type menu-item-object-page menu-item-693\"><a href=\"https:\/\/cesarbaggio.fr\/WP\/formations\/cpge\/ats\/informations-pratiques\/\">Informations pratiques<\/a><\/li>\n<\/ul><\/div><\/div>\n\n\n\n<div class=\"wp-block-blockspare-blockspare-social-links blockspare-36104c66-66ee-4 blockspare-socaillink-block\"><style>.blockspare-36104c66-66ee-4 .blockspare-social-wrapper{text-align:left;margin-top:30px;margin-bottom:30px}<\/style><div class=\"blockspare-blocks blockspare-social-wrapper\"><ul class=\"blockspare-social-links blockspare-default-official-color blockspare-social-icon-circle blockspare-social-icon-medium blockspare-icon-only blockspare-social-icon-solid\"><li><a href=\"https:\/\/fr-fr.facebook.com\/prepabaggio\/\" class=\"\" target=\"_blank\" rel=\"noopener noreferrer nofollow\"><span class=\"blockspare-social-icons\"><i class=\"fab fa-facebook-f\"><\/i> <span class=\"screen-reader-text\">facebook<\/span><\/span><\/a><\/li><li><a href=\"https:\/\/www.youtube.com\/channel\/UCRR1M3fKaxZa8C-_BNBQ7jg\" class=\"\" target=\"_blank\" rel=\"noopener noreferrer nofollow\"><span class=\"blockspare-social-icons\"><i class=\"fab fa-youtube\"><\/i><span class=\"screen-reader-text\">YouTube<\/span><\/span><\/a><\/li><\/ul><\/div><\/div>\n<\/div>\n<\/div>\n\n\n\n<p><br><br><br><\/p>\n","protected":false},"excerpt":{"rendered":"<p>1-\u00a0Renseignements\u00a0:\u00a0Les enseignants d&rsquo;ATS sont \u00e0\u00a0 votre disposition pour r\u00e9pondre \u00e0\u00a0 vos questions lors des\u00a0Journ\u00e9es \u00ab\u00a0Portes&#8230;<\/p>\n","protected":false},"author":1,"featured_media":0,"parent":609,"menu_order":7,"comment_status":"closed","ping_status":"closed","template":"","meta":{"footnotes":""},"class_list":["post-690","page","type-page","status-publish","hentry"],"jetpack_sharing_enabled":true,"_links":{"self":[{"href":"https:\/\/cesarbaggio.fr\/WP\/wp-json\/wp\/v2\/pages\/690","targetHints":{"allow":["GET"]}}],"collection":[{"href":"https:\/\/cesarbaggio.fr\/WP\/wp-json\/wp\/v2\/pages"}],"about":[{"href":"https:\/\/cesarbaggio.fr\/WP\/wp-json\/wp\/v2\/types\/page"}],"author":[{"embeddable":true,"href":"https:\/\/cesarbaggio.fr\/WP\/wp-json\/wp\/v2\/users\/1"}],"replies":[{"embeddable":true,"href":"https:\/\/cesarbaggio.fr\/WP\/wp-json\/wp\/v2\/comments?post=690"}],"version-history":[{"count":6,"href":"https:\/\/cesarbaggio.fr\/WP\/wp-json\/wp\/v2\/pages\/690\/revisions"}],"predecessor-version":[{"id":3069,"href":"https:\/\/cesarbaggio.fr\/WP\/wp-json\/wp\/v2\/pages\/690\/revisions\/3069"}],"up":[{"embeddable":true,"href":"https:\/\/cesarbaggio.fr\/WP\/wp-json\/wp\/v2\/pages\/609"}],"wp:attachment":[{"href":"https:\/\/cesarbaggio.fr\/WP\/wp-json\/wp\/v2\/media?parent=690"}],"curies":[{"name":"wp","href":"https:\/\/api.w.org\/{rel}","templated":true}]}}