{"id":686,"date":"2020-11-19T13:58:13","date_gmt":"2020-11-19T12:58:13","guid":{"rendered":"https:\/\/cesarbaggio.fr\/WP\/?page_id=686"},"modified":"2026-02-13T11:20:09","modified_gmt":"2026-02-13T10:20:09","slug":"comment-entrer-en-prepa-ats","status":"publish","type":"page","link":"https:\/\/cesarbaggio.fr\/WP\/formations\/cpge\/ats\/comment-entrer-en-prepa-ats\/","title":{"rendered":"Comment entrer en pr\u00e9pa ATS ?"},"content":{"rendered":"\n<hr class=\"wp-block-separator has-css-opacity\"\/>\n\n\n\n<div class=\"wp-block-columns is-layout-flex wp-container-core-columns-is-layout-28f84493 wp-block-columns-is-layout-flex\">\n<div class=\"wp-block-column is-layout-flow wp-block-column-is-layout-flow\" style=\"flex-basis:66.66%\">\n<p><\/p>\n\n\n\n<p>La classe pr\u00e9paratoire ATS est une classe post BTS ou BUT2.<\/p>\n\n\n\n<p>Elle est ouverte \u00e0&nbsp; tous les titulaires d&rsquo;un BTS ou BUT industriel. Le recrutement s&rsquo;effectue normalement en fin de deuxi\u00e8me ann\u00e9e de BTS ou d&rsquo;IUT, \u00e0&nbsp; partir d&rsquo;un dossier rempli par les professeurs de la classe de BTS ou du d\u00e9partement d&rsquo;IUT.<\/p>\n\n\n\n<p>Les titulaires d&rsquo;un BTS ou BUT2 ayant poursuivi une ann\u00e9e de licence pro ou ayant travaill\u00e9 un an apr\u00e8s l&rsquo;obtention de leur dipl\u00f4me peuvent aussi pr\u00e9senter leur candidature en ATS tout comme les BUT3.<\/p>\n\n\n\n<p>Les dossiers sont disponibles au secr\u00e9tariat du Proviseur du lyc\u00e9e Baggio \u00e0&nbsp; partir du mois de f\u00e9vrier. Vous pouvez les obtenir :<\/p>\n\n\n\n<p><img loading=\"lazy\" decoding=\"async\" class=\"aligncenter size-medium wp-image-648\" src=\"https:\/\/cesarbaggio.fr\/WP\/wp-content\/uploads\/2020\/11\/photo_groupe-300x200.jpg\" alt=\"\" width=\"300\" height=\"200\" srcset=\"https:\/\/cesarbaggio.fr\/WP\/wp-content\/uploads\/2020\/11\/photo_groupe-300x200.jpg 300w, https:\/\/cesarbaggio.fr\/WP\/wp-content\/uploads\/2020\/11\/photo_groupe-1024x683.jpg 1024w, https:\/\/cesarbaggio.fr\/WP\/wp-content\/uploads\/2020\/11\/photo_groupe-768x512.jpg 768w, https:\/\/cesarbaggio.fr\/WP\/wp-content\/uploads\/2020\/11\/photo_groupe-1536x1024.jpg 1536w, https:\/\/cesarbaggio.fr\/WP\/wp-content\/uploads\/2020\/11\/photo_groupe-2048x1365.jpg 2048w, https:\/\/cesarbaggio.fr\/WP\/wp-content\/uploads\/2020\/11\/photo_groupe-24x16.jpg 24w, https:\/\/cesarbaggio.fr\/WP\/wp-content\/uploads\/2020\/11\/photo_groupe-36x24.jpg 36w, https:\/\/cesarbaggio.fr\/WP\/wp-content\/uploads\/2020\/11\/photo_groupe-48x32.jpg 48w\" sizes=\"auto, (max-width: 300px) 100vw, 300px\" \/><\/p>\n\n\n\n<p>1) Sur demande par t\u00e9l\u00e9phone ou courrier \u00e9lectronique (ils seront alors exp\u00e9di\u00e9s par la poste) :<\/p>\n\n\n\n<p>T\u00e9l\u00e9phone : &nbsp; 03 20 88 66 00&nbsp;\/ 03 20 88 67 86 <br>Mail :&nbsp;&nbsp;&nbsp;&nbsp;&nbsp;&nbsp;&nbsp;&nbsp;&nbsp;&nbsp;&nbsp;&nbsp;<a href=\"mailto:baggio@ac-lille.fr\">baggio@ac-lille.fr<\/a><br>Mail :            <a href=\"mailto:prepa.baggio.ats@gmail.com\">prepa.baggio.ats@gmail.com<\/a><\/p>\n\n\n\n<p>2) En les <a href=\"https:\/\/cesarbaggio.fr\/WP\/wp-content\/uploads\/2026\/02\/dossier_candidature_ATS_2026.pdf\" target=\"_blank\" rel=\"noopener\">t\u00e9l\u00e9chargeant au format pdf<\/a> en cliquant ici et en l&rsquo;imprimant vous-m\u00eame..<\/p>\n\n\n\n<p>Vous pouvez formuler jusqu&rsquo;\u00e0&nbsp; trois voeux parmi la liste des lyc\u00e9es ayant des ATS. Si vous demandez le lyc\u00e9e Baggio en premier voeu, votre dossier de candidature rempli doit \u00eatre renvoy\u00e9 au secr\u00e9tariat du lyc\u00e9e Baggio&nbsp;<strong>avant le 22 Mai 2026<\/strong>.<\/p>\n\n\n\n<p>L&rsquo;examen des candidatures de premier v\u0153u au lyc\u00e9e Baggio par les professeurs de la classe d&rsquo;ATS se fait dans la derni\u00e8re semaine de mai. Les candidats sont inform\u00e9s de la d\u00e9cision de la commission imm\u00e9diatement par mel et courrier postal: admis, liste d&rsquo;attente, ou refus\u00e9.<\/p>\n\n\n\n<p>Les dossiers en liste d&rsquo;attente ou refus\u00e9s sont transmis par le lyc\u00e9e Baggio au lyc\u00e9e de second voeu pour examen par les professeurs d&rsquo;ATS de ce lyc\u00e9e, etc.<\/p>\n\n\n\n<p>Si vous \u00eates admis(e), vous recevrez au mois de juin par la poste le dossier d&rsquo;inscription d\u00e9finitive \u00e0&nbsp; remplir et \u00e0&nbsp; nous renvoyer.<\/p>\n\n\n\n<p>Pour plus de d\u00e9tails sur les BTS ou BUT admis en ATS ces derni\u00e8res ann\u00e9es, voir la rubrique&nbsp;<a href=\"http:\/\/www.cesarbaggio.fr\/plaquette\/CPGE_ATS_Bilan2019.pdf\">r\u00e9sultats<\/a>.<\/p>\n\n\n\n<p>T\u00e9l\u00e9charger&nbsp;<a href=\"http:\/\/cesarbaggio.fr\/plaquette\/cpge\/Fiche_descriptive_ATS.pdf\" target=\"_blank\" rel=\"noreferrer noopener\">la fiche descriptive ATS<\/a>.<\/p>\n<\/div>\n\n\n\n<div class=\"wp-block-column is-layout-flow wp-block-column-is-layout-flow\" style=\"flex-basis:33.33%\">\n<div id=\"nav_menu-3\" class=\"widget newsphere-widget widget_nav_menu amr_widget\"><h2 class=\"widget-title widget-title-1\"><span>ATS<\/span><\/h2><div class=\"menu-ats-container\"><ul id=\"menu-ats\" class=\"menu\"><li id=\"menu-item-699\" class=\"menu-item menu-item-type-post_type menu-item-object-page menu-item-699\"><a href=\"https:\/\/cesarbaggio.fr\/WP\/formations\/cpge\/ats\/pourquoi-et-a-qui-sadresse-la-classe-preparatoire-ats\/\">Pourquoi et \u00e0  qui s\u2019adresse la classe pr\u00e9paratoire ATS<\/a><\/li>\n<li id=\"menu-item-698\" class=\"menu-item menu-item-type-post_type menu-item-object-page menu-item-698\"><a href=\"https:\/\/cesarbaggio.fr\/WP\/formations\/cpge\/ats\/organisation-hebdomadaire-de-la-classe\/\">Organisation hebdomadaire de la classe<\/a><\/li>\n<li id=\"menu-item-697\" class=\"menu-item menu-item-type-post_type menu-item-object-page menu-item-697\"><a href=\"https:\/\/cesarbaggio.fr\/WP\/formations\/cpge\/ats\/contenus-et-objectifs-des-enseignements\/\">Contenus et objectifs des enseignements<\/a><\/li>\n<li id=\"menu-item-696\" class=\"menu-item menu-item-type-post_type menu-item-object-page menu-item-696\"><a href=\"https:\/\/cesarbaggio.fr\/WP\/formations\/cpge\/ats\/statistiques-de-la-classe\/\">Statistiques de la classe<\/a><\/li>\n<li id=\"menu-item-695\" class=\"menu-item menu-item-type-post_type menu-item-object-page menu-item-695\"><a href=\"https:\/\/cesarbaggio.fr\/WP\/formations\/cpge\/ats\/poursuite-detudes-le-statut-etudiant-et-le-statut-apprenti\/\">Poursuite d\u2019\u00e9tudes : le statut \u00ab \u00c9tudiant \u00bb et le statut \u00ab Apprenti \u00bb<\/a><\/li>\n<li id=\"menu-item-694\" class=\"menu-item menu-item-type-post_type menu-item-object-page menu-item-694\"><a href=\"https:\/\/cesarbaggio.fr\/WP\/formations\/cpge\/ats\/comment-entrer-en-prepa-ats\/\">Comment entrer en pr\u00e9pa ATS ?<\/a><\/li>\n<li id=\"menu-item-1958\" class=\"menu-item menu-item-type-taxonomy menu-item-object-category menu-item-1958\"><a href=\"https:\/\/cesarbaggio.fr\/WP\/category\/actualite-cpge\/\">Actualit\u00e9 &#8211; CPGE<\/a><\/li>\n<li id=\"menu-item-1959\" class=\"menu-item menu-item-type-taxonomy menu-item-object-category menu-item-1959\"><a href=\"https:\/\/cesarbaggio.fr\/WP\/category\/temoignage-cpge\/\">T\u00e9moignage &#8211; CPGE<\/a><\/li>\n<li id=\"menu-item-693\" class=\"menu-item menu-item-type-post_type menu-item-object-page menu-item-693\"><a href=\"https:\/\/cesarbaggio.fr\/WP\/formations\/cpge\/ats\/informations-pratiques\/\">Informations pratiques<\/a><\/li>\n<\/ul><\/div><\/div>\n\n\n\n<div class=\"wp-block-blockspare-blockspare-social-links blockspare-1fa3ca9e-d515-4 blockspare-socaillink-block blockspare-sociallinks-left\" blockspare-animation=\"\"><style>.blockspare-1fa3ca9e-d515-4 .blockspare-social-wrapper{text-align:left;margin-top:30px;margin-right:0px;margin-bottom:30px;margin-left:0px}.blockspare-1fa3ca9e-d515-4 .blockspare-social-wrapper .blockspare-social-icons > span{font-size:NaN}@media screen and (max-width:1025px){.blockspare-1fa3ca9e-d515-4 .blockspare-social-wrapper .blockspare-social-icons > span{font-size:NaN}}@media screen and (max-width:768px){.blockspare-1fa3ca9e-d515-4 .blockspare-social-wrapper .blockspare-social-icons > span{font-size:NaN}}<\/style><div class=\"blockspare-social-wrapper\"><ul class=\"blockspare-social-links blockspare-default-official-color blockspare-social-icon-circle blockspare-social-icon-medium blockspare-icon-only blockspare-social-icon-solid blockspare-social-links-horizontal\"><li class=\"blockspare-hover-item\"><a href=\"https:\/\/fr-fr.facebook.com\/prepabaggio\/\" class=\"bs-social-facebook\" target=\"_blank\" rel=\"noopener noreferrer nofollow\"><span class=\"blockspare-social-icons\"><i class=\"fab fa-facebook-f\"><\/i> <span class=\"screen-reader-text\">facebook<\/span><\/span><\/a><\/li><li class=\"blockspare-hover-item\"><a href=\"https:\/\/www.youtube.com\/channel\/UCRR1M3fKaxZa8C-_BNBQ7jg\" class=\"bs-social-youtube\" target=\"_blank\" rel=\"noopener noreferrer nofollow\"><span class=\"blockspare-social-icons\"><i class=\"fab fa-youtube\"><\/i><span class=\"screen-reader-text\">YouTube<\/span><\/span><\/a><\/li><\/ul><\/div><\/div>\n<\/div>\n<\/div>\n\n\n\n<p><\/p>\n","protected":false},"excerpt":{"rendered":"<p>La classe pr\u00e9paratoire ATS est une classe post BTS ou BUT2. Elle est ouverte \u00e0&nbsp;&#8230;<\/p>\n","protected":false},"author":1,"featured_media":0,"parent":609,"menu_order":0,"comment_status":"closed","ping_status":"closed","template":"","meta":{"footnotes":""},"class_list":["post-686","page","type-page","status-publish","hentry"],"jetpack_sharing_enabled":true,"_links":{"self":[{"href":"https:\/\/cesarbaggio.fr\/WP\/wp-json\/wp\/v2\/pages\/686","targetHints":{"allow":["GET"]}}],"collection":[{"href":"https:\/\/cesarbaggio.fr\/WP\/wp-json\/wp\/v2\/pages"}],"about":[{"href":"https:\/\/cesarbaggio.fr\/WP\/wp-json\/wp\/v2\/types\/page"}],"author":[{"embeddable":true,"href":"https:\/\/cesarbaggio.fr\/WP\/wp-json\/wp\/v2\/users\/1"}],"replies":[{"embeddable":true,"href":"https:\/\/cesarbaggio.fr\/WP\/wp-json\/wp\/v2\/comments?post=686"}],"version-history":[{"count":31,"href":"https:\/\/cesarbaggio.fr\/WP\/wp-json\/wp\/v2\/pages\/686\/revisions"}],"predecessor-version":[{"id":6170,"href":"https:\/\/cesarbaggio.fr\/WP\/wp-json\/wp\/v2\/pages\/686\/revisions\/6170"}],"up":[{"embeddable":true,"href":"https:\/\/cesarbaggio.fr\/WP\/wp-json\/wp\/v2\/pages\/609"}],"wp:attachment":[{"href":"https:\/\/cesarbaggio.fr\/WP\/wp-json\/wp\/v2\/media?parent=686"}],"curies":[{"name":"wp","href":"https:\/\/api.w.org\/{rel}","templated":true}]}}