{"id":684,"date":"2020-11-19T13:57:04","date_gmt":"2020-11-19T12:57:04","guid":{"rendered":"https:\/\/cesarbaggio.fr\/WP\/?page_id=684"},"modified":"2023-12-20T14:51:20","modified_gmt":"2023-12-20T13:51:20","slug":"poursuite-detudes-le-statut-etudiant-et-le-statut-apprenti","status":"publish","type":"page","link":"https:\/\/cesarbaggio.fr\/WP\/formations\/cpge\/ats\/poursuite-detudes-le-statut-etudiant-et-le-statut-apprenti\/","title":{"rendered":"Poursuite d&rsquo;\u00e9tudes : le statut \u00ab \u00c9tudiant \u00bb et le statut \u00ab Apprenti \u00bb"},"content":{"rendered":"\n<hr class=\"wp-block-separator\"\/>\n\n\n\n<div class=\"wp-block-columns is-layout-flex wp-container-core-columns-is-layout-28f84493 wp-block-columns-is-layout-flex\">\n<div class=\"wp-block-column is-layout-flow wp-block-column-is-layout-flow\" style=\"flex-basis:66.66%\">\n<p style=\"text-align: justify;\"><span style=\"font-family: Helvetica;\">Il existe deux voies possibles pour devenir ing\u00e9nieur \u00e0\u00a0 l&rsquo;issue de la classe pr\u00e9paratoire ATS. La formation peut se faire sous<strong>\u00a0statut \u00e9tudiant<\/strong>\u00a0ou sous\u00a0<strong>statut apprenti<\/strong>. Une \u00e9cole d&rsquo;ing\u00e9nieurs donn\u00e9e peut offrir les deux possibilit\u00e9s, ou une seule d&rsquo;entre elles.<\/span><\/p>\n<p style=\"text-align: justify;\"><strong data-rich-text-format-boundary=\"true\"><span style=\"font-family: Helvetica;\">1. Devenir ing\u00e9nieur sous statut \u00e9tudiant<\/span><br \/><\/strong><span style=\"font-family: Helvetica;\">Il s&rsquo;agit des formations \u00ab\u00a0classiques\u00a0\u00bb d&rsquo;ing\u00e9nieurs. La dur\u00e9e de la scolarit\u00e9 en \u00e9cole est de trois ans. Les futurs ing\u00e9nieurs ont le statut \u00e9tudiant et cotisent donc \u00e0\u00a0 la s\u00e9curit\u00e9 sociale \u00e9tudiants. Ils payent les droits de scolarit\u00e9 et ne sont pas r\u00e9mun\u00e9r\u00e9s pendant leurs \u00e9tudes, sauf lors des stages obligatoires (notamment lors du stage d&rsquo;ing\u00e9nieur de fin d&rsquo;\u00e9tudes, d&rsquo;une dur\u00e9e de 4-6 mois). En contrepartie, ils ont droit aux vacances universitaires.<\/span><br data-rich-text-line-break=\"true\" \/><span style=\"font-family: Helvetica;\">L&rsquo;\u00e9tudiant-ing\u00e9nieur suit des cours en \u00e9cole d&rsquo;ing\u00e9nieurs, avec de nombreux travaux pratiques et projets, compl\u00e9t\u00e9s par des stages sur le terrain et un s\u00e9jour obligatoire \u00e0\u00a0 l&rsquo;\u00e9tranger. Il s&rsquo;agit donc d&rsquo;une\u00a0formation professionnalis\u00e9e sous statut \u00e9tudiant.\u00a0<\/span><br data-rich-text-line-break=\"true\" \/><span style=\"font-family: Helvetica;\">Les dipl\u00f4mes d&rsquo;ing\u00e9nieur d\u00e9livr\u00e9s par les \u00e9coles d&rsquo;ing\u00e9nieurs sont valid\u00e9s par la\u00a0Commission des Titres d&rsquo;Ing\u00e9nieurs (CTI). L&rsquo;ing\u00e9nieur dipl\u00f4m\u00e9 est en outre titulaire du Master 2 et valide donc un total de 300 cr\u00e9dits ECTS.<\/span><strong data-rich-text-format-boundary=\"true\"><br \/><\/strong><\/p>\n<p style=\"text-align: justify;\"><span style=\"font-family: Helvetica;\"><strong data-rich-text-format-boundary=\"true\">2. Devenir ing\u00e9nieur par l&rsquo;apprentissage<br \/><\/strong>De cr\u00e9ation plus r\u00e9cente, les formations d&rsquo;ing\u00e9nieur par apprentissage sont ouvertes aux titulaires d&rsquo;un Bac+2 (BTS ou BUT \u00e0\u00a0 caract\u00e8re scientifique ou \u00e9l\u00e8ves des classes pr\u00e9paratoires).\u00a0<br data-rich-text-line-break=\"true\" \/>L&rsquo;alternance fait de l&rsquo;apprenti ing\u00e9nieur un salari\u00e9, qui signe un contrat d&rsquo;apprentissage avec une entreprise et re\u00e7oit une r\u00e9mun\u00e9ration en fonction de son \u00e2ge et de son avancement dans le cycle de formation. Le salaire minimum des apprentis est d\u00e9fini en pourcentage du SMIC, suivant la grille suivante :\u00a0<strong data-rich-text-format-boundary=\"true\"><br \/><\/strong><\/span><\/p>\n<p style=\"text-align: justify;\"><img decoding=\"async\" class=\"alignleft\" src=\"http:\/\/cesarbaggio.fr\/images\/clip_image002_2.png\" alt=\"L\u2019attribut alt de cette image est vide, son nom de fichier est clip_image002_2.png.\" \/> L&rsquo;apprenti ing\u00e9nieur passe la moiti\u00e9 de son temps dans son entreprise et l&rsquo;autre moiti\u00e9 en \u00e9cole d&rsquo;ing\u00e9nieurs. Il est dispens\u00e9 des frais de scolarit\u00e9 de l&rsquo;\u00e9cole d&rsquo;ing\u00e9nieurs (pay\u00e9s par l&rsquo;entreprise).<\/p>\n<p style=\"text-align: justify;\">Comme la formation sous statut \u00e9tudiant, la formation d&rsquo;ing\u00e9nieur par apprentissage est caract\u00e9ris\u00e9e par :<\/p>\n<ul>\n<li>Un dipl\u00f4me d&rsquo;ing\u00e9nieur valid\u00e9 par la Commission des Titres d&rsquo;Ing\u00e9nieurs<\/li>\n<li>\u00a0L&rsquo;ouverture vers l&rsquo;international<\/li>\n<li style=\"text-align: justify;\">Une insertion professionnelle sans probl\u00e8me Outre le statut et la r\u00e9mun\u00e9ration, la diff\u00e9rence entre les deux types de formation porte sur la p\u00e9dagogie. Tout au long de son cursus, l&rsquo;apprenti ing\u00e9nieur b\u00e9n\u00e9ficie d&rsquo;un double encadrement : un ma\u00eftre d&rsquo;apprentissage au sein de l&rsquo;entreprise et un tuteur-enseignant \u00e0\u00a0 l&rsquo;\u00e9cole. Des rencontres r\u00e9guli\u00e8res permettent d&rsquo;\u00e9valuer les progr\u00e8s accomplis et de d\u00e9finir ensemble les missions. Ainsi, en fin de cursus, l&rsquo;apprenti ing\u00e9nieur se voit le plus souvent confier des missions o\u00f9 son autonomie est grande.\u00a0<\/li>\n<\/ul>\n<p style=\"text-align: justify;\">Les apprentis ing\u00e9nieurs sont des profils recherch\u00e9s. Ils veulent passer rapidement \u00e0\u00a0 l&rsquo;action et se confronter au monde du travail. Pour \u00eatre un bon apprenti, il faut avoir une id\u00e9e du type d&rsquo;entreprise o\u00f9 l&rsquo;on veut travailler, ce qui n\u00e9cessite une maturit\u00e9 plus grande. Les apprentis ing\u00e9nieurs, tr\u00e8s vite confront\u00e9s aux r\u00e9alit\u00e9s \u00e9conomiques, sont nombreux \u00e0\u00a0 cr\u00e9er leur entreprise et \u00e0\u00a0 \u00eatre g\u00e9n\u00e9rateurs d&#8217;emploi.\u00a0<\/p>\n<\/div>\n\n\n\n<div class=\"wp-block-column is-layout-flow wp-block-column-is-layout-flow\" style=\"flex-basis:33.33%\"><div id=\"nav_menu-3\" class=\"widget newsphere-widget widget_nav_menu amr_widget\"><h2 class=\"widget-title widget-title-1\"><span>ATS<\/span><\/h2><div class=\"menu-ats-container\"><ul id=\"menu-ats\" class=\"menu\"><li id=\"menu-item-699\" class=\"menu-item menu-item-type-post_type menu-item-object-page menu-item-699\"><a href=\"https:\/\/cesarbaggio.fr\/WP\/formations\/cpge\/ats\/pourquoi-et-a-qui-sadresse-la-classe-preparatoire-ats\/\">Pourquoi et \u00e0  qui s\u2019adresse la classe pr\u00e9paratoire ATS<\/a><\/li>\n<li id=\"menu-item-698\" class=\"menu-item menu-item-type-post_type menu-item-object-page menu-item-698\"><a href=\"https:\/\/cesarbaggio.fr\/WP\/formations\/cpge\/ats\/organisation-hebdomadaire-de-la-classe\/\">Organisation hebdomadaire de la classe<\/a><\/li>\n<li id=\"menu-item-697\" class=\"menu-item menu-item-type-post_type menu-item-object-page menu-item-697\"><a href=\"https:\/\/cesarbaggio.fr\/WP\/formations\/cpge\/ats\/contenus-et-objectifs-des-enseignements\/\">Contenus et objectifs des enseignements<\/a><\/li>\n<li id=\"menu-item-696\" class=\"menu-item menu-item-type-post_type menu-item-object-page menu-item-696\"><a href=\"https:\/\/cesarbaggio.fr\/WP\/formations\/cpge\/ats\/statistiques-de-la-classe\/\">Statistiques de la classe<\/a><\/li>\n<li id=\"menu-item-695\" class=\"menu-item menu-item-type-post_type menu-item-object-page menu-item-695\"><a href=\"https:\/\/cesarbaggio.fr\/WP\/formations\/cpge\/ats\/poursuite-detudes-le-statut-etudiant-et-le-statut-apprenti\/\">Poursuite d\u2019\u00e9tudes : le statut \u00ab \u00c9tudiant \u00bb et le statut \u00ab Apprenti \u00bb<\/a><\/li>\n<li id=\"menu-item-694\" class=\"menu-item menu-item-type-post_type menu-item-object-page menu-item-694\"><a href=\"https:\/\/cesarbaggio.fr\/WP\/formations\/cpge\/ats\/comment-entrer-en-prepa-ats\/\">Comment entrer en pr\u00e9pa ATS ?<\/a><\/li>\n<li id=\"menu-item-1958\" class=\"menu-item menu-item-type-taxonomy menu-item-object-category menu-item-1958\"><a href=\"https:\/\/cesarbaggio.fr\/WP\/category\/actualite-cpge\/\">Actualit\u00e9 &#8211; CPGE<\/a><\/li>\n<li id=\"menu-item-1959\" class=\"menu-item menu-item-type-taxonomy menu-item-object-category menu-item-1959\"><a href=\"https:\/\/cesarbaggio.fr\/WP\/category\/temoignage-cpge\/\">T\u00e9moignage &#8211; CPGE<\/a><\/li>\n<li id=\"menu-item-693\" class=\"menu-item menu-item-type-post_type menu-item-object-page menu-item-693\"><a href=\"https:\/\/cesarbaggio.fr\/WP\/formations\/cpge\/ats\/informations-pratiques\/\">Informations pratiques<\/a><\/li>\n<\/ul><\/div><\/div>\n\n\n\n<div class=\"wp-block-blockspare-blockspare-social-links blockspare-dcd33533-9772-4 blockspare-socaillink-block blockspare-sociallinks-left\" blockspare-animation=\"\"><style>.blockspare-dcd33533-9772-4 .blockspare-social-wrapper{text-align:left;margin-top:30px;margin-right:0px;margin-bottom:30px;margin-left:0px}<\/style><div class=\"blockspare-social-wrapper\"><ul class=\"blockspare-social-links blockspare-default-official-color blockspare-social-icon-circle blockspare-social-icon-medium blockspare-icon-only blockspare-social-icon-solid blockspare-social-links-horizontal\"><li class=\"blockspare-hover-item\"><a href=\"https:\/\/fr-fr.facebook.com\/prepabaggio\/\" class=\"bs-social-facebook\" target=\"_blank\" rel=\"noopener noreferrer nofollow\"><span class=\"blockspare-social-icons\"><i class=\"fab fa-facebook-f\"><\/i> <span class=\"screen-reader-text\">facebook<\/span><\/span><\/a><\/li><li class=\"blockspare-hover-item\"><a href=\"https:\/\/www.youtube.com\/channel\/UCRR1M3fKaxZa8C-_BNBQ7jg\" class=\"bs-social-youtube\" target=\"_blank\" rel=\"noopener noreferrer nofollow\"><span class=\"blockspare-social-icons\"><i class=\"fab fa-youtube\"><\/i><span class=\"screen-reader-text\">YouTube<\/span><\/span><\/a><\/li><\/ul><\/div><\/div>\n<\/div>\n<\/div>\n\n\n\n<p><\/p>\n","protected":false},"excerpt":{"rendered":"<p>Il existe deux voies possibles pour devenir ing\u00e9nieur \u00e0\u00a0 l&rsquo;issue de la classe pr\u00e9paratoire ATS&#8230;.<\/p>\n","protected":false},"author":1,"featured_media":0,"parent":609,"menu_order":1,"comment_status":"closed","ping_status":"closed","template":"","meta":{"footnotes":""},"class_list":["post-684","page","type-page","status-publish","hentry"],"jetpack_sharing_enabled":true,"_links":{"self":[{"href":"https:\/\/cesarbaggio.fr\/WP\/wp-json\/wp\/v2\/pages\/684","targetHints":{"allow":["GET"]}}],"collection":[{"href":"https:\/\/cesarbaggio.fr\/WP\/wp-json\/wp\/v2\/pages"}],"about":[{"href":"https:\/\/cesarbaggio.fr\/WP\/wp-json\/wp\/v2\/types\/page"}],"author":[{"embeddable":true,"href":"https:\/\/cesarbaggio.fr\/WP\/wp-json\/wp\/v2\/users\/1"}],"replies":[{"embeddable":true,"href":"https:\/\/cesarbaggio.fr\/WP\/wp-json\/wp\/v2\/comments?post=684"}],"version-history":[{"count":5,"href":"https:\/\/cesarbaggio.fr\/WP\/wp-json\/wp\/v2\/pages\/684\/revisions"}],"predecessor-version":[{"id":4761,"href":"https:\/\/cesarbaggio.fr\/WP\/wp-json\/wp\/v2\/pages\/684\/revisions\/4761"}],"up":[{"embeddable":true,"href":"https:\/\/cesarbaggio.fr\/WP\/wp-json\/wp\/v2\/pages\/609"}],"wp:attachment":[{"href":"https:\/\/cesarbaggio.fr\/WP\/wp-json\/wp\/v2\/media?parent=684"}],"curies":[{"name":"wp","href":"https:\/\/api.w.org\/{rel}","templated":true}]}}