{"id":682,"date":"2020-11-19T13:55:55","date_gmt":"2020-11-19T12:55:55","guid":{"rendered":"https:\/\/cesarbaggio.fr\/WP\/?page_id=682"},"modified":"2023-03-06T10:25:51","modified_gmt":"2023-03-06T09:25:51","slug":"statistiques-de-la-classe","status":"publish","type":"page","link":"https:\/\/cesarbaggio.fr\/WP\/formations\/cpge\/ats\/statistiques-de-la-classe\/","title":{"rendered":"Statistiques de la classe"},"content":{"rendered":"\n<hr class=\"wp-block-separator\"\/>\n\n\n\n<div class=\"wp-block-columns is-layout-flex wp-container-core-columns-is-layout-28f84493 wp-block-columns-is-layout-flex\">\n<div class=\"wp-block-column is-layout-flow wp-block-column-is-layout-flow\" style=\"flex-basis:66.66%\">\n<ol>\n<li><strong> Composition des derni\u00e8res promotions<\/strong><\/li>\n<\/ol>\n<p><img loading=\"lazy\" decoding=\"async\" class=\"aligncenter size-full wp-image-2271\" src=\"https:\/\/cesarbaggio.fr\/WP\/wp-content\/uploads\/2021\/03\/Ats-stat-1.png\" alt=\"\" width=\"860\" height=\"304\" srcset=\"https:\/\/cesarbaggio.fr\/WP\/wp-content\/uploads\/2021\/03\/Ats-stat-1.png 860w, https:\/\/cesarbaggio.fr\/WP\/wp-content\/uploads\/2021\/03\/Ats-stat-1-300x106.png 300w, https:\/\/cesarbaggio.fr\/WP\/wp-content\/uploads\/2021\/03\/Ats-stat-1-768x271.png 768w, https:\/\/cesarbaggio.fr\/WP\/wp-content\/uploads\/2021\/03\/Ats-stat-1-24x8.png 24w, https:\/\/cesarbaggio.fr\/WP\/wp-content\/uploads\/2021\/03\/Ats-stat-1-36x13.png 36w, https:\/\/cesarbaggio.fr\/WP\/wp-content\/uploads\/2021\/03\/Ats-stat-1-48x17.png 48w\" sizes=\"auto, (max-width: 860px) 100vw, 860px\" \/><\/p>\n<ol start=\"2\">\n<li><strong> Types de formations int\u00e9gr\u00e9es<\/strong><\/li>\n<\/ol>\n<p><img loading=\"lazy\" decoding=\"async\" class=\"aligncenter  wp-image-2272\" src=\"https:\/\/cesarbaggio.fr\/WP\/wp-content\/uploads\/2021\/03\/ats-stat-2.png\" alt=\"\" width=\"405\" height=\"281\" srcset=\"https:\/\/cesarbaggio.fr\/WP\/wp-content\/uploads\/2021\/03\/ats-stat-2.png 474w, https:\/\/cesarbaggio.fr\/WP\/wp-content\/uploads\/2021\/03\/ats-stat-2-300x208.png 300w, https:\/\/cesarbaggio.fr\/WP\/wp-content\/uploads\/2021\/03\/ats-stat-2-24x17.png 24w, https:\/\/cesarbaggio.fr\/WP\/wp-content\/uploads\/2021\/03\/ats-stat-2-36x25.png 36w, https:\/\/cesarbaggio.fr\/WP\/wp-content\/uploads\/2021\/03\/ats-stat-2-48x33.png 48w\" sizes=\"auto, (max-width: 405px) 100vw, 405px\" \/><\/p>\n<ol start=\"3\">\n<li><strong> Derni\u00e8res \u00e9coles d\u2019ing\u00e9nieurs int\u00e9gr\u00e9es<\/strong><\/li>\n<\/ol>\n\n\n\n<h1>Pas de complexe\u00a0!<\/h1>\n<p>Ci-dessous, les int\u00e9grations de 33 \u00e9tudiants des 3 derni\u00e8res promotions<\/p>\n<p><img loading=\"lazy\" decoding=\"async\" class=\"aligncenter size-full wp-image-4208\" src=\"https:\/\/cesarbaggio.fr\/WP\/wp-content\/uploads\/2023\/03\/image_2023-03-06_094807372.png\" alt=\"\" width=\"1187\" height=\"727\" srcset=\"https:\/\/cesarbaggio.fr\/WP\/wp-content\/uploads\/2023\/03\/image_2023-03-06_094807372.png 1187w, https:\/\/cesarbaggio.fr\/WP\/wp-content\/uploads\/2023\/03\/image_2023-03-06_094807372-300x184.png 300w, https:\/\/cesarbaggio.fr\/WP\/wp-content\/uploads\/2023\/03\/image_2023-03-06_094807372-1024x627.png 1024w, https:\/\/cesarbaggio.fr\/WP\/wp-content\/uploads\/2023\/03\/image_2023-03-06_094807372-768x470.png 768w, https:\/\/cesarbaggio.fr\/WP\/wp-content\/uploads\/2023\/03\/image_2023-03-06_094807372-24x15.png 24w, https:\/\/cesarbaggio.fr\/WP\/wp-content\/uploads\/2023\/03\/image_2023-03-06_094807372-36x22.png 36w, https:\/\/cesarbaggio.fr\/WP\/wp-content\/uploads\/2023\/03\/image_2023-03-06_094807372-48x29.png 48w\" sizes=\"auto, (max-width: 1187px) 100vw, 1187px\" \/><\/p>\n<p style=\"text-align: center;\">Parmi eux, certains \u00e9taient aussi admis aux \u00c9coles Centrales de Nantes, Lille, Marseille, ou \u00e0 l\u2019ENS de Rennes\u2026 mais ces \u00e9coles ne correspondaient pas \u00e0 leur projet professionnel.<\/p>\n<p style=\"text-align: center;\">50 autres \u00e9tudiants ont int\u00e9gr\u00e9 en formation initiale ou en apprentissage d\u2019autres \u00e9coles parmi lesquelles\u00a0:<\/p>\n<table>\n<tbody>\n<tr>\n<td width=\"141\">\n<p>ENSERB<\/p>\n<\/td>\n<td width=\"180\">\n<p>ESTIA<\/p>\n<\/td>\n<td width=\"132\">\n<p>ENSIBS<\/p>\n<\/td>\n<\/tr>\n<tr>\n<td width=\"141\">\n<p>ENSAIT<\/p>\n<\/td>\n<td width=\"180\">\n<p>ELISA A\u00e9rospace<\/p>\n<\/td>\n<td width=\"132\">\n<p>EILCO<\/p>\n<\/td>\n<\/tr>\n<tr>\n<td width=\"141\">\n<p>Les Polytech<\/p>\n<\/td>\n<td width=\"180\">\n<p>EIGSI<\/p>\n<\/td>\n<td width=\"132\">\n<p>ENI Metz<\/p>\n<\/td>\n<\/tr>\n<tr>\n<td width=\"141\">\n<p>Les ECAM<\/p>\n<\/td>\n<td width=\"180\">\n<p>ISEN<\/p>\n<\/td>\n<td width=\"132\">\n<p>HEI<\/p>\n<\/td>\n<\/tr>\n<tr>\n<td width=\"141\">\n<p>\u00a0<\/p>\n<\/td>\n<td width=\"180\">\n<p>CESI<\/p>\n<\/td>\n<td width=\"132\">\n<p>\u00a0<\/p>\n<\/td>\n<\/tr>\n<\/tbody>\n<\/table>\n<p>\u00a0<\/p>\n<p>\u00a0<\/p>\n<p style=\"text-align: justify;\">Les diagrammes ci-dessous identifient les \u00e9coles d\u2019ing\u00e9nieurs effectivement int\u00e9gr\u00e9es par les \u00e9tudiants des derni\u00e8res promotions.<\/p>\n<p>\u00c0 savoir que certains de nos \u00e9tudiants ont \u00e9t\u00e9 admis dans d\u2019autres \u00e9coles comme Centrale Nantes, Centrale Lille, l\u2019ENS de Rennes, le Cnam- ISAE Supaero, l\u2019UT de Troyes notamment mais que, pour des raisons qui leurs sont personnelles, leur choix s\u2019est port\u00e9 sur une autre \u00e9cole.<\/p>\n\n\n\n<div class=\"wp-block-columns is-layout-flex wp-container-core-columns-is-layout-28f84493 wp-block-columns-is-layout-flex\">\n<div class=\"wp-block-column is-layout-flow wp-block-column-is-layout-flow\" style=\"flex-basis:66.66%\">\n<p><img decoding=\"async\" class=\"size-full wp-image-2273\" src=\"https:\/\/cesarbaggio.fr\/WP\/wp-content\/uploads\/2021\/03\/ats-stat-3.png\" alt=\"\" width=\"100%\" height=\"100%\" srcset=\"https:\/\/cesarbaggio.fr\/WP\/wp-content\/uploads\/2021\/03\/ats-stat-3.png 591w, https:\/\/cesarbaggio.fr\/WP\/wp-content\/uploads\/2021\/03\/ats-stat-3-300x269.png 300w, https:\/\/cesarbaggio.fr\/WP\/wp-content\/uploads\/2021\/03\/ats-stat-3-24x21.png 24w, https:\/\/cesarbaggio.fr\/WP\/wp-content\/uploads\/2021\/03\/ats-stat-3-36x32.png 36w, https:\/\/cesarbaggio.fr\/WP\/wp-content\/uploads\/2021\/03\/ats-stat-3-48x43.png 48w\" sizes=\"(max-width: 591px) 100vw, 591px\" \/><\/p>\n<p><img decoding=\"async\" class=\"aligncenter size-full wp-image-2274\" src=\"https:\/\/cesarbaggio.fr\/WP\/wp-content\/uploads\/2021\/03\/ats-Stat-5.png\" alt=\"\" width=\"100%\" height=\"100%\" srcset=\"https:\/\/cesarbaggio.fr\/WP\/wp-content\/uploads\/2021\/03\/ats-Stat-5.png 595w, https:\/\/cesarbaggio.fr\/WP\/wp-content\/uploads\/2021\/03\/ats-Stat-5-300x265.png 300w, https:\/\/cesarbaggio.fr\/WP\/wp-content\/uploads\/2021\/03\/ats-Stat-5-24x21.png 24w, https:\/\/cesarbaggio.fr\/WP\/wp-content\/uploads\/2021\/03\/ats-Stat-5-36x32.png 36w, https:\/\/cesarbaggio.fr\/WP\/wp-content\/uploads\/2021\/03\/ats-Stat-5-48x42.png 48w\" sizes=\"(max-width: 595px) 100vw, 595px\" \/><\/p>\n<p><img decoding=\"async\" class=\"aligncenter size-full wp-image-2275\" src=\"https:\/\/cesarbaggio.fr\/WP\/wp-content\/uploads\/2021\/03\/Ats-Stat-7png.png\" alt=\"\" width=\"100%\" height=\"100%\" srcset=\"https:\/\/cesarbaggio.fr\/WP\/wp-content\/uploads\/2021\/03\/Ats-Stat-7png.png 593w, https:\/\/cesarbaggio.fr\/WP\/wp-content\/uploads\/2021\/03\/Ats-Stat-7png-300x263.png 300w, https:\/\/cesarbaggio.fr\/WP\/wp-content\/uploads\/2021\/03\/Ats-Stat-7png-24x21.png 24w, https:\/\/cesarbaggio.fr\/WP\/wp-content\/uploads\/2021\/03\/Ats-Stat-7png-36x32.png 36w, https:\/\/cesarbaggio.fr\/WP\/wp-content\/uploads\/2021\/03\/Ats-Stat-7png-48x42.png 48w\" sizes=\"(max-width: 593px) 100vw, 593px\" \/><\/p>\n<\/div>\n\n\n\n<div class=\"wp-block-column is-layout-flow wp-block-column-is-layout-flow\" style=\"flex-basis:33.33%\">\n<p><img loading=\"lazy\" decoding=\"async\" class=\"size-full wp-image-2277 aligncenter\" src=\"https:\/\/cesarbaggio.fr\/WP\/wp-content\/uploads\/2021\/03\/ats-stat6.png\" alt=\"\" width=\"110\" height=\"1087\" srcset=\"https:\/\/cesarbaggio.fr\/WP\/wp-content\/uploads\/2021\/03\/ats-stat6.png 110w, https:\/\/cesarbaggio.fr\/WP\/wp-content\/uploads\/2021\/03\/ats-stat6-5x48.png 5w\" sizes=\"auto, (max-width: 110px) 100vw, 110px\" \/><\/p>\n<\/div>\n<\/div>\n\n\n\n<p style=\"text-align: justify;\">Les statistiques portant sur les promotions 2015 \u00e0&nbsp; 2018 (178 \u00e9tudiants au total), les \u00e9coles accessibles par concours, sur dossier, en formation initiale ou en alternance sont disponibles&nbsp;<a href=\"http:\/\/www.cesarbaggio.fr\/plaquette\/CPGE_ATS_Bilan2019.pdf\">ICI<\/a><\/p>\n<\/div>\n\n\n\n<div class=\"wp-block-column is-layout-flow wp-block-column-is-layout-flow\" style=\"flex-basis:33.33%\"><div id=\"nav_menu-3\" class=\"widget newsphere-widget widget_nav_menu amr_widget\"><h2 class=\"widget-title widget-title-1\"><span>ATS<\/span><\/h2><div class=\"menu-ats-container\"><ul id=\"menu-ats\" class=\"menu\"><li id=\"menu-item-699\" class=\"menu-item menu-item-type-post_type menu-item-object-page menu-item-699\"><a href=\"https:\/\/cesarbaggio.fr\/WP\/formations\/cpge\/ats\/pourquoi-et-a-qui-sadresse-la-classe-preparatoire-ats\/\">Pourquoi et \u00e0  qui s\u2019adresse la classe pr\u00e9paratoire ATS<\/a><\/li>\n<li id=\"menu-item-698\" class=\"menu-item menu-item-type-post_type menu-item-object-page menu-item-698\"><a href=\"https:\/\/cesarbaggio.fr\/WP\/formations\/cpge\/ats\/organisation-hebdomadaire-de-la-classe\/\">Organisation hebdomadaire de la classe<\/a><\/li>\n<li id=\"menu-item-697\" class=\"menu-item menu-item-type-post_type menu-item-object-page menu-item-697\"><a href=\"https:\/\/cesarbaggio.fr\/WP\/formations\/cpge\/ats\/contenus-et-objectifs-des-enseignements\/\">Contenus et objectifs des enseignements<\/a><\/li>\n<li id=\"menu-item-696\" class=\"menu-item menu-item-type-post_type menu-item-object-page menu-item-696\"><a href=\"https:\/\/cesarbaggio.fr\/WP\/formations\/cpge\/ats\/statistiques-de-la-classe\/\">Statistiques de la classe<\/a><\/li>\n<li id=\"menu-item-695\" class=\"menu-item menu-item-type-post_type menu-item-object-page menu-item-695\"><a href=\"https:\/\/cesarbaggio.fr\/WP\/formations\/cpge\/ats\/poursuite-detudes-le-statut-etudiant-et-le-statut-apprenti\/\">Poursuite d\u2019\u00e9tudes : le statut \u00ab \u00c9tudiant \u00bb et le statut \u00ab Apprenti \u00bb<\/a><\/li>\n<li id=\"menu-item-694\" class=\"menu-item menu-item-type-post_type menu-item-object-page menu-item-694\"><a href=\"https:\/\/cesarbaggio.fr\/WP\/formations\/cpge\/ats\/comment-entrer-en-prepa-ats\/\">Comment entrer en pr\u00e9pa ATS ?<\/a><\/li>\n<li id=\"menu-item-1958\" class=\"menu-item menu-item-type-taxonomy menu-item-object-category menu-item-1958\"><a href=\"https:\/\/cesarbaggio.fr\/WP\/category\/actualite-cpge\/\">Actualit\u00e9 &#8211; CPGE<\/a><\/li>\n<li id=\"menu-item-1959\" class=\"menu-item menu-item-type-taxonomy menu-item-object-category menu-item-1959\"><a href=\"https:\/\/cesarbaggio.fr\/WP\/category\/temoignage-cpge\/\">T\u00e9moignage &#8211; CPGE<\/a><\/li>\n<li id=\"menu-item-693\" class=\"menu-item menu-item-type-post_type menu-item-object-page menu-item-693\"><a href=\"https:\/\/cesarbaggio.fr\/WP\/formations\/cpge\/ats\/informations-pratiques\/\">Informations pratiques<\/a><\/li>\n<\/ul><\/div><\/div>\n\n\n\n<div class=\"wp-block-blockspare-blockspare-social-links blockspare-813b8ca9-dc94-4 blockspare-socaillink-block\" blockspare-animation=\"\"><style>.blockspare-813b8ca9-dc94-4 .blockspare-social-wrapper{text-align:left;margin-top:30px;margin-right:0px;margin-bottom:30px;margin-left:0px}<\/style><div class=\"blockspare-social-wrapper\"><ul class=\"blockspare-social-links blockspare-default-official-color blockspare-social-icon-circle blockspare-social-icon-medium blockspare-icon-only blockspare-social-icon-solid blockspare-social-links-horizontal\"><li><a href=\"https:\/\/fr-fr.facebook.com\/prepabaggio\/\" class=\"\" target=\"_blank\" rel=\"noopener noreferrer nofollow\"><span class=\"blockspare-social-icons\"><i class=\"fab fa-facebook-f\"><\/i> <span class=\"screen-reader-text\">facebook<\/span><\/span><\/a><\/li><li><a href=\"https:\/\/www.youtube.com\/channel\/UCRR1M3fKaxZa8C-_BNBQ7jg\" class=\"\" target=\"_blank\" rel=\"noopener noreferrer nofollow\"><span class=\"blockspare-social-icons\"><i class=\"fab fa-youtube\"><\/i><span class=\"screen-reader-text\">YouTube<\/span><\/span><\/a><\/li><\/ul><\/div><\/div>\n<\/div>\n<\/div>\n\n\n\n<p><\/p>\n","protected":false},"excerpt":{"rendered":"<p>Composition des derni\u00e8res promotions Types de formations int\u00e9gr\u00e9es Derni\u00e8res \u00e9coles d\u2019ing\u00e9nieurs int\u00e9gr\u00e9es Pas de complexe\u00a0!&#8230;<\/p>\n","protected":false},"author":1,"featured_media":0,"parent":609,"menu_order":0,"comment_status":"closed","ping_status":"closed","template":"","meta":{"footnotes":""},"class_list":["post-682","page","type-page","status-publish","hentry"],"jetpack_sharing_enabled":true,"_links":{"self":[{"href":"https:\/\/cesarbaggio.fr\/WP\/wp-json\/wp\/v2\/pages\/682","targetHints":{"allow":["GET"]}}],"collection":[{"href":"https:\/\/cesarbaggio.fr\/WP\/wp-json\/wp\/v2\/pages"}],"about":[{"href":"https:\/\/cesarbaggio.fr\/WP\/wp-json\/wp\/v2\/types\/page"}],"author":[{"embeddable":true,"href":"https:\/\/cesarbaggio.fr\/WP\/wp-json\/wp\/v2\/users\/1"}],"replies":[{"embeddable":true,"href":"https:\/\/cesarbaggio.fr\/WP\/wp-json\/wp\/v2\/comments?post=682"}],"version-history":[{"count":10,"href":"https:\/\/cesarbaggio.fr\/WP\/wp-json\/wp\/v2\/pages\/682\/revisions"}],"predecessor-version":[{"id":4210,"href":"https:\/\/cesarbaggio.fr\/WP\/wp-json\/wp\/v2\/pages\/682\/revisions\/4210"}],"up":[{"embeddable":true,"href":"https:\/\/cesarbaggio.fr\/WP\/wp-json\/wp\/v2\/pages\/609"}],"wp:attachment":[{"href":"https:\/\/cesarbaggio.fr\/WP\/wp-json\/wp\/v2\/media?parent=682"}],"curies":[{"name":"wp","href":"https:\/\/api.w.org\/{rel}","templated":true}]}}