{"id":680,"date":"2020-11-19T13:54:40","date_gmt":"2020-11-19T12:54:40","guid":{"rendered":"https:\/\/cesarbaggio.fr\/WP\/?page_id=680"},"modified":"2021-08-25T11:52:42","modified_gmt":"2021-08-25T09:52:42","slug":"contenus-et-objectifs-des-enseignements","status":"publish","type":"page","link":"https:\/\/cesarbaggio.fr\/WP\/formations\/cpge\/ats\/contenus-et-objectifs-des-enseignements\/","title":{"rendered":"Contenus et objectifs des enseignements"},"content":{"rendered":"\n<hr class=\"wp-block-separator\"\/>\n\n\n\n<p><br> <\/p>\n\n\n\n<div class=\"wp-block-columns is-layout-flex wp-container-core-columns-is-layout-28f84493 wp-block-columns-is-layout-flex\">\n<div class=\"wp-block-column is-layout-flow wp-block-column-is-layout-flow\" style=\"flex-basis:66.66%\">\n<p><strong data-rich-text-format-boundary=\"true\"> <img decoding=\"async\" class=\"alignleft\" src=\"http:\/\/cesarbaggio.fr\/images\/clip_image002.jpg\" alt=\"..\/..\/..\/..\/..\/..\/..\/..\/..\/Volumes\/DMS\/Photos%20Baggio\/Photos%20mini-immers\" \/>Les Math\u00e9matiques en A.T.S.<\/strong><\/p>\n<p><strong data-rich-text-format-boundary=\"true\">Objectifs<\/strong><br data-rich-text-line-break=\"true\" \/>Apporter aux \u00e9tudiants les outils math\u00e9matiques dont ils auront besoin en physique, en sciences de l&rsquo;ing\u00e9nieur et dans les \u00e9coles d&rsquo;ing\u00e9nieurs.<\/p>\n<p><strong data-rich-text-format-boundary=\"true\">Organisation P\u00e9dagogique.<\/strong><br data-rich-text-line-break=\"true\" \/>Plus de la moiti\u00e9 de l&rsquo;horaire est consacr\u00e9 \u00e0\u00a0 des s\u00e9ances d&rsquo;exercices. Ceci permet aux \u00e9tudiants d&rsquo;assimiler \u00e0\u00a0 leur rythme, quelle que soit leur sp\u00e9cialit\u00e9 d&rsquo;origine, les notions abord\u00e9es auparavant en cours magistral.<\/p>\n<p style=\"text-align: center;\"><a href=\"http:\/\/www.cesarbaggio.fr\/plaquette\/maths_ats.pdf\" target=\"_blank\" rel=\"noreferrer noopener\" data-rich-text-format-boundary=\"true\">Cliquer ici pour plus d&rsquo;informations sur les math\u00e9matiques en ATS<\/a><\/p>\n<p>\u00a0<\/p>\n\n\n\n<p><strong>La Physique en A.T.S. :<\/strong><br><br><strong>Objectifs<\/strong>&nbsp;<br>&#8211; Homog\u00e9n\u00e9iser des publics d&rsquo;origines diverses.&nbsp;<br>&#8211; Compl\u00e9ter et enrichir, par le biais d&rsquo;une approche plus m\u00e9thodique et conceptuelle, le savoir-faire et la pratique ant\u00e9rieure de l&rsquo;\u00e9tudiant.&nbsp;<br>&#8211; D\u00e9velopper rigueur et sens critique.&nbsp;<br><br><strong>Organisation P\u00e9dagogique<\/strong><br>&#8211; Le cours conforte les connaissances fondamentales.&nbsp;<br>&#8211; Il est suivi et illustr\u00e9 de travaux dirig\u00e9s et de travaux pratiques qui offrent \u00e0&nbsp; l&rsquo;\u00e9tudiant un soutien et une aide personnalis\u00e9s.<br><br><br><strong>Les Sciences Industrielles (M\u00e9catronique) en A.T.S. :&nbsp;<\/strong><br><br><strong>Objectifs&nbsp;<\/strong><br>&#8211; Homog\u00e9n\u00e9iser et organiser scientifiquement les connaissances dans le domaine des Sciences Industrielles, ind\u00e9pendamment de la sp\u00e9cialit\u00e9 d&rsquo;origine.<\/p>\n\n\n\n<p>&#8211; D\u00e9velopper les capacit\u00e9s d&rsquo;analyse n\u00e9cessaires \u00e0\u00a0 la mod\u00e9lisation des syst\u00e8mes et \u00e0\u00a0 la r\u00e9solution des probl\u00e8mes industriels<br><br><strong>Organisation P\u00e9dagogique<\/strong><br>&#8211; Le cours ne fait appel \u00e0\u00a0 aucun pr\u00e9-requis. Il s&rsquo;adresse \u00e0\u00a0 tous les \u00e9tudiants quelle que soit leur formation initiale.<br>&#8211; Les travaux dirig\u00e9s aident \u00e0\u00a0 l&rsquo;assimilation des connaissances th\u00e9oriques, \u00e0\u00a0 leur mise en pratique, favorisent l&rsquo;acquisition des m\u00e9thodes d&rsquo;analyse des probl\u00e8mes. Ils participent au renforcement des comp\u00e9tences\u00a0d&rsquo;origine et permettent aux \u00e9tudiants de s&rsquo;adapter aux sp\u00e9cialit\u00e9s des \u00e9coles vis\u00e9es.<br><br><br><strong>Le Fran\u00e7ais en A.T.S. :<\/strong><br><br><strong>Objectifs<\/strong><br>&#8211; Ma\u00eftriser les techniques d&rsquo;expression et de communication.\u00a0<br>&#8211; Pr\u00e9parer aux concours \u00e9crits : r\u00e9sum\u00e9 et commentaire portant sur le programme A.T.S.\u00a0<br>&#8211; Pr\u00e9parer aux concours oraux : entretiens de motivation.<br><br><strong>Organisation P\u00e9dagogique<\/strong><br>&#8211; Deux heures hebdomadaires de cours en classe enti\u00e8re consacr\u00e9es \u00e0\u00a0 l&rsquo;\u00e9tude du programme.\u00a0<br>&#8211; Une heure hebdomadaire de travaux dirig\u00e9s en demi-classe r\u00e9serv\u00e9e \u00e0\u00a0 des exercices d&rsquo;entra\u00efnement \u00e0\u00a0 l&rsquo;\u00e9crit et \u00e0\u00a0 l&rsquo;oral<br><br><br><strong>L&rsquo;anglais en A.T.S. :\u00a0<\/strong><br><br><strong>Objectifs<\/strong><br>&#8211; Compl\u00e9ter les connaissances de la grammaire de base.\u00a0<br>&#8211; Elargir la compr\u00e9hension d&rsquo;articles d&rsquo;actualit\u00e9 ou d&rsquo;opinion en langue anglaise.\u00a0<br>&#8211; Am\u00e9liorer la capacit\u00e9 \u00e0\u00a0 s&rsquo;exprimer oralement sur ces sujets.\u00a0<br><br><strong>Organisation P\u00e9dagogique<\/strong><br>&#8211; La p\u00e9dagogie est adapt\u00e9e au niveau tr\u00e8s h\u00e9t\u00e9rog\u00e8ne de la classe.\u00a0<br>&#8211; Une approche graduelle assure une progression des capacit\u00e9s des \u00e9tudiants.<\/p>\n\n\n\n<p><a href=\"https:\/\/cesarbaggio.fr\/WP\/wp-content\/uploads\/2021\/08\/Contenus-des-Cours-ATS.pdf\">Contenus des Cours ATS<\/a><\/p>\n<\/div>\n\n\n\n<div class=\"wp-block-column is-layout-flow wp-block-column-is-layout-flow\" style=\"flex-basis:33.33%\">\n<div id=\"nav_menu-3\" class=\"widget newsphere-widget widget_nav_menu amr_widget\"><h2 class=\"widget-title widget-title-1\"><span>ATS<\/span><\/h2><div class=\"menu-ats-container\"><ul id=\"menu-ats\" class=\"menu\"><li id=\"menu-item-699\" class=\"menu-item menu-item-type-post_type menu-item-object-page menu-item-699\"><a href=\"https:\/\/cesarbaggio.fr\/WP\/formations\/cpge\/ats\/pourquoi-et-a-qui-sadresse-la-classe-preparatoire-ats\/\">Pourquoi et \u00e0  qui s\u2019adresse la classe pr\u00e9paratoire ATS<\/a><\/li>\n<li id=\"menu-item-698\" class=\"menu-item menu-item-type-post_type menu-item-object-page menu-item-698\"><a href=\"https:\/\/cesarbaggio.fr\/WP\/formations\/cpge\/ats\/organisation-hebdomadaire-de-la-classe\/\">Organisation hebdomadaire de la classe<\/a><\/li>\n<li id=\"menu-item-697\" class=\"menu-item menu-item-type-post_type menu-item-object-page menu-item-697\"><a href=\"https:\/\/cesarbaggio.fr\/WP\/formations\/cpge\/ats\/contenus-et-objectifs-des-enseignements\/\">Contenus et objectifs des enseignements<\/a><\/li>\n<li id=\"menu-item-696\" class=\"menu-item menu-item-type-post_type menu-item-object-page menu-item-696\"><a href=\"https:\/\/cesarbaggio.fr\/WP\/formations\/cpge\/ats\/statistiques-de-la-classe\/\">Statistiques de la classe<\/a><\/li>\n<li id=\"menu-item-695\" class=\"menu-item menu-item-type-post_type menu-item-object-page menu-item-695\"><a href=\"https:\/\/cesarbaggio.fr\/WP\/formations\/cpge\/ats\/poursuite-detudes-le-statut-etudiant-et-le-statut-apprenti\/\">Poursuite d\u2019\u00e9tudes : le statut \u00ab \u00c9tudiant \u00bb et le statut \u00ab Apprenti \u00bb<\/a><\/li>\n<li id=\"menu-item-694\" class=\"menu-item menu-item-type-post_type menu-item-object-page menu-item-694\"><a href=\"https:\/\/cesarbaggio.fr\/WP\/formations\/cpge\/ats\/comment-entrer-en-prepa-ats\/\">Comment entrer en pr\u00e9pa ATS ?<\/a><\/li>\n<li id=\"menu-item-1958\" class=\"menu-item menu-item-type-taxonomy menu-item-object-category menu-item-1958\"><a href=\"https:\/\/cesarbaggio.fr\/WP\/category\/actualite-cpge\/\">Actualit\u00e9 &#8211; CPGE<\/a><\/li>\n<li id=\"menu-item-1959\" class=\"menu-item menu-item-type-taxonomy menu-item-object-category menu-item-1959\"><a href=\"https:\/\/cesarbaggio.fr\/WP\/category\/temoignage-cpge\/\">T\u00e9moignage &#8211; CPGE<\/a><\/li>\n<li id=\"menu-item-693\" class=\"menu-item menu-item-type-post_type menu-item-object-page menu-item-693\"><a href=\"https:\/\/cesarbaggio.fr\/WP\/formations\/cpge\/ats\/informations-pratiques\/\">Informations pratiques<\/a><\/li>\n<\/ul><\/div><\/div>\n\n\n\n<div class=\"wp-block-blockspare-blockspare-social-links blockspare-3d0cd47b-b937-4 blockspare-socaillink-block\"><style>.blockspare-3d0cd47b-b937-4 .blockspare-social-wrapper{text-align:left;margin-top:30px;margin-bottom:30px}<\/style><div class=\"blockspare-blocks blockspare-social-wrapper\"><ul class=\"blockspare-social-links blockspare-default-official-color blockspare-social-icon-circle blockspare-social-icon-medium blockspare-icon-only blockspare-social-icon-solid\"><li><a href=\"https:\/\/fr-fr.facebook.com\/prepabaggio\/\" class=\"\" target=\"_blank\" rel=\"noopener noreferrer nofollow\"><span class=\"blockspare-social-icons\"><i class=\"fab fa-facebook-f\"><\/i> <span class=\"screen-reader-text\">facebook<\/span><\/span><\/a><\/li><li><a href=\"https:\/\/www.youtube.com\/channel\/UCRR1M3fKaxZa8C-_BNBQ7jg\" class=\"\" target=\"_blank\" rel=\"noopener noreferrer nofollow\"><span class=\"blockspare-social-icons\"><i class=\"fab fa-youtube\"><\/i><span class=\"screen-reader-text\">YouTube<\/span><\/span><\/a><\/li><\/ul><\/div><\/div>\n<\/div>\n<\/div>\n\n\n\n<p><\/p>\n","protected":false},"excerpt":{"rendered":"<p>Les Math\u00e9matiques en A.T.S. ObjectifsApporter aux \u00e9tudiants les outils math\u00e9matiques dont ils auront besoin en&#8230;<\/p>\n","protected":false},"author":1,"featured_media":0,"parent":609,"menu_order":0,"comment_status":"closed","ping_status":"closed","template":"","meta":{"footnotes":""},"class_list":["post-680","page","type-page","status-publish","hentry"],"jetpack_sharing_enabled":true,"_links":{"self":[{"href":"https:\/\/cesarbaggio.fr\/WP\/wp-json\/wp\/v2\/pages\/680","targetHints":{"allow":["GET"]}}],"collection":[{"href":"https:\/\/cesarbaggio.fr\/WP\/wp-json\/wp\/v2\/pages"}],"about":[{"href":"https:\/\/cesarbaggio.fr\/WP\/wp-json\/wp\/v2\/types\/page"}],"author":[{"embeddable":true,"href":"https:\/\/cesarbaggio.fr\/WP\/wp-json\/wp\/v2\/users\/1"}],"replies":[{"embeddable":true,"href":"https:\/\/cesarbaggio.fr\/WP\/wp-json\/wp\/v2\/comments?post=680"}],"version-history":[{"count":5,"href":"https:\/\/cesarbaggio.fr\/WP\/wp-json\/wp\/v2\/pages\/680\/revisions"}],"predecessor-version":[{"id":3000,"href":"https:\/\/cesarbaggio.fr\/WP\/wp-json\/wp\/v2\/pages\/680\/revisions\/3000"}],"up":[{"embeddable":true,"href":"https:\/\/cesarbaggio.fr\/WP\/wp-json\/wp\/v2\/pages\/609"}],"wp:attachment":[{"href":"https:\/\/cesarbaggio.fr\/WP\/wp-json\/wp\/v2\/media?parent=680"}],"curies":[{"name":"wp","href":"https:\/\/api.w.org\/{rel}","templated":true}]}}