{"id":676,"date":"2020-11-19T13:51:54","date_gmt":"2020-11-19T12:51:54","guid":{"rendered":"https:\/\/cesarbaggio.fr\/WP\/?page_id=676"},"modified":"2023-12-20T10:07:50","modified_gmt":"2023-12-20T09:07:50","slug":"pourquoi-et-a-qui-sadresse-la-classe-preparatoire-ats","status":"publish","type":"page","link":"https:\/\/cesarbaggio.fr\/WP\/formations\/cpge\/ats\/pourquoi-et-a-qui-sadresse-la-classe-preparatoire-ats\/","title":{"rendered":"Pourquoi et \u00e0  qui s&rsquo;adresse la classe pr\u00e9paratoire ATS"},"content":{"rendered":"\n<hr class=\"wp-block-separator\"\/>\n\n\n\n<div class=\"wp-block-columns is-layout-flex wp-container-core-columns-is-layout-28f84493 wp-block-columns-is-layout-flex\">\n<div class=\"wp-block-column is-layout-flow wp-block-column-is-layout-flow\" style=\"flex-basis:66.66%\">\n<p>La classe pr\u00e9paratoire ATS est accessible aux \u00e9tudiant(e)s titulaires d&rsquo;un BTS ou BUT2 industriels, quel que soit leur baccalaur\u00e9at d&rsquo;origine.<\/p>\n\n\n\n<p>Les d\u00e9bouch\u00e9s de la classe d&rsquo;ATS sont tr\u00e8s nombreux : ils vont de l&rsquo;Ecole Centrale de Lille, l&rsquo;ENSEA, l&rsquo;INP Grenoble et l&rsquo;ENSAM par exemple, aux \u00e9coles d&rsquo;ing\u00e9nieurs par alternance (INGHENIA, INSA Haut de France, EI-CESI, Ing\u00e9nieurs 2000&#8230;), en passant par le r\u00e9seau Polytech, les INSA, les Universit\u00e9s de Technologie, l&rsquo;ESGT, l&rsquo;EILCO, l&rsquo;EILCO, l&rsquo;IG2I Centrale, etc<\/p>\n\n\n\n<figure class=\"wp-block-image\"><img decoding=\"async\" src=\"http:\/\/cesarbaggio.fr\/images\/clip_image003.png\" alt=\"L\u2019attribut alt de cette image est vide, son nom de fichier est clip_image003.png.\"\/><\/figure>\n\n\n\n<p>Le rythme de travail en pr\u00e9pa ATS est soutenu mais l&rsquo;acquisition de connaissances est progressive et personnalis\u00e9e. Ceci permet \u00e0&nbsp; chacun d&rsquo;y trouver sa place et d&rsquo;acc\u00e9der en fin d&rsquo;ann\u00e9e \u00e0&nbsp; une \u00e9cole d&rsquo;ing\u00e9nieurs.<\/p>\n\n\n\n<p>Mais, pour devenir ing\u00e9nieur(e) et acc\u00e9der ainsi \u00e0&nbsp; des m\u00e9tiers passionnants, un ingr\u00e9dient essentiel du succ\u00e8s est&#8230; la&nbsp;<strong>motivation<\/strong>&nbsp;!<\/p>\n\n\n\n<figure class=\"wp-block-embed is-type-video is-provider-youtube wp-block-embed-youtube wp-embed-aspect-16-9 wp-has-aspect-ratio\"><div class=\"wp-block-embed__wrapper\">\n<iframe loading=\"lazy\" title=\"L&#039;ATS, une ann\u00e9e difficile ?\" width=\"640\" height=\"360\" src=\"https:\/\/www.youtube.com\/embed\/QbkaQHiDaYk?feature=oembed\" frameborder=\"0\" allow=\"accelerometer; autoplay; clipboard-write; encrypted-media; gyroscope; picture-in-picture; web-share\" referrerpolicy=\"strict-origin-when-cross-origin\" allowfullscreen><\/iframe>\n<\/div><\/figure>\n<\/div>\n\n\n\n<div class=\"wp-block-column is-layout-flow wp-block-column-is-layout-flow\" style=\"flex-basis:33.33%\"><div id=\"nav_menu-3\" class=\"widget newsphere-widget widget_nav_menu amr_widget\"><h2 class=\"widget-title widget-title-1\"><span>ATS<\/span><\/h2><div class=\"menu-ats-container\"><ul id=\"menu-ats\" class=\"menu\"><li id=\"menu-item-699\" class=\"menu-item menu-item-type-post_type menu-item-object-page menu-item-699\"><a href=\"https:\/\/cesarbaggio.fr\/WP\/formations\/cpge\/ats\/pourquoi-et-a-qui-sadresse-la-classe-preparatoire-ats\/\">Pourquoi et \u00e0  qui s\u2019adresse la classe pr\u00e9paratoire ATS<\/a><\/li>\n<li id=\"menu-item-698\" class=\"menu-item menu-item-type-post_type menu-item-object-page menu-item-698\"><a href=\"https:\/\/cesarbaggio.fr\/WP\/formations\/cpge\/ats\/organisation-hebdomadaire-de-la-classe\/\">Organisation hebdomadaire de la classe<\/a><\/li>\n<li id=\"menu-item-697\" class=\"menu-item menu-item-type-post_type menu-item-object-page menu-item-697\"><a href=\"https:\/\/cesarbaggio.fr\/WP\/formations\/cpge\/ats\/contenus-et-objectifs-des-enseignements\/\">Contenus et objectifs des enseignements<\/a><\/li>\n<li id=\"menu-item-696\" class=\"menu-item menu-item-type-post_type menu-item-object-page menu-item-696\"><a href=\"https:\/\/cesarbaggio.fr\/WP\/formations\/cpge\/ats\/statistiques-de-la-classe\/\">Statistiques de la classe<\/a><\/li>\n<li id=\"menu-item-695\" class=\"menu-item menu-item-type-post_type menu-item-object-page menu-item-695\"><a href=\"https:\/\/cesarbaggio.fr\/WP\/formations\/cpge\/ats\/poursuite-detudes-le-statut-etudiant-et-le-statut-apprenti\/\">Poursuite d\u2019\u00e9tudes : le statut \u00ab \u00c9tudiant \u00bb et le statut \u00ab Apprenti \u00bb<\/a><\/li>\n<li id=\"menu-item-694\" class=\"menu-item menu-item-type-post_type menu-item-object-page menu-item-694\"><a href=\"https:\/\/cesarbaggio.fr\/WP\/formations\/cpge\/ats\/comment-entrer-en-prepa-ats\/\">Comment entrer en pr\u00e9pa ATS ?<\/a><\/li>\n<li id=\"menu-item-1958\" class=\"menu-item menu-item-type-taxonomy menu-item-object-category menu-item-1958\"><a href=\"https:\/\/cesarbaggio.fr\/WP\/category\/actualite-cpge\/\">Actualit\u00e9 &#8211; CPGE<\/a><\/li>\n<li id=\"menu-item-1959\" class=\"menu-item menu-item-type-taxonomy menu-item-object-category menu-item-1959\"><a href=\"https:\/\/cesarbaggio.fr\/WP\/category\/temoignage-cpge\/\">T\u00e9moignage &#8211; CPGE<\/a><\/li>\n<li id=\"menu-item-693\" class=\"menu-item menu-item-type-post_type menu-item-object-page menu-item-693\"><a href=\"https:\/\/cesarbaggio.fr\/WP\/formations\/cpge\/ats\/informations-pratiques\/\">Informations pratiques<\/a><\/li>\n<\/ul><\/div><\/div>\n\n\n\n<div class=\"wp-block-blockspare-blockspare-social-links blockspare-c261d561-ca9e-4 blockspare-socaillink-block blockspare-sociallinks-left\" blockspare-animation=\"\"><style>.blockspare-c261d561-ca9e-4 .blockspare-social-wrapper{text-align:left;margin-top:30px;margin-right:0px;margin-bottom:30px;margin-left:0px}<\/style><div class=\"blockspare-social-wrapper\"><ul class=\"blockspare-social-links blockspare-default-official-color blockspare-social-icon-circle blockspare-social-icon-medium blockspare-icon-only blockspare-social-icon-solid blockspare-social-links-horizontal\"><li class=\"blockspare-hover-item\"><a href=\"https:\/\/fr-fr.facebook.com\/prepabaggio\/\" class=\"bs-social-facebook\" target=\"_blank\" rel=\"noopener noreferrer nofollow\"><span class=\"blockspare-social-icons\"><i class=\"fab fa-facebook-f\"><\/i> <span class=\"screen-reader-text\">facebook<\/span><\/span><\/a><\/li><li class=\"blockspare-hover-item\"><a href=\"https:\/\/www.youtube.com\/channel\/UCRR1M3fKaxZa8C-_BNBQ7jg\" class=\"bs-social-youtube\" target=\"_blank\" rel=\"noopener noreferrer nofollow\"><span class=\"blockspare-social-icons\"><i class=\"fab fa-youtube\"><\/i><span class=\"screen-reader-text\">YouTube<\/span><\/span><\/a><\/li><\/ul><\/div><\/div>\n<\/div>\n<\/div>\n\n\n\n<p><\/p>\n\n\n\n<p><\/p>\n","protected":false},"excerpt":{"rendered":"<p>La classe pr\u00e9paratoire ATS est accessible aux \u00e9tudiant(e)s titulaires d&rsquo;un BTS ou BUT2 industriels, quel&#8230;<\/p>\n","protected":false},"author":1,"featured_media":0,"parent":609,"menu_order":0,"comment_status":"closed","ping_status":"closed","template":"","meta":{"footnotes":""},"class_list":["post-676","page","type-page","status-publish","hentry"],"jetpack_sharing_enabled":true,"_links":{"self":[{"href":"https:\/\/cesarbaggio.fr\/WP\/wp-json\/wp\/v2\/pages\/676","targetHints":{"allow":["GET"]}}],"collection":[{"href":"https:\/\/cesarbaggio.fr\/WP\/wp-json\/wp\/v2\/pages"}],"about":[{"href":"https:\/\/cesarbaggio.fr\/WP\/wp-json\/wp\/v2\/types\/page"}],"author":[{"embeddable":true,"href":"https:\/\/cesarbaggio.fr\/WP\/wp-json\/wp\/v2\/users\/1"}],"replies":[{"embeddable":true,"href":"https:\/\/cesarbaggio.fr\/WP\/wp-json\/wp\/v2\/comments?post=676"}],"version-history":[{"count":7,"href":"https:\/\/cesarbaggio.fr\/WP\/wp-json\/wp\/v2\/pages\/676\/revisions"}],"predecessor-version":[{"id":4757,"href":"https:\/\/cesarbaggio.fr\/WP\/wp-json\/wp\/v2\/pages\/676\/revisions\/4757"}],"up":[{"embeddable":true,"href":"https:\/\/cesarbaggio.fr\/WP\/wp-json\/wp\/v2\/pages\/609"}],"wp:attachment":[{"href":"https:\/\/cesarbaggio.fr\/WP\/wp-json\/wp\/v2\/media?parent=676"}],"curies":[{"name":"wp","href":"https:\/\/api.w.org\/{rel}","templated":true}]}}