{"id":6118,"date":"2026-01-21T15:24:04","date_gmt":"2026-01-21T14:24:04","guid":{"rendered":"https:\/\/cesarbaggio.fr\/WP\/?page_id=6118"},"modified":"2026-01-23T10:13:14","modified_gmt":"2026-01-23T09:13:14","slug":"prismelille","status":"publish","type":"page","link":"https:\/\/cesarbaggio.fr\/WP\/prismelille\/","title":{"rendered":"CPES PRISME"},"content":{"rendered":"\n<hr class=\"wp-block-separator has-alpha-channel-opacity\"\/>\n\n\n<p>PRISME : Le Cycle Pluridisciplinaire d\u2019\u00c9tudes Sup\u00e9rieures (CPES)\u00a0<strong>Prisme@Lille\u00a0<\/strong>(parcours renforc\u00e9 en ing\u00e9nierie et sciences vers les masters et les \u00e9coles d\u2019ing\u00e9nieurs \u00e0 lille) est un nouveau parcours innovant de formation post-baccalaur\u00e9at.<\/p>\n<p>Le Lyc\u00e9e C\u00e9sar Baggio, en partenariat \u00e9troit avec l\u2019<b>Universit\u00e9 de Lille<\/b>, l\u2019<b>ENSAIT<\/b>\u00a0et\u00a0<b>Polytech Lille<\/b>, lance\u00a0<b>PRISME<\/b>. Cette formation scientifique post-bac unique en 3 ans offre aux \u00e9tudiants une immersion directe dans le monde des grandes \u00e9coles et de la recherche d\u00e8s la premi\u00e8re ann\u00e9e.<\/p>\n<h3>Une formation, trois lieux de vie<\/h3>\n<p>Contrairement aux cursus classiques, les \u00e9tudiants du parcours PRISME b\u00e9n\u00e9ficient d&rsquo;une exp\u00e9rience multi-sites enrichissante. La formation se d\u00e9ploie sur trois campus majeurs de la m\u00e9tropole lilloise :<\/p>\n<ul>\n<li>\n<p><b>Le Lyc\u00e9e C\u00e9sar Baggio (Lille) :<\/b>\u00a0Pour un encadrement p\u00e9dagogique de proximit\u00e9 et un suivi personnalis\u00e9.<\/p>\n<\/li>\n<li>\n<p><b>Polytech Lille (Villeneuve d&rsquo;Ascq) :<\/b>\u00a0Pour une immersion au c\u0153ur d&rsquo;une grande \u00e9cole d&rsquo;ing\u00e9nieurs g\u00e9n\u00e9raliste.<\/p>\n<\/li>\n<li>\n<p><b>L\u2019ENSAIT (Roubaix) :<\/b>\u00a0Pour d\u00e9couvrir l&rsquo;excellence d&rsquo;une \u00e9cole d&rsquo;ing\u00e9nieurs sp\u00e9cialis\u00e9e et tourn\u00e9e vers l&rsquo;innovation.<\/p>\n<\/li>\n<\/ul>\n<p>Cette alternance permet aux \u00e9tudiants de se familiariser tr\u00e8s t\u00f4t avec les \u00e9quipements de pointe, les laboratoires de recherche et la vie \u00e9tudiante en \u00e9cole de futurs ing\u00e9nieurs.<\/p>\n<p><img loading=\"lazy\" decoding=\"async\" class=\"aligncenter size-full wp-image-6136\" src=\"https:\/\/cesarbaggio.fr\/WP\/wp-content\/uploads\/2026\/01\/parcour-Prisme.png\" alt=\"\" width=\"826\" height=\"772\" srcset=\"https:\/\/cesarbaggio.fr\/WP\/wp-content\/uploads\/2026\/01\/parcour-Prisme.png 826w, https:\/\/cesarbaggio.fr\/WP\/wp-content\/uploads\/2026\/01\/parcour-Prisme-300x280.png 300w, https:\/\/cesarbaggio.fr\/WP\/wp-content\/uploads\/2026\/01\/parcour-Prisme-768x718.png 768w, https:\/\/cesarbaggio.fr\/WP\/wp-content\/uploads\/2026\/01\/parcour-Prisme-24x22.png 24w, https:\/\/cesarbaggio.fr\/WP\/wp-content\/uploads\/2026\/01\/parcour-Prisme-36x34.png 36w, https:\/\/cesarbaggio.fr\/WP\/wp-content\/uploads\/2026\/01\/parcour-Prisme-48x45.png 48w\" sizes=\"auto, (max-width: 826px) 100vw, 826px\" \/><\/p>\n<hr \/>\n<h3>Pourquoi choisir le parcours PRISME ?<\/h3>\n<p>Con\u00e7u comme une transition progressive entre le lyc\u00e9e et l\u2019enseignement sup\u00e9rieur, PRISME combine les avantages des\u00a0<b>classes pr\u00e9paratoires (CPGE)<\/b>\u00a0et du\u00a0<b>premier cycle universitaire<\/b>.<\/p>\n<ul>\n<li>\n<p><b>P\u00e9dagogie innovante :<\/b>\u00a0Un fort encadrement, des effectifs limit\u00e9s et une approche par projets et stages.<\/p>\n<\/li>\n<li>\n<p><b>Ouverture sur l&rsquo;avenir :<\/b>\u00a0Une initiation concr\u00e8te \u00e0 la recherche scientifique.<\/p>\n<\/li>\n<li>\n<p><b>R\u00e9ussite s\u00e9curis\u00e9e :<\/b>\u00a0Un parcours balis\u00e9 pour construire son projet professionnel sereinement.<\/p>\n<\/li>\n<\/ul>\n<h3>Des d\u00e9bouch\u00e9s prestigieux<\/h3>\n<p>\u00c0 l&rsquo;issue de ces trois ann\u00e9es, les \u00e9tudiants auront acquis les comp\u00e9tences et les cr\u00e9dits n\u00e9cessaires pour int\u00e9grer directement :<\/p>\n<ol start=\"1\">\n<li>\n<p>Les cycles ing\u00e9nieurs de\u00a0<b>Polytech Lille<\/b>\u00a0ou de l\u2019<b>ENSAIT<\/b>.<\/p>\n<\/li>\n<li>\n<p>Un\u00a0<b>Master<\/b>\u00a0\u00e0 la Facult\u00e9 des Sciences et Technologies de l\u2019Universit\u00e9 de Lille.<\/p>\n<\/li>\n<\/ol>\n<hr \/>\n<h3>Inscriptions et Informations pratiques<\/h3>\n<p>Le parcours PRISME est ouvert aux bacheliers scientifiques via la plateforme\u00a0<b>Parcoursup<\/b>.<\/p>\n<ul>\n<li>\n<p><b>Lieux :<\/b>\u00a0Lille (Baggio), Villeneuve d\u2019Ascq (Polytech) et Roubaix (ENSAIT).<\/p>\n<\/li>\n<li>\n<p><b>Candidature :<\/b>\u00a0<a href=\"https:\/\/dossier.parcoursup.fr\/Candidats\/public\/fiches\/afficherFicheFormation?g_ta_cod=52337&amp;typeBac=0&amp;originePc=0\" target=\"_blank\" rel=\"noopener nofollow\" data-saferedirecturl=\"https:\/\/www.google.com\/url?q=https:\/\/dossier.parcoursup.fr\/Candidats\/public\/fiches\/afficherFicheFormation?g_ta_cod%3D52337%26typeBac%3D0%26originePc%3D0&amp;source=gmail&amp;ust=1769090310163000&amp;usg=AOvVaw336Kf8QneyTKsbIcKKwN80\">Acc\u00e9der directement \u00e0 la fiche Parcoursup\u00a0<\/a><\/p>\n<\/li>\n<\/ul>\n<p style=\"text-align: center;\">pour info\u00a0<\/p>\n<p style=\"text-align: center;\">\u00a0<span style=\"font-size: 18pt;\"><a href=\"https:\/\/cesarbaggio.fr\/WP\/wp-content\/uploads\/2026\/01\/PRISME@Lille_fiche-catalogue-baggio-1.pdf\">PRISME@Lille<\/a><\/span><\/p>\n<p style=\"text-align: center;\"><span style=\"font-size: 18pt;\"><a href=\"https:\/\/cesarbaggio.fr\/WP\/wp-content\/uploads\/2026\/01\/flyer-prisme-i-A5.pdf\">Flyer prisme\u00a0<\/a><\/span><\/p>\n\n\n<p><\/p>\n","protected":false},"excerpt":{"rendered":"<p>PRISME : Le Cycle Pluridisciplinaire d\u2019\u00c9tudes Sup\u00e9rieures (CPES)\u00a0Prisme@Lille\u00a0(parcours renforc\u00e9 en ing\u00e9nierie et sciences vers les&#8230;<\/p>\n","protected":false},"author":1,"featured_media":6138,"parent":0,"menu_order":0,"comment_status":"closed","ping_status":"closed","template":"","meta":{"footnotes":""},"class_list":["post-6118","page","type-page","status-publish","has-post-thumbnail","hentry"],"jetpack_sharing_enabled":true,"_links":{"self":[{"href":"https:\/\/cesarbaggio.fr\/WP\/wp-json\/wp\/v2\/pages\/6118","targetHints":{"allow":["GET"]}}],"collection":[{"href":"https:\/\/cesarbaggio.fr\/WP\/wp-json\/wp\/v2\/pages"}],"about":[{"href":"https:\/\/cesarbaggio.fr\/WP\/wp-json\/wp\/v2\/types\/page"}],"author":[{"embeddable":true,"href":"https:\/\/cesarbaggio.fr\/WP\/wp-json\/wp\/v2\/users\/1"}],"replies":[{"embeddable":true,"href":"https:\/\/cesarbaggio.fr\/WP\/wp-json\/wp\/v2\/comments?post=6118"}],"version-history":[{"count":4,"href":"https:\/\/cesarbaggio.fr\/WP\/wp-json\/wp\/v2\/pages\/6118\/revisions"}],"predecessor-version":[{"id":6137,"href":"https:\/\/cesarbaggio.fr\/WP\/wp-json\/wp\/v2\/pages\/6118\/revisions\/6137"}],"wp:featuredmedia":[{"embeddable":true,"href":"https:\/\/cesarbaggio.fr\/WP\/wp-json\/wp\/v2\/media\/6138"}],"wp:attachment":[{"href":"https:\/\/cesarbaggio.fr\/WP\/wp-json\/wp\/v2\/media?parent=6118"}],"curies":[{"name":"wp","href":"https:\/\/api.w.org\/{rel}","templated":true}]}}