{"id":6090,"date":"2026-01-13T10:45:32","date_gmt":"2026-01-13T09:45:32","guid":{"rendered":"https:\/\/cesarbaggio.fr\/WP\/?page_id=6090"},"modified":"2026-01-13T16:11:52","modified_gmt":"2026-01-13T15:11:52","slug":"erasmus","status":"publish","type":"page","link":"https:\/\/cesarbaggio.fr\/WP\/formations\/erasmus\/","title":{"rendered":"ERASMUS"},"content":{"rendered":"\n<hr class=\"wp-block-separator has-css-opacity\"\/>\n\n\n<p><img loading=\"lazy\" decoding=\"async\" class=\"aligncenter size-full wp-image-6096\" src=\"https:\/\/cesarbaggio.fr\/WP\/wp-content\/uploads\/2026\/01\/logo-Erasmus-baggio.png\" alt=\"\" width=\"1575\" height=\"340\" srcset=\"https:\/\/cesarbaggio.fr\/WP\/wp-content\/uploads\/2026\/01\/logo-Erasmus-baggio.png 1575w, https:\/\/cesarbaggio.fr\/WP\/wp-content\/uploads\/2026\/01\/logo-Erasmus-baggio-300x65.png 300w, https:\/\/cesarbaggio.fr\/WP\/wp-content\/uploads\/2026\/01\/logo-Erasmus-baggio-1024x221.png 1024w, https:\/\/cesarbaggio.fr\/WP\/wp-content\/uploads\/2026\/01\/logo-Erasmus-baggio-768x166.png 768w, https:\/\/cesarbaggio.fr\/WP\/wp-content\/uploads\/2026\/01\/logo-Erasmus-baggio-1536x332.png 1536w, https:\/\/cesarbaggio.fr\/WP\/wp-content\/uploads\/2026\/01\/logo-Erasmus-baggio-24x5.png 24w, https:\/\/cesarbaggio.fr\/WP\/wp-content\/uploads\/2026\/01\/logo-Erasmus-baggio-36x8.png 36w, https:\/\/cesarbaggio.fr\/WP\/wp-content\/uploads\/2026\/01\/logo-Erasmus-baggio-48x10.png 48w\" sizes=\"auto, (max-width: 1575px) 100vw, 1575px\" \/><\/p>\n\n\n      <div class=\"alignwide blockspare-block-animation AFTfadeIn \">\n        <style type=\"text\/css\"> .blockspare-db742e2b-85bc-4 .bs-flash-wrap .bs-exclusive-posts{\n                background-color:transparent;\n            } .blockspare-db742e2b-85bc-4 .bs-flash-wrap .bs-exclusive-posts{\n            border-radius:0px;\n        } .blockspare-db742e2b-85bc-4 .bs-flash-wrap .bs-exclusive-posts .bs-exclusive-now-txt-animation-wrap{\n            border-radius:0px;\n        } .blockspare-db742e2b-85bc-4 .bs-flash-wrap .bs-exclusive-posts .bs-exclusive-slides{\n            border-radius:0px;\n        } .blockspare-db742e2b-85bc-4 .bs-flash-wrap .bs-exclusive-posts .bs-exclusive-slides .bs-circle-marq{\n            border-radius:0px;\n        } .blockspare-db742e2b-85bc-4 .bs-flash-wrap .bs-exclusive-posts .bs-exclusive-slides .bs-marquee .bs-marquee-wrapper{\n            animation-duration:37s;\n        } .blockspare-db742e2b-85bc-4 .bs-flash-wrap.has-fixed-width  h2.bs-post-title{\n            width:375px;\n        } .blockspare-db742e2b-85bc-4 .bs-flash-wrap .bs-exclusive-posts .bs-exclusive-slides a .bs-post-title{\n            color:#000;\n        } .blockspare-db742e2b-85bc-4 .bs-flash-wrap .bs-exclusive-posts .bs-exclusive-slides a:hover .bs-post-title{\n            color:#404040;\n        } .blockspare-db742e2b-85bc-4 .bs-flash-wrap .bs-exclusive-posts .bs-exclusive-now .bs-exclusive-now-txt-animation-wrap{\n            color:#fff;\n            background-color: #BB1919;\n        } .blockspare-db742e2b-85bc-4 .bs-flash-wrap.flash-style-2 .bs-exclusive-posts .bs-exclusive-now .bs-exclusive-now-txt-animation-wrap::after{\n            border-left-color:#BB1919;\n        } .blockspare-db742e2b-85bc-4 .bs-flash-wrap.flash-style-3 .bs-exclusive-posts .bs-exclusive-now .bs-exclusive-now-txt-animation-wrap::after{\n            background-color:#BB1919;\n        } .blockspare-db742e2b-85bc-4 .bs-flash-wrap.flash-style-4 .bs-exclusive-posts .bs-exclusive-now .bs-exclusive-now-txt-animation-wrap::after{\n            background-color:#BB1919;\n        } .blockspare-db742e2b-85bc-4 .bs-flash-wrap .bs-exclusive-posts{\n            margin-top:0px;\n            margin-right:0px;\n            margin-bottom:0px;\n            margin-left:0px;\n        } .blockspare-db742e2b-85bc-4 .bs-flash-wrap .bs-exclusive-slides{\n            padding-top:0px;\n            padding-right:0px;\n            padding-bottom:0px;\n            padding-left:5px;\n        } .blockspare-db742e2b-85bc-4 .bs-flash-wrap .bs-exclusive-posts .bs-exclusive-slides a .bs-post-title{\n            font-size: 14px;\n            ;\n            ;\n            line-height: 1.5;\n        } .blockspare-db742e2b-85bc-4 .bs-flash-wrap .bs-exclusive-now .bs-exclusive-now-txt-animation-wrap .bs-exclusive-texts-wrapper{\n            font-size: 16px;\n            ;\n            ;\n        } .blockspare-db742e2b-85bc-4 .bs-flash-wrap .bs-exclusive-now .bs-exclusive-news-title{\n            font-size: 11px;\n            ;\n            font-weight:600;\n        }@media (max-width: 1025px) {  .blockspare-db742e2b-85bc-4 .bs-flash-wrap .bs-exclusive-posts .bs-exclusive-slides a .bs-post-title{\n                font-size: 14px;\n            } .blockspare-db742e2b-85bc-4 .bs-flash-wrap .bs-exclusive-now .bs-exclusive-now-txt-animation-wrap .bs-exclusive-texts-wrapper{\n                font-size: 14px;\n            } .blockspare-db742e2b-85bc-4 .bs-flash-wrap .bs-exclusive-now .bs-exclusive-news-title{\n                font-size: 11px;\n            }}@media (max-width: 767px) {  .blockspare-db742e2b-85bc-4 .bs-flash-wrap .bs-exclusive-posts .bs-exclusive-slides a .bs-post-title{\n                font-size: 12px;\n            } .blockspare-db742e2b-85bc-4 .bs-flash-wrap .bs-exclusive-now .bs-exclusive-now-txt-animation-wrap .bs-exclusive-texts-wrapper{\n                font-size: 14px;\n            } .blockspare-db742e2b-85bc-4 .bs-flash-wrap .bs-exclusive-now .bs-exclusive-news-title{\n                font-size: 11px;\n            }}<\/style>        <section class=\"blockspare-db742e2b-85bc-4  blockspare-posts-block-post-wrap\">\n          <div class=\"bs-flash-wrap flash-layout flash-style-1\">\n            <div class=\"bs-exclusive-posts blockspare-hover-item bs-border-disabled\">\n              <div class=\"bs-exclusive-now\">\n                                <div class=\"bs-exclusive-now-txt-animation-wrap\">\n                                      <span class=\"bs-spinner spinner-style-2\">\n                                                                        <div class=\"ring\"><\/div>\n                          <div class=\"ring\"><\/div>\n                          <div class=\"ring\"><\/div>\n                          <div class=\"ring\"><\/div>\n                                                                  <\/span>\n                                    <span class=\"bs-exclusive-texts-wrapper\">\n                    News                  <\/span>\n                <\/div>\n              <\/div>\n              <div class=\"bs-exclusive-slides\">\n                <div class=\"bs-marquee bs-flash-side left pause-on-hover\">\n                  <div class=\"bs-marquee-wrapper\">\n                    \n                      <h2 class=\"bs-post-title \">\n                                                <a href=\"https:\/\/cesarbaggio.fr\/WP\/2026\/01\/13\/mobilite-erasmus-une-remise-deuropass-sous-le-signe-de-lambition-et-du-partage\/\" rel=\"bookmark\">\n                          <span class=\"bs-circle-marq\">\n                                                        <img loading=\"lazy\" decoding=\"async\" width=\"2560\" height=\"697\" src=\"https:\/\/cesarbaggio.fr\/WP\/wp-content\/uploads\/2026\/01\/remis-erasmus-scaled.jpg\" class=\"attachment-thumbnail    size-thumbnail   \" alt=\"\" \/>                          <\/span>\n                          <span class=\"bs-post-title\">\n                            Mobilit\u00e9 Erasmus+ \u00ab\u00a0Une remise d&rsquo;Europass sous le signe de l&rsquo;ambition et du partage\u00a0\u00bb                          <\/span>\n                        <\/a>\n                      <\/h2>\n                    \n                      <h2 class=\"bs-post-title \">\n                                                <a href=\"https:\/\/cesarbaggio.fr\/WP\/2026\/01\/13\/mobilite-erasmus-les-eleves-de-2tne-sur-les-traces-de-linterconnexion-france-irlande\/\" rel=\"bookmark\">\n                          <span class=\"bs-circle-marq\">\n                                                        <img loading=\"lazy\" decoding=\"async\" width=\"2560\" height=\"697\" src=\"https:\/\/cesarbaggio.fr\/WP\/wp-content\/uploads\/2026\/01\/erasmus-irland-scaled.jpg\" class=\"attachment-thumbnail    size-thumbnail   \" alt=\"\" \/>                          <\/span>\n                          <span class=\"bs-post-title\">\n                            Mobilit\u00e9 Erasmus+ \u00ab\u00a0Les \u00e9l\u00e8ves de 2TNE sur les traces de l\u2019interconnexion France-Irlande                          <\/span>\n                        <\/a>\n                      <\/h2>\n                    \n                      <h2 class=\"bs-post-title \">\n                                                <a href=\"https:\/\/cesarbaggio.fr\/WP\/2025\/11\/14\/projet-erasmus-a-reggio-emilio-italie\/\" rel=\"bookmark\">\n                          <span class=\"bs-circle-marq\">\n                                                        <img loading=\"lazy\" decoding=\"async\" width=\"2560\" height=\"697\" src=\"https:\/\/cesarbaggio.fr\/WP\/wp-content\/uploads\/2025\/11\/voyage-Italie-scaled.jpg\" class=\"attachment-thumbnail    size-thumbnail   \" alt=\"\" \/>                          <\/span>\n                          <span class=\"bs-post-title\">\n                            Projet Erasmus \u00e0 Reggio Emilio, Italie                          <\/span>\n                        <\/a>\n                      <\/h2>\n                                      <\/div>\n                  <div class=\"bs-marquee-wrapper\">\n                    \n                      <h2 class=\"bs-post-title \">\n                                                <a href=\"https:\/\/cesarbaggio.fr\/WP\/2026\/01\/13\/mobilite-erasmus-une-remise-deuropass-sous-le-signe-de-lambition-et-du-partage\/\" rel=\"bookmark\">\n                          <span class=\"bs-circle-marq\">\n                                                        <img loading=\"lazy\" decoding=\"async\" width=\"2560\" height=\"697\" src=\"https:\/\/cesarbaggio.fr\/WP\/wp-content\/uploads\/2026\/01\/remis-erasmus-scaled.jpg\" class=\"attachment-thumbnail    size-thumbnail   \" alt=\"\" \/>                          <\/span>\n                          <span class=\"bs-post-title\">\n                            Mobilit\u00e9 Erasmus+ \u00ab\u00a0Une remise d&rsquo;Europass sous le signe de l&rsquo;ambition et du partage\u00a0\u00bb                          <\/span>\n                        <\/a>\n                      <\/h2>\n                    \n                      <h2 class=\"bs-post-title \">\n                                                <a href=\"https:\/\/cesarbaggio.fr\/WP\/2026\/01\/13\/mobilite-erasmus-les-eleves-de-2tne-sur-les-traces-de-linterconnexion-france-irlande\/\" rel=\"bookmark\">\n                          <span class=\"bs-circle-marq\">\n                                                        <img loading=\"lazy\" decoding=\"async\" width=\"2560\" height=\"697\" src=\"https:\/\/cesarbaggio.fr\/WP\/wp-content\/uploads\/2026\/01\/erasmus-irland-scaled.jpg\" class=\"attachment-thumbnail    size-thumbnail   \" alt=\"\" \/>                          <\/span>\n                          <span class=\"bs-post-title\">\n                            Mobilit\u00e9 Erasmus+ \u00ab\u00a0Les \u00e9l\u00e8ves de 2TNE sur les traces de l\u2019interconnexion France-Irlande                          <\/span>\n                        <\/a>\n                      <\/h2>\n                    \n                      <h2 class=\"bs-post-title \">\n                                                <a href=\"https:\/\/cesarbaggio.fr\/WP\/2025\/11\/14\/projet-erasmus-a-reggio-emilio-italie\/\" rel=\"bookmark\">\n                          <span class=\"bs-circle-marq\">\n                                                        <img loading=\"lazy\" decoding=\"async\" width=\"2560\" height=\"697\" src=\"https:\/\/cesarbaggio.fr\/WP\/wp-content\/uploads\/2025\/11\/voyage-Italie-scaled.jpg\" class=\"attachment-thumbnail    size-thumbnail   \" alt=\"\" \/>                          <\/span>\n                          <span class=\"bs-post-title\">\n                            Projet Erasmus \u00e0 Reggio Emilio, Italie                          <\/span>\n                        <\/a>\n                      <\/h2>\n                                      <\/div>\n                <\/div>\n              <\/div>\n            <\/div>\n          <\/div>\n        <\/section>\n      <\/div>\n\n\n<p>\u00a0<\/p>\n<p><span style=\"font-size: 18pt;\"><strong>L\u2019Ouverture Internationale au C\u0153ur de la R\u00e9ussite : Erasmus+ \u00e0 Baggio<\/strong><\/span><\/p>\n<p>Au Lyc\u00e9e C\u00e9sar Baggio, la mobilit\u00e9 europ\u00e9enne est un levier majeur pour l&rsquo;\u00e9panouissement personnel et professionnel de nos \u00e9l\u00e8ves et \u00e9tudiants. Gr\u00e2ce au programme <strong>Erasmus+<\/strong>, nous offrons chaque ann\u00e9e de nombreuses opportunit\u00e9s de d\u00e9couvrir de nouveaux horizons.<\/p>\n<p><strong>\u00a0Objectifs<\/strong><\/p>\n<p>L\u2019accr\u00e9ditation Erasmus+ du lyc\u00e9e permet de poursuivre trois ambitions cl\u00e9s :<\/p>\n<ul>\n<li><strong>D\u00e9velopper des comp\u00e9tences professionnelles<\/strong> en s&rsquo;immergeant dans des entreprises europ\u00e9ennes \u00e0 la pointe de la technologie.<\/li>\n<li><strong>Renforcer la ma\u00eetrise des langues \u00e9trang\u00e8res<\/strong> (anglais, espagnol, allemand) en situation r\u00e9elle.<\/li>\n<li><strong>Favoriser la citoyennet\u00e9 europ\u00e9enne<\/strong> et l&rsquo;autonomie des jeunes.<\/li>\n<\/ul>\n<p><strong>Les Actions Phares<\/strong><\/p>\n<ol>\n<li><strong> Stages en Entreprise (Mobilit\u00e9 de Formation)<\/strong><\/li>\n<\/ol>\n<p>Les \u00e9l\u00e8ves de <strong>Bac Pro<\/strong> et les \u00e9tudiants de <strong>BTS<\/strong> ont la possibilit\u00e9 d\u2019effectuer leur p\u00e9riode de stage \u00e0 l&rsquo;\u00e9tranger.<\/p>\n<ul>\n<li><strong>Destinations :<\/strong> Espagne, Irlande, Portugal, Malte, Allemagne, Belgique\u00a0? Italie<\/li>\n<li><strong>Soutien financier :<\/strong> Des bourses Erasmus+ couvrent une grande partie des frais de voyage et de s\u00e9jour.<\/li>\n<\/ul>\n<ol start=\"2\">\n<li><strong> \u00c9changes de Classes et Projets de Groupe<\/strong><\/li>\n<\/ol>\n<p>Le lyc\u00e9e organise des rencontres avec des \u00e9tablissements partenaires europ\u00e9ens. Ces projets permettent de travailler sur des th\u00e9matiques communes (d\u00e9veloppement durable, robotique, innovation num\u00e9rique) et de vivre le quotidien d&rsquo;un lyc\u00e9en dans un autre pays.<\/p>\n<ol start=\"3\">\n<li><strong> Mobilit\u00e9 du Personnel<\/strong><\/li>\n<\/ol>\n<p>Nos enseignants et personnels administratifs b\u00e9n\u00e9ficient \u00e9galement du programme pour observer des pratiques p\u00e9dagogiques innovantes \u00e0 l\u2019\u00e9tranger, garantissant ainsi un enseignement toujours plus moderne et ouvert sur le monde.<\/p>\n<p><strong>\ud83c\udf93<\/strong><strong> La Reconnaissance des Comp\u00e9tences<\/strong><\/p>\n<p>Partir avec Erasmus+ \u00e0 Baggio, c\u2019est valoriser son parcours gr\u00e2ce \u00e0 :<\/p>\n<ul>\n<li><strong>L&rsquo;Europass Mobilit\u00e9 :<\/strong> Un document officiel qui d\u00e9crit les comp\u00e9tences acquises, tr\u00e8s pris\u00e9 par les recruteurs.<\/li>\n<li><strong>L&rsquo;Attestation EuroMobilit\u00e9 :<\/strong> Pour valoriser l&rsquo;exp\u00e9rience lors des v\u0153ux Parcoursup.<\/li>\n<\/ul>\n<p>\u00a0Plus de 80% des jeunes partis en mobilit\u00e9 Erasmus+ affirment avoir gagn\u00e9 en confiance en eux et avoir une vision plus claire de leur futur m\u00e9tier.<\/p>\n<p><strong>\ud83d\udce9<\/strong><strong> Contact &amp; Candidature<\/strong><\/p>\n<p>Vous \u00eates \u00e9l\u00e8ve ou parent et souhaitez en savoir plus sur les crit\u00e8res de s\u00e9lection et les prochaines destinations ?<\/p>\n<ul>\n<li><strong>R\u00e9f\u00e9rent Mobilit\u00e9 :<\/strong> Mme Naji, Mme Vandembunder, M Devos\u00a0<\/li>\n<\/ul>","protected":false},"excerpt":{"rendered":"<p>\u00a0 L\u2019Ouverture Internationale au C\u0153ur de la R\u00e9ussite : Erasmus+ \u00e0 Baggio Au Lyc\u00e9e C\u00e9sar&#8230;<\/p>\n","protected":false},"author":1,"featured_media":0,"parent":30,"menu_order":3,"comment_status":"closed","ping_status":"closed","template":"","meta":{"footnotes":""},"class_list":["post-6090","page","type-page","status-publish","hentry"],"jetpack_sharing_enabled":true,"_links":{"self":[{"href":"https:\/\/cesarbaggio.fr\/WP\/wp-json\/wp\/v2\/pages\/6090","targetHints":{"allow":["GET"]}}],"collection":[{"href":"https:\/\/cesarbaggio.fr\/WP\/wp-json\/wp\/v2\/pages"}],"about":[{"href":"https:\/\/cesarbaggio.fr\/WP\/wp-json\/wp\/v2\/types\/page"}],"author":[{"embeddable":true,"href":"https:\/\/cesarbaggio.fr\/WP\/wp-json\/wp\/v2\/users\/1"}],"replies":[{"embeddable":true,"href":"https:\/\/cesarbaggio.fr\/WP\/wp-json\/wp\/v2\/comments?post=6090"}],"version-history":[{"count":5,"href":"https:\/\/cesarbaggio.fr\/WP\/wp-json\/wp\/v2\/pages\/6090\/revisions"}],"predecessor-version":[{"id":6106,"href":"https:\/\/cesarbaggio.fr\/WP\/wp-json\/wp\/v2\/pages\/6090\/revisions\/6106"}],"up":[{"embeddable":true,"href":"https:\/\/cesarbaggio.fr\/WP\/wp-json\/wp\/v2\/pages\/30"}],"wp:attachment":[{"href":"https:\/\/cesarbaggio.fr\/WP\/wp-json\/wp\/v2\/media?parent=6090"}],"curies":[{"name":"wp","href":"https:\/\/api.w.org\/{rel}","templated":true}]}}