{"id":533,"date":"2020-11-06T11:55:08","date_gmt":"2020-11-06T10:55:08","guid":{"rendered":"https:\/\/cesarbaggio.fr\/WP\/?page_id=533"},"modified":"2023-02-10T15:55:06","modified_gmt":"2023-02-10T14:55:06","slug":"lycee-professionel","status":"publish","type":"page","link":"https:\/\/cesarbaggio.fr\/WP\/lycee-professionel\/","title":{"rendered":"BAC PROFESSIONNEL"},"content":{"rendered":"\n<hr class=\"wp-block-separator\"\/>\n\n\n\n<div class=\"wp-block-columns is-layout-flex wp-container-core-columns-is-layout-28f84493 wp-block-columns-is-layout-flex\">\n<div class=\"wp-block-column is-layout-flow wp-block-column-is-layout-flow\" style=\"flex-basis:66.66%\">\n<p class=\"has-text-align-justify\"><\/p>\n\n\n\n<p style=\"text-align: justify;\"><span style=\"font-family: Helvetica;\">Il est possible d&rsquo;apprendre un m\u00e9tier en choisissant la voie professionnelle. La formation en bac professionnel dure 3 ans. \u00c9l\u00e8ve au sein d&rsquo;un lyc\u00e9e professionnel, le futur dipl\u00f4m\u00e9 pourra travailler apr\u00e8s sa formation ou poursuivre ses \u00e9tudes vers l\u2019enseignement sup\u00e9rieur.<br><\/span><span style=\"font-family: Helvetica;\">Le lyc\u00e9e professionnel se transforme pour former les jeunes aux m\u00e9tiers de demain et leur transmettre des savoir-faire d\u2019excellence.<\/span><\/p>\n<p style=\"text-align: justify;\"><span style=\"font-family: Helvetica;\"><span style=\"color: #0000ff;\">L\u2019ACC\u00c8S EN BAC PROFESSIONNEL<\/span><br><\/span><span style=\"font-family: Helvetica;\">L\u2019acc\u00e8s peut se faire soit apr\u00e8s la classe de 3e, soit apr\u00e8s un CAP ou encore apr\u00e8s une 2de g\u00e9n\u00e9rale et technologique.<\/span><\/p>\n<p style=\"text-align: left;\">\n<\/p><p style=\"text-align: left;\"><span style=\"font-family: Helvetica;\"><span style=\"color: #0000ff;\">LE PARCOURS DU BAC PROFESSIONNEL EN 3 ANS<\/span><br><\/span><span style=\"font-family: Helvetica;\">Il se compose :<\/span><\/p>\n<ul>\n<li style=\"text-align: left;\"><strong><span style=\"font-family: Helvetica;\">d\u2019une Seconde professionnelle qui permet d\u2019aborder une famille de m\u00e9tiers ou une sp\u00e9cialit\u00e9 et commence \u00e0 pr\u00e9parer l\u2019\u00e9l\u00e8ve \u00e0 un bac professionnel pr\u00e9cis<\/span><\/strong><\/li>\n<li style=\"text-align: left;\"><strong><span style=\"font-family: Helvetica;\">d\u2019une Premi\u00e8re professionnelle<\/span><\/strong><\/li>\n<li style=\"text-align: left;\"><strong><span style=\"font-family: Helvetica;\">d\u2019une Terminale professionnelle<\/span><\/strong><\/li>\n<\/ul>\n<p style=\"text-align: justify;\">\n<\/p><p style=\"text-align: justify;\"><span style=\"font-family: Helvetica; color: #0000ff;\">AU PROGRAMME<\/span><\/p>\n<ul>\n<li style=\"text-align: justify;\"><span style=\"font-family: Helvetica;\">Des enseignements g\u00e9n\u00e9raux identiques pour tous les \u00e9l\u00e8ves, quelle que soit la sp\u00e9cialit\u00e9 professionnelle<\/span><\/li>\n<li style=\"text-align: justify;\"><span style=\"font-family: Helvetica;\">Des enseignements professionnels li\u00e9s \u00e0 la sp\u00e9cialit\u00e9<\/span><\/li>\n<li style=\"text-align: justify;\"><span style=\"font-family: Helvetica;\">Des p\u00e9riodes de formation en milieu professionnel (22 semaines de stages r\u00e9parties sur 3 ans)<\/span><\/li>\n<li style=\"text-align: justify;\"><span style=\"font-family: Helvetica;\">Un accompagnement personnalis\u00e9 qui prend la forme d\u2019un travail de soutien, d\u2019approfondissement et d\u2019aide \u00e0 l\u2019orientation, en particulier pour la pr\u00e9paration \u00e0 la poursuite d\u2019\u00e9tudes en BTS<\/span><\/li>\n<li style=\"text-align: justify;\"><span style=\"font-family: Helvetica;\">La r\u00e9alisation d\u2019un chef d\u2019\u0153uvre pr\u00e9sent\u00e9 \u00e0 l\u2019examen<\/span><\/li>\n<\/ul>\n\n\n\n<p><strong>D\u00e9roulement de la formation<\/strong><\/p>\n\n\n\n<ul class=\"wp-block-list\"><li>En seconde, 30 semaines de cours et 6 semaines de P\u00e9riode de Formation en Entreprise.<\/li><li>En premi\u00e8re, 28 semaines de cours et 8 semaines de P\u00e9riode de Formation en Entreprise.<\/li><li>En Terminale, 26 semaines de cours, 8 semaines de P\u00e9riode de Formation en Entreprise et deux semaines d\u2019examens.<\/li><\/ul>\n\n\n\n<p><strong>Les p\u00e9riodes de Formation en Entreprise sont obligatoires pour la validation du Baccalaur\u00e9at.<\/strong><\/p>\n<\/div>\n\n\n\n<div class=\"wp-block-column is-layout-flow wp-block-column-is-layout-flow\" style=\"flex-basis:33.33%\">\n<p style=\"text-align: left;\"><span style=\"font-size: 14pt; color: #339966;\"><em><span style=\"font-family: Helvetica;\"><strong data-rich-text-format-boundary=\"true\">BAC PRO INDUSTRIES GRAPHIQUES&nbsp;<\/strong><\/span><\/em><\/span><\/p>\n<p><a href=\"http:\/\/cesarbaggio.fr\/plaquette\/bac\/Fiches%20Bac%20Pro%20Indus%20Graph.pdf\"><img loading=\"lazy\" decoding=\"async\" class=\"aligncenter size-full wp-image-2326\" src=\"https:\/\/cesarbaggio.fr\/WP\/wp-content\/uploads\/2021\/03\/image.png\" alt=\"\" width=\"992\" height=\"196\" srcset=\"https:\/\/cesarbaggio.fr\/WP\/wp-content\/uploads\/2021\/03\/image.png 992w, https:\/\/cesarbaggio.fr\/WP\/wp-content\/uploads\/2021\/03\/image-300x59.png 300w, https:\/\/cesarbaggio.fr\/WP\/wp-content\/uploads\/2021\/03\/image-768x152.png 768w, https:\/\/cesarbaggio.fr\/WP\/wp-content\/uploads\/2021\/03\/image-24x5.png 24w, https:\/\/cesarbaggio.fr\/WP\/wp-content\/uploads\/2021\/03\/image-36x7.png 36w, https:\/\/cesarbaggio.fr\/WP\/wp-content\/uploads\/2021\/03\/image-48x9.png 48w\" sizes=\"auto, (max-width: 992px) 100vw, 992px\" \/><\/a><\/p>\n<p><a href=\"http:\/\/cesarbaggio.fr\/plaquette\/bac\/Fiches%20Bac%20Pro%20Indus%20Graph.pdf\"><img loading=\"lazy\" decoding=\"async\" class=\"aligncenter size-full wp-image-2327\" src=\"https:\/\/cesarbaggio.fr\/WP\/wp-content\/uploads\/2021\/03\/image-1.png\" alt=\"\" width=\"992\" height=\"196\" srcset=\"https:\/\/cesarbaggio.fr\/WP\/wp-content\/uploads\/2021\/03\/image-1.png 992w, https:\/\/cesarbaggio.fr\/WP\/wp-content\/uploads\/2021\/03\/image-1-300x59.png 300w, https:\/\/cesarbaggio.fr\/WP\/wp-content\/uploads\/2021\/03\/image-1-768x152.png 768w, https:\/\/cesarbaggio.fr\/WP\/wp-content\/uploads\/2021\/03\/image-1-24x5.png 24w, https:\/\/cesarbaggio.fr\/WP\/wp-content\/uploads\/2021\/03\/image-1-36x7.png 36w, https:\/\/cesarbaggio.fr\/WP\/wp-content\/uploads\/2021\/03\/image-1-48x9.png 48w\" sizes=\"auto, (max-width: 992px) 100vw, 992px\" \/><\/a><\/p>\n<p><span style=\"font-size: 14pt;\"><em><strong><span style=\"font-family: Helvetica; color: #339966;\">BAC PRO G\u00c9NIE \u00c9LECTRIQUE&nbsp;<\/span><\/strong><\/em><\/span><\/p>\n<p><a href=\"http:\/\/cesarbaggio.fr\/plaquette\/bac\/Fiches%20Bac%20Pro%20Genie%20elec.pdf\"><img loading=\"lazy\" decoding=\"async\" class=\"aligncenter size-full wp-image-2328\" src=\"https:\/\/cesarbaggio.fr\/WP\/wp-content\/uploads\/2021\/03\/image-2.png\" alt=\"\" width=\"990\" height=\"198\" srcset=\"https:\/\/cesarbaggio.fr\/WP\/wp-content\/uploads\/2021\/03\/image-2.png 990w, https:\/\/cesarbaggio.fr\/WP\/wp-content\/uploads\/2021\/03\/image-2-300x60.png 300w, https:\/\/cesarbaggio.fr\/WP\/wp-content\/uploads\/2021\/03\/image-2-768x154.png 768w, https:\/\/cesarbaggio.fr\/WP\/wp-content\/uploads\/2021\/03\/image-2-24x5.png 24w, https:\/\/cesarbaggio.fr\/WP\/wp-content\/uploads\/2021\/03\/image-2-36x7.png 36w, https:\/\/cesarbaggio.fr\/WP\/wp-content\/uploads\/2021\/03\/image-2-48x10.png 48w\" sizes=\"auto, (max-width: 990px) 100vw, 990px\" \/><\/a><\/p>\n<p><a href=\"http:\/\/cesarbaggio.fr\/plaquette\/bac\/Fiches%20Bac%20Pro%20Genie%20elec.pdf\"><img loading=\"lazy\" decoding=\"async\" class=\"aligncenter size-full wp-image-2329\" src=\"https:\/\/cesarbaggio.fr\/WP\/wp-content\/uploads\/2021\/03\/image-3.png\" alt=\"\" width=\"991\" height=\"196\" srcset=\"https:\/\/cesarbaggio.fr\/WP\/wp-content\/uploads\/2021\/03\/image-3.png 991w, https:\/\/cesarbaggio.fr\/WP\/wp-content\/uploads\/2021\/03\/image-3-300x59.png 300w, https:\/\/cesarbaggio.fr\/WP\/wp-content\/uploads\/2021\/03\/image-3-768x152.png 768w, https:\/\/cesarbaggio.fr\/WP\/wp-content\/uploads\/2021\/03\/image-3-24x5.png 24w, https:\/\/cesarbaggio.fr\/WP\/wp-content\/uploads\/2021\/03\/image-3-36x7.png 36w, https:\/\/cesarbaggio.fr\/WP\/wp-content\/uploads\/2021\/03\/image-3-48x9.png 48w\" sizes=\"auto, (max-width: 991px) 100vw, 991px\" \/><\/a><\/p>\n<p><em><strong><span style=\"font-family: Helvetica; font-size: 14pt; color: #339966;\">BAC PRO \u00c9NERG\u00c9TIQUE<\/span><\/strong><\/em><\/p>\n<p><a href=\"http:\/\/cesarbaggio.fr\/plaquette\/bac\/Fiches%20Bac%20Pro%20energetique.pdf\"><img loading=\"lazy\" decoding=\"async\" class=\"aligncenter size-full wp-image-4186\" src=\"https:\/\/cesarbaggio.fr\/WP\/wp-content\/uploads\/2023\/02\/MEE.png\" alt=\"\" width=\"992\" height=\"226\" srcset=\"https:\/\/cesarbaggio.fr\/WP\/wp-content\/uploads\/2023\/02\/MEE.png 992w, https:\/\/cesarbaggio.fr\/WP\/wp-content\/uploads\/2023\/02\/MEE-300x68.png 300w, https:\/\/cesarbaggio.fr\/WP\/wp-content\/uploads\/2023\/02\/MEE-768x175.png 768w, https:\/\/cesarbaggio.fr\/WP\/wp-content\/uploads\/2023\/02\/MEE-24x5.png 24w, https:\/\/cesarbaggio.fr\/WP\/wp-content\/uploads\/2023\/02\/MEE-36x8.png 36w, https:\/\/cesarbaggio.fr\/WP\/wp-content\/uploads\/2023\/02\/MEE-48x11.png 48w\" sizes=\"auto, (max-width: 992px) 100vw, 992px\" \/><\/a><\/p>\n<p><a href=\"http:\/\/cesarbaggio.fr\/plaquette\/bac\/Fiches%20Bac%20Pro%20energetique.pdf\"><img loading=\"lazy\" decoding=\"async\" class=\"aligncenter size-full wp-image-4184\" src=\"https:\/\/cesarbaggio.fr\/WP\/wp-content\/uploads\/2023\/02\/ICCER.png\" alt=\"\" width=\"822\" height=\"177\" srcset=\"https:\/\/cesarbaggio.fr\/WP\/wp-content\/uploads\/2023\/02\/ICCER.png 822w, https:\/\/cesarbaggio.fr\/WP\/wp-content\/uploads\/2023\/02\/ICCER-300x65.png 300w, https:\/\/cesarbaggio.fr\/WP\/wp-content\/uploads\/2023\/02\/ICCER-768x165.png 768w, https:\/\/cesarbaggio.fr\/WP\/wp-content\/uploads\/2023\/02\/ICCER-24x5.png 24w, https:\/\/cesarbaggio.fr\/WP\/wp-content\/uploads\/2023\/02\/ICCER-36x8.png 36w, https:\/\/cesarbaggio.fr\/WP\/wp-content\/uploads\/2023\/02\/ICCER-48x10.png 48w\" sizes=\"auto, (max-width: 822px) 100vw, 822px\" \/><\/a><\/p>\n<p><a href=\"http:\/\/cesarbaggio.fr\/plaquette\/bac\/Fiches%20Bac%20Pro%20energetique.pdf\"><img loading=\"lazy\" decoding=\"async\" class=\"aligncenter size-full wp-image-4185\" src=\"https:\/\/cesarbaggio.fr\/WP\/wp-content\/uploads\/2023\/02\/MSFR.png\" alt=\"\" width=\"829\" height=\"165\" srcset=\"https:\/\/cesarbaggio.fr\/WP\/wp-content\/uploads\/2023\/02\/MSFR.png 829w, https:\/\/cesarbaggio.fr\/WP\/wp-content\/uploads\/2023\/02\/MSFR-300x60.png 300w, https:\/\/cesarbaggio.fr\/WP\/wp-content\/uploads\/2023\/02\/MSFR-768x153.png 768w, https:\/\/cesarbaggio.fr\/WP\/wp-content\/uploads\/2023\/02\/MSFR-24x5.png 24w, https:\/\/cesarbaggio.fr\/WP\/wp-content\/uploads\/2023\/02\/MSFR-36x7.png 36w, https:\/\/cesarbaggio.fr\/WP\/wp-content\/uploads\/2023\/02\/MSFR-48x10.png 48w\" sizes=\"auto, (max-width: 829px) 100vw, 829px\" \/><\/a><\/p>\n<p><span style=\"font-size: 14pt; color: #339966;\"><em><strong><span style=\"font-family: Helvetica;\">BAC PRO G\u00c9NIE M\u00c9CANIQUE<\/span><\/strong><\/em><\/span><\/p>\n<p><a href=\"http:\/\/cesarbaggio.fr\/plaquette\/bac\/Fiches%20Bac%20Pro%20mecanique.pdf\"><img loading=\"lazy\" decoding=\"async\" class=\"aligncenter size-full wp-image-2333\" src=\"https:\/\/cesarbaggio.fr\/WP\/wp-content\/uploads\/2021\/03\/image-7.png\" alt=\"\" width=\"990\" height=\"195\" srcset=\"https:\/\/cesarbaggio.fr\/WP\/wp-content\/uploads\/2021\/03\/image-7.png 990w, https:\/\/cesarbaggio.fr\/WP\/wp-content\/uploads\/2021\/03\/image-7-300x59.png 300w, https:\/\/cesarbaggio.fr\/WP\/wp-content\/uploads\/2021\/03\/image-7-768x151.png 768w, https:\/\/cesarbaggio.fr\/WP\/wp-content\/uploads\/2021\/03\/image-7-24x5.png 24w, https:\/\/cesarbaggio.fr\/WP\/wp-content\/uploads\/2021\/03\/image-7-36x7.png 36w, https:\/\/cesarbaggio.fr\/WP\/wp-content\/uploads\/2021\/03\/image-7-48x9.png 48w\" sizes=\"auto, (max-width: 990px) 100vw, 990px\" \/><\/a><\/p>\n<p><a href=\"http:\/\/cesarbaggio.fr\/plaquette\/bac\/Fiches-Bac-Pro-MP3D.pdf\"><img loading=\"lazy\" decoding=\"async\" class=\"aligncenter size-full wp-image-3323\" src=\"https:\/\/cesarbaggio.fr\/WP\/wp-content\/uploads\/2022\/03\/IMG-MP3D-1.png\" alt=\"\" width=\"1118\" height=\"231\" srcset=\"https:\/\/cesarbaggio.fr\/WP\/wp-content\/uploads\/2022\/03\/IMG-MP3D-1.png 1118w, https:\/\/cesarbaggio.fr\/WP\/wp-content\/uploads\/2022\/03\/IMG-MP3D-1-300x62.png 300w, https:\/\/cesarbaggio.fr\/WP\/wp-content\/uploads\/2022\/03\/IMG-MP3D-1-1024x212.png 1024w, https:\/\/cesarbaggio.fr\/WP\/wp-content\/uploads\/2022\/03\/IMG-MP3D-1-768x159.png 768w, https:\/\/cesarbaggio.fr\/WP\/wp-content\/uploads\/2022\/03\/IMG-MP3D-1-24x5.png 24w, https:\/\/cesarbaggio.fr\/WP\/wp-content\/uploads\/2022\/03\/IMG-MP3D-1-36x7.png 36w, https:\/\/cesarbaggio.fr\/WP\/wp-content\/uploads\/2022\/03\/IMG-MP3D-1-48x10.png 48w\" sizes=\"auto, (max-width: 1118px) 100vw, 1118px\" \/><\/a><\/p>\n<p><\/p>\n\n\n\n<p class=\"has-text-color\" style=\"color:#0fa56e;font-size:18px\"><\/p>\n\n\n\n<figure class=\"wp-block-image size-large\"><img loading=\"lazy\" decoding=\"async\" width=\"354\" height=\"359\" src=\"https:\/\/cesarbaggio.fr\/WP\/wp-content\/uploads\/2021\/01\/image-1.png\" alt=\"\" class=\"wp-image-1321\" srcset=\"https:\/\/cesarbaggio.fr\/WP\/wp-content\/uploads\/2021\/01\/image-1.png 354w, https:\/\/cesarbaggio.fr\/WP\/wp-content\/uploads\/2021\/01\/image-1-296x300.png 296w, https:\/\/cesarbaggio.fr\/WP\/wp-content\/uploads\/2021\/01\/image-1-24x24.png 24w, https:\/\/cesarbaggio.fr\/WP\/wp-content\/uploads\/2021\/01\/image-1-36x36.png 36w, https:\/\/cesarbaggio.fr\/WP\/wp-content\/uploads\/2021\/01\/image-1-48x48.png 48w\" sizes=\"auto, (max-width: 354px) 100vw, 354px\" \/><\/figure>\n<\/div>\n<\/div>\n\n\n\n<p><\/p>\n","protected":false},"excerpt":{"rendered":"<p>Il est possible d&rsquo;apprendre un m\u00e9tier en choisissant la voie professionnelle. La formation en bac&#8230;<\/p>\n","protected":false},"author":1,"featured_media":0,"parent":0,"menu_order":0,"comment_status":"closed","ping_status":"closed","template":"","meta":{"footnotes":""},"class_list":["post-533","page","type-page","status-publish","hentry"],"jetpack_sharing_enabled":true,"_links":{"self":[{"href":"https:\/\/cesarbaggio.fr\/WP\/wp-json\/wp\/v2\/pages\/533","targetHints":{"allow":["GET"]}}],"collection":[{"href":"https:\/\/cesarbaggio.fr\/WP\/wp-json\/wp\/v2\/pages"}],"about":[{"href":"https:\/\/cesarbaggio.fr\/WP\/wp-json\/wp\/v2\/types\/page"}],"author":[{"embeddable":true,"href":"https:\/\/cesarbaggio.fr\/WP\/wp-json\/wp\/v2\/users\/1"}],"replies":[{"embeddable":true,"href":"https:\/\/cesarbaggio.fr\/WP\/wp-json\/wp\/v2\/comments?post=533"}],"version-history":[{"count":25,"href":"https:\/\/cesarbaggio.fr\/WP\/wp-json\/wp\/v2\/pages\/533\/revisions"}],"predecessor-version":[{"id":4188,"href":"https:\/\/cesarbaggio.fr\/WP\/wp-json\/wp\/v2\/pages\/533\/revisions\/4188"}],"wp:attachment":[{"href":"https:\/\/cesarbaggio.fr\/WP\/wp-json\/wp\/v2\/media?parent=533"}],"curies":[{"name":"wp","href":"https:\/\/api.w.org\/{rel}","templated":true}]}}