{"id":521,"date":"2020-11-06T11:41:02","date_gmt":"2020-11-06T10:41:02","guid":{"rendered":"https:\/\/cesarbaggio.fr\/WP\/?page_id=521"},"modified":"2023-09-15T11:05:59","modified_gmt":"2023-09-15T09:05:59","slug":"lycee-general-et-technologique","status":"publish","type":"page","link":"https:\/\/cesarbaggio.fr\/WP\/lycee-general-et-technologique\/","title":{"rendered":"LYC\u00c9E G\u00c9N\u00c9RAL ET TECHNOLOGIQUE"},"content":{"rendered":"\n<hr class=\"wp-block-separator\"\/>\n\n\n\n<p class=\"has-text-align-left has-text-align-justify\">Le lyc\u00e9e accueille les \u00e9l\u00e8ves \u00e0 l&rsquo;issue du coll\u00e8ge. Sa mission est de conduire le plus grand nombre de jeunes au niveau du baccalaur\u00e9at. Il est par excellence le lieu de la diversit\u00e9. Il offre des voies de formation qui permettent l&rsquo;expression de la vari\u00e9t\u00e9 des profils et des talents.<br><br><br><strong>&nbsp;Formations dispens\u00e9es<\/strong><br><br>Le lyc\u00e9e propose deux voies de formation : la voie g\u00e9n\u00e9rale, la voie technologique.<br><br><strong>Voie g\u00e9n\u00e9rale<\/strong> <br>La voie g\u00e9n\u00e9rale a vocation de pr\u00e9parer \u00e0 la poursuite d&rsquo;\u00e9tudes sup\u00e9rieures longues (universit\u00e9, classes pr\u00e9paratoires aux grandes \u00e9coles, instituts universitaires de technologie). Elle d\u00e9livre le baccalaur\u00e9at g\u00e9n\u00e9ral.<\/p>\n\n\n\n<p class=\"has-text-align-center has-text-align-justify has-vivid-cyan-blue-color has-text-color\"><a href=\"http:\/\/cesarbaggio.fr\/plaquette\/LGT\/Fiches BAC LGT GENERAL.pdf\">Plaquette d&rsquo;information<\/a><\/p>\n\n\n<p><a href=\"https:\/\/cesarbaggio.fr\/WP\/wp-content\/uploads\/2023\/09\/Presentation-specialite-EPPCS.pptx.pdf\">Pr\u00e9sentation specialit\u00e9 EPPCS<\/a><\/p>\n\n\n<p class=\"has-text-align-left has-text-align-justify\"><br><strong>Voie technologique<\/strong><br>La voie technologique pr\u00e9pare prioritairement \u00e0 des \u00e9tudes sup\u00e9rieures courtes : sections pr\u00e9parant en lyc\u00e9e au brevet de technicien sup\u00e9rieur (BTS), instituts universitaires de technologie (IUT). Elle permet \u00e9galement des \u00e9tudes plus longues, en passant par une classe pr\u00e9paratoire, ou vers une licence professionnelle. Elle d\u00e9livre le baccalaur\u00e9at technologique.<\/p>\n\n\n\n<p class=\"has-text-align-left\"><a href=\"http:\/\/cesarbaggio.fr\/plaquette\/LGT\/Fiches BAC LGT STI2D.pdf\">Plaquette d&rsquo;information STI2D<\/a><\/p>\n\n\n\n<p class=\"has-text-align-left\"><a href=\"http:\/\/cesarbaggio.fr\/plaquette\/LGT\/Fiches BAC LGT STMG.pdf\">Plaquette d&rsquo;information STMG<\/a><\/p>\n\n\n\n<p class=\"has-text-align-center has-text-align-justify has-vivid-cyan-blue-color has-text-color\"><\/p>\n","protected":false},"excerpt":{"rendered":"<p>Le lyc\u00e9e accueille les \u00e9l\u00e8ves \u00e0 l&rsquo;issue du coll\u00e8ge. Sa mission est de conduire le&#8230;<\/p>\n","protected":false},"author":1,"featured_media":0,"parent":0,"menu_order":0,"comment_status":"closed","ping_status":"closed","template":"","meta":{"footnotes":""},"class_list":["post-521","page","type-page","status-publish","hentry"],"jetpack_sharing_enabled":true,"_links":{"self":[{"href":"https:\/\/cesarbaggio.fr\/WP\/wp-json\/wp\/v2\/pages\/521","targetHints":{"allow":["GET"]}}],"collection":[{"href":"https:\/\/cesarbaggio.fr\/WP\/wp-json\/wp\/v2\/pages"}],"about":[{"href":"https:\/\/cesarbaggio.fr\/WP\/wp-json\/wp\/v2\/types\/page"}],"author":[{"embeddable":true,"href":"https:\/\/cesarbaggio.fr\/WP\/wp-json\/wp\/v2\/users\/1"}],"replies":[{"embeddable":true,"href":"https:\/\/cesarbaggio.fr\/WP\/wp-json\/wp\/v2\/comments?post=521"}],"version-history":[{"count":16,"href":"https:\/\/cesarbaggio.fr\/WP\/wp-json\/wp\/v2\/pages\/521\/revisions"}],"predecessor-version":[{"id":4528,"href":"https:\/\/cesarbaggio.fr\/WP\/wp-json\/wp\/v2\/pages\/521\/revisions\/4528"}],"wp:attachment":[{"href":"https:\/\/cesarbaggio.fr\/WP\/wp-json\/wp\/v2\/media?parent=521"}],"curies":[{"name":"wp","href":"https:\/\/api.w.org\/{rel}","templated":true}]}}