{"id":510,"date":"2020-11-06T11:28:06","date_gmt":"2020-11-06T10:28:06","guid":{"rendered":"https:\/\/cesarbaggio.fr\/WP\/?page_id=510"},"modified":"2020-12-08T13:43:55","modified_gmt":"2020-12-08T12:43:55","slug":"baggio-et-son-histoire","status":"publish","type":"page","link":"https:\/\/cesarbaggio.fr\/WP\/presentation-baggio\/baggio-et-son-histoire\/","title":{"rendered":"BAGGIO ET SON HISTOIRE"},"content":{"rendered":"\n<hr class=\"wp-block-separator\"\/>\n\n\n\n<p><\/p>\n\n\n<p style=\"text-align: justify;\"><strong data-rich-text-format-boundary=\"true\">1893 :\u00a0<\/strong>C\u00e9sar Baggio (photo ci-dessous), adjoint au Maire de Lille, l\u00e8gue par testament 50 000 francs pour la cr\u00e9ation d&rsquo;une Ecole d&rsquo;Apprentissage.<img loading=\"lazy\" decoding=\"async\" class=\" wp-image-915 alignright\" src=\"https:\/\/cesarbaggio.fr\/WP\/wp-content\/uploads\/2020\/12\/cesarbaggio-large.jpg\" alt=\"\" width=\"214\" height=\"239\" srcset=\"https:\/\/cesarbaggio.fr\/WP\/wp-content\/uploads\/2020\/12\/cesarbaggio-large.jpg 247w, https:\/\/cesarbaggio.fr\/WP\/wp-content\/uploads\/2020\/12\/cesarbaggio-large-21x24.jpg 21w, https:\/\/cesarbaggio.fr\/WP\/wp-content\/uploads\/2020\/12\/cesarbaggio-large-32x36.jpg 32w, https:\/\/cesarbaggio.fr\/WP\/wp-content\/uploads\/2020\/12\/cesarbaggio-large-43x48.jpg 43w\" sizes=\"auto, (max-width: 214px) 100vw, 214px\" \/><\/p>\n<p style=\"text-align: justify;\"><strong data-rich-text-format-boundary=\"true\">1899 :\u00a0<\/strong>Rue Racine, les 27 premiers \u00e9l\u00e8ves p\u00e9n\u00e8trent dans les locaux de l&rsquo;Ecole Professionnelle. 1914 Ils sont 183, r\u00e9partis en 12 professions du Livre, du Bois, du Fer et \u00e0 passer cinquante heures par semaine, dont trente \u00e0 l&rsquo;atelier, dans les locaux d\u00e9j\u00e0 exigus.<\/p>\n<p style=\"text-align: justify;\"><strong data-rich-text-format-boundary=\"true\">1926 :\u00a0<\/strong>L&rsquo;annexe SAINT-VENANT permet d&rsquo;\u00e9tendre le recrutement et de multiplier les \u00a0sp\u00e9cialit\u00e9s enseign\u00e9es (entre autres le tissage, l&rsquo;horlogerie).<\/p>\n<p style=\"text-align: justify;\"><strong data-rich-text-format-boundary=\"true\">1936 :<\/strong>\u00a0Roger SALENGRO, Maire de LILLE, pose la premi\u00e8re pierre de ce qui sera l&rsquo;Institut DIDEROT qui accueillera l&rsquo;Ecole Pratique BAGGIO et l&rsquo;Ecole Primaire Sup\u00e9rieure FRANKLIN.Inauguration des locaux actuels par M. Jean ZAY, Ministre de l&rsquo;Instruction publique.<\/p>\n<p style=\"text-align: justify;\"><strong data-rich-text-format-boundary=\"true\"><img loading=\"lazy\" decoding=\"async\" class=\" wp-image-916 alignleft\" src=\"https:\/\/cesarbaggio.fr\/WP\/wp-content\/uploads\/2020\/12\/deken.jpg\" alt=\"\" width=\"154\" height=\"238\" srcset=\"https:\/\/cesarbaggio.fr\/WP\/wp-content\/uploads\/2020\/12\/deken.jpg 123w, https:\/\/cesarbaggio.fr\/WP\/wp-content\/uploads\/2020\/12\/deken-16x24.jpg 16w, https:\/\/cesarbaggio.fr\/WP\/wp-content\/uploads\/2020\/12\/deken-23x36.jpg 23w, https:\/\/cesarbaggio.fr\/WP\/wp-content\/uploads\/2020\/12\/deken-31x48.jpg 31w\" sizes=\"auto, (max-width: 154px) 100vw, 154px\" \/>1940-1944 :\u00a0<\/strong>Ann\u00e9es noires : Les Allemands occupent partiellement l&rsquo;Institut DIDEROT. L&rsquo;\u00e9cole pratique ne fonctionne que le matin et l&rsquo;Ecole Primaire Sup\u00e9rieure l&rsquo;apr\u00e8s- midi. Des membres du personnel, des \u00e9l\u00e8ves sont arr\u00eat\u00e9s et condamn\u00e9s. Les premiers bombardements ont lieu le 9 septembre 1943. Le 22 juin 1944, l&rsquo;\u00e9cole est d\u00e9truite partiellement. Les examens se sont d\u00e9roul\u00e9s dans \u00ab\u00a0les abris\u00a0\u00bb. Ensuite il y a eu de nouvelles arrestations, d\u00e9portations, \u00e9vasions, mais h\u00e9las M. DEKEN (photo ci-dessous), professeur d&rsquo;Anglais, membre actif de la R\u00e9sistance, a aussi \u00e9t\u00e9 ex\u00e9cut\u00e9.\u00a0<\/p>\n<p style=\"text-align: justify;\"><strong data-rich-text-format-boundary=\"true\">1947 :<\/strong>\u00a0D\u00e9but de la pr\u00e9paration au Baccalaur\u00e9at Technique Math\u00e9matique au Coll\u00e8ge Technique BAGGIO. Accueil d&rsquo;un Centre d&rsquo;Apprentissage.<\/p>\n<p style=\"text-align: justify;\"><strong>1956 :<\/strong>\u00a0Cr\u00e9ation de l&rsquo;internat en r\u00e9gie d&rsquo;\u00e9tat.<img loading=\"lazy\" decoding=\"async\" class=\"alignright\" src=\"http:\/\/cesarbaggio.fr\/images\/pa59000010.jpg\" alt=\"\" width=\"258\" height=\"169\" \/><\/p>\n<p style=\"text-align: justify;\"><strong>1962 :<\/strong>\u00a0Le coll\u00e8ge Technique BAGGIO devient Lyc\u00e9e Technique et sera nationalis\u00e9 l&rsquo;ann\u00e9e suivante. Les sections \u00e9conomiques et technico- commerciales quittent le Lyc\u00e9e avec le personnel qui assurait l&rsquo;enseignement.<\/p>\n<p style=\"text-align: justify;\"><strong>1965 :<\/strong>\u00a0Le premier cycle qui se transforme en Coll\u00e8ge d&rsquo;enseignement Secondaire rattach\u00e9 administrativement est log\u00e9 \u00ab\u00a0en pr\u00e9fabriqu\u00e9 Boulevard d&rsquo;Alsace\u00a0\u00bb.<\/p>\n<p style=\"text-align: justify;\"><strong>1969 :\u00a0<\/strong>Le Lyc\u00e9e devient Lyc\u00e9e Technique d&rsquo;Etat.<\/p>\n<p style=\"text-align: justify;\"><strong>1970-1971 :\u00a0<\/strong>Le coll\u00e8ge d&rsquo;Enseignement secondaire devient autonome.<\/p>\n<p style=\"text-align: justify;\"><img loading=\"lazy\" decoding=\"async\" class=\"art-lightbox alignleft\" src=\"http:\/\/cesarbaggio.fr\/images\/Baggio%201960.jpg\" alt=\"\" width=\"317\" height=\"178\" \/><strong>1977-1979 : <\/strong>Le Coll\u00e8ge d&rsquo;enseignement Technique devient autonome et prend le nom de Lyc\u00e9e d&rsquo;enseignement Professionnel.\u00a0<\/p>\n<p style=\"text-align: justify;\"><strong>Juin 1981 :<\/strong>\u00a0D\u00e9but des travaux de l&rsquo;extension BAGGIO.<\/p>\n<p style=\"text-align: justify;\"><strong>Ann\u00e9e 82-83 :<\/strong>\u00a0Livraison de l&rsquo;internat et de la demi- pension.<\/p>\n<p style=\"text-align: justify;\"><strong>Mai 1983 :\u00a0<\/strong>D\u00e9m\u00e9nagement de l&rsquo;administration et de l&rsquo;intendance dans les nouveaux locaux.<\/p>\n<p style=\"text-align: justify;\"><strong>1986 :<\/strong>\u00a0Mise en service du b\u00e2timent central.<\/p>\n<p style=\"text-align: justify;\"><strong>Depuis 1986<\/strong>\u00a0date de transfert des comp\u00e9tences \u00e0 la R\u00e9gion, des travaux de restructuration importants ont \u00e9t\u00e9 r\u00e9alis\u00e9s sans discontinuer.<\/p>\n<p style=\"text-align: justify;\"><strong>De 1947 \u00e0 nos jours<\/strong>\u00a0de multiples modifications des structures p\u00e9dagogiques t\u00e9moignent de l&rsquo;adaptation de l&rsquo;enseignement technique aux \u00e9volutions \u00e9conomiques et aboutissent au sch\u00e9ma actuel avec ses 2 500 \u00e9l\u00e8ves.\u00a0<\/p>\n<p style=\"text-align: justify;\"><img loading=\"lazy\" decoding=\"async\" src=\"http:\/\/cesarbaggio.fr\/images\/icone-fleche.gif\" alt=\"\" width=\"16\" height=\"16\" \/><span class=\"sstitre\">\u00a0<strong><span style=\"color: #0000ff;\">Qui \u00e9tait C\u00e9sar BAGGIO ?<\/span><\/strong><\/span><\/p>\n<p style=\"text-align: justify;\"><strong>C\u00e9sar BAGGIO<\/strong>, n\u00e9 \u00e0 Carvin (Pas de Calais) le 29 septembre 1846, fit au lyc\u00e9e de Lille de brillantes \u00e9tudes \u00e0 la suite desquelles, il fut laur\u00e9at au Concours G\u00e9n\u00e9ral en 1864.<br \/>Apr\u00e8s avoir suivi les cours de la facult\u00e9 de droit de Douai, il pr\u00eate serment devant la Cour de cette ville le 9 Ao\u00fbt 1869. Admis au barreau de Lille le 25 Ao\u00fbt 1869, il fut inscrit au tableau de l&rsquo;Ordre des avocats le 11 ao\u00fbt 1873. Les connaissances juridiques et l&rsquo;\u00e9l\u00e9gante clart\u00e9 de sa parole ne tard\u00e8rent pas \u00e0 lui acqu\u00e9rir une tr\u00e8s brillante r\u00e9putation d&rsquo;avocat, en m\u00eame que la droiture de son caract\u00e8re et sa d\u00e9licatesse professionnelle lui conqu\u00e9raient l&rsquo;estime et la sympathie de ses confr\u00e8res.<\/p>\n<p style=\"text-align: justify;\">Homme politique, C\u00e9sar BAGGIO fut un r\u00e9publicain sinc\u00e8re, ardent, toujours pr\u00eat \u00e0 se d\u00e9vouer pour son parti, \u00e0 sacrifier ses int\u00e9r\u00eats personnels \u00e0 ses id\u00e9es.<\/p>\n<p style=\"text-align: justify;\">\u00c9lu conseiller municipal en 1878, il fut toujours r\u00e9\u00e9lu. Nomm\u00e9 en 1888 adjoint \u00e0 l&rsquo;Instruction Publique, il rendit de grands services, \u00e0 notre cit\u00e9 en remplissant sa mission avec comp\u00e9tence et activit\u00e9. Malgr\u00e9 les sollicitations dont il fut l&rsquo;objet, il refusa tout autre mandat, d\u00e9sirant donner tous ses soins aux questions de scolarit\u00e9.L&rsquo;enseignement populaire le passionnait tout particuli\u00e8rement, et il prit, une grande part \u00e0 l&rsquo;organisation des cantines scolaires. Membre du Comit\u00e9 provisoire du Denier des \u00c9coles la\u00efques il ne tarda pas \u00e0 \u00eatre nomm\u00e9 vice-pr\u00e9sident de cette Soci\u00e9t\u00e9. En raison des services rendus, le Gouvernement l&rsquo;avait nomm\u00e9 officier de l&rsquo;Instruction Publique.<br \/>Ayant contract\u00e9 le typhus au Palais au cours d&rsquo;une \u00e9pid\u00e9mie, C\u00e9sar BAGGIO succombe \u00e0 Lille, victime du devoir professionnel, apr\u00e8s neuf jours de maladie, le 23 mai 1893.\u00a0<\/p>\n<p style=\"text-align: justify;\">Par testament, il laissait :<\/p>\n<ul style=\"text-align: justify;\">\n<li>50000 francs pour la cr\u00e9ation d&rsquo;une \u00c9cole d&rsquo;apprentissage<\/li>\n<li>20000 francs pour le Bureau de Bienfaisance<\/li>\n<li>2000 francs pour le Denier des \u00c9coles la\u00efques.<\/li>\n<\/ul>\n<p style=\"text-align: left;\">La ville de Lille fit \u00e0 C\u00e9sar BAGGIO des fun\u00e9railles grandioses, dignes de lui.<\/p>\n<p style=\"text-align: left;\"><em>Cette biographie est extraite d&rsquo;une publication de l&rsquo;amicale des anciens \u00e9l\u00e8ves de l&rsquo;\u00e9cole BAGGIO (1911).<\/em>\u00a0<\/p>\n\n\n<p><\/p>\n","protected":false},"excerpt":{"rendered":"<p>1893 :\u00a0C\u00e9sar Baggio (photo ci-dessous), adjoint au Maire de Lille, l\u00e8gue par testament 50 000&#8230;<\/p>\n","protected":false},"author":1,"featured_media":0,"parent":2,"menu_order":0,"comment_status":"closed","ping_status":"closed","template":"","meta":{"footnotes":""},"class_list":["post-510","page","type-page","status-publish","hentry"],"jetpack_sharing_enabled":true,"_links":{"self":[{"href":"https:\/\/cesarbaggio.fr\/WP\/wp-json\/wp\/v2\/pages\/510","targetHints":{"allow":["GET"]}}],"collection":[{"href":"https:\/\/cesarbaggio.fr\/WP\/wp-json\/wp\/v2\/pages"}],"about":[{"href":"https:\/\/cesarbaggio.fr\/WP\/wp-json\/wp\/v2\/types\/page"}],"author":[{"embeddable":true,"href":"https:\/\/cesarbaggio.fr\/WP\/wp-json\/wp\/v2\/users\/1"}],"replies":[{"embeddable":true,"href":"https:\/\/cesarbaggio.fr\/WP\/wp-json\/wp\/v2\/comments?post=510"}],"version-history":[{"count":6,"href":"https:\/\/cesarbaggio.fr\/WP\/wp-json\/wp\/v2\/pages\/510\/revisions"}],"predecessor-version":[{"id":1032,"href":"https:\/\/cesarbaggio.fr\/WP\/wp-json\/wp\/v2\/pages\/510\/revisions\/1032"}],"up":[{"embeddable":true,"href":"https:\/\/cesarbaggio.fr\/WP\/wp-json\/wp\/v2\/pages\/2"}],"wp:attachment":[{"href":"https:\/\/cesarbaggio.fr\/WP\/wp-json\/wp\/v2\/media?parent=510"}],"curies":[{"name":"wp","href":"https:\/\/api.w.org\/{rel}","templated":true}]}}