{"id":487,"date":"2020-11-05T13:59:27","date_gmt":"2020-11-05T12:59:27","guid":{"rendered":"https:\/\/cesarbaggio.fr\/WP\/?page_id=487"},"modified":"2021-01-22T10:41:21","modified_gmt":"2021-01-22T09:41:21","slug":"ptsi-pt-pt","status":"publish","type":"page","link":"https:\/\/cesarbaggio.fr\/WP\/formations\/cpge\/ptsi-pt-pt\/","title":{"rendered":"PTSI PT PT*"},"content":{"rendered":"\n<hr class=\"wp-block-separator\"\/>\n\n\n\n<div class=\"wp-block-columns is-layout-flex wp-container-core-columns-is-layout-28f84493 wp-block-columns-is-layout-flex\">\n<div class=\"wp-block-column is-layout-flow wp-block-column-is-layout-flow\" style=\"flex-basis:66.66%\">\n<p><span style=\"color: #993366;\"><strong>Une fili\u00e8re ouverte \u00e0 tous<\/strong><\/span><\/p>\n<p style=\"text-align: justify;\">Ouverte aux titulaires d\u2019un baccalaur\u00e9at g\u00e9n\u00e9ral \u00e0 dominante scientifique comme les autres fili\u00e8res&nbsp;(MPSI et PCSI),&nbsp;la fili\u00e8re PTSI\/PT, est souvent m\u00e9connue&nbsp;! Elle n\u2019est&nbsp;pas une fili\u00e8re \u00ab technique \u00bb, malgr\u00e9 son nom un peu trompeur. Elle s\u2019adresse aux \u00e9tudiants souhaitant privil\u00e9gier une approche pratique. Il n\u2019est pas n\u00e9cessaire d\u2019avoir suivi un enseignement de Sciences de l\u2019Ing\u00e9nieur au lyc\u00e9e pour l\u2019int\u00e9grer&nbsp;!<\/p>\n<p><span style=\"color: #993366;\"><strong>Organisation des deux ann\u00e9es de CPGE au lyc\u00e9e Baggio<\/strong><\/span><\/p>\n<p style=\"text-align: justify;\">Int\u00e9gration dans une des deux classes de premi\u00e8re ann\u00e9e PTSI&nbsp;: Physique, Technologie et Sciences de l\u2019Ing\u00e9nieur.<\/p>\n<p style=\"text-align: justify;\">Passage en seconde ann\u00e9e en fonction de ses r\u00e9sultats et de son engagement dans la classe de PT&nbsp;ou&nbsp; PT*&nbsp; (PT&nbsp;:&nbsp; Physique et Technologie, PT*&nbsp;: classe de niveau 17 classes au niveau national)<\/p>\n<p><span style=\"color: #993366;\"><strong>Les d\u00e9bouch\u00e9s<\/strong><\/span><\/p>\n<p style=\"text-align: justify;\">Les concours se passent en fin de seconde ann\u00e9e. Tous nos \u00e9tudiants obtiennent une place en \u00e9cole d\u2019ing\u00e9nieurs. Certains d\u2019entre eux choisissent de redoubler afin de candidater une seconde fois aux concours et de viser les \u00e9coles les plus prestigieuses.<\/p>\n<p><span style=\"color: #993366;\"><strong>Une formation \u00e9quilibr\u00e9e<\/strong><\/span><\/p>\n<p style=\"text-align: justify;\">La fili\u00e8re PTSI s\u2019adresse aux \u00e9tudiants ayant de l\u2019app\u00e9tence pour les sciences tout en souhaitant privil\u00e9gier une approche pratique. Le dosage entre contenu th\u00e9orique et mise en \u0153uvre exp\u00e9rimentale est \u00e9quilibr\u00e9.<\/p>\n\n\n\n<p><strong>&nbsp;<\/strong><\/p>\n<\/div>\n\n\n\n<div class=\"wp-block-column is-layout-flow wp-block-column-is-layout-flow\" style=\"flex-basis:30%\"><div class=\"menu-ptsi-container\"><ul id=\"menu-ptsi\" class=\"menu\"><li id=\"menu-item-871\" class=\"menu-item menu-item-type-post_type menu-item-object-page menu-item-871\"><a href=\"https:\/\/cesarbaggio.fr\/WP\/formations\/cpge\/ptsi-pt-pt\/pourquoi-ptsi\/\">Pourquoi choisir la fili\u00e8re PTSI?<\/a><\/li>\n<li id=\"menu-item-1487\" class=\"menu-item menu-item-type-post_type menu-item-object-page menu-item-1487\"><a href=\"https:\/\/cesarbaggio.fr\/WP\/formations\/cpge\/ptsi-pt-pt\/une-semaine-ptsi-pt\/\">Une semaine en PTSI ou en PT<\/a><\/li>\n<li id=\"menu-item-1486\" class=\"menu-item menu-item-type-post_type menu-item-object-page menu-item-1486\"><a href=\"https:\/\/cesarbaggio.fr\/WP\/formations\/cpge\/ptsi-pt-pt\/les-enseignements-ptsi-pt\/\">Les enseignements en PTSI ou en PT<\/a><\/li>\n<li id=\"menu-item-1485\" class=\"menu-item menu-item-type-post_type menu-item-object-page menu-item-1485\"><a href=\"https:\/\/cesarbaggio.fr\/WP\/formations\/cpge\/ptsi-pt-pt\/les-ecoles-dingenieur-apres-une-pt\/\">Les \u00e9coles d\u2019ing\u00e9nieur apr\u00e8s une PT<\/a><\/li>\n<li id=\"menu-item-1484\" class=\"menu-item menu-item-type-post_type menu-item-object-page menu-item-1484\"><a href=\"https:\/\/cesarbaggio.fr\/WP\/formations\/cpge\/ptsi-pt-pt\/les-resultats-des-concours-en-pt-au-lycee-baggio\/\">Les r\u00e9sultats des concours en PT au lyc\u00e9e Baggio<\/a><\/li>\n<li id=\"menu-item-1483\" class=\"menu-item menu-item-type-post_type menu-item-object-page menu-item-1483\"><a href=\"https:\/\/cesarbaggio.fr\/WP\/formations\/cpge\/ptsi-pt-pt\/le-devenir-de-nos-etudiants-au-lycee-baggio\/\">Le devenir de nos \u00e9tudiants au Lyc\u00e9e Baggio<\/a><\/li>\n<li id=\"menu-item-1698\" class=\"menu-item menu-item-type-post_type menu-item-object-page menu-item-1698\"><a href=\"https:\/\/cesarbaggio.fr\/WP\/formations\/cpge\/ptsi-pt-pt\/les-matieres-litteraires\/\">Les mati\u00e8res litt\u00e9raires<\/a><\/li>\n<li id=\"menu-item-1960\" class=\"menu-item menu-item-type-taxonomy menu-item-object-category menu-item-1960\"><a href=\"https:\/\/cesarbaggio.fr\/WP\/category\/actualite-cpge\/\">Actualit\u00e9 &#8211; CPGE<\/a><\/li>\n<li id=\"menu-item-1961\" class=\"menu-item menu-item-type-taxonomy menu-item-object-category menu-item-1961\"><a href=\"https:\/\/cesarbaggio.fr\/WP\/category\/temoignage-cpge\/\">T\u00e9moignage &#8211; CPGE<\/a><\/li>\n<li id=\"menu-item-1482\" class=\"menu-item menu-item-type-post_type menu-item-object-page menu-item-1482\"><a href=\"https:\/\/cesarbaggio.fr\/WP\/formations\/cpge\/ptsi-pt-pt\/contacts\/\">Contacts<\/a><\/li>\n<\/ul><\/div>\n\n\n\n<div class=\"wp-block-blockspare-blockspare-social-links blockspare-66dc7c65-47c0-4 blockspare-socaillink-block\"><style>.blockspare-66dc7c65-47c0-4 .blockspare-social-wrapper{text-align:left;margin-top:30px;margin-bottom:30px}<\/style><div class=\"blockspare-blocks blockspare-social-wrapper\"><ul class=\"blockspare-social-links blockspare-default-official-color blockspare-social-icon-circle blockspare-social-icon-medium blockspare-icon-only blockspare-social-icon-solid\"><li><a href=\"https:\/\/fr-fr.facebook.com\/prepabaggio\/\" class=\"\" target=\"_blank\" rel=\"noopener noreferrer nofollow\"><span class=\"blockspare-social-icons\"><i class=\"fab fa-facebook-f\"><\/i> <span class=\"screen-reader-text\">facebook<\/span><\/span><\/a><\/li><li><a href=\"https:\/\/www.youtube.com\/channel\/UCRR1M3fKaxZa8C-_BNBQ7jg\" class=\"\" target=\"_blank\" rel=\"noopener noreferrer nofollow\"><span class=\"blockspare-social-icons\"><i class=\"fab fa-youtube\"><\/i><span class=\"screen-reader-text\">YouTube<\/span><\/span><\/a><\/li><\/ul><\/div><\/div>\n<\/div>\n<\/div>\n","protected":false},"excerpt":{"rendered":"<p>Une fili\u00e8re ouverte \u00e0 tous Ouverte aux titulaires d\u2019un baccalaur\u00e9at g\u00e9n\u00e9ral \u00e0 dominante scientifique comme&#8230;<\/p>\n","protected":false},"author":1,"featured_media":0,"parent":437,"menu_order":2,"comment_status":"closed","ping_status":"closed","template":"","meta":{"footnotes":""},"class_list":["post-487","page","type-page","status-publish","hentry"],"jetpack_sharing_enabled":true,"_links":{"self":[{"href":"https:\/\/cesarbaggio.fr\/WP\/wp-json\/wp\/v2\/pages\/487","targetHints":{"allow":["GET"]}}],"collection":[{"href":"https:\/\/cesarbaggio.fr\/WP\/wp-json\/wp\/v2\/pages"}],"about":[{"href":"https:\/\/cesarbaggio.fr\/WP\/wp-json\/wp\/v2\/types\/page"}],"author":[{"embeddable":true,"href":"https:\/\/cesarbaggio.fr\/WP\/wp-json\/wp\/v2\/users\/1"}],"replies":[{"embeddable":true,"href":"https:\/\/cesarbaggio.fr\/WP\/wp-json\/wp\/v2\/comments?post=487"}],"version-history":[{"count":11,"href":"https:\/\/cesarbaggio.fr\/WP\/wp-json\/wp\/v2\/pages\/487\/revisions"}],"predecessor-version":[{"id":1920,"href":"https:\/\/cesarbaggio.fr\/WP\/wp-json\/wp\/v2\/pages\/487\/revisions\/1920"}],"up":[{"embeddable":true,"href":"https:\/\/cesarbaggio.fr\/WP\/wp-json\/wp\/v2\/pages\/437"}],"wp:attachment":[{"href":"https:\/\/cesarbaggio.fr\/WP\/wp-json\/wp\/v2\/media?parent=487"}],"curies":[{"name":"wp","href":"https:\/\/api.w.org\/{rel}","templated":true}]}}