{"id":446,"date":"2020-11-02T12:20:52","date_gmt":"2020-11-02T11:20:52","guid":{"rendered":"https:\/\/cesarbaggio.fr\/WP\/?page_id=446"},"modified":"2020-12-08T10:41:59","modified_gmt":"2020-12-08T09:41:59","slug":"mentions-legales","status":"publish","type":"page","link":"https:\/\/cesarbaggio.fr\/WP\/mentions-legales\/","title":{"rendered":"Mentions Legales"},"content":{"rendered":"\n<hr class=\"wp-block-separator\"\/>\n\n\n\n<p><strong>INFORMATIONS L\u00c9GALES DU SITE<\/strong><a href=\"http:\/\/www.lycee-baggio.fr\/\" target=\"_blank\" rel=\"noreferrer noopener nofollow\"><br><br>www.lycee-baggio.fr<\/a><\/p>\n\n\n\n<p><strong>INFORMATIONS PROPRIETAIRE<\/strong><br>Lyc\u00e9e C\u00e9sar Baggio<br>Boulevard d&rsquo;Alsace<br>59000 Lille<\/p>\n\n\n\n<p>Pour toute suggestion, information, r\u00e9action concernant ce site, n&rsquo;h\u00e9sitez pas \u00e0 \u00e9crire au webmestre : \u00a0<a href=\"mailto:baggio@ac-lille.fr?subject=suggestion,%20reaction%20site%20web\">baggio@ac-lille.fr<\/a><br><strong><br>PROPRIETE INTELLECTUELLE<\/strong><br>L&rsquo;ensemble du contenu de ce site est la propri\u00e9t\u00e9 du Lyc\u00e9e Baggio. Les logos, marques et visuels pr\u00e9sents sur ce site sont d\u00e9pos\u00e9s. Les bases de donn\u00e9es d\u00e9velopp\u00e9es sont la propri\u00e9t\u00e9 exclusive du Lyc\u00e9e Baggio.<\/p>\n\n\n\n<p><strong>DROITS DE REPRODUCTION<\/strong><br>Conform\u00e9ment \u00e0 l&rsquo;article L.335-2 du code de la propri\u00e9t\u00e9 intellectuelle, la reproduction ou la repr\u00e9sentation partielle ou totale du site ou de son contenu est interdite sans autorisation pr\u00e9alable.<\/p>\n\n\n\n<p>Pour tout renseignement :  \u00a0<a href=\"mailto:baggio@ac-lille.fr?subject=demande%20de%20renseignement%20site%20web\">baggio@ac-lille.fr<\/a><\/p>\n\n\n\n<p><strong>LIENS VERS D&rsquo;AUTRES SITES<\/strong><br>Le site propose des liens vers des sites sur lesquels le Lyc\u00e9e Baggio n&rsquo;exerce aucun contr\u00f4le et d\u00e9gage toute responsabilit\u00e9 quant au contenu de ces sites.<\/p>\n","protected":false},"excerpt":{"rendered":"<p>INFORMATIONS L\u00c9GALES DU SITE www.lycee-baggio.fr INFORMATIONS PROPRIETAIRELyc\u00e9e C\u00e9sar BaggioBoulevard d&rsquo;Alsace59000 Lille Pour toute suggestion, information,&#8230;<\/p>\n","protected":false},"author":1,"featured_media":0,"parent":0,"menu_order":0,"comment_status":"closed","ping_status":"closed","template":"","meta":{"footnotes":""},"class_list":["post-446","page","type-page","status-publish","hentry"],"jetpack_sharing_enabled":true,"_links":{"self":[{"href":"https:\/\/cesarbaggio.fr\/WP\/wp-json\/wp\/v2\/pages\/446","targetHints":{"allow":["GET"]}}],"collection":[{"href":"https:\/\/cesarbaggio.fr\/WP\/wp-json\/wp\/v2\/pages"}],"about":[{"href":"https:\/\/cesarbaggio.fr\/WP\/wp-json\/wp\/v2\/types\/page"}],"author":[{"embeddable":true,"href":"https:\/\/cesarbaggio.fr\/WP\/wp-json\/wp\/v2\/users\/1"}],"replies":[{"embeddable":true,"href":"https:\/\/cesarbaggio.fr\/WP\/wp-json\/wp\/v2\/comments?post=446"}],"version-history":[{"count":3,"href":"https:\/\/cesarbaggio.fr\/WP\/wp-json\/wp\/v2\/pages\/446\/revisions"}],"predecessor-version":[{"id":1008,"href":"https:\/\/cesarbaggio.fr\/WP\/wp-json\/wp\/v2\/pages\/446\/revisions\/1008"}],"wp:attachment":[{"href":"https:\/\/cesarbaggio.fr\/WP\/wp-json\/wp\/v2\/media?parent=446"}],"curies":[{"name":"wp","href":"https:\/\/api.w.org\/{rel}","templated":true}]}}