{"id":437,"date":"2020-10-16T15:11:12","date_gmt":"2020-10-16T13:11:12","guid":{"rendered":"https:\/\/cesarbaggio.fr\/WP\/?page_id=437"},"modified":"2024-02-07T11:39:07","modified_gmt":"2024-02-07T10:39:07","slug":"cpge","status":"publish","type":"page","link":"https:\/\/cesarbaggio.fr\/WP\/formations\/cpge\/","title":{"rendered":"LES CLASSES PR\u00c9PARATOIRES"},"content":{"rendered":"\n<hr class=\"wp-block-separator\"\/>\n\n\n\n<div class=\"wp-block-columns is-layout-flex wp-container-core-columns-is-layout-28f84493 wp-block-columns-is-layout-flex\">\n<div class=\"wp-block-column is-layout-flow wp-block-column-is-layout-flow\">\n<p><a href=\"https:\/\/cesarbaggio.fr\/WP\/category\/actualite-cpge\/\"><img loading=\"lazy\" decoding=\"async\" class=\"aligncenter size-full wp-image-4840\" src=\"https:\/\/cesarbaggio.fr\/WP\/wp-content\/uploads\/2024\/02\/logo-Baggio-network_actualites.png\" alt=\"\" width=\"2096\" height=\"1101\" srcset=\"https:\/\/cesarbaggio.fr\/WP\/wp-content\/uploads\/2024\/02\/logo-Baggio-network_actualites.png 2096w, https:\/\/cesarbaggio.fr\/WP\/wp-content\/uploads\/2024\/02\/logo-Baggio-network_actualites-300x158.png 300w, https:\/\/cesarbaggio.fr\/WP\/wp-content\/uploads\/2024\/02\/logo-Baggio-network_actualites-1024x538.png 1024w, https:\/\/cesarbaggio.fr\/WP\/wp-content\/uploads\/2024\/02\/logo-Baggio-network_actualites-768x403.png 768w, https:\/\/cesarbaggio.fr\/WP\/wp-content\/uploads\/2024\/02\/logo-Baggio-network_actualites-1536x807.png 1536w, https:\/\/cesarbaggio.fr\/WP\/wp-content\/uploads\/2024\/02\/logo-Baggio-network_actualites-2048x1076.png 2048w, https:\/\/cesarbaggio.fr\/WP\/wp-content\/uploads\/2024\/02\/logo-Baggio-network_actualites-24x13.png 24w, https:\/\/cesarbaggio.fr\/WP\/wp-content\/uploads\/2024\/02\/logo-Baggio-network_actualites-36x19.png 36w, https:\/\/cesarbaggio.fr\/WP\/wp-content\/uploads\/2024\/02\/logo-Baggio-network_actualites-48x25.png 48w\" sizes=\"auto, (max-width: 2096px) 100vw, 2096px\" \/><\/a><\/p>\n<\/div>\n\n\n\n<div class=\"wp-block-column is-layout-flow wp-block-column-is-layout-flow\">\n<p><a href=\"https:\/\/cesarbaggio.fr\/WP\/category\/temoignage-cpge\/\"><img loading=\"lazy\" decoding=\"async\" class=\"aligncenter size-full wp-image-4839\" src=\"https:\/\/cesarbaggio.fr\/WP\/wp-content\/uploads\/2024\/02\/logo-Baggio-network_temoignages.png\" alt=\"\" width=\"2096\" height=\"1101\" srcset=\"https:\/\/cesarbaggio.fr\/WP\/wp-content\/uploads\/2024\/02\/logo-Baggio-network_temoignages.png 2096w, https:\/\/cesarbaggio.fr\/WP\/wp-content\/uploads\/2024\/02\/logo-Baggio-network_temoignages-300x158.png 300w, https:\/\/cesarbaggio.fr\/WP\/wp-content\/uploads\/2024\/02\/logo-Baggio-network_temoignages-1024x538.png 1024w, https:\/\/cesarbaggio.fr\/WP\/wp-content\/uploads\/2024\/02\/logo-Baggio-network_temoignages-768x403.png 768w, https:\/\/cesarbaggio.fr\/WP\/wp-content\/uploads\/2024\/02\/logo-Baggio-network_temoignages-1536x807.png 1536w, https:\/\/cesarbaggio.fr\/WP\/wp-content\/uploads\/2024\/02\/logo-Baggio-network_temoignages-2048x1076.png 2048w, https:\/\/cesarbaggio.fr\/WP\/wp-content\/uploads\/2024\/02\/logo-Baggio-network_temoignages-24x13.png 24w, https:\/\/cesarbaggio.fr\/WP\/wp-content\/uploads\/2024\/02\/logo-Baggio-network_temoignages-36x19.png 36w, https:\/\/cesarbaggio.fr\/WP\/wp-content\/uploads\/2024\/02\/logo-Baggio-network_temoignages-48x25.png 48w\" sizes=\"auto, (max-width: 2096px) 100vw, 2096px\" \/><\/a><\/p>\n<\/div>\n\n\n\n<div class=\"wp-block-column is-layout-flow wp-block-column-is-layout-flow\">\n<p><a href=\"https:\/\/cesarbaggio.fr\/WP\/category\/la-vie-apres\/\"><img loading=\"lazy\" decoding=\"async\" class=\"aligncenter size-full wp-image-4837\" src=\"https:\/\/cesarbaggio.fr\/WP\/wp-content\/uploads\/2024\/02\/logo-Baggio-network_interviews.png\" alt=\"\" width=\"2096\" height=\"1101\" srcset=\"https:\/\/cesarbaggio.fr\/WP\/wp-content\/uploads\/2024\/02\/logo-Baggio-network_interviews.png 2096w, https:\/\/cesarbaggio.fr\/WP\/wp-content\/uploads\/2024\/02\/logo-Baggio-network_interviews-300x158.png 300w, https:\/\/cesarbaggio.fr\/WP\/wp-content\/uploads\/2024\/02\/logo-Baggio-network_interviews-1024x538.png 1024w, https:\/\/cesarbaggio.fr\/WP\/wp-content\/uploads\/2024\/02\/logo-Baggio-network_interviews-768x403.png 768w, https:\/\/cesarbaggio.fr\/WP\/wp-content\/uploads\/2024\/02\/logo-Baggio-network_interviews-1536x807.png 1536w, https:\/\/cesarbaggio.fr\/WP\/wp-content\/uploads\/2024\/02\/logo-Baggio-network_interviews-2048x1076.png 2048w, https:\/\/cesarbaggio.fr\/WP\/wp-content\/uploads\/2024\/02\/logo-Baggio-network_interviews-24x13.png 24w, https:\/\/cesarbaggio.fr\/WP\/wp-content\/uploads\/2024\/02\/logo-Baggio-network_interviews-36x19.png 36w, https:\/\/cesarbaggio.fr\/WP\/wp-content\/uploads\/2024\/02\/logo-Baggio-network_interviews-48x25.png 48w\" sizes=\"auto, (max-width: 2096px) 100vw, 2096px\" \/><\/a><\/p>\n<\/div>\n<\/div>\n\n\n\n<div class=\"wp-block-columns is-layout-flex wp-container-core-columns-is-layout-28f84493 wp-block-columns-is-layout-flex\">\n<div class=\"wp-block-column is-layout-flow wp-block-column-is-layout-flow\">\n<p><a href=\"https:\/\/cesarbaggio.fr\/WP\/formations\/cpge\/pcsi-psi-psi\/\"><img loading=\"lazy\" decoding=\"async\" class=\"aligncenter size-full wp-image-4842\" src=\"https:\/\/cesarbaggio.fr\/WP\/wp-content\/uploads\/2024\/02\/logo-Baggio-network_PCSI.png\" alt=\"\" width=\"2096\" height=\"1101\" srcset=\"https:\/\/cesarbaggio.fr\/WP\/wp-content\/uploads\/2024\/02\/logo-Baggio-network_PCSI.png 2096w, https:\/\/cesarbaggio.fr\/WP\/wp-content\/uploads\/2024\/02\/logo-Baggio-network_PCSI-300x158.png 300w, https:\/\/cesarbaggio.fr\/WP\/wp-content\/uploads\/2024\/02\/logo-Baggio-network_PCSI-1024x538.png 1024w, https:\/\/cesarbaggio.fr\/WP\/wp-content\/uploads\/2024\/02\/logo-Baggio-network_PCSI-768x403.png 768w, https:\/\/cesarbaggio.fr\/WP\/wp-content\/uploads\/2024\/02\/logo-Baggio-network_PCSI-1536x807.png 1536w, https:\/\/cesarbaggio.fr\/WP\/wp-content\/uploads\/2024\/02\/logo-Baggio-network_PCSI-2048x1076.png 2048w, https:\/\/cesarbaggio.fr\/WP\/wp-content\/uploads\/2024\/02\/logo-Baggio-network_PCSI-24x13.png 24w, https:\/\/cesarbaggio.fr\/WP\/wp-content\/uploads\/2024\/02\/logo-Baggio-network_PCSI-36x19.png 36w, https:\/\/cesarbaggio.fr\/WP\/wp-content\/uploads\/2024\/02\/logo-Baggio-network_PCSI-48x25.png 48w\" sizes=\"auto, (max-width: 2096px) 100vw, 2096px\" \/><\/a><\/p>\n<\/div>\n\n\n\n<div class=\"wp-block-column is-layout-flow wp-block-column-is-layout-flow\">\n<p><a href=\"https:\/\/cesarbaggio.fr\/WP\/formations\/cpge\/ptsi-pt-pt\/\"><img loading=\"lazy\" decoding=\"async\" class=\"aligncenter size-full wp-image-4843\" src=\"https:\/\/cesarbaggio.fr\/WP\/wp-content\/uploads\/2024\/02\/logo-Baggio-network_PTSI.png\" alt=\"\" width=\"2096\" height=\"1101\" srcset=\"https:\/\/cesarbaggio.fr\/WP\/wp-content\/uploads\/2024\/02\/logo-Baggio-network_PTSI.png 2096w, https:\/\/cesarbaggio.fr\/WP\/wp-content\/uploads\/2024\/02\/logo-Baggio-network_PTSI-300x158.png 300w, https:\/\/cesarbaggio.fr\/WP\/wp-content\/uploads\/2024\/02\/logo-Baggio-network_PTSI-1024x538.png 1024w, https:\/\/cesarbaggio.fr\/WP\/wp-content\/uploads\/2024\/02\/logo-Baggio-network_PTSI-768x403.png 768w, https:\/\/cesarbaggio.fr\/WP\/wp-content\/uploads\/2024\/02\/logo-Baggio-network_PTSI-1536x807.png 1536w, https:\/\/cesarbaggio.fr\/WP\/wp-content\/uploads\/2024\/02\/logo-Baggio-network_PTSI-2048x1076.png 2048w, https:\/\/cesarbaggio.fr\/WP\/wp-content\/uploads\/2024\/02\/logo-Baggio-network_PTSI-24x13.png 24w, https:\/\/cesarbaggio.fr\/WP\/wp-content\/uploads\/2024\/02\/logo-Baggio-network_PTSI-36x19.png 36w, https:\/\/cesarbaggio.fr\/WP\/wp-content\/uploads\/2024\/02\/logo-Baggio-network_PTSI-48x25.png 48w\" sizes=\"auto, (max-width: 2096px) 100vw, 2096px\" \/><\/a><\/p>\n<\/div>\n\n\n\n<div class=\"wp-block-column is-layout-flow wp-block-column-is-layout-flow\">\n<p><a href=\"https:\/\/cesarbaggio.fr\/WP\/formations\/cpge\/ats\/\"><img loading=\"lazy\" decoding=\"async\" class=\"aligncenter size-full wp-image-4841\" src=\"https:\/\/cesarbaggio.fr\/WP\/wp-content\/uploads\/2024\/02\/logo-Baggio-network_ATS.png\" alt=\"\" width=\"2096\" height=\"1101\" srcset=\"https:\/\/cesarbaggio.fr\/WP\/wp-content\/uploads\/2024\/02\/logo-Baggio-network_ATS.png 2096w, https:\/\/cesarbaggio.fr\/WP\/wp-content\/uploads\/2024\/02\/logo-Baggio-network_ATS-300x158.png 300w, https:\/\/cesarbaggio.fr\/WP\/wp-content\/uploads\/2024\/02\/logo-Baggio-network_ATS-1024x538.png 1024w, https:\/\/cesarbaggio.fr\/WP\/wp-content\/uploads\/2024\/02\/logo-Baggio-network_ATS-768x403.png 768w, https:\/\/cesarbaggio.fr\/WP\/wp-content\/uploads\/2024\/02\/logo-Baggio-network_ATS-1536x807.png 1536w, https:\/\/cesarbaggio.fr\/WP\/wp-content\/uploads\/2024\/02\/logo-Baggio-network_ATS-2048x1076.png 2048w, https:\/\/cesarbaggio.fr\/WP\/wp-content\/uploads\/2024\/02\/logo-Baggio-network_ATS-24x13.png 24w, https:\/\/cesarbaggio.fr\/WP\/wp-content\/uploads\/2024\/02\/logo-Baggio-network_ATS-36x19.png 36w, https:\/\/cesarbaggio.fr\/WP\/wp-content\/uploads\/2024\/02\/logo-Baggio-network_ATS-48x25.png 48w\" sizes=\"auto, (max-width: 2096px) 100vw, 2096px\" \/><\/a><\/p>\n<\/div>\n<\/div>\n\n\n\n<div class=\"wp-block-blockspare-blockspare-social-links blockspare-e3820f82-8eca-4 blockspare-socaillink-block blockspare-sociallinks-center\" blockspare-animation=\"\"><style>.blockspare-e3820f82-8eca-4 .blockspare-social-wrapper{text-align:center;margin-top:30px;margin-right:0px;margin-bottom:30px;margin-left:0px}.blockspare-e3820f82-8eca-4 .blockspare-social-wrapper .blockspare-social-icons > span{font-size:16px}@media screen and (max-width:1025px){.blockspare-e3820f82-8eca-4 .blockspare-social-wrapper .blockspare-social-icons > span{font-size:16px}}@media screen and (max-width:768px){.blockspare-e3820f82-8eca-4 .blockspare-social-wrapper .blockspare-social-icons > span{font-size:14px}}<\/style><div class=\"blockspare-social-wrapper\"><ul class=\"blockspare-social-links blockspare-default-official-color blockspare-social-icon-square blockspare-social-icon-small blockspare-icon-with-texts blockspare-social-icon-solid blockspare-social-links-horizontal\"><li class=\"blockspare-hover-item\"><a href=\"https:\/\/www.facebook.com\/prepabaggio\" class=\"bs-social-facebook\" target=\"_blank\" rel=\"noopener noreferrer nofollow\"><span class=\"blockspare-social-icons\"><i class=\"fab fa-facebook-f\"><\/i> <span class=\"screen-reader-text\">Facebook<\/span><\/span><\/a><\/li><li class=\"blockspare-hover-item\"><a href=\"https:\/\/www.instagram.com\/cpge.baggio?igsh=MXQ1cXc4amg0cXQwMQ==\" class=\"bs-social-instagram\" target=\"_blank\" rel=\"noopener noreferrer nofollow\"><span class=\"blockspare-social-icons\"><i class=\"fab fa-instagram\"><\/i><span class=\"screen-reader-text\">Instagram<\/span><\/span><\/a><\/li><li class=\"blockspare-hover-item\"><a href=\"https:\/\/www.youtube.com\/@baggioprepa4579\" class=\"bs-social-youtube\" target=\"_blank\" rel=\"noopener noreferrer nofollow\"><span class=\"blockspare-social-icons\"><i class=\"fab fa-youtube\"><\/i><span class=\"screen-reader-text\">YouTube<\/span><\/span><\/a><\/li><li class=\"blockspare-hover-item\"><a href=\"https:\/\/www.linkedin.com\/groups\/9501531\" class=\"bs-social-linkedin\" target=\"_blank\" rel=\"noopener noreferrer nofollow\"><span class=\"blockspare-social-icons\"><i class=\"fab fa-linkedin\"><\/i><span class=\"screen-reader-text\">LinkedIn<\/span><\/span><\/a><\/li><\/ul><\/div><\/div>\n\n\n<p style=\"text-align: center;\"><a href=\"http:\/\/cesarbaggio.fr\/plaquette\/cpge\/Plaquette%20CPGE-Baggio2020.pdf\">Plaquette des Classes Pr\u00e9paratoires Lyc\u00e9e Baggio &#8211; T\u00e9l\u00e9chargeable<\/a><\/p>\n<p><span style=\"font-family: Helvetica;\"><strong><span class=\"has-inline-color has-black-color\" data-rich-text-format-boundary=\"true\">Que sont les C.P.G.E. ?\u00a0 \u00a0 \u00a0 \u00a0 \u00a0 \u00a0 \u00a0 \u00a0 \u00a0 \u00a0 \u00a0 \u00a0 \u00a0 \u00a0 \u00a0 \u00a0 \u00a0 \u00a0 \u00a0 \u00a0 \u00a0<\/span><\/strong><\/span><\/p>\n<p style=\"text-align: justify;\"><span style=\"font-family: Helvetica;\"><strong data-rich-text-format-boundary=\"true\">Les classes pr\u00e9paratoires ont pour vocation de pr\u00e9parer les bacheliers aux concours d\u2019entr\u00e9e des grandes \u00e9coles d\u00e9bouchant sur les m\u00e9tiers d&rsquo;ing\u00e9nieur, d\u2019enseignant ou de chercheur.<\/strong>\u00a0<\/span><\/p>\n<p style=\"text-align: justify;\"><span style=\"font-family: Helvetica;\">Cette pr\u00e9paration gratuite se fait g\u00e9n\u00e9ralement en deux ou trois ans (un an pour la fili\u00e8re ATS recrutant apr\u00e8s un DUT ou un BTS).\u00a0<\/span><\/p>\n<ul id=\"block-ede49505-44a0-4485-bd79-65bee65753e4\" class=\"block-editor-rich-text__editable block-editor-block-list__block wp-block is-selected is-focused is-focus-mode rich-text\" tabindex=\"0\" role=\"group\" contenteditable=\"true\" aria-multiline=\"true\" aria-label=\"Bloc\u00a0: Liste\" data-block=\"ede49505-44a0-4485-bd79-65bee65753e4\" data-type=\"core\/list\" data-title=\"Liste\">\n<li style=\"text-align: justify;\"><span style=\"font-family: Helvetica;\">Au vu du nombre important d\u2019\u00e9coles et de places offertes, les concours ne servent plus \u00e0 \u00e9liminer les candidats, mais \u00e0 les classer.\u00a0<strong>Tout \u00e9tudiant s\u00e9rieux, d\u2019un bon niveau et motiv\u00e9 int\u00e8gre une \u00e9cole reconnue avec la garantie de trouver un emploi rapidement.<\/strong><\/span><\/li>\n<li style=\"text-align: justify;\"><span style=\"font-family: Helvetica;\"><strong>Plus qu\u2019une simple pr\u00e9paration aux concours<\/strong>, cette formation pluridisciplinaire permet d\u2019acqu\u00e9rir des <strong>m\u00e9thodes de travail efficaces<\/strong> ainsi que toutes les <strong>connaissances et comp\u00e9tences<\/strong> attendues chez l\u2019ing\u00e9nieur, l\u2019enseignant ou le chercheur : capacit\u00e9s d\u2019analyse, de r\u00e9flexion, d\u2019expression \u00e9crite et orale d\u00e9velopp\u00e9es \u00e0 la fois dans les disciplines scientifiques, en langues vivantes et en fran\u00e7ais-philosophie.<\/span><\/li>\n<li style=\"text-align: justify;\"><span style=\"font-family: Helvetica;\">Cette formation post-baccalaur\u00e9at, assur\u00e9e dans le cadre d\u2019une classe et d\u2019un lyc\u00e9e, multiplie les formes d\u2019enseignement et d\u2019\u00e9valuations (cours en classe enti\u00e8re ou en groupes, travaux pratiques, devoirs surveill\u00e9s et interrogations orales individuelles hebdomadaires),\u00a0<strong>garantissant par l\u00e0 un suivi plus individualis\u00e9, un travail plus encadr\u00e9 qu\u2019\u00e0 l\u2019universit\u00e9.<\/strong><\/span><\/li>\n<\/ul>\n<p><span style=\"font-family: Helvetica;\"><strong data-rich-text-format-boundary=\"true\">Quelles sont les fili\u00e8res propos\u00e9es au lyc\u00e9e Baggio\u00a0?<\/strong><\/span><\/p>\n<p style=\"text-align: left;\"><span style=\"font-family: Helvetica;\">Orient\u00e9 vers les sciences de l\u2019ing\u00e9nieur, le lyc\u00e9e Baggio propose les classes pr\u00e9paratoires suivantes\u00a0:<\/span><\/p>\n<p><span style=\"font-family: Helvetica;\">-&gt; Apr\u00e8s un bac g\u00e9n\u00e9ral :\u00a0 \u00a0 \u00a0 \u00a0 \u00a0 \u00a0 \u00a0 \u00a0 \u00a0 \u00a0 \u00a0 \u00a0 \u00a0 \u00a0 \u00a0 \u00a0 \u00a0 \u00a0 \u00a0 \u00a0 \u00a0 \u00a0 \u00a0 \u00a0 \u00a0 \u00a0 \u00a0 \u00a0 \u00a0 \u00a0 \u00a0 \u00a0 \u00a0 \u00a0 \u00a0 -&gt;\u00a0 Apr\u00e8s un BTS ou un DUT industriel :<\/span><\/p>\n<ul id=\"block-74df2e1a-71bb-4d68-8d80-d7fff6f91975\" class=\"block-editor-rich-text__editable block-editor-block-list__block wp-block is-selected is-focused is-focus-mode is-hovered rich-text\" tabindex=\"0\" role=\"group\" contenteditable=\"true\" aria-multiline=\"true\" aria-label=\"Bloc\u00a0: Liste\" data-block=\"74df2e1a-71bb-4d68-8d80-d7fff6f91975\" data-type=\"core\/list\" data-title=\"Liste\">\n<li><span style=\"font-family: Helvetica;\">PCSI (Physique, Chimie, Sciences de l\u2019Ing\u00e9nieur)\u00a0 \u00a0 \u00a0 \u00a0 \u00a0 \u00a0 \u00a0 \u00a0 \u00a0 \u00a0 \u00a0 \u00a0 \u00a0 \u00a0 \u00a0 \u00a0* ATS (Adaptation Technicien\u00a0 Sup\u00e9rieur)\u00a0 \u00a0 \u00a0 \u00a0 \u00a0 \u00a0 \u00a0 \u00a0\u00a0<\/span><\/li>\n<li><span style=\"font-family: Helvetica;\">PTSI (Physique, Technologie, Sciences de l\u2019Ing\u00e9nieur)\u00a0 \u00a0<\/span> \u00a0 \u00a0 \u00a0\u00a0<\/li>\n<\/ul>\n<p><img decoding=\"async\" class=\"aligncenter\" src=\"https:\/\/cesarbaggio.fr\/WP\/wp-content\/uploads\/2020\/10\/tab-1-1024x525.png\" width=\"60%\" height=\"60%\" \/><\/p>\n<p>\u00a0<\/p>\n<p style=\"text-align: justify;\"><span style=\"font-family: Helvetica;\"><strong data-rich-text-format-boundary=\"true\">Quelles sp\u00e9cialit\u00e9s choisir au lyc\u00e9e pour r\u00e9ussir en classes pr\u00e9paratoires ?<\/strong><\/span><\/p>\n<p style=\"text-align: justify;\"><span style=\"font-family: Helvetica;\">Les choix suivants constituent des recommandations mais tous les dossiers de candidature seront \u00e9tudi\u00e9s, quelles que soient les sp\u00e9cialit\u00e9s suivies au lyc\u00e9e.<\/span><\/p>\n<p><img decoding=\"async\" class=\"aligncenter\" src=\"https:\/\/cesarbaggio.fr\/WP\/wp-content\/uploads\/2020\/10\/tab-2-1024x744.png\" alt=\"L\u2019attribut alt de cette image est vide, son nom de fichier est tab-2-1024x744.png.\" width=\"60%\" height=\"60%\" \/><\/p>\n<p>\u00a0<\/p>\n<p style=\"text-align: left;\"><span style=\"font-family: Helvetica;\"><strong data-rich-text-format-boundary=\"true\">Pourquoi choisir le lyc\u00e9e C\u00e9sar Baggio ?<\/strong><\/span><\/p>\n<p style=\"text-align: justify;\"><span style=\"font-family: Helvetica;\">Le choix d\u2019une classe pr\u00e9paratoire est d\u00e9cisif : il s\u2019agit pour l\u2019\u00e9tudiant d\u2019opter pour l\u2019\u00e9tablissement qui lui permettra de r\u00e9aliser la meilleure progression vers les concours.<\/span><\/p>\n<ul id=\"block-772bf358-2c2d-4efa-9be2-ebe019157b6d\" class=\"block-editor-rich-text__editable block-editor-block-list__block wp-block is-selected is-focused is-focus-mode rich-text\" tabindex=\"0\" role=\"group\" contenteditable=\"true\" aria-multiline=\"true\" aria-label=\"Bloc\u00a0: Liste\" data-block=\"772bf358-2c2d-4efa-9be2-ebe019157b6d\" data-type=\"core\/list\" data-title=\"Liste\">\n<li style=\"text-align: justify;\"><span style=\"font-family: Helvetica;\"><strong data-rich-text-format-boundary=\"true\">La politique du lyc\u00e9e C\u00e9sar Baggio<\/strong>\u00a0est de donner \u00e0 chacun les moyens de r\u00e9ussir, d\u2019\u00eatre admis dans la meilleure \u00e9cole possible.<\/span><\/li>\n<li style=\"text-align: justify;\"><span style=\"font-family: Helvetica;\"><strong>Les effectifs raisonnables des classes assurent un dialogue r\u00e9el<\/strong>\u00a0dans le cadre des cours, une meilleure prise en charge individuelle, des \u00e9valuations \u00e9crites plus fr\u00e9quentes et donc une meilleure progression, un relationnel plus humain qui permet un meilleur soutien psychologique.<\/span><\/li>\n<li style=\"text-align: justify;\"><span style=\"font-family: Helvetica;\"><strong>Ses \u00e9quipes p\u00e9dagogiques sont exigeantes mais tr\u00e8s disponibles<\/strong>\u00a0et particuli\u00e8rement impliqu\u00e9es dans le suivi et la r\u00e9ussite de chaque \u00e9tudiant.<\/span><\/li>\n<li style=\"text-align: justify;\"><span style=\"font-family: Helvetica;\"><strong>La logique n\u2019est donc pas une logique de s\u00e9lection mais d\u2019\u00e9mulation<\/strong>\u00a0: elle vise \u00e0 cr\u00e9er un cadre d\u2019\u00e9tudes serein o\u00f9 le travail en groupe permet d\u2019assurer la r\u00e9ussite de chacun. C\u2019est ainsi que la quasi-totalit\u00e9 des \u00e9tudiants du lyc\u00e9e C\u00e9sar Baggio int\u00e8gre une \u00e9cole.<\/span><\/li>\n<li style=\"text-align: justify;\"><span style=\"font-family: Helvetica;\"><strong>Les CPGE du lyc\u00e9e Baggio b\u00e9n\u00e9ficient de classes de niveau en 2<sup>\u00e8me<\/sup> ann\u00e9e\u00a0<\/strong>: \u00e9toil\u00e9es (PSI* et PT*) ou non \u00e9toil\u00e9es (PSI et PT), les classes de 2<sup>\u00e8me<\/sup> ann\u00e9e permettent \u00e0 chaque \u00e9tudiant de progresser \u00e0 son rythme dans l\u2019objectif d\u2019acqu\u00e9rir les m\u00eames connaissances exigibles.<\/span><\/li>\n<li style=\"text-align: justify;\"><span style=\"font-family: Helvetica;\"><strong>Le r\u00e9seau du lyc\u00e9e Baggio\u00a0<\/strong>: les \u00e9tudiants b\u00e9n\u00e9ficient du r\u00e9seau d\u00e9velopp\u00e9 par le lyc\u00e9e Baggio avec les Arts et M\u00e9tiers dans le cadre des Cord\u00e9es de la r\u00e9ussite.<\/span><\/li>\n<li style=\"text-align: justify;\"><span style=\"font-family: Helvetica;\"><strong>L\u2019internat du lyc\u00e9e Baggio\u00a0<\/strong>: les \u00e9tudiants qui le d\u00e9sirent peuvent y \u00eatre log\u00e9s en semaine (du dimanche soir au samedi midi) afin de profiter de l\u2019\u00e9mulation du travail en groupe et d\u2019\u00e9viter des pertes de temps (transports, logistique \u2026).<\/span><\/li>\n<\/ul>\n<p><img decoding=\"async\" class=\"aligncenter\" src=\"https:\/\/cesarbaggio.fr\/WP\/wp-content\/uploads\/2020\/10\/photo_groupe-1024x683.jpg\" alt=\"L\u2019attribut alt de cette image est vide, son nom de fichier est photo_groupe-1024x683.jpg.\" width=\"80%\" height=\"80%\" \/><\/p>\n\n\n<p><br><\/p>\n","protected":false},"excerpt":{"rendered":"<p>Plaquette des Classes Pr\u00e9paratoires Lyc\u00e9e Baggio &#8211; T\u00e9l\u00e9chargeable Que sont les C.P.G.E. ?\u00a0 \u00a0 \u00a0&#8230;<\/p>\n","protected":false},"author":1,"featured_media":0,"parent":30,"menu_order":0,"comment_status":"closed","ping_status":"closed","template":"","meta":{"footnotes":""},"class_list":["post-437","page","type-page","status-publish","hentry"],"jetpack_sharing_enabled":true,"_links":{"self":[{"href":"https:\/\/cesarbaggio.fr\/WP\/wp-json\/wp\/v2\/pages\/437","targetHints":{"allow":["GET"]}}],"collection":[{"href":"https:\/\/cesarbaggio.fr\/WP\/wp-json\/wp\/v2\/pages"}],"about":[{"href":"https:\/\/cesarbaggio.fr\/WP\/wp-json\/wp\/v2\/types\/page"}],"author":[{"embeddable":true,"href":"https:\/\/cesarbaggio.fr\/WP\/wp-json\/wp\/v2\/users\/1"}],"replies":[{"embeddable":true,"href":"https:\/\/cesarbaggio.fr\/WP\/wp-json\/wp\/v2\/comments?post=437"}],"version-history":[{"count":30,"href":"https:\/\/cesarbaggio.fr\/WP\/wp-json\/wp\/v2\/pages\/437\/revisions"}],"predecessor-version":[{"id":4852,"href":"https:\/\/cesarbaggio.fr\/WP\/wp-json\/wp\/v2\/pages\/437\/revisions\/4852"}],"up":[{"embeddable":true,"href":"https:\/\/cesarbaggio.fr\/WP\/wp-json\/wp\/v2\/pages\/30"}],"wp:attachment":[{"href":"https:\/\/cesarbaggio.fr\/WP\/wp-json\/wp\/v2\/media?parent=437"}],"curies":[{"name":"wp","href":"https:\/\/api.w.org\/{rel}","templated":true}]}}