{"id":3792,"date":"2022-07-01T09:57:02","date_gmt":"2022-07-01T07:57:02","guid":{"rendered":"https:\/\/cesarbaggio.fr\/WP\/?page_id=3792"},"modified":"2022-07-01T09:58:46","modified_gmt":"2022-07-01T07:58:46","slug":"pele-mele-culturel-en-seconde-passerelle","status":"publish","type":"page","link":"https:\/\/cesarbaggio.fr\/WP\/pele-mele-culturel-en-seconde-passerelle\/","title":{"rendered":"P\u00caLE &#8211; M\u00caLE CULTUREL EN SECONDE PASSERELLE"},"content":{"rendered":"\n<hr class=\"wp-block-separator\"\/>\n\n\n<p style=\"text-align: justify;\"><span style=\"color: #3366ff; font-family: 'Comic Sans MS', sans-serif; font-size: revert;\">La seconde Passerelle est une seconde g\u00e9n\u00e9rale et technologique particuli\u00e8re. Elle permet aux vingt \u00e9l\u00e8ves qui ont \u00e9t\u00e9 s\u00e9lectionn\u00e9s sur dossier et lettre de motivation de renforcer leurs comp\u00e9tences, de gagner en confiance en soi, en motivation, en m\u00e9thode gr\u00e2ce \u00e0 une \u00e9quipe soud\u00e9e de professeurs qui travaillent par projet et aussi souvent que possible en interdisciplinarit\u00e9. Il s\u2019agit, pour ces \u00e9l\u00e8ves, de passer sereinement en 1re technologique, g\u00e9n\u00e9rale ou professionnelle, en s\u2019impliquant dans leur projet d\u2019orientation.<\/span><\/p>\n<p style=\"text-align: justify;\"><span style=\"color: #3366ff; font-family: 'Comic Sans MS', sans-serif; font-size: revert;\">Voici quelques exemples de projets accomplis en 2de Hamilton, la seconde Passerelle de notre lyc\u00e9e !\u2026<\/span><\/p>\n\n            <div class=\"wp-block-blockspare-posts-block-blockspare-posts-block-latest-posts aligncenter   blockspare-57e62d25-61a6-4\" blockspare-animation=\"\">\n            <style type=\"text\/css\"> .blockspare-57e62d25-61a6-4 .blockspare-posts-block-post-wrap{\n            margin-top:30px;\n            margin-bottom:30px;\n            margin-left:0px;\n            margin-right:0px;\n        } .blockspare-57e62d25-61a6-4 .blockspare-posts-block-post-content{\n            padding-top:15px;\n            padding-right:15px;\n            padding-bottom:15px;\n            padding-left:15px;\n        } .blockspare-57e62d25-61a6-4 .blockspare-posts-block-post-category a{\n                border-radius:0px;\n            } .blockspare-57e62d25-61a6-4 .blockspare-posts-block-post-category a{\n                color:#fff!important;\n            } .blockspare-57e62d25-61a6-4 .blockspare-posts-block-post-category a{\n                    background-color:#222222!important;\n                } .blockspare-57e62d25-61a6-4 .blockspare-posts-block-post-category{\n            margin-top:5px;\n            margin-bottom:5px;\n            margin-left:0px;\n            margin-right:0px;\n        } .blockspare-57e62d25-61a6-4 .blockspare-posts-block-post-category a {\n            font-size:12px;\n            ;\n            font-weight:400;\n        }@media (max-width: 1025px) {  .blockspare-57e62d25-61a6-4 .blockspare-posts-block-post-category a {\n                font-size:10px\n            }}@media (max-width: 767px) {  .blockspare-57e62d25-61a6-4 .blockspare-posts-block-post-category a {\n                font-size:10px\n            }}<style type=\"text\/css\"> .blockspare-57e62d25-61a6-4 .blockspare-posts-block-post-wrap{\n            margin-top:30px;\n            margin-bottom:30px;\n            margin-left:0px;\n            margin-right:0px;\n        } .blockspare-57e62d25-61a6-4 .blockspare-posts-block-post-content{\n            padding-top:15px;\n            padding-right:15px;\n            padding-bottom:15px;\n            padding-left:15px;\n        } .blockspare-57e62d25-61a6-4 .blockspare-posts-block-post-grid-byline{\n            margin-top:5px;\n            margin-bottom:5px;\n            margin-left:0px;\n            margin-right:0px;\n        } .blockspare-57e62d25-61a6-4 .blockspare-posts-block-post-grid-more-link{\n            margin-top:5px;\n            margin-bottom:5px;\n            margin-left:0px;\n            margin-right:0px;\n        } .blockspare-57e62d25-61a6-4 .blockspare-posts-block-post-grid-title a span{\n            color: #000;\n        } .blockspare-57e62d25-61a6-4 .blockspare-posts-block-post-grid-author a span{\n            color:#000000;\n        } .blockspare-57e62d25-61a6-4 .blockspare-posts-block-post-grid-more-link span{\n            color:#000000;\n        } .blockspare-57e62d25-61a6-4 .blockspare-posts-block-post-grid-date{\n            color:#505050;\n        } .blockspare-57e62d25-61a6-4 .blockspare-posts-block-post-grid-excerpt-content{\n            color:#505050;\n        } .blockspare-57e62d25-61a6-4 .comment_count{\n            color:#505050;\n        } .blockspare-57e62d25-61a6-4 .blockspare-posts-block-post-grid-title{\n            margin-top:5px;\n            margin-bottom:5px;\n            margin-left:0px;\n            margin-right:0px;\n        } .blockspare-57e62d25-61a6-4 .blockspare-posts-block-post-grid-excerpt-content{\n            margin-top:5px;\n            margin-bottom:5px;\n            margin-left:0px;\n            margin-right:0px;\n        } .blockspare-57e62d25-61a6-4  .blockspare-posts-block-post-single{\n                border-radius:0px;\n                background-color:#f9f9f9\n            } .blockspare-57e62d25-61a6-4 .blockspare-posts-block-post-content .blockspare-posts-block-title-link:hover span{\n                color: #222222;\n             } .blockspare-57e62d25-61a6-4 .blockspare-posts-block-post-grid-title a span{\n            font-size: 16px;\n            ;\n            ;\n            line-height: 1.5;\n        } .blockspare-57e62d25-61a6-4 .blockspare-posts-block-post-content .blockspare-posts-block-post-grid-excerpt .blockspare-posts-block-post-grid-excerpt-content {\n            font-size:14px;\n            ;\n            ;\n        } .blockspare-57e62d25-61a6-4 .blockspare-posts-block-post-grid-author a span {\n            font-size:11px;\n            ;\n            ;\n        } .blockspare-57e62d25-61a6-4 .blockspare-posts-block-post-grid-date {\n            font-size:11px;\n            ;\n            ;\n        } .blockspare-57e62d25-61a6-4 .comment_count {\n            font-size:11px;\n            ;\n            ;\n        }@media (max-width: 1025px) {  .blockspare-57e62d25-61a6-4 .blockspare-posts-block-post-grid-title a span{\n            font-size: 16px;\n        } .blockspare-57e62d25-61a6-4 .blockspare-posts-block-post-content .blockspare-posts-block-post-grid-excerpt .blockspare-posts-block-post-grid-excerpt-content {\n            font-size:14px\n        } .blockspare-57e62d25-61a6-4 .blockspare-posts-block-post-grid-author a span {\n            font-size:11px\n        } .blockspare-57e62d25-61a6-4 .blockspare-posts-block-post-grid-date {\n            font-size:11px\n        } .blockspare-57e62d25-61a6-4 .comment_count {\n            font-size:11px\n        }}@media (max-width: 767px) {  .blockspare-57e62d25-61a6-4 .blockspare-posts-block-post-grid-title a span{\n            font-size: 16px;\n        } .blockspare-57e62d25-61a6-4 .blockspare-posts-block-post-content .blockspare-posts-block-post-grid-excerpt .blockspare-posts-block-post-grid-excerpt-content {\n            font-size:14px\n        } .blockspare-57e62d25-61a6-4 .blockspare-posts-block-post-grid-author a span {\n            font-size:11px\n        } .blockspare-57e62d25-61a6-4 .blockspare-posts-block-post-grid-date {\n            font-size:11px\n        } .blockspare-57e62d25-61a6-4 .comment_count {\n            font-size:11px\n        }}<\/style>    <!-- <div class=\"wp-block-blockspare-posts-block-blockspare-posts-block-latest-posts aligncenter  blockspare-57e62d25-61a6-4\" blockspare-animation=\"\"> -->\n    <section class=\"blockspare-posts-block-post-wrap\">\n      <div class=\"blockspare-posts-block-latest-post-wrap blockspare-posts-block-is-list large-100 has-gutter-20  blockspare-posts-block-list-layout-1 list-col-1\">\n                  <div id=\"5154\" class=\"blockspare-posts-block-post-single blockspare-hover-item contentorderone has-background has-background  bs-has-equal-height\">\n                <figure class=\"blockspare-posts-block-post-img hover-child\">\n      <a href=\"https:\/\/cesarbaggio.fr\/WP\/2024\/06\/03\/la-mecanique-du-coeur-avec-jo-leo\/\" aria-label=\"La m\u00e9canique du c\u0153ur avec Jo &#038; L\u00e9o\">\n        <img loading=\"lazy\" decoding=\"async\" width=\"640\" height=\"174\" src=\"https:\/\/cesarbaggio.fr\/WP\/wp-content\/uploads\/2024\/06\/imag-art-10-1024x279.png\" class=\"attachment-large size-large\" alt=\"\" \/>      <\/a>\n              <!-- Category     -->\n        <div class=\"blockspare-posts-block-post-category\">\n          <a href=\"https:\/\/cesarbaggio.fr\/WP\/category\/pele-mele-lgt\/pele-mele-2degt\/\" rel=\"category tag\">P\u00eale-M\u00eale 2deGT<\/a> <a href=\"https:\/\/cesarbaggio.fr\/WP\/category\/pele-mele-lgt\/pele-mele-2depass\/\" rel=\"category tag\">P\u00eale-M\u00eale 2dePass<\/a>        <\/div>\n        <!-- Category     -->\n          <\/figure>\n                <div class=\"blockspare-posts-block-post-content  content-order-1 lpc-title-hover\">\n    <div class=\"blockspare-posts-block-bg-overlay\"><\/div>\n    <!-- blockspare-posts-block-post-grid-header -->\n    <header class=\"blockspare-posts-block-post-grid-header\">\n      <!--display category when feature image is disable -->\n            <!--display category when feature image is enable-->\n            <!-- blockspare-posts-block-post-grid-title -->\n\n      <h2 class=\"blockspare-posts-block-post-grid-title\">\n        <a href=\"https:\/\/cesarbaggio.fr\/WP\/2024\/06\/03\/la-mecanique-du-coeur-avec-jo-leo\/\" class=\"blockspare-posts-block-title-link\"\n          aria-label=\"La m\u00e9canique du c\u0153ur avec Jo &#038; L\u00e9o\">\n          <span>La m\u00e9canique du c\u0153ur avec Jo &#038; L\u00e9o<\/span>\n        <\/a>\n      <\/h2>\n\n      <!-- blockspare-posts-block-post-grid-title -->\n\n      <!-- blockspare-posts-block-post-grid-byline -->\n      <div class=\"blockspare-posts-block-post-grid-byline\">\n        <!-- blockspare-posts-block-post-grid-author -->\n                  <div class=\"blockspare-posts-block-post-grid-author\">\n            <!-- <a class=\"blockspare-posts-block-text-link\" href=\"https:\/\/cesarbaggio.fr\/WP\/author\/lyceebaggio\/\"\n                                        itemprop=\"url\" rel=\"author\">\n                                        <span itemprop=\"name\">\n                                            <i class=\"far fa-user-circle\"><\/i>\n                                            LyceeBaggio                                        <\/span>\n                                    <\/a> -->\n                            <a class=\"blockspare-posts-block-text-link\" href=\"https:\/\/cesarbaggio.fr\/WP\/author\/lyceebaggio\/\" itemprop=\"url\" rel=\"author\">\n                    <span itemprop=\"name\"><i class=\"far fa-user-circle\"><\/i>LyceeBaggio<\/span>\n                <\/a>\n                 <\/div>\n                <!-- blockspare-posts-block-post-grid-author -->\n\n        <!-- blockspare-posts-block-post-grid-date -->\n                  <time datetime=\"2024-06-03T15:29:00+02:00\" class=\"blockspare-posts-block-post-grid-date\" itemprop=\"datePublished\"><i class=\"far fa-clock\" aria-hidden=\"true\"><\/i>3 juin 2024<\/time>\n                <!-- blockspare-posts-block-post-grid-date -->\n\n        <!-- comment_count -->\n                  <span class=\"comment_count\" aria-label=\"0 comments\">\n            <i class='far fa-comment'><\/i>\n            0<\/span>\n                <!-- comment_count -->\n      <\/div>\n      <!-- blockspare-posts-block-post-grid-byline -->\n    <\/header>\n    <!-- blockspare-posts-block-post-grid-header -->\n\n        <!-- blockspare-posts-block-post-grid-excerpt -->\n        <!-- blockspare-posts-block-post-grid-excerpt -->\n\n  <\/div>\n          <\/div>\n\n                  <div id=\"5127\" class=\"blockspare-posts-block-post-single blockspare-hover-item contentorderone has-background has-background post-has-no-image bs-has-equal-height\">\n                <figure class=\"blockspare-posts-block-post-img hover-child\">\n      <a href=\"https:\/\/cesarbaggio.fr\/WP\/2024\/06\/03\/lecole-du-spectateur\/\" aria-label=\"L\u2019\u00c9cole du spectateur\u00a0!\u00a0\">\n                  <div class=\"bs-no-thumbnail-img\"> <\/div>\n              <\/a>\n              <!-- Category     -->\n        <div class=\"blockspare-posts-block-post-category\">\n          <a href=\"https:\/\/cesarbaggio.fr\/WP\/category\/pele-mele-lgt\/pele-mele-1tg\/\" rel=\"category tag\">P\u00eale-M\u00eale 1TG<\/a> <a href=\"https:\/\/cesarbaggio.fr\/WP\/category\/pele-mele-lgt\/pele-mele-1tt\/\" rel=\"category tag\">P\u00eale-M\u00eale 1TT<\/a> <a href=\"https:\/\/cesarbaggio.fr\/WP\/category\/pele-mele-lgt\/pele-mele-2degt\/\" rel=\"category tag\">P\u00eale-M\u00eale 2deGT<\/a> <a href=\"https:\/\/cesarbaggio.fr\/WP\/category\/pele-mele-lgt\/pele-mele-2depass\/\" rel=\"category tag\">P\u00eale-M\u00eale 2dePass<\/a>        <\/div>\n        <!-- Category     -->\n          <\/figure>\n                <div class=\"blockspare-posts-block-post-content  content-order-1 lpc-title-hover\">\n    <div class=\"blockspare-posts-block-bg-overlay\"><\/div>\n    <!-- blockspare-posts-block-post-grid-header -->\n    <header class=\"blockspare-posts-block-post-grid-header\">\n      <!--display category when feature image is disable -->\n            <!--display category when feature image is enable-->\n            <!-- blockspare-posts-block-post-grid-title -->\n\n      <h2 class=\"blockspare-posts-block-post-grid-title\">\n        <a href=\"https:\/\/cesarbaggio.fr\/WP\/2024\/06\/03\/lecole-du-spectateur\/\" class=\"blockspare-posts-block-title-link\"\n          aria-label=\"L\u2019\u00c9cole du spectateur\u00a0!\u00a0\">\n          <span>L\u2019\u00c9cole du spectateur\u00a0!\u00a0<\/span>\n        <\/a>\n      <\/h2>\n\n      <!-- blockspare-posts-block-post-grid-title -->\n\n      <!-- blockspare-posts-block-post-grid-byline -->\n      <div class=\"blockspare-posts-block-post-grid-byline\">\n        <!-- blockspare-posts-block-post-grid-author -->\n                  <div class=\"blockspare-posts-block-post-grid-author\">\n            <!-- <a class=\"blockspare-posts-block-text-link\" href=\"https:\/\/cesarbaggio.fr\/WP\/author\/lyceebaggio\/\"\n                                        itemprop=\"url\" rel=\"author\">\n                                        <span itemprop=\"name\">\n                                            <i class=\"far fa-user-circle\"><\/i>\n                                            LyceeBaggio                                        <\/span>\n                                    <\/a> -->\n                            <a class=\"blockspare-posts-block-text-link\" href=\"https:\/\/cesarbaggio.fr\/WP\/author\/lyceebaggio\/\" itemprop=\"url\" rel=\"author\">\n                    <span itemprop=\"name\"><i class=\"far fa-user-circle\"><\/i>LyceeBaggio<\/span>\n                <\/a>\n                 <\/div>\n                <!-- blockspare-posts-block-post-grid-author -->\n\n        <!-- blockspare-posts-block-post-grid-date -->\n                  <time datetime=\"2024-06-03T15:15:00+02:00\" class=\"blockspare-posts-block-post-grid-date\" itemprop=\"datePublished\"><i class=\"far fa-clock\" aria-hidden=\"true\"><\/i>3 juin 2024<\/time>\n                <!-- blockspare-posts-block-post-grid-date -->\n\n        <!-- comment_count -->\n                  <span class=\"comment_count\" aria-label=\"0 comments\">\n            <i class='far fa-comment'><\/i>\n            0<\/span>\n                <!-- comment_count -->\n      <\/div>\n      <!-- blockspare-posts-block-post-grid-byline -->\n    <\/header>\n    <!-- blockspare-posts-block-post-grid-header -->\n\n        <!-- blockspare-posts-block-post-grid-excerpt -->\n        <!-- blockspare-posts-block-post-grid-excerpt -->\n\n  <\/div>\n          <\/div>\n\n                  <div id=\"5000\" class=\"blockspare-posts-block-post-single blockspare-hover-item contentorderone has-background has-background  bs-has-equal-height\">\n                <figure class=\"blockspare-posts-block-post-img hover-child\">\n      <a href=\"https:\/\/cesarbaggio.fr\/WP\/2024\/04\/08\/la-grande-librairie-au-lycee-cesar-baggio-de-lille\/\" aria-label=\"La Grande Librairie au lyc\u00e9e C\u00e9sar Baggio\u00a0de Lille!\">\n        <img loading=\"lazy\" decoding=\"async\" width=\"640\" height=\"174\" src=\"https:\/\/cesarbaggio.fr\/WP\/wp-content\/uploads\/2024\/04\/grande-libraririe-2rapinoe-1024x279.png\" class=\"attachment-large size-large\" alt=\"\" \/>      <\/a>\n              <!-- Category     -->\n        <div class=\"blockspare-posts-block-post-category\">\n          <a href=\"https:\/\/cesarbaggio.fr\/WP\/category\/pele-mele-lgt\/pele-mele-2degt\/\" rel=\"category tag\">P\u00eale-M\u00eale 2deGT<\/a> <a href=\"https:\/\/cesarbaggio.fr\/WP\/category\/pele-mele-lgt\/\" rel=\"category tag\">P\u00eale-M\u00eale LGT<\/a>        <\/div>\n        <!-- Category     -->\n          <\/figure>\n                <div class=\"blockspare-posts-block-post-content  content-order-1 lpc-title-hover\">\n    <div class=\"blockspare-posts-block-bg-overlay\"><\/div>\n    <!-- blockspare-posts-block-post-grid-header -->\n    <header class=\"blockspare-posts-block-post-grid-header\">\n      <!--display category when feature image is disable -->\n            <!--display category when feature image is enable-->\n            <!-- blockspare-posts-block-post-grid-title -->\n\n      <h2 class=\"blockspare-posts-block-post-grid-title\">\n        <a href=\"https:\/\/cesarbaggio.fr\/WP\/2024\/04\/08\/la-grande-librairie-au-lycee-cesar-baggio-de-lille\/\" class=\"blockspare-posts-block-title-link\"\n          aria-label=\"La Grande Librairie au lyc\u00e9e C\u00e9sar Baggio\u00a0de Lille!\">\n          <span>La Grande Librairie au lyc\u00e9e C\u00e9sar Baggio\u00a0de Lille!<\/span>\n        <\/a>\n      <\/h2>\n\n      <!-- blockspare-posts-block-post-grid-title -->\n\n      <!-- blockspare-posts-block-post-grid-byline -->\n      <div class=\"blockspare-posts-block-post-grid-byline\">\n        <!-- blockspare-posts-block-post-grid-author -->\n                  <div class=\"blockspare-posts-block-post-grid-author\">\n            <!-- <a class=\"blockspare-posts-block-text-link\" href=\"https:\/\/cesarbaggio.fr\/WP\/author\/lyceebaggio\/\"\n                                        itemprop=\"url\" rel=\"author\">\n                                        <span itemprop=\"name\">\n                                            <i class=\"far fa-user-circle\"><\/i>\n                                            LyceeBaggio                                        <\/span>\n                                    <\/a> -->\n                            <a class=\"blockspare-posts-block-text-link\" href=\"https:\/\/cesarbaggio.fr\/WP\/author\/lyceebaggio\/\" itemprop=\"url\" rel=\"author\">\n                    <span itemprop=\"name\"><i class=\"far fa-user-circle\"><\/i>LyceeBaggio<\/span>\n                <\/a>\n                 <\/div>\n                <!-- blockspare-posts-block-post-grid-author -->\n\n        <!-- blockspare-posts-block-post-grid-date -->\n                  <time datetime=\"2024-04-08T09:35:06+02:00\" class=\"blockspare-posts-block-post-grid-date\" itemprop=\"datePublished\"><i class=\"far fa-clock\" aria-hidden=\"true\"><\/i>8 avril 2024<\/time>\n                <!-- blockspare-posts-block-post-grid-date -->\n\n        <!-- comment_count -->\n                  <span class=\"comment_count\" aria-label=\"0 comments\">\n            <i class='far fa-comment'><\/i>\n            0<\/span>\n                <!-- comment_count -->\n      <\/div>\n      <!-- blockspare-posts-block-post-grid-byline -->\n    <\/header>\n    <!-- blockspare-posts-block-post-grid-header -->\n\n        <!-- blockspare-posts-block-post-grid-excerpt -->\n        <!-- blockspare-posts-block-post-grid-excerpt -->\n\n  <\/div>\n          <\/div>\n\n                  <div id=\"3859\" class=\"blockspare-posts-block-post-single blockspare-hover-item contentorderone has-background has-background  bs-has-equal-height\">\n                <figure class=\"blockspare-posts-block-post-img hover-child\">\n      <a href=\"https:\/\/cesarbaggio.fr\/WP\/2022\/05\/05\/atelier-artistique-kyrielles-pour-explorer-lidentite-questionner-et-creer-des-passerelles-entre-les-arts\/\" aria-label=\"Atelier artistique \u00ab\u00a0Kyrielle(s)\u00a0\u00bb pour explorer l\u2019identit\u00e9, questionner et cr\u00e9er des passerelles entre les arts.\">\n        <img loading=\"lazy\" decoding=\"async\" width=\"640\" height=\"203\" src=\"https:\/\/cesarbaggio.fr\/WP\/wp-content\/uploads\/2022\/07\/kyrielle-1024x324.png\" class=\"attachment-large size-large\" alt=\"\" \/>      <\/a>\n              <!-- Category     -->\n        <div class=\"blockspare-posts-block-post-category\">\n          <a href=\"https:\/\/cesarbaggio.fr\/WP\/category\/pele-mele-lgt\/pele-mele-2depass\/\" rel=\"category tag\">P\u00eale-M\u00eale 2dePass<\/a>        <\/div>\n        <!-- Category     -->\n          <\/figure>\n                <div class=\"blockspare-posts-block-post-content  content-order-1 lpc-title-hover\">\n    <div class=\"blockspare-posts-block-bg-overlay\"><\/div>\n    <!-- blockspare-posts-block-post-grid-header -->\n    <header class=\"blockspare-posts-block-post-grid-header\">\n      <!--display category when feature image is disable -->\n            <!--display category when feature image is enable-->\n            <!-- blockspare-posts-block-post-grid-title -->\n\n      <h2 class=\"blockspare-posts-block-post-grid-title\">\n        <a href=\"https:\/\/cesarbaggio.fr\/WP\/2022\/05\/05\/atelier-artistique-kyrielles-pour-explorer-lidentite-questionner-et-creer-des-passerelles-entre-les-arts\/\" class=\"blockspare-posts-block-title-link\"\n          aria-label=\"Atelier artistique \u00ab\u00a0Kyrielle(s)\u00a0\u00bb pour explorer l\u2019identit\u00e9, questionner et cr\u00e9er des passerelles entre les arts.\">\n          <span>Atelier artistique \u00ab\u00a0Kyrielle(s)\u00a0\u00bb pour explorer l\u2019identit\u00e9, questionner et cr\u00e9er des passerelles entre les arts.<\/span>\n        <\/a>\n      <\/h2>\n\n      <!-- blockspare-posts-block-post-grid-title -->\n\n      <!-- blockspare-posts-block-post-grid-byline -->\n      <div class=\"blockspare-posts-block-post-grid-byline\">\n        <!-- blockspare-posts-block-post-grid-author -->\n                  <div class=\"blockspare-posts-block-post-grid-author\">\n            <!-- <a class=\"blockspare-posts-block-text-link\" href=\"https:\/\/cesarbaggio.fr\/WP\/author\/lyceebaggio\/\"\n                                        itemprop=\"url\" rel=\"author\">\n                                        <span itemprop=\"name\">\n                                            <i class=\"far fa-user-circle\"><\/i>\n                                            LyceeBaggio                                        <\/span>\n                                    <\/a> -->\n                            <a class=\"blockspare-posts-block-text-link\" href=\"https:\/\/cesarbaggio.fr\/WP\/author\/lyceebaggio\/\" itemprop=\"url\" rel=\"author\">\n                    <span itemprop=\"name\"><i class=\"far fa-user-circle\"><\/i>LyceeBaggio<\/span>\n                <\/a>\n                 <\/div>\n                <!-- blockspare-posts-block-post-grid-author -->\n\n        <!-- blockspare-posts-block-post-grid-date -->\n                  <time datetime=\"2022-05-05T15:26:00+02:00\" class=\"blockspare-posts-block-post-grid-date\" itemprop=\"datePublished\"><i class=\"far fa-clock\" aria-hidden=\"true\"><\/i>5 mai 2022<\/time>\n                <!-- blockspare-posts-block-post-grid-date -->\n\n        <!-- comment_count -->\n                  <span class=\"comment_count\" aria-label=\"0 comments\">\n            <i class='far fa-comment'><\/i>\n            0<\/span>\n                <!-- comment_count -->\n      <\/div>\n      <!-- blockspare-posts-block-post-grid-byline -->\n    <\/header>\n    <!-- blockspare-posts-block-post-grid-header -->\n\n        <!-- blockspare-posts-block-post-grid-excerpt -->\n        <!-- blockspare-posts-block-post-grid-excerpt -->\n\n  <\/div>\n          <\/div>\n\n        \n      <\/div>\n          <\/section>\n    <!-- <\/div> -->\n              <\/div>\n            ","protected":false},"excerpt":{"rendered":"<p>La seconde Passerelle est une seconde g\u00e9n\u00e9rale et technologique particuli\u00e8re. Elle permet aux vingt \u00e9l\u00e8ves&#8230;<\/p>\n","protected":false},"author":1,"featured_media":0,"parent":0,"menu_order":0,"comment_status":"closed","ping_status":"closed","template":"","meta":{"footnotes":""},"class_list":["post-3792","page","type-page","status-publish","hentry"],"jetpack_sharing_enabled":true,"_links":{"self":[{"href":"https:\/\/cesarbaggio.fr\/WP\/wp-json\/wp\/v2\/pages\/3792","targetHints":{"allow":["GET"]}}],"collection":[{"href":"https:\/\/cesarbaggio.fr\/WP\/wp-json\/wp\/v2\/pages"}],"about":[{"href":"https:\/\/cesarbaggio.fr\/WP\/wp-json\/wp\/v2\/types\/page"}],"author":[{"embeddable":true,"href":"https:\/\/cesarbaggio.fr\/WP\/wp-json\/wp\/v2\/users\/1"}],"replies":[{"embeddable":true,"href":"https:\/\/cesarbaggio.fr\/WP\/wp-json\/wp\/v2\/comments?post=3792"}],"version-history":[{"count":1,"href":"https:\/\/cesarbaggio.fr\/WP\/wp-json\/wp\/v2\/pages\/3792\/revisions"}],"predecessor-version":[{"id":3793,"href":"https:\/\/cesarbaggio.fr\/WP\/wp-json\/wp\/v2\/pages\/3792\/revisions\/3793"}],"wp:attachment":[{"href":"https:\/\/cesarbaggio.fr\/WP\/wp-json\/wp\/v2\/media?parent=3792"}],"curies":[{"name":"wp","href":"https:\/\/api.w.org\/{rel}","templated":true}]}}