{"id":3731,"date":"2022-06-20T16:02:51","date_gmt":"2022-06-20T14:02:51","guid":{"rendered":"https:\/\/cesarbaggio.fr\/WP\/?page_id=3731"},"modified":"2022-07-01T10:05:46","modified_gmt":"2022-07-01T08:05:46","slug":"pele-mele-culturel-du-lycee","status":"publish","type":"page","link":"https:\/\/cesarbaggio.fr\/WP\/pele-mele-culturel-du-lycee\/","title":{"rendered":"P\u00caLE-M\u00caLE CULTUREL DU LYC\u00c9E GT"},"content":{"rendered":"\n<hr class=\"wp-block-separator\"\/>\n\n\n<p style=\"text-align: center;\"><img loading=\"lazy\" decoding=\"async\" class=\"aligncenter size-full wp-image-3801\" src=\"https:\/\/cesarbaggio.fr\/WP\/wp-content\/uploads\/2022\/07\/image_2022-07-01_095924177.png\" alt=\"\" width=\"1276\" height=\"412\" srcset=\"https:\/\/cesarbaggio.fr\/WP\/wp-content\/uploads\/2022\/07\/image_2022-07-01_095924177.png 1276w, https:\/\/cesarbaggio.fr\/WP\/wp-content\/uploads\/2022\/07\/image_2022-07-01_095924177-300x97.png 300w, https:\/\/cesarbaggio.fr\/WP\/wp-content\/uploads\/2022\/07\/image_2022-07-01_095924177-1024x331.png 1024w, https:\/\/cesarbaggio.fr\/WP\/wp-content\/uploads\/2022\/07\/image_2022-07-01_095924177-768x248.png 768w, https:\/\/cesarbaggio.fr\/WP\/wp-content\/uploads\/2022\/07\/image_2022-07-01_095924177-24x8.png 24w, https:\/\/cesarbaggio.fr\/WP\/wp-content\/uploads\/2022\/07\/image_2022-07-01_095924177-36x12.png 36w, https:\/\/cesarbaggio.fr\/WP\/wp-content\/uploads\/2022\/07\/image_2022-07-01_095924177-48x15.png 48w\" sizes=\"auto, (max-width: 1276px) 100vw, 1276px\" \/><\/p>\n<p style=\"text-align: justify;\"><span style=\"font-family: 'Comic Sans MS', sans-serif; color: #0000ff;\">Toute l\u2019\u00e9quipe du lyc\u00e9e g\u00e9n\u00e9ral et technologique a \u00e0 c\u0153ur d\u2019offrir \u00e0 ses \u00e9l\u00e8ves d\u2019enrichir leur scolarit\u00e9, d\u2019exprimer leur sensibilit\u00e9, d\u2019oser d\u00e9couvrir les nombreux partenaires culturels implant\u00e9s dans notre territoire et d\u2019aiguiser leur conscience&#8230; Le projet de C\u00e9sar Baggio se perp\u00e9tue ainsi ! D\u00e9couvrez quelques-unes des nombreuses exp\u00e9riences v\u00e9cues par nos lyc\u00e9ens\u2026<\/span><\/p>\n\n\n<div class=\"wp-block-columns is-layout-flex wp-container-core-columns-is-layout-28f84493 wp-block-columns-is-layout-flex\">\n<div class=\"wp-block-column is-layout-flow wp-block-column-is-layout-flow\">\n<p><a href=\"https:\/\/cesarbaggio.fr\/WP\/pele-mele-culturel-en-voie-generale\/\" target=\"_blank\" rel=\"noopener\"><img decoding=\"async\" class=\"aligncenter  wp-image-3732\" src=\"https:\/\/cesarbaggio.fr\/WP\/wp-content\/uploads\/2022\/06\/Pele-Mele-voie-generale.png\" alt=\"\" width=\"50%\" height=\"50%\" srcset=\"https:\/\/cesarbaggio.fr\/WP\/wp-content\/uploads\/2022\/06\/Pele-Mele-voie-generale.png 500w, https:\/\/cesarbaggio.fr\/WP\/wp-content\/uploads\/2022\/06\/Pele-Mele-voie-generale-300x300.png 300w, https:\/\/cesarbaggio.fr\/WP\/wp-content\/uploads\/2022\/06\/Pele-Mele-voie-generale-150x150.png 150w, https:\/\/cesarbaggio.fr\/WP\/wp-content\/uploads\/2022\/06\/Pele-Mele-voie-generale-24x24.png 24w, https:\/\/cesarbaggio.fr\/WP\/wp-content\/uploads\/2022\/06\/Pele-Mele-voie-generale-36x36.png 36w, https:\/\/cesarbaggio.fr\/WP\/wp-content\/uploads\/2022\/06\/Pele-Mele-voie-generale-48x48.png 48w\" sizes=\"(max-width: 500px) 100vw, 500px\" \/><\/a><\/p>\n<\/div>\n\n\n\n<div class=\"wp-block-column is-layout-flow wp-block-column-is-layout-flow\">\n<p><a href=\"https:\/\/cesarbaggio.fr\/WP\/pele-mele-culturel-en-voie-technologique\/\" target=\"_blank\" rel=\"noopener\"><img decoding=\"async\" class=\"aligncenter size-full wp-image-3733\" src=\"https:\/\/cesarbaggio.fr\/WP\/wp-content\/uploads\/2022\/06\/Pele-Mele-voie-technologique.png\" alt=\"\" width=\"50%\" height=\"50%\" srcset=\"https:\/\/cesarbaggio.fr\/WP\/wp-content\/uploads\/2022\/06\/Pele-Mele-voie-technologique.png 500w, https:\/\/cesarbaggio.fr\/WP\/wp-content\/uploads\/2022\/06\/Pele-Mele-voie-technologique-300x300.png 300w, https:\/\/cesarbaggio.fr\/WP\/wp-content\/uploads\/2022\/06\/Pele-Mele-voie-technologique-150x150.png 150w, https:\/\/cesarbaggio.fr\/WP\/wp-content\/uploads\/2022\/06\/Pele-Mele-voie-technologique-24x24.png 24w, https:\/\/cesarbaggio.fr\/WP\/wp-content\/uploads\/2022\/06\/Pele-Mele-voie-technologique-36x36.png 36w, https:\/\/cesarbaggio.fr\/WP\/wp-content\/uploads\/2022\/06\/Pele-Mele-voie-technologique-48x48.png 48w\" sizes=\"(max-width: 500px) 100vw, 500px\" \/><\/a><\/p>\n<\/div>\n<\/div>\n\n\n\n<div class=\"wp-block-columns is-layout-flex wp-container-core-columns-is-layout-28f84493 wp-block-columns-is-layout-flex\">\n<div class=\"wp-block-column is-layout-flow wp-block-column-is-layout-flow\">\n<p><a href=\"https:\/\/cesarbaggio.fr\/WP\/pele-mele-culturel-en-seconde\/\" target=\"_blank\" rel=\"noopener\"><img decoding=\"async\" class=\"aligncenter size-full wp-image-3735\" src=\"https:\/\/cesarbaggio.fr\/WP\/wp-content\/uploads\/2022\/06\/Pele-Mele-2de.png\" alt=\"\" width=\"50%\" height=\"50%\" srcset=\"https:\/\/cesarbaggio.fr\/WP\/wp-content\/uploads\/2022\/06\/Pele-Mele-2de.png 500w, https:\/\/cesarbaggio.fr\/WP\/wp-content\/uploads\/2022\/06\/Pele-Mele-2de-300x300.png 300w, https:\/\/cesarbaggio.fr\/WP\/wp-content\/uploads\/2022\/06\/Pele-Mele-2de-150x150.png 150w, https:\/\/cesarbaggio.fr\/WP\/wp-content\/uploads\/2022\/06\/Pele-Mele-2de-24x24.png 24w, https:\/\/cesarbaggio.fr\/WP\/wp-content\/uploads\/2022\/06\/Pele-Mele-2de-36x36.png 36w, https:\/\/cesarbaggio.fr\/WP\/wp-content\/uploads\/2022\/06\/Pele-Mele-2de-48x48.png 48w\" sizes=\"(max-width: 500px) 100vw, 500px\" \/><\/a><\/p>\n<\/div>\n\n\n\n<div class=\"wp-block-column is-layout-flow wp-block-column-is-layout-flow\">\n<p><a href=\"https:\/\/cesarbaggio.fr\/WP\/pele-mele-culturel-en-seconde-passerelle\/\" target=\"_blank\" rel=\"noopener\"><img decoding=\"async\" class=\"aligncenter size-full wp-image-3736\" src=\"https:\/\/cesarbaggio.fr\/WP\/wp-content\/uploads\/2022\/06\/Pele-Mele-2depasserelle.png\" alt=\"\" width=\"50%\" height=\"50%\" srcset=\"https:\/\/cesarbaggio.fr\/WP\/wp-content\/uploads\/2022\/06\/Pele-Mele-2depasserelle.png 500w, https:\/\/cesarbaggio.fr\/WP\/wp-content\/uploads\/2022\/06\/Pele-Mele-2depasserelle-300x300.png 300w, https:\/\/cesarbaggio.fr\/WP\/wp-content\/uploads\/2022\/06\/Pele-Mele-2depasserelle-150x150.png 150w, https:\/\/cesarbaggio.fr\/WP\/wp-content\/uploads\/2022\/06\/Pele-Mele-2depasserelle-24x24.png 24w, https:\/\/cesarbaggio.fr\/WP\/wp-content\/uploads\/2022\/06\/Pele-Mele-2depasserelle-36x36.png 36w, https:\/\/cesarbaggio.fr\/WP\/wp-content\/uploads\/2022\/06\/Pele-Mele-2depasserelle-48x48.png 48w\" sizes=\"(max-width: 500px) 100vw, 500px\" \/><\/a><\/p>\n<\/div>\n<\/div>\n\n\n<p>&#8230;&#8230;&#8230;.<\/p>","protected":false},"excerpt":{"rendered":"<p>Toute l\u2019\u00e9quipe du lyc\u00e9e g\u00e9n\u00e9ral et technologique a \u00e0 c\u0153ur d\u2019offrir \u00e0 ses \u00e9l\u00e8ves d\u2019enrichir&#8230;<\/p>\n","protected":false},"author":1,"featured_media":0,"parent":0,"menu_order":0,"comment_status":"closed","ping_status":"closed","template":"","meta":{"footnotes":""},"class_list":["post-3731","page","type-page","status-publish","hentry"],"jetpack_sharing_enabled":true,"_links":{"self":[{"href":"https:\/\/cesarbaggio.fr\/WP\/wp-json\/wp\/v2\/pages\/3731","targetHints":{"allow":["GET"]}}],"collection":[{"href":"https:\/\/cesarbaggio.fr\/WP\/wp-json\/wp\/v2\/pages"}],"about":[{"href":"https:\/\/cesarbaggio.fr\/WP\/wp-json\/wp\/v2\/types\/page"}],"author":[{"embeddable":true,"href":"https:\/\/cesarbaggio.fr\/WP\/wp-json\/wp\/v2\/users\/1"}],"replies":[{"embeddable":true,"href":"https:\/\/cesarbaggio.fr\/WP\/wp-json\/wp\/v2\/comments?post=3731"}],"version-history":[{"count":13,"href":"https:\/\/cesarbaggio.fr\/WP\/wp-json\/wp\/v2\/pages\/3731\/revisions"}],"predecessor-version":[{"id":3802,"href":"https:\/\/cesarbaggio.fr\/WP\/wp-json\/wp\/v2\/pages\/3731\/revisions\/3802"}],"wp:attachment":[{"href":"https:\/\/cesarbaggio.fr\/WP\/wp-json\/wp\/v2\/media?parent=3731"}],"curies":[{"name":"wp","href":"https:\/\/api.w.org\/{rel}","templated":true}]}}