{"id":3391,"date":"2022-03-14T15:26:10","date_gmt":"2022-03-14T14:26:10","guid":{"rendered":"https:\/\/cesarbaggio.fr\/WP\/?page_id=3391"},"modified":"2022-03-23T10:14:26","modified_gmt":"2022-03-23T09:14:26","slug":"bts-cprp","status":"publish","type":"page","link":"https:\/\/cesarbaggio.fr\/WP\/formations\/bts-cprp\/","title":{"rendered":"BTS CPRP"},"content":{"rendered":"\n<hr class=\"wp-block-separator\"\/>\n\n\n\n<p><\/p>\n\n\n\n<div class=\"wp-block-columns is-layout-flex wp-container-core-columns-is-layout-28f84493 wp-block-columns-is-layout-flex\">\n<div class=\"wp-block-column is-layout-flow wp-block-column-is-layout-flow\" style=\"flex-basis:66.66%\">\n<h6><span style=\"font-size: 14pt;\"><strong>DESCRIPTION DE LA FORMATION<\/strong><\/span><\/h6>\n<p style=\"text-align: justify;\"><span style=\"font-family: Arial, Helvetica, sans-serif; font-size: 12pt;\">Le titulaire du BTS Conception des processus de r\u00e9alisation de produits (CPRP) est un sp\u00e9cialiste des proc\u00e9d\u00e9s de production par enl\u00e8vement ou addition de mati\u00e8res. Concepteur des processus qui y sont associ\u00e9s, il intervient tout au long de la cha\u00eene d&rsquo;obtention (d\u00e9finition &#8211; industrialisation &#8211; r\u00e9alisation, assemblage et contr\u00f4le) des \u00e9l\u00e9ments m\u00e9caniques constituant les sous-ensembles industriels, qu&rsquo;il s&rsquo;agisse de biens de consommation pour le grand public, de biens d&rsquo;\u00e9quipement pour les entreprises, d&rsquo;outillages sp\u00e9cialis\u00e9s ou d&rsquo;ensembles m\u00e9caniques \u00e0 haute valeur ajout\u00e9e.<\/span><\/p>\n<p style=\"text-align: justify;\"><span style=\"font-family: Arial, Helvetica, sans-serif; font-size: 12pt;\">Dans tous les cas, le m\u00e9tier s&rsquo;exerce en relation avec de nombreux partenaires comme le donneur d&rsquo;ordre ou les sous-traitants, et dans un cadre d&rsquo;ing\u00e9nierie collaborative avec : les concepteurs de produits dans la phase de pr\u00e9 industrialisation ; les sp\u00e9cialistes des proc\u00e9d\u00e9s de premi\u00e8re transformation (moulage, forgeage, injection plastique&#8230;), de traitements thermiques et de traitements de surfaces ; les constructeurs de machines et d&rsquo;\u00e9quipements de production (outils, outillages de production &#8230;) ; les techniciens de l&rsquo;automatisation et de l&rsquo;informatisation, de la logistique et de la gestion, de la maintenance et de la qualit\u00e9.<\/span><\/p>\n<p style=\"text-align: justify;\"><span style=\"font-size: 12pt; font-family: Arial, Helvetica, sans-serif;\">Dans le cadre d&rsquo;une production s\u00e9rielle, il intervient au niveau : de la conception d\u00e9taill\u00e9e des sous-ensembles, ou pr\u00e9 industrialisation, en ing\u00e9nierie collaborative (int\u00e9gration, lors de la d\u00e9finition des produits, des contraintes technico-\u00e9conomiques induites par les proc\u00e9d\u00e9s qu&rsquo;il ma\u00eetrise) ; de l&rsquo;industrialisation des sous-ensembles (conception des processus de fabrication et d&rsquo;assemblage ainsi que des outillages associ\u00e9s) ; de la qualification des processus ; du lancement et du suivi des productions.<\/span><span style=\"font-size: revert; color: initial;\">\u00a0<\/span><\/p>\n<p>\u00a0<\/p>\n<h6><strong><span style=\"font-size: 14pt;\">ACC\u00c8S A LA FORMATION<\/span><\/strong><\/h6>\n<p>\u00catre titulaire\u00a0:<\/p>\n<ul>\n<li>Bac g\u00e9n\u00e9ral<\/li>\n<li>Bac technologique STI sp\u00e9cialit\u00e9 ITEC<\/li>\n<li>Bac PRO TU (Technicien Usinage)<\/li>\n<li>En r\u00e9orientation apr\u00e8s une ann\u00e9e dans l\u2019enseignement sup\u00e9rieur<\/li>\n<\/ul>\n<h6>\u00a0<\/h6>\n<h6><span style=\"font-size: 14pt;\"><strong>RYTHME DE L\u2019ALTERNANCE<\/strong><\/span><\/h6>\n<p>1 semaine au lyc\u00e9e et 1 semaine en entreprise (hors vacances scolaires)<\/p>\n<p>\u00a0<\/p>\n\n\n\n<p><\/p>\n<\/div>\n\n\n\n<div class=\"wp-block-column is-layout-flow wp-block-column-is-layout-flow\" style=\"flex-basis:33.33%\">\n<p style=\"text-align: center;\"><span style=\"font-family: Arial, Helvetica, sans-serif;\"><a href=\"https:\/\/www.facebook.com\/ufabaggio\/\" target=\"_blank\" rel=\"noopener nofollow\">&nbsp;<img loading=\"lazy\" decoding=\"async\" class=\"\" src=\"https:\/\/img1.freepng.fr\/20180319\/iyw\/kisspng-facebook-logo-social-media-computer-icons-icon-facebook-drawing-5ab02fb69f99c4.9538101315214959906537.jpg\" alt=\"Facebook PNG - 16711 images de Facebook transparentes | PNG gratuit\" width=\"61\" height=\"61\">&nbsp; &nbsp; &nbsp; <\/a><a href=\"https:\/\/www.linkedin.com\/in\/formations-apprentissage-lyc%C3%A9e-baggio-lille\/\" target=\"_blank\" rel=\"noopener nofollow\"><img loading=\"lazy\" decoding=\"async\" class=\"alignnone\" src=\"https:\/\/img1.freepng.fr\/20180320\/aqe\/kisspng-linkedin-logo-computer-icons-business-symbol-linkedin-icon-5ab1765616c913.9690645915215796060933.jpg\" alt=\"Linkedin PNG - 4013 images de Linkedin transparentes | PNG gratuit\" width=\"55\" height=\"60\"><\/a><\/span><\/p>\n<p><\/p>\n<p style=\"text-align: center;\"><a href=\"http:\/\/cesarbaggio.fr\/plaquette\/apprentissage\/fiche ufa baggio BTS CPRP.pdf\" target=\"_blank\" rel=\"noopener\" data-wplink-url-error=\"true\"><strong>Plaquette de la formation<\/strong><\/a><\/p>\n<p style=\"text-align: center;\">\n<\/p><p><a href=\"https:\/\/cesarbaggio.fr\/WP\/fiche-de-candidature\/\"><img decoding=\"async\" class=\"aligncenter wp-image-3495 size-full\" src=\"https:\/\/cesarbaggio.fr\/WP\/wp-content\/uploads\/2022\/03\/je-candidate_t.png\" alt=\"\" width=\"60%\" height=\"60%\" srcset=\"https:\/\/cesarbaggio.fr\/WP\/wp-content\/uploads\/2022\/03\/je-candidate_t.png 1162w, https:\/\/cesarbaggio.fr\/WP\/wp-content\/uploads\/2022\/03\/je-candidate_t-300x87.png 300w, https:\/\/cesarbaggio.fr\/WP\/wp-content\/uploads\/2022\/03\/je-candidate_t-1024x298.png 1024w, https:\/\/cesarbaggio.fr\/WP\/wp-content\/uploads\/2022\/03\/je-candidate_t-768x223.png 768w, https:\/\/cesarbaggio.fr\/WP\/wp-content\/uploads\/2022\/03\/je-candidate_t-24x7.png 24w, https:\/\/cesarbaggio.fr\/WP\/wp-content\/uploads\/2022\/03\/je-candidate_t-36x10.png 36w, https:\/\/cesarbaggio.fr\/WP\/wp-content\/uploads\/2022\/03\/je-candidate_t-48x14.png 48w\" sizes=\"(max-width: 1162px) 100vw, 1162px\" \/><\/a><\/p>\n<p style=\"text-align: center;\">\n<\/p>\n<\/div>\n<\/div>\n\n\n\n<p><\/p>\n","protected":false},"excerpt":{"rendered":"<p>DESCRIPTION DE LA FORMATION Le titulaire du BTS Conception des processus de r\u00e9alisation de produits&#8230;<\/p>\n","protected":false},"author":1,"featured_media":0,"parent":30,"menu_order":5,"comment_status":"closed","ping_status":"closed","template":"","meta":{"footnotes":""},"class_list":["post-3391","page","type-page","status-publish","hentry"],"jetpack_sharing_enabled":true,"_links":{"self":[{"href":"https:\/\/cesarbaggio.fr\/WP\/wp-json\/wp\/v2\/pages\/3391","targetHints":{"allow":["GET"]}}],"collection":[{"href":"https:\/\/cesarbaggio.fr\/WP\/wp-json\/wp\/v2\/pages"}],"about":[{"href":"https:\/\/cesarbaggio.fr\/WP\/wp-json\/wp\/v2\/types\/page"}],"author":[{"embeddable":true,"href":"https:\/\/cesarbaggio.fr\/WP\/wp-json\/wp\/v2\/users\/1"}],"replies":[{"embeddable":true,"href":"https:\/\/cesarbaggio.fr\/WP\/wp-json\/wp\/v2\/comments?post=3391"}],"version-history":[{"count":8,"href":"https:\/\/cesarbaggio.fr\/WP\/wp-json\/wp\/v2\/pages\/3391\/revisions"}],"predecessor-version":[{"id":3525,"href":"https:\/\/cesarbaggio.fr\/WP\/wp-json\/wp\/v2\/pages\/3391\/revisions\/3525"}],"up":[{"embeddable":true,"href":"https:\/\/cesarbaggio.fr\/WP\/wp-json\/wp\/v2\/pages\/30"}],"wp:attachment":[{"href":"https:\/\/cesarbaggio.fr\/WP\/wp-json\/wp\/v2\/media?parent=3391"}],"curies":[{"name":"wp","href":"https:\/\/api.w.org\/{rel}","templated":true}]}}