{"id":3389,"date":"2022-03-14T15:11:47","date_gmt":"2022-03-14T14:11:47","guid":{"rendered":"https:\/\/cesarbaggio.fr\/WP\/?page_id=3389"},"modified":"2022-03-17T14:52:52","modified_gmt":"2022-03-17T13:52:52","slug":"bts-msef","status":"publish","type":"page","link":"https:\/\/cesarbaggio.fr\/WP\/formations\/bts-msef\/","title":{"rendered":"BTS MSEF"},"content":{"rendered":"\n<hr class=\"wp-block-separator\"\/>\n\n\n\n<p><\/p>\n\n\n\n<div class=\"wp-block-columns is-layout-flex wp-container-core-columns-is-layout-28f84493 wp-block-columns-is-layout-flex\">\n<div class=\"wp-block-column is-layout-flow wp-block-column-is-layout-flow\" style=\"flex-basis:66.66%\">\n<p><\/p>\n\n\n\n<h6><span style=\"font-size: 14pt;\"><strong>DESCRIPTION DE LA FORMATION<\/strong><\/span><\/h6>\n<p style=\"text-align: justify;\"><span style=\"font-size: 14pt;\"><span style=\"font-family: Arial, Helvetica, sans-serif; font-size: 12pt;\">Le <\/span><\/span><span style=\"font-family: Arial, Helvetica, sans-serif; font-size: 12pt;\">BTS MS forme des sp\u00e9cialistes de la maintenance et apporte aux \u00e9l\u00e8ves des comp\u00e9tences technologiques, organisationnelles et relationnelles. Les enseignements pluritechnologiques (\u00e9lectrotechnique, m\u00e9canique, automatique, hydraulique) rendent l&rsquo;\u00e9l\u00e8ve capable de d\u00e9tecter une panne, de diagnostiquer les dysfonctionnements, d&rsquo;\u00e9tablir le plan de r\u00e9paration et d&rsquo;assurer la remise en service de l&rsquo;installation.<\/span><\/p>\n<p style=\"text-align: justify;\"><span style=\"font-size: 12pt; font-family: Arial, Helvetica, sans-serif;\">L&rsquo;option syst\u00e8mes \u00e9nerg\u00e9tiques et fluidiques permet de ma\u00eetriser le fonctionnement des installations dans les applications vari\u00e9es tels que le chauffage, la climatisation, le froid, le sanitaire et les syst\u00e8mes des \u00e9nergies renouvelables (cog\u00e9n\u00e9ration, pompes \u00e0 chaleur, etc). Le technicien sup\u00e9rieur MS exerce dans les grandes entreprises de production industrielle ; les PME\/PMI de production industrielle ; les entreprises sp\u00e9cialis\u00e9es de maintenance du secteur industriel : sites de production a\u00e9ronautique, automobile, navale ; sites de l&rsquo;industrie chimique, p\u00e9trochimique, pharmaceutique, agroalimentaire, sites de production d&rsquo;\u00e9nergie \u00e9lectrique<\/span><span style=\"font-size: revert; color: initial;\">.<\/span><\/p>\n<p><\/p>\n<h6><strong><span style=\"font-size: 14pt;\">ACC\u00c8S A LA FORMATION<\/span><\/strong><\/h6>\n<p>\u00catre titulaire&nbsp;:<\/p>\n<ul>\n<li>Bac PRO TISEC (Technicien en Installation de Syst\u00e8mes \u00c9nerg\u00e9tiques et Climatiques)<\/li>\n<li>Bac PRO TMSEC (Technicien en Maintenance de Syst\u00e8mes \u00c9nerg\u00e9tiques et Climatiques)<\/li>\n<li>Bac g\u00e9n\u00e9ral<\/li>\n<li>Bac Technologique STI \u00e9nerg\u00e9tique ou \u00e9lectronique<\/li>\n<li>En r\u00e9orientation apr\u00e8s une ann\u00e9e dans l\u2019enseignement sup\u00e9rieur<\/li>\n<\/ul>\n<h6>&nbsp;<\/h6>\n<h6><span style=\"font-size: 14pt;\"><strong>RYTHME DE L\u2019ALTERNANCE<\/strong><\/span><\/h6>\n<p>2 semaines au lyc\u00e9e et 2 semaines en entreprise (hors vacances scolaires)<\/p>\n<p><\/p>\n<\/div>\n\n\n\n<div class=\"wp-block-column is-layout-flow wp-block-column-is-layout-flow\" style=\"flex-basis:33.33%\">\n<p style=\"text-align: center;\"><span style=\"font-family: Arial, Helvetica, sans-serif;\"><a href=\"https:\/\/www.facebook.com\/ufabaggio\/\" target=\"_blank\" rel=\"noopener nofollow\">\u00a0<img loading=\"lazy\" decoding=\"async\" class=\"\" src=\"https:\/\/img1.freepng.fr\/20180319\/iyw\/kisspng-facebook-logo-social-media-computer-icons-icon-facebook-drawing-5ab02fb69f99c4.9538101315214959906537.jpg\" alt=\"Facebook PNG - 16711 images de Facebook transparentes | PNG gratuit\" width=\"61\" height=\"61\" \/>\u00a0 \u00a0 \u00a0 <\/a><a href=\"https:\/\/www.linkedin.com\/in\/formations-apprentissage-lyc%C3%A9e-baggio-lille\/\" target=\"_blank\" rel=\"noopener nofollow\"><img loading=\"lazy\" decoding=\"async\" class=\"alignnone\" src=\"https:\/\/img1.freepng.fr\/20180320\/aqe\/kisspng-linkedin-logo-computer-icons-business-symbol-linkedin-icon-5ab1765616c913.9690645915215796060933.jpg\" alt=\"Linkedin PNG - 4013 images de Linkedin transparentes | PNG gratuit\" width=\"55\" height=\"60\" \/><\/a><\/span><\/p>\n<p>\u00a0<\/p>\n<p style=\"text-align: center;\"><a href=\"http:\/\/cesarbaggio.fr\/plaquette\/apprentissage\/FicheUFABTS_MSEF.pdf\" target=\"_blank\" rel=\"noopener\"><strong>Plaquette de la formation<\/strong><\/a><\/p>\n<p style=\"text-align: center;\">\u00a0<\/p>\n<p><a href=\"https:\/\/cesarbaggio.fr\/WP\/fiche-de-candidature\/\" target=\"_blank\" rel=\"noopener\"><img decoding=\"async\" class=\"aligncenter wp-image-3495 size-full\" src=\"https:\/\/cesarbaggio.fr\/WP\/wp-content\/uploads\/2022\/03\/je-candidate_t.png\" alt=\"\" width=\"60%\" height=\"60%\" srcset=\"https:\/\/cesarbaggio.fr\/WP\/wp-content\/uploads\/2022\/03\/je-candidate_t.png 1162w, https:\/\/cesarbaggio.fr\/WP\/wp-content\/uploads\/2022\/03\/je-candidate_t-300x87.png 300w, https:\/\/cesarbaggio.fr\/WP\/wp-content\/uploads\/2022\/03\/je-candidate_t-1024x298.png 1024w, https:\/\/cesarbaggio.fr\/WP\/wp-content\/uploads\/2022\/03\/je-candidate_t-768x223.png 768w, https:\/\/cesarbaggio.fr\/WP\/wp-content\/uploads\/2022\/03\/je-candidate_t-24x7.png 24w, https:\/\/cesarbaggio.fr\/WP\/wp-content\/uploads\/2022\/03\/je-candidate_t-36x10.png 36w, https:\/\/cesarbaggio.fr\/WP\/wp-content\/uploads\/2022\/03\/je-candidate_t-48x14.png 48w\" sizes=\"(max-width: 1162px) 100vw, 1162px\" \/><\/a><\/p>\n<p>\u00a0<\/p>\n<p>\u00a0<\/p>\n<\/div>\n<\/div>\n","protected":false},"excerpt":{"rendered":"<p>DESCRIPTION DE LA FORMATION Le BTS MS forme des sp\u00e9cialistes de la maintenance et apporte&#8230;<\/p>\n","protected":false},"author":1,"featured_media":0,"parent":30,"menu_order":5,"comment_status":"closed","ping_status":"closed","template":"","meta":{"footnotes":""},"class_list":["post-3389","page","type-page","status-publish","hentry"],"jetpack_sharing_enabled":true,"_links":{"self":[{"href":"https:\/\/cesarbaggio.fr\/WP\/wp-json\/wp\/v2\/pages\/3389","targetHints":{"allow":["GET"]}}],"collection":[{"href":"https:\/\/cesarbaggio.fr\/WP\/wp-json\/wp\/v2\/pages"}],"about":[{"href":"https:\/\/cesarbaggio.fr\/WP\/wp-json\/wp\/v2\/types\/page"}],"author":[{"embeddable":true,"href":"https:\/\/cesarbaggio.fr\/WP\/wp-json\/wp\/v2\/users\/1"}],"replies":[{"embeddable":true,"href":"https:\/\/cesarbaggio.fr\/WP\/wp-json\/wp\/v2\/comments?post=3389"}],"version-history":[{"count":7,"href":"https:\/\/cesarbaggio.fr\/WP\/wp-json\/wp\/v2\/pages\/3389\/revisions"}],"predecessor-version":[{"id":3511,"href":"https:\/\/cesarbaggio.fr\/WP\/wp-json\/wp\/v2\/pages\/3389\/revisions\/3511"}],"up":[{"embeddable":true,"href":"https:\/\/cesarbaggio.fr\/WP\/wp-json\/wp\/v2\/pages\/30"}],"wp:attachment":[{"href":"https:\/\/cesarbaggio.fr\/WP\/wp-json\/wp\/v2\/media?parent=3389"}],"curies":[{"name":"wp","href":"https:\/\/api.w.org\/{rel}","templated":true}]}}