{"id":3357,"date":"2022-03-10T10:17:01","date_gmt":"2022-03-10T09:17:01","guid":{"rendered":"https:\/\/cesarbaggio.fr\/WP\/?page_id=3357"},"modified":"2022-03-17T14:46:22","modified_gmt":"2022-03-17T13:46:22","slug":"bts-erpc-opt-a","status":"publish","type":"page","link":"https:\/\/cesarbaggio.fr\/WP\/formations\/bts-erpc-opt-a\/","title":{"rendered":"BTS ERPC opt A"},"content":{"rendered":"\n<hr class=\"wp-block-separator\"\/>\n\n\n\n<p><\/p>\n\n\n\n<div class=\"wp-block-columns is-layout-flex wp-container-core-columns-is-layout-28f84493 wp-block-columns-is-layout-flex\">\n<div class=\"wp-block-column is-layout-flow wp-block-column-is-layout-flow\" style=\"flex-basis:66.66%\">\n<h6><span style=\"font-size: 14pt;\"><strong>DESCRIPTION DE LA FORMATION<\/strong><\/span><\/h6>\n<p style=\"text-align: justify;\">Le titulaire du BTS \u00ab \u00c9tude de R\u00e9alisation d&rsquo;un projet de communication option \u00c9tude de R\u00e9alisation de Produits Graphiques \u00bb organise, coordonne et contr\u00f4le la r\u00e9alisation des produits de communication plurim\u00e9dias et multi-supports (newsletters, pages web, sites internet, livres \u00e9lectroniques, internet mobile &#8211; SMS\/MMS &#8211; imprim\u00e9s publicitaires en interaction avec d&rsquo;autres m\u00e9dias num\u00e9riques &#8211; applications, QRCodes &#8211; catalogues d&rsquo;e-commerce, publicit\u00e9s anim\u00e9es.<\/p>\n<p style=\"text-align: justify;\">A partir des besoins du client, il propose des produits adapt\u00e9s et participe \u00e0 la r\u00e9daction du cahier des charges n\u00e9cessaires \u00e0 leur r\u00e9alisation, en lien avec les professionnels de la conception graphique (designer, maquettiste, illustrateur).<\/p>\n<p style=\"text-align: justify;\">Il d\u00e9termine ensuite les param\u00e8tres techniques, \u00e9labore des devis et choisit les fournisseurs. Ses comp\u00e9tences techniques lui permettent de superviser et suivre la production, et d&rsquo;intervenir dans les r\u00e9alisations en fonction des contraintes techniques, juridiques et commerciales du projet.<\/p>\n<p style=\"text-align: justify;\">Il peut travailler aussi bien dans des agences de communication ou de design, que pour le compte de prestataires proposant des solutions ou des services de r\u00e9alisation de produits plurim\u00e9dia. Il peut \u00e9galement exercer dans des entreprises ou des administrations disposant de services plurim\u00e9dia.<\/p>\n<p><\/p>\n<h6><strong><span style=\"font-size: 14pt;\">ACC\u00c8S A LA FORMATION<\/span><\/strong><\/h6>\n<p>\u00catre titulaire&nbsp;:<\/p>\n<ul>\n<li>Bac Pro R\u00e9alisation de Produit Imprim\u00e9 et Plurim\u00e9dia (option&nbsp;: PG, PI)<\/li>\n<li>Bac Pro Artisanat et M\u00e9tiers d\u2019Art (option communication visuelle plurim\u00e9dia)<\/li>\n<li>Bac g\u00e9n\u00e9ral et technologique<\/li>\n<li>En r\u00e9orientation apr\u00e8s une ann\u00e9e dans l\u2019enseignement sup\u00e9rieur<\/li>\n<\/ul>\n<h6>&nbsp;<\/h6>\n<h6><span style=\"font-size: 14pt;\"><strong>RYTHME DE L\u2019ALTERNANCE<\/strong><\/span><\/h6>\n<p>1 semaine au lyc\u00e9e et 1 semaine en entreprise (hors vacances scolaires)<\/p>\n<p><\/p>\n\n\n\n<p><\/p>\n<\/div>\n\n\n\n<div class=\"wp-block-column is-layout-flow wp-block-column-is-layout-flow\" style=\"flex-basis:33.33%\">\n<p style=\"text-align: center;\"><span style=\"font-family: Arial, Helvetica, sans-serif;\"><a href=\"http:\/\/facebook\" target=\"_blank\" rel=\"noopener nofollow\" data-wplink-url-error=\"true\">\u00a0<img loading=\"lazy\" decoding=\"async\" class=\"\" src=\"https:\/\/img1.freepng.fr\/20180319\/iyw\/kisspng-facebook-logo-social-media-computer-icons-icon-facebook-drawing-5ab02fb69f99c4.9538101315214959906537.jpg\" alt=\"Facebook PNG - 16711 images de Facebook transparentes | PNG gratuit\" width=\"61\" height=\"61\" \/>\u00a0 \u00a0 \u00a0 <\/a><a href=\"https:\/\/www.linkedin.com\/in\/formations-apprentissage-lyc%C3%A9e-baggio-lille\/\" target=\"_blank\" rel=\"noopener nofollow\"><img loading=\"lazy\" decoding=\"async\" class=\"alignnone\" src=\"https:\/\/img1.freepng.fr\/20180320\/aqe\/kisspng-linkedin-logo-computer-icons-business-symbol-linkedin-icon-5ab1765616c913.9690645915215796060933.jpg\" alt=\"Linkedin PNG - 4013 images de Linkedin transparentes | PNG gratuit\" width=\"55\" height=\"60\" \/><\/a><\/span><\/p>\n<p>\u00a0<\/p>\n<p style=\"text-align: center;\"><a href=\"http:\/\/cesarbaggio.fr\/plaquette\/apprentissage\/FicheUFABTS_ERPC.pdf\" target=\"_blank\" rel=\"noopener\"><strong>Plaquette de la formation<\/strong><\/a><\/p>\n<p>\u00a0<\/p>\n<p style=\"text-align: center;\">\u00a0<\/p>\n<p><a href=\"https:\/\/cesarbaggio.fr\/WP\/fiche-de-candidature\/\" target=\"_blank\" rel=\"noopener\"><img decoding=\"async\" class=\"aligncenter wp-image-3495 size-full\" src=\"https:\/\/cesarbaggio.fr\/WP\/wp-content\/uploads\/2022\/03\/je-candidate_t.png\" alt=\"\" width=\"60%\" height=\"60%\" srcset=\"https:\/\/cesarbaggio.fr\/WP\/wp-content\/uploads\/2022\/03\/je-candidate_t.png 1162w, https:\/\/cesarbaggio.fr\/WP\/wp-content\/uploads\/2022\/03\/je-candidate_t-300x87.png 300w, https:\/\/cesarbaggio.fr\/WP\/wp-content\/uploads\/2022\/03\/je-candidate_t-1024x298.png 1024w, https:\/\/cesarbaggio.fr\/WP\/wp-content\/uploads\/2022\/03\/je-candidate_t-768x223.png 768w, https:\/\/cesarbaggio.fr\/WP\/wp-content\/uploads\/2022\/03\/je-candidate_t-24x7.png 24w, https:\/\/cesarbaggio.fr\/WP\/wp-content\/uploads\/2022\/03\/je-candidate_t-36x10.png 36w, https:\/\/cesarbaggio.fr\/WP\/wp-content\/uploads\/2022\/03\/je-candidate_t-48x14.png 48w\" sizes=\"(max-width: 1162px) 100vw, 1162px\" \/><\/a><\/p>\n<p>\u00a0<\/p>\n<p>\u00a0<\/p>\n<\/div>\n<\/div>\n","protected":false},"excerpt":{"rendered":"<p>DESCRIPTION DE LA FORMATION Le titulaire du BTS \u00ab \u00c9tude de R\u00e9alisation d&rsquo;un projet de&#8230;<\/p>\n","protected":false},"author":1,"featured_media":0,"parent":30,"menu_order":5,"comment_status":"closed","ping_status":"closed","template":"","meta":{"footnotes":""},"class_list":["post-3357","page","type-page","status-publish","hentry"],"jetpack_sharing_enabled":true,"_links":{"self":[{"href":"https:\/\/cesarbaggio.fr\/WP\/wp-json\/wp\/v2\/pages\/3357","targetHints":{"allow":["GET"]}}],"collection":[{"href":"https:\/\/cesarbaggio.fr\/WP\/wp-json\/wp\/v2\/pages"}],"about":[{"href":"https:\/\/cesarbaggio.fr\/WP\/wp-json\/wp\/v2\/types\/page"}],"author":[{"embeddable":true,"href":"https:\/\/cesarbaggio.fr\/WP\/wp-json\/wp\/v2\/users\/1"}],"replies":[{"embeddable":true,"href":"https:\/\/cesarbaggio.fr\/WP\/wp-json\/wp\/v2\/comments?post=3357"}],"version-history":[{"count":15,"href":"https:\/\/cesarbaggio.fr\/WP\/wp-json\/wp\/v2\/pages\/3357\/revisions"}],"predecessor-version":[{"id":3506,"href":"https:\/\/cesarbaggio.fr\/WP\/wp-json\/wp\/v2\/pages\/3357\/revisions\/3506"}],"up":[{"embeddable":true,"href":"https:\/\/cesarbaggio.fr\/WP\/wp-json\/wp\/v2\/pages\/30"}],"wp:attachment":[{"href":"https:\/\/cesarbaggio.fr\/WP\/wp-json\/wp\/v2\/media?parent=3357"}],"curies":[{"name":"wp","href":"https:\/\/api.w.org\/{rel}","templated":true}]}}