{"id":30,"date":"2020-09-04T12:11:01","date_gmt":"2020-09-04T10:11:01","guid":{"rendered":"https:\/\/cesarbaggio.fr\/WP\/?page_id=30"},"modified":"2026-03-13T15:55:57","modified_gmt":"2026-03-13T14:55:57","slug":"formations","status":"publish","type":"page","link":"https:\/\/cesarbaggio.fr\/WP\/formations\/","title":{"rendered":"FORMATIONS"},"content":{"rendered":"\n<hr class=\"wp-block-separator has-css-opacity\"\/>\n\n\n<div class=\"menu-formation-container\"><ul id=\"menu-formation\" class=\"menu\"><li id=\"menu-item-1283\" class=\"menu-item menu-item-type-post_type menu-item-object-page menu-item-1283\"><a href=\"https:\/\/cesarbaggio.fr\/WP\/lycee-general-et-technologique\/\">LYC\u00c9E G\u00c9N\u00c9RAL ET TECHNOLOGIQUE<\/a><\/li>\n<li id=\"menu-item-1282\" class=\"menu-item menu-item-type-post_type menu-item-object-page menu-item-1282\"><a href=\"https:\/\/cesarbaggio.fr\/WP\/lycee-professionel\/\">BAC PROFESSIONNEL<\/a><\/li>\n<li id=\"menu-item-1278\" class=\"menu-item menu-item-type-post_type menu-item-object-page menu-item-1278\"><a href=\"https:\/\/cesarbaggio.fr\/WP\/formations\/classes-europeennes\/\">CLASSES EUROP\u00c9ENNES<\/a><\/li>\n<li id=\"menu-item-1285\" class=\"menu-item menu-item-type-post_type menu-item-object-page menu-item-1285\"><a href=\"https:\/\/cesarbaggio.fr\/WP\/formations\/cpge\/\">CLASSES PR\u00c9PARATOIRES<\/a><\/li>\n<li id=\"menu-item-1284\" class=\"menu-item menu-item-type-post_type menu-item-object-page menu-item-1284\"><a href=\"https:\/\/cesarbaggio.fr\/WP\/formations\/les-formations-continues\/\">FORMATIONS CONTINUES<\/a><\/li>\n<li id=\"menu-item-1279\" class=\"menu-item menu-item-type-post_type menu-item-object-page menu-item-1279\"><a href=\"https:\/\/cesarbaggio.fr\/WP\/formations\/brevet-technicien-superieur\/\">BREVET TECHNICIEN SUP\u00c9RIEUR<\/a><\/li>\n<li id=\"menu-item-1280\" class=\"menu-item menu-item-type-post_type menu-item-object-page menu-item-1280\"><a href=\"https:\/\/cesarbaggio.fr\/WP\/formations\/section-athletisme-du-lycee-baggio\/\">SECTION ATHL\u00c9TISME  DU LYC\u00c9E BAGGIO<\/a><\/li>\n<li id=\"menu-item-1281\" class=\"menu-item menu-item-type-post_type menu-item-object-page menu-item-1281\"><a href=\"https:\/\/cesarbaggio.fr\/WP\/formations\/apprentissage\/\">APPRENTISSAGE<\/a><\/li>\n<li id=\"menu-item-3245\" class=\"menu-item menu-item-type-post_type menu-item-object-page menu-item-3245\"><a href=\"https:\/\/cesarbaggio.fr\/WP\/3-prepa-metiers\/\">3 PR\u00c9PA-M\u00c9TIERS<\/a><\/li>\n<\/ul><\/div>\n\n\n\n<p><\/p>\n\n\n<p><img loading=\"lazy\" decoding=\"async\" class=\"aligncenter size-full wp-image-6203\" src=\"https:\/\/cesarbaggio.fr\/WP\/wp-content\/uploads\/2026\/03\/Baggio-organigramme-2026.jpg\" alt=\"\" width=\"2441\" height=\"1693\" srcset=\"https:\/\/cesarbaggio.fr\/WP\/wp-content\/uploads\/2026\/03\/Baggio-organigramme-2026.jpg 2441w, https:\/\/cesarbaggio.fr\/WP\/wp-content\/uploads\/2026\/03\/Baggio-organigramme-2026-300x208.jpg 300w, https:\/\/cesarbaggio.fr\/WP\/wp-content\/uploads\/2026\/03\/Baggio-organigramme-2026-1024x710.jpg 1024w, https:\/\/cesarbaggio.fr\/WP\/wp-content\/uploads\/2026\/03\/Baggio-organigramme-2026-768x533.jpg 768w, https:\/\/cesarbaggio.fr\/WP\/wp-content\/uploads\/2026\/03\/Baggio-organigramme-2026-1536x1065.jpg 1536w, https:\/\/cesarbaggio.fr\/WP\/wp-content\/uploads\/2026\/03\/Baggio-organigramme-2026-2048x1420.jpg 2048w, https:\/\/cesarbaggio.fr\/WP\/wp-content\/uploads\/2026\/03\/Baggio-organigramme-2026-24x17.jpg 24w, https:\/\/cesarbaggio.fr\/WP\/wp-content\/uploads\/2026\/03\/Baggio-organigramme-2026-36x25.jpg 36w, https:\/\/cesarbaggio.fr\/WP\/wp-content\/uploads\/2026\/03\/Baggio-organigramme-2026-48x33.jpg 48w\" sizes=\"auto, (max-width: 2441px) 100vw, 2441px\" \/><\/p>\n<p><a href=\"https:\/\/cesarbaggio.fr\/WP\/wp-content\/uploads\/2026\/03\/Baggio-organigramme-2026.pdf\">Organigramme des Formations 2026<\/a><\/p>\n\n\n<p><\/p>\n\n\n\n<p><\/p>\n","protected":false},"excerpt":{"rendered":"<p>Organigramme des Formations 2026<\/p>\n","protected":false},"author":1,"featured_media":0,"parent":0,"menu_order":2,"comment_status":"closed","ping_status":"closed","template":"","meta":{"footnotes":""},"class_list":["post-30","page","type-page","status-publish","hentry"],"jetpack_sharing_enabled":true,"_links":{"self":[{"href":"https:\/\/cesarbaggio.fr\/WP\/wp-json\/wp\/v2\/pages\/30","targetHints":{"allow":["GET"]}}],"collection":[{"href":"https:\/\/cesarbaggio.fr\/WP\/wp-json\/wp\/v2\/pages"}],"about":[{"href":"https:\/\/cesarbaggio.fr\/WP\/wp-json\/wp\/v2\/types\/page"}],"author":[{"embeddable":true,"href":"https:\/\/cesarbaggio.fr\/WP\/wp-json\/wp\/v2\/users\/1"}],"replies":[{"embeddable":true,"href":"https:\/\/cesarbaggio.fr\/WP\/wp-json\/wp\/v2\/comments?post=30"}],"version-history":[{"count":15,"href":"https:\/\/cesarbaggio.fr\/WP\/wp-json\/wp\/v2\/pages\/30\/revisions"}],"predecessor-version":[{"id":6204,"href":"https:\/\/cesarbaggio.fr\/WP\/wp-json\/wp\/v2\/pages\/30\/revisions\/6204"}],"wp:attachment":[{"href":"https:\/\/cesarbaggio.fr\/WP\/wp-json\/wp\/v2\/media?parent=30"}],"curies":[{"name":"wp","href":"https:\/\/api.w.org\/{rel}","templated":true}]}}