{"id":2242,"date":"2021-02-18T15:42:05","date_gmt":"2021-02-18T14:42:05","guid":{"rendered":"https:\/\/cesarbaggio.fr\/WP\/?page_id=2242"},"modified":"2021-03-26T14:17:04","modified_gmt":"2021-03-26T13:17:04","slug":"ouatib","status":"publish","type":"page","link":"https:\/\/cesarbaggio.fr\/WP\/vie-du-lycee\/ouatib\/","title":{"rendered":"OuatiB"},"content":{"rendered":"\n<hr class=\"wp-block-separator\"\/>\n\n\n<div><img loading=\"lazy\" decoding=\"async\" class=\" wp-image-2243 alignright\" src=\"https:\/\/cesarbaggio.fr\/WP\/wp-content\/uploads\/2021\/02\/logo-ouatib.png\" alt=\"\" width=\"231\" height=\"231\" srcset=\"https:\/\/cesarbaggio.fr\/WP\/wp-content\/uploads\/2021\/02\/logo-ouatib.png 650w, https:\/\/cesarbaggio.fr\/WP\/wp-content\/uploads\/2021\/02\/logo-ouatib-300x300.png 300w, https:\/\/cesarbaggio.fr\/WP\/wp-content\/uploads\/2021\/02\/logo-ouatib-150x150.png 150w, https:\/\/cesarbaggio.fr\/WP\/wp-content\/uploads\/2021\/02\/logo-ouatib-24x24.png 24w, https:\/\/cesarbaggio.fr\/WP\/wp-content\/uploads\/2021\/02\/logo-ouatib-36x36.png 36w, https:\/\/cesarbaggio.fr\/WP\/wp-content\/uploads\/2021\/02\/logo-ouatib-48x48.png 48w\" sizes=\"auto, (max-width: 231px) 100vw, 231px\" \/><\/div>\n<div style=\"text-align: justify;\">\u00ab\u00a0Once Upon A Time In Baggio\u00a0\u00bb<\/div>\n<div style=\"text-align: justify;\">&nbsp;<\/div>\n\n            <div class=\"wp-block-blockspare-posts-block-blockspare-posts-block-latest-posts aligncenter   blockspare-dd620c28-f3f6-4\" blockspare-animation=\"\">\n            <style type=\"text\/css\"> .blockspare-dd620c28-f3f6-4 .blockspare-posts-block-post-wrap{\n            margin-top:30px;\n            margin-bottom:30px;\n            margin-left:0px;\n            margin-right:0px;\n        } .blockspare-dd620c28-f3f6-4 .blockspare-posts-block-post-content{\n            padding-top:15px;\n            padding-right:15px;\n            padding-bottom:15px;\n            padding-left:15px;\n        } .blockspare-dd620c28-f3f6-4 .blockspare-posts-block-post-category a{\n                border-radius:0px;\n            } .blockspare-dd620c28-f3f6-4 .blockspare-posts-block-post-category a{\n                color:#fff!important;\n            } .blockspare-dd620c28-f3f6-4 .blockspare-posts-block-post-category a{\n                    background-color:#222222!important;\n                } .blockspare-dd620c28-f3f6-4 .blockspare-posts-block-post-category{\n            margin-top:5px;\n            margin-bottom:5px;\n            margin-left:0px;\n            margin-right:0px;\n        } .blockspare-dd620c28-f3f6-4 .blockspare-posts-block-post-category a {\n            font-size:12px;\n            ;\n            font-weight:400;\n        }@media (max-width: 1025px) {  .blockspare-dd620c28-f3f6-4 .blockspare-posts-block-post-category a {\n                font-size:10px\n            }}@media (max-width: 767px) {  .blockspare-dd620c28-f3f6-4 .blockspare-posts-block-post-category a {\n                font-size:10px\n            }}<style type=\"text\/css\"> .blockspare-dd620c28-f3f6-4 .blockspare-posts-block-post-wrap{\n            margin-top:30px;\n            margin-bottom:30px;\n            margin-left:0px;\n            margin-right:0px;\n        } .blockspare-dd620c28-f3f6-4 .blockspare-posts-block-post-content{\n            padding-top:15px;\n            padding-right:15px;\n            padding-bottom:15px;\n            padding-left:15px;\n        } .blockspare-dd620c28-f3f6-4 .blockspare-posts-block-post-grid-byline{\n            margin-top:5px;\n            margin-bottom:5px;\n            margin-left:0px;\n            margin-right:0px;\n        } .blockspare-dd620c28-f3f6-4 .blockspare-posts-block-post-grid-more-link{\n            margin-top:5px;\n            margin-bottom:5px;\n            margin-left:0px;\n            margin-right:0px;\n        } .blockspare-dd620c28-f3f6-4 .blockspare-posts-block-post-grid-title a span{\n            color: #000;\n        } .blockspare-dd620c28-f3f6-4 .blockspare-posts-block-post-grid-author a span{\n            color:#000000;\n        } .blockspare-dd620c28-f3f6-4 .blockspare-posts-block-post-grid-more-link span{\n            color:#000000;\n        } .blockspare-dd620c28-f3f6-4 .blockspare-posts-block-post-grid-date{\n            color:#505050;\n        } .blockspare-dd620c28-f3f6-4 .blockspare-posts-block-post-grid-excerpt-content{\n            color:#505050;\n        } .blockspare-dd620c28-f3f6-4 .comment_count{\n            color:#505050;\n        } .blockspare-dd620c28-f3f6-4 .blockspare-posts-block-post-grid-title{\n            margin-top:5px;\n            margin-bottom:5px;\n            margin-left:0px;\n            margin-right:0px;\n        } .blockspare-dd620c28-f3f6-4 .blockspare-posts-block-post-grid-excerpt-content{\n            margin-top:5px;\n            margin-bottom:5px;\n            margin-left:0px;\n            margin-right:0px;\n        } .blockspare-dd620c28-f3f6-4  .blockspare-posts-block-post-single{\n                border-radius:0px;\n                background-color:#f9f9f9\n            } .blockspare-dd620c28-f3f6-4 .blockspare-posts-block-post-content .blockspare-posts-block-title-link:hover span{\n                color: #222222;\n             } .blockspare-dd620c28-f3f6-4 .blockspare-posts-block-post-grid-title a span{\n            font-size: 16px;\n            ;\n            ;\n            line-height: 1.5;\n        } .blockspare-dd620c28-f3f6-4 .blockspare-posts-block-post-content .blockspare-posts-block-post-grid-excerpt .blockspare-posts-block-post-grid-excerpt-content {\n            font-size:14px;\n            ;\n            ;\n        } .blockspare-dd620c28-f3f6-4 .blockspare-posts-block-post-grid-author a span {\n            font-size:11px;\n            ;\n            ;\n        } .blockspare-dd620c28-f3f6-4 .blockspare-posts-block-post-grid-date {\n            font-size:11px;\n            ;\n            ;\n        } .blockspare-dd620c28-f3f6-4 .comment_count {\n            font-size:11px;\n            ;\n            ;\n        }@media (max-width: 1025px) {  .blockspare-dd620c28-f3f6-4 .blockspare-posts-block-post-grid-title a span{\n            font-size: 16px;\n        } .blockspare-dd620c28-f3f6-4 .blockspare-posts-block-post-content .blockspare-posts-block-post-grid-excerpt .blockspare-posts-block-post-grid-excerpt-content {\n            font-size:14px\n        } .blockspare-dd620c28-f3f6-4 .blockspare-posts-block-post-grid-author a span {\n            font-size:11px\n        } .blockspare-dd620c28-f3f6-4 .blockspare-posts-block-post-grid-date {\n            font-size:11px\n        } .blockspare-dd620c28-f3f6-4 .comment_count {\n            font-size:11px\n        }}@media (max-width: 767px) {  .blockspare-dd620c28-f3f6-4 .blockspare-posts-block-post-grid-title a span{\n            font-size: 16px;\n        } .blockspare-dd620c28-f3f6-4 .blockspare-posts-block-post-content .blockspare-posts-block-post-grid-excerpt .blockspare-posts-block-post-grid-excerpt-content {\n            font-size:14px\n        } .blockspare-dd620c28-f3f6-4 .blockspare-posts-block-post-grid-author a span {\n            font-size:11px\n        } .blockspare-dd620c28-f3f6-4 .blockspare-posts-block-post-grid-date {\n            font-size:11px\n        } .blockspare-dd620c28-f3f6-4 .comment_count {\n            font-size:11px\n        }}<\/style>    <!-- <div class=\"wp-block-blockspare-posts-block-blockspare-posts-block-latest-posts aligncenter  blockspare-dd620c28-f3f6-4\" blockspare-animation=\"\"> -->\n    <section class=\"blockspare-posts-block-post-wrap\">\n      <div class=\"blockspare-posts-block-latest-post-wrap blockspare-posts-block-is-list large-100 has-gutter-20  blockspare-posts-block-list-layout-1 list-col-1\">\n                  <div id=\"6210\" class=\"blockspare-posts-block-post-single blockspare-hover-item contentorderone has-background has-background  bs-has-equal-height\">\n                <figure class=\"blockspare-posts-block-post-img hover-child\">\n      <a href=\"https:\/\/cesarbaggio.fr\/WP\/2026\/03\/27\/echange-et-avenir-au-lycee-baggio-%f0%9f%8e%93\/\" aria-label=\"\u00c9change et avenir au Lyc\u00e9e Baggio ! \ud83c\udf93\">\n        <img loading=\"lazy\" decoding=\"async\" width=\"640\" height=\"449\" src=\"https:\/\/cesarbaggio.fr\/WP\/wp-content\/uploads\/2026\/03\/Gemini_Generated_Image_km6gbokm6gbokm6g-1024x718.png\" class=\"attachment-large size-large\" alt=\"\" \/>      <\/a>\n              <!-- Category     -->\n        <div class=\"blockspare-posts-block-post-category\">\n          <a href=\"https:\/\/cesarbaggio.fr\/WP\/category\/actualite\/\" rel=\"category tag\">Actualit\u00e9<\/a> <a href=\"https:\/\/cesarbaggio.fr\/WP\/category\/evenement\/\" rel=\"category tag\">\u00c9v\u00e9nement<\/a> <a href=\"https:\/\/cesarbaggio.fr\/WP\/category\/info\/\" rel=\"category tag\">Info<\/a> <a href=\"https:\/\/cesarbaggio.fr\/WP\/category\/une\/\" rel=\"category tag\">une<\/a>        <\/div>\n        <!-- Category     -->\n          <\/figure>\n                <div class=\"blockspare-posts-block-post-content  content-order-1 lpc-title-hover\">\n    <div class=\"blockspare-posts-block-bg-overlay\"><\/div>\n    <!-- blockspare-posts-block-post-grid-header -->\n    <header class=\"blockspare-posts-block-post-grid-header\">\n      <!--display category when feature image is disable -->\n            <!--display category when feature image is enable-->\n            <!-- blockspare-posts-block-post-grid-title -->\n\n      <h2 class=\"blockspare-posts-block-post-grid-title\">\n        <a href=\"https:\/\/cesarbaggio.fr\/WP\/2026\/03\/27\/echange-et-avenir-au-lycee-baggio-%f0%9f%8e%93\/\" class=\"blockspare-posts-block-title-link\"\n          aria-label=\"\u00c9change et avenir au Lyc\u00e9e Baggio ! \ud83c\udf93\">\n          <span>\u00c9change et avenir au Lyc\u00e9e Baggio ! \ud83c\udf93<\/span>\n        <\/a>\n      <\/h2>\n\n      <!-- blockspare-posts-block-post-grid-title -->\n\n      <!-- blockspare-posts-block-post-grid-byline -->\n      <div class=\"blockspare-posts-block-post-grid-byline\">\n        <!-- blockspare-posts-block-post-grid-author -->\n                  <div class=\"blockspare-posts-block-post-grid-author\">\n            <!-- <a class=\"blockspare-posts-block-text-link\" href=\"https:\/\/cesarbaggio.fr\/WP\/author\/david-cario\/\"\n                                        itemprop=\"url\" rel=\"author\">\n                                        <span itemprop=\"name\">\n                                            <i class=\"far fa-user-circle\"><\/i>\n                                            David Cario                                        <\/span>\n                                    <\/a> -->\n                            <a class=\"blockspare-posts-block-text-link\" href=\"https:\/\/cesarbaggio.fr\/WP\/author\/david-cario\/\" itemprop=\"url\" rel=\"author\">\n                    <span itemprop=\"name\"><i class=\"far fa-user-circle\"><\/i>David Cario<\/span>\n                <\/a>\n                 <\/div>\n                <!-- blockspare-posts-block-post-grid-author -->\n\n        <!-- blockspare-posts-block-post-grid-date -->\n                  <time datetime=\"2026-03-27T14:11:38+01:00\" class=\"blockspare-posts-block-post-grid-date\" itemprop=\"datePublished\"><i class=\"far fa-clock\" aria-hidden=\"true\"><\/i>27 mars 2026<\/time>\n                <!-- blockspare-posts-block-post-grid-date -->\n\n        <!-- comment_count -->\n                  <span class=\"comment_count\" aria-label=\"0 comments\">\n            <i class='far fa-comment'><\/i>\n            0<\/span>\n                <!-- comment_count -->\n      <\/div>\n      <!-- blockspare-posts-block-post-grid-byline -->\n    <\/header>\n    <!-- blockspare-posts-block-post-grid-header -->\n\n        <!-- blockspare-posts-block-post-grid-excerpt -->\n        <!-- blockspare-posts-block-post-grid-excerpt -->\n\n  <\/div>\n          <\/div>\n\n                  <div id=\"6161\" class=\"blockspare-posts-block-post-single blockspare-hover-item contentorderone has-background has-background  bs-has-equal-height\">\n                <figure class=\"blockspare-posts-block-post-img hover-child\">\n      <a href=\"https:\/\/cesarbaggio.fr\/WP\/2026\/03\/11\/cpes-prisme\/\" aria-label=\"CPES PRISME\">\n        <img loading=\"lazy\" decoding=\"async\" width=\"640\" height=\"119\" src=\"https:\/\/cesarbaggio.fr\/WP\/wp-content\/uploads\/2026\/01\/test-prisme-1024x191.png\" class=\"attachment-large size-large\" alt=\"\" \/>      <\/a>\n              <!-- Category     -->\n        <div class=\"blockspare-posts-block-post-category\">\n          <a href=\"https:\/\/cesarbaggio.fr\/WP\/category\/actualite\/\" rel=\"category tag\">Actualit\u00e9<\/a> <a href=\"https:\/\/cesarbaggio.fr\/WP\/category\/info\/\" rel=\"category tag\">Info<\/a> <a href=\"https:\/\/cesarbaggio.fr\/WP\/category\/une\/\" rel=\"category tag\">une<\/a>        <\/div>\n        <!-- Category     -->\n          <\/figure>\n                <div class=\"blockspare-posts-block-post-content  content-order-1 lpc-title-hover\">\n    <div class=\"blockspare-posts-block-bg-overlay\"><\/div>\n    <!-- blockspare-posts-block-post-grid-header -->\n    <header class=\"blockspare-posts-block-post-grid-header\">\n      <!--display category when feature image is disable -->\n            <!--display category when feature image is enable-->\n            <!-- blockspare-posts-block-post-grid-title -->\n\n      <h2 class=\"blockspare-posts-block-post-grid-title\">\n        <a href=\"https:\/\/cesarbaggio.fr\/WP\/2026\/03\/11\/cpes-prisme\/\" class=\"blockspare-posts-block-title-link\"\n          aria-label=\"CPES PRISME\">\n          <span>CPES PRISME<\/span>\n        <\/a>\n      <\/h2>\n\n      <!-- blockspare-posts-block-post-grid-title -->\n\n      <!-- blockspare-posts-block-post-grid-byline -->\n      <div class=\"blockspare-posts-block-post-grid-byline\">\n        <!-- blockspare-posts-block-post-grid-author -->\n                  <div class=\"blockspare-posts-block-post-grid-author\">\n            <!-- <a class=\"blockspare-posts-block-text-link\" href=\"https:\/\/cesarbaggio.fr\/WP\/author\/lyceebaggio\/\"\n                                        itemprop=\"url\" rel=\"author\">\n                                        <span itemprop=\"name\">\n                                            <i class=\"far fa-user-circle\"><\/i>\n                                            LyceeBaggio                                        <\/span>\n                                    <\/a> -->\n                            <a class=\"blockspare-posts-block-text-link\" href=\"https:\/\/cesarbaggio.fr\/WP\/author\/lyceebaggio\/\" itemprop=\"url\" rel=\"author\">\n                    <span itemprop=\"name\"><i class=\"far fa-user-circle\"><\/i>LyceeBaggio<\/span>\n                <\/a>\n                 <\/div>\n                <!-- blockspare-posts-block-post-grid-author -->\n\n        <!-- blockspare-posts-block-post-grid-date -->\n                  <time datetime=\"2026-03-11T09:32:49+01:00\" class=\"blockspare-posts-block-post-grid-date\" itemprop=\"datePublished\"><i class=\"far fa-clock\" aria-hidden=\"true\"><\/i>11 mars 2026<\/time>\n                <!-- blockspare-posts-block-post-grid-date -->\n\n        <!-- comment_count -->\n                  <span class=\"comment_count\" aria-label=\"0 comments\">\n            <i class='far fa-comment'><\/i>\n            0<\/span>\n                <!-- comment_count -->\n      <\/div>\n      <!-- blockspare-posts-block-post-grid-byline -->\n    <\/header>\n    <!-- blockspare-posts-block-post-grid-header -->\n\n        <!-- blockspare-posts-block-post-grid-excerpt -->\n        <!-- blockspare-posts-block-post-grid-excerpt -->\n\n  <\/div>\n          <\/div>\n\n                  <div id=\"6193\" class=\"blockspare-posts-block-post-single blockspare-hover-item contentorderone has-background has-background  bs-has-equal-height\">\n                <figure class=\"blockspare-posts-block-post-img hover-child\">\n      <a href=\"https:\/\/cesarbaggio.fr\/WP\/2026\/03\/08\/mois-de-leco-mobilite-cest-parti\/\" aria-label=\"Mois de l&rsquo;\u00e9co-mobilit\u00e9, c&rsquo;est parti !\">\n        <img loading=\"lazy\" decoding=\"async\" width=\"640\" height=\"426\" src=\"https:\/\/cesarbaggio.fr\/WP\/wp-content\/uploads\/2026\/03\/image_article-1024x681.png\" class=\"attachment-large size-large\" alt=\"\" \/>      <\/a>\n              <!-- Category     -->\n        <div class=\"blockspare-posts-block-post-category\">\n          <a href=\"https:\/\/cesarbaggio.fr\/WP\/category\/actualite\/\" rel=\"category tag\">Actualit\u00e9<\/a> <a href=\"https:\/\/cesarbaggio.fr\/WP\/category\/evenement\/\" rel=\"category tag\">\u00c9v\u00e9nement<\/a> <a href=\"https:\/\/cesarbaggio.fr\/WP\/category\/projet-climat\/\" rel=\"category tag\">Projet-Climat<\/a>        <\/div>\n        <!-- Category     -->\n          <\/figure>\n                <div class=\"blockspare-posts-block-post-content  content-order-1 lpc-title-hover\">\n    <div class=\"blockspare-posts-block-bg-overlay\"><\/div>\n    <!-- blockspare-posts-block-post-grid-header -->\n    <header class=\"blockspare-posts-block-post-grid-header\">\n      <!--display category when feature image is disable -->\n            <!--display category when feature image is enable-->\n            <!-- blockspare-posts-block-post-grid-title -->\n\n      <h2 class=\"blockspare-posts-block-post-grid-title\">\n        <a href=\"https:\/\/cesarbaggio.fr\/WP\/2026\/03\/08\/mois-de-leco-mobilite-cest-parti\/\" class=\"blockspare-posts-block-title-link\"\n          aria-label=\"Mois de l&rsquo;\u00e9co-mobilit\u00e9, c&rsquo;est parti !\">\n          <span>Mois de l&rsquo;\u00e9co-mobilit\u00e9, c&rsquo;est parti !<\/span>\n        <\/a>\n      <\/h2>\n\n      <!-- blockspare-posts-block-post-grid-title -->\n\n      <!-- blockspare-posts-block-post-grid-byline -->\n      <div class=\"blockspare-posts-block-post-grid-byline\">\n        <!-- blockspare-posts-block-post-grid-author -->\n                  <div class=\"blockspare-posts-block-post-grid-author\">\n            <!-- <a class=\"blockspare-posts-block-text-link\" href=\"https:\/\/cesarbaggio.fr\/WP\/author\/wagner-g\/\"\n                                        itemprop=\"url\" rel=\"author\">\n                                        <span itemprop=\"name\">\n                                            <i class=\"far fa-user-circle\"><\/i>\n                                            Gaudeline Wagner                                        <\/span>\n                                    <\/a> -->\n                            <a class=\"blockspare-posts-block-text-link\" href=\"https:\/\/cesarbaggio.fr\/WP\/author\/wagner-g\/\" itemprop=\"url\" rel=\"author\">\n                    <span itemprop=\"name\"><i class=\"far fa-user-circle\"><\/i>Gaudeline Wagner<\/span>\n                <\/a>\n                 <\/div>\n                <!-- blockspare-posts-block-post-grid-author -->\n\n        <!-- blockspare-posts-block-post-grid-date -->\n                  <time datetime=\"2026-03-08T14:46:19+01:00\" class=\"blockspare-posts-block-post-grid-date\" itemprop=\"datePublished\"><i class=\"far fa-clock\" aria-hidden=\"true\"><\/i>8 mars 2026<\/time>\n                <!-- blockspare-posts-block-post-grid-date -->\n\n        <!-- comment_count -->\n                  <span class=\"comment_count\" aria-label=\"0 comments\">\n            <i class='far fa-comment'><\/i>\n            0<\/span>\n                <!-- comment_count -->\n      <\/div>\n      <!-- blockspare-posts-block-post-grid-byline -->\n    <\/header>\n    <!-- blockspare-posts-block-post-grid-header -->\n\n        <!-- blockspare-posts-block-post-grid-excerpt -->\n        <!-- blockspare-posts-block-post-grid-excerpt -->\n\n  <\/div>\n          <\/div>\n\n                  <div id=\"6182\" class=\"blockspare-posts-block-post-single blockspare-hover-item contentorderone has-background has-background  bs-has-equal-height\">\n                <figure class=\"blockspare-posts-block-post-img hover-child\">\n      <a href=\"https:\/\/cesarbaggio.fr\/WP\/2026\/03\/08\/sortie-theatre-pour-les-eco-ambassadeurs\/\" aria-label=\"Sortie th\u00e9\u00e2tre pour les \u00e9co-ambassadeurs\">\n        <img loading=\"lazy\" decoding=\"async\" width=\"640\" height=\"640\" src=\"https:\/\/cesarbaggio.fr\/WP\/wp-content\/uploads\/2026\/03\/CommentNicoleAToutPete.-CREDIT-Vincent-Beaume.04.jpg-1024x1024.webp\" class=\"attachment-large size-large\" alt=\"\" \/>      <\/a>\n              <!-- Category     -->\n        <div class=\"blockspare-posts-block-post-category\">\n          <a href=\"https:\/\/cesarbaggio.fr\/WP\/category\/actualite\/\" rel=\"category tag\">Actualit\u00e9<\/a> <a href=\"https:\/\/cesarbaggio.fr\/WP\/category\/projet-climat\/\" rel=\"category tag\">Projet-Climat<\/a>        <\/div>\n        <!-- Category     -->\n          <\/figure>\n                <div class=\"blockspare-posts-block-post-content  content-order-1 lpc-title-hover\">\n    <div class=\"blockspare-posts-block-bg-overlay\"><\/div>\n    <!-- blockspare-posts-block-post-grid-header -->\n    <header class=\"blockspare-posts-block-post-grid-header\">\n      <!--display category when feature image is disable -->\n            <!--display category when feature image is enable-->\n            <!-- blockspare-posts-block-post-grid-title -->\n\n      <h2 class=\"blockspare-posts-block-post-grid-title\">\n        <a href=\"https:\/\/cesarbaggio.fr\/WP\/2026\/03\/08\/sortie-theatre-pour-les-eco-ambassadeurs\/\" class=\"blockspare-posts-block-title-link\"\n          aria-label=\"Sortie th\u00e9\u00e2tre pour les \u00e9co-ambassadeurs\">\n          <span>Sortie th\u00e9\u00e2tre pour les \u00e9co-ambassadeurs<\/span>\n        <\/a>\n      <\/h2>\n\n      <!-- blockspare-posts-block-post-grid-title -->\n\n      <!-- blockspare-posts-block-post-grid-byline -->\n      <div class=\"blockspare-posts-block-post-grid-byline\">\n        <!-- blockspare-posts-block-post-grid-author -->\n                  <div class=\"blockspare-posts-block-post-grid-author\">\n            <!-- <a class=\"blockspare-posts-block-text-link\" href=\"https:\/\/cesarbaggio.fr\/WP\/author\/wagner-g\/\"\n                                        itemprop=\"url\" rel=\"author\">\n                                        <span itemprop=\"name\">\n                                            <i class=\"far fa-user-circle\"><\/i>\n                                            Gaudeline Wagner                                        <\/span>\n                                    <\/a> -->\n                            <a class=\"blockspare-posts-block-text-link\" href=\"https:\/\/cesarbaggio.fr\/WP\/author\/wagner-g\/\" itemprop=\"url\" rel=\"author\">\n                    <span itemprop=\"name\"><i class=\"far fa-user-circle\"><\/i>Gaudeline Wagner<\/span>\n                <\/a>\n                 <\/div>\n                <!-- blockspare-posts-block-post-grid-author -->\n\n        <!-- blockspare-posts-block-post-grid-date -->\n                  <time datetime=\"2026-03-08T14:32:55+01:00\" class=\"blockspare-posts-block-post-grid-date\" itemprop=\"datePublished\"><i class=\"far fa-clock\" aria-hidden=\"true\"><\/i>8 mars 2026<\/time>\n                <!-- blockspare-posts-block-post-grid-date -->\n\n        <!-- comment_count -->\n                  <span class=\"comment_count\" aria-label=\"0 comments\">\n            <i class='far fa-comment'><\/i>\n            0<\/span>\n                <!-- comment_count -->\n      <\/div>\n      <!-- blockspare-posts-block-post-grid-byline -->\n    <\/header>\n    <!-- blockspare-posts-block-post-grid-header -->\n\n        <!-- blockspare-posts-block-post-grid-excerpt -->\n        <!-- blockspare-posts-block-post-grid-excerpt -->\n\n  <\/div>\n          <\/div>\n\n        \n      <\/div>\n          <\/section>\n    <!-- <\/div> -->\n              <\/div>\n            ","protected":false},"excerpt":{"rendered":"<p>\u00ab\u00a0Once Upon A Time In Baggio\u00a0\u00bb &nbsp;<\/p>\n","protected":false},"author":1,"featured_media":0,"parent":194,"menu_order":2,"comment_status":"closed","ping_status":"closed","template":"","meta":{"footnotes":""},"class_list":["post-2242","page","type-page","status-publish","hentry"],"jetpack_sharing_enabled":true,"_links":{"self":[{"href":"https:\/\/cesarbaggio.fr\/WP\/wp-json\/wp\/v2\/pages\/2242","targetHints":{"allow":["GET"]}}],"collection":[{"href":"https:\/\/cesarbaggio.fr\/WP\/wp-json\/wp\/v2\/pages"}],"about":[{"href":"https:\/\/cesarbaggio.fr\/WP\/wp-json\/wp\/v2\/types\/page"}],"author":[{"embeddable":true,"href":"https:\/\/cesarbaggio.fr\/WP\/wp-json\/wp\/v2\/users\/1"}],"replies":[{"embeddable":true,"href":"https:\/\/cesarbaggio.fr\/WP\/wp-json\/wp\/v2\/comments?post=2242"}],"version-history":[{"count":4,"href":"https:\/\/cesarbaggio.fr\/WP\/wp-json\/wp\/v2\/pages\/2242\/revisions"}],"predecessor-version":[{"id":2734,"href":"https:\/\/cesarbaggio.fr\/WP\/wp-json\/wp\/v2\/pages\/2242\/revisions\/2734"}],"up":[{"embeddable":true,"href":"https:\/\/cesarbaggio.fr\/WP\/wp-json\/wp\/v2\/pages\/194"}],"wp:attachment":[{"href":"https:\/\/cesarbaggio.fr\/WP\/wp-json\/wp\/v2\/media?parent=2242"}],"curies":[{"name":"wp","href":"https:\/\/api.w.org\/{rel}","templated":true}]}}