{"id":2,"date":"2020-08-28T11:39:55","date_gmt":"2020-08-28T09:39:55","guid":{"rendered":"https:\/\/cesarbaggio.fr\/WP\/?page_id=2"},"modified":"2024-02-23T08:25:19","modified_gmt":"2024-02-23T07:25:19","slug":"presentation-baggio","status":"publish","type":"page","link":"https:\/\/cesarbaggio.fr\/WP\/presentation-baggio\/","title":{"rendered":"PR\u00c9SENTATION"},"content":{"rendered":"\n<hr class=\"wp-block-separator\"\/>\n\n\n<p style=\"text-align: justify;\">Historiquement tourn\u00e9 vers la culture scientifique et technologique, le Lyc\u00e9e C\u00e9sar Baggio vise \u00e0 amener la jeunesse au plus haut niveau des savoir, des savoir faire et des savoir \u00eatre, en s\u2019appuyant sur une devise f\u00e9d\u00e9ratrice :&nbsp;<strong>Construisons l\u2019avenir ensemble<\/strong>.<\/p>\n<p style=\"text-align: justify;\"><strong>Construire l\u2019avenir<\/strong>, c\u2019est d\u2019abord permettre aux jeunes d\u2019obtenir un dipl\u00f4me. C\u2019est aussi leur assurer une poursuite d\u2019\u00e9tudes r\u00e9fl\u00e9chie, clairvoyante et ambitieuse, afin qu\u2019ils acc\u00e8dent, \u00e0 terme, \u00e0 l\u2019insertion professionnelle.&nbsp;<strong>Construire l\u2019avenir<\/strong>, c\u2019est, pour l\u2019\u00e9tablissement, apporter une forte valeur ajout\u00e9e, en favorisant la mixit\u00e9 des publics et en orientant r\u00e9solument nos formations vers les m\u00e9tiers de demain.<\/p>\n<p style=\"text-align: justify;\"><strong>Ensemble<\/strong>&nbsp;marque la n\u00e9cessit\u00e9 de d\u00e9velopper des synergies permettant le succ\u00e8s d\u2019un entreprise&nbsp;<strong>collective<\/strong>. Nos \u00e9quipes mettront tout en \u0153uvre pour que par le dialogue, la confiance et le respect mutuels, chaque jeune puisse s\u2019\u00e9panouir dans un parcours dont il per\u00e7oit les enjeux et la finalit\u00e9. Il en r\u00e9sultera la fiert\u00e9 d\u2019appartenir \u00e0 un \u00e9tablissement reconnu et renomm\u00e9, au sein duquel chacun a r\u00e9ellement envie de travailler \u00e0 sa r\u00e9ussite personnelle dans un esprit de coop\u00e9ration.&nbsp;<strong>Ensemble<\/strong>, c\u2019est aussi construire des partenariats solides qui contribuent \u00e0 inscrire nos \u00e9l\u00e8ves dans les r\u00e9seaux n\u00e9cessaires \u00e0 leur passage de la formation \u00e0 l\u2019univers professionnel.<\/p>\n<p style=\"text-align: justify;\">La visite de notre site vous donnera un aper\u00e7u de notre volont\u00e9 d\u2019innover et de progresser pour offrir \u00e0 chacun le parcours adapt\u00e9 qui le m\u00e8nera vers la r\u00e9ussite.<\/p>\n\n\n\n\n\n\n<p class=\"has-text-align-right\">Le Proviseur<\/p>\n\n\n\n<p class=\"has-text-align-right\"><\/p>\n","protected":false},"excerpt":{"rendered":"<p>Historiquement tourn\u00e9 vers la culture scientifique et technologique, le Lyc\u00e9e C\u00e9sar Baggio vise \u00e0 amener&#8230;<\/p>\n","protected":false},"author":1,"featured_media":0,"parent":0,"menu_order":1,"comment_status":"closed","ping_status":"open","template":"","meta":{"footnotes":""},"class_list":["post-2","page","type-page","status-publish","hentry"],"jetpack_sharing_enabled":true,"_links":{"self":[{"href":"https:\/\/cesarbaggio.fr\/WP\/wp-json\/wp\/v2\/pages\/2","targetHints":{"allow":["GET"]}}],"collection":[{"href":"https:\/\/cesarbaggio.fr\/WP\/wp-json\/wp\/v2\/pages"}],"about":[{"href":"https:\/\/cesarbaggio.fr\/WP\/wp-json\/wp\/v2\/types\/page"}],"author":[{"embeddable":true,"href":"https:\/\/cesarbaggio.fr\/WP\/wp-json\/wp\/v2\/users\/1"}],"replies":[{"embeddable":true,"href":"https:\/\/cesarbaggio.fr\/WP\/wp-json\/wp\/v2\/comments?post=2"}],"version-history":[{"count":6,"href":"https:\/\/cesarbaggio.fr\/WP\/wp-json\/wp\/v2\/pages\/2\/revisions"}],"predecessor-version":[{"id":4957,"href":"https:\/\/cesarbaggio.fr\/WP\/wp-json\/wp\/v2\/pages\/2\/revisions\/4957"}],"wp:attachment":[{"href":"https:\/\/cesarbaggio.fr\/WP\/wp-json\/wp\/v2\/media?parent=2"}],"curies":[{"name":"wp","href":"https:\/\/api.w.org\/{rel}","templated":true}]}}