{"id":1559,"date":"2021-01-08T16:18:33","date_gmt":"2021-01-08T15:18:33","guid":{"rendered":"https:\/\/cesarbaggio.fr\/WP\/?page_id=1559"},"modified":"2021-01-31T14:38:30","modified_gmt":"2021-01-31T13:38:30","slug":"les-matieres-litteraires","status":"publish","type":"page","link":"https:\/\/cesarbaggio.fr\/WP\/formations\/cpge\/ptsi-pt-pt\/les-matieres-litteraires\/","title":{"rendered":"Les mati\u00e8res litt\u00e9raires"},"content":{"rendered":"\n<hr class=\"wp-block-separator\"\/>\n\n\n\n<div class=\"wp-block-columns is-layout-flex wp-container-core-columns-is-layout-28f84493 wp-block-columns-is-layout-flex\">\n<div class=\"wp-block-column is-layout-flow wp-block-column-is-layout-flow\" style=\"flex-basis:66.66%\">\n<p style=\"text-align: justify;\"><strong>Les mati\u00e8res litt\u00e9raires, fran\u00e7ais-philo et langues vivantes, sont tr\u00e8s importantes en CPGE<\/strong>. Elles permettent de compl\u00e9ter votre formation scientifique par une formation litt\u00e9raire exigeante et enrichissante. C\u2019est une des forces des CPGE ! Il s\u2019agit de former de futurs ing\u00e9nieurs polyvalents et ayant une grande culture g\u00e9n\u00e9rale. Dans la plupart des concours, les\u00a0<strong>coefficients du fran\u00e7ais et de la LV1<\/strong>\u00a0additionn\u00e9s \u00e9quivalent les coefficients des math\u00e9matiques, par exemple.<\/p>\n<p>\u00a0<\/p>\n<p>A quoi le fran\u00e7ais\/philosophie et les langues vivantes vous servent-ils\u00a0?<\/p>\n<ul>\n<li style=\"text-align: justify;\">\u00e0 acqu\u00e9rir une <strong>vraie aisance langagi\u00e8re<\/strong>, utile \u00e0 toutes les situations de communication\u00a0: note de synth\u00e8se pour votre employeur, pr\u00e9sentation orale lors d\u2019une r\u00e9union, r\u00e9daction d\u2019un projet, etc.<\/li>\n<li>\u00e0 <strong>mieux ma\u00eetriser la langue fran\u00e7aise et les langues \u00e9trang\u00e8res<\/strong>: \u00e9viter les fautes de grammaire et d\u2019orthographe \u00e0 l\u2019\u00e9crit comme \u00e0 l\u2019oral. Or, on le sait, les fautes de langue sont particuli\u00e8rement discriminantes dans le monde du travail.<\/li>\n<li>\u00e0 <strong>acqu\u00e9rir des m\u00e9thodes de travail<\/strong>: organisation de votre pens\u00e9e, structuration de votre discours, strat\u00e9gies d\u2019argumentation, esprit de synth\u00e8se, toutes ces comp\u00e9tences sont travaill\u00e9es par les exercices du r\u00e9sum\u00e9 et de la dissertation en fran\u00e7ais\/philosophie, de la synth\u00e8se de documents ainsi que de l\u2019essai en langues vivantes<\/li>\n<li>\u00e0 <strong>d\u00e9velopper votre culture g\u00e9n\u00e9rale<\/strong> et \u00e0 ouvrir votre esprit sur diverses probl\u00e9matiques utiles \u00e0 votre future vie d\u2019ing\u00e9nieur mais aussi de citoyen\u00a0: r\u00e9flexion sur les relations entre sciences, techniques et politique, sur l\u2019\u00e9thique et la morale, sur le r\u00f4le de l\u2019ing\u00e9nieur dans la lutte contre le r\u00e9chauffement climatique, etc.<\/li>\n<li>\u00e0 <strong>stimuler votre capacit\u00e9 d\u2019adaptation<\/strong> et votre tol\u00e9rance aux modes de pens\u00e9e divers\u00a0: les s\u00e9jours \u00e0 l\u2019\u00e9tranger (stages, semestres acad\u00e9miques, emplois) vous permettent d\u2019ouvrir votre esprit \u00e0 d\u2019autres fa\u00e7ons de travailler et de penser.<\/li>\n<\/ul>\n<p>Le fran\u00e7ais\/philosophie et les langues vivantes sont mis en valeur dans les CPGE du lyc\u00e9e Baggio\u00a0:<\/p>\n<ul>\n<li><strong>l\u2019emploi du temps<\/strong> favorise ces mati\u00e8res\u00a0: cr\u00e9neaux favorables \u00e0 la concentration<\/li>\n<li><strong>beaucoup de DS et d\u2019entrainements r\u00e9guliers<\/strong> sont organis\u00e9s dans ces mati\u00e8res<\/li>\n<li><strong>une conf\u00e9rence annuelle de fran\u00e7ais\/philosophie<\/strong> est organis\u00e9e dans l\u2019amphith\u00e9\u00e2tre, pour toutes les classes\u00a0: un enseignant-chercheur universitaire est invit\u00e9 \u00e0 pr\u00e9senter une conf\u00e9rence sur une \u0153uvre du programme<\/li>\n<li>chaque mois, <strong>des tabl\u00e9es polyglottes<\/strong> se tiennent \u00e0 la cantine\u00a0: les \u00e9tudiants volontaires se regroupent par table, pour parler anglais, espagnol ou allemand (voire parfois aussi arabe ou russe ou italien). Les assistants de langues vivantes du lyc\u00e9e encadrent souvent ces tabl\u00e9es.<\/li>\n<li>de l\u2019information vous est donn\u00e9e sur les <strong>d\u00e9bouch\u00e9s internationaux des diff\u00e9rences \u00e9coles d\u2019ing\u00e9nieurs<\/strong>, notamment sur les doubles cursus franco-\u00e9trangers (de l\u2019Universit\u00e9 franco-allemande par exemple)<\/li>\n<li>de l\u2019information vous est fournie sur les <strong>stages et cours d\u2019\u00e9t\u00e9<\/strong> \u00e0 l\u2019\u00e9tranger, \u00e0 r\u00e9aliser entre la 1<sup>e<\/sup> et la 2<sup>e<\/sup> ann\u00e9e de CPGE<\/li>\n<\/ul>\n<p><strong>Pr\u00e9cisions concernant les langues vivantes :<img loading=\"lazy\" decoding=\"async\" class=\"\" src=\"https:\/\/upload.wikimedia.org\/wikipedia\/commons\/thumb\/f\/f2\/Flag_of_Great_Britain_%281707%E2%80%931800%29.svg\/220px-Flag_of_Great_Britain_%281707%E2%80%931800%29.svg.png\" alt=\"Bandiera del Regno Unito - Wikipedia\" width=\"53\" height=\"32\" \/> <img loading=\"lazy\" decoding=\"async\" class=\"\" src=\"https:\/\/cesarbaggio.fr\/WP\/wp-content\/uploads\/2021\/01\/image-37.png\" alt=\"L\u2019attribut alt de cette image est vide, son nom de fichier est image-37.png.\" width=\"53\" height=\"35\" \/> <img loading=\"lazy\" decoding=\"async\" class=\"\" src=\"https:\/\/cesarbaggio.fr\/WP\/wp-content\/uploads\/2021\/01\/image-38.png\" alt=\"L\u2019attribut alt de cette image est vide, son nom de fichier est image-38.png.\" width=\"52\" height=\"33\" \/> <img loading=\"lazy\" decoding=\"async\" class=\"\" src=\"https:\/\/cesarbaggio.fr\/WP\/wp-content\/uploads\/2021\/01\/image-39.png\" alt=\"L\u2019attribut alt de cette image est vide, son nom de fichier est image-39.png.\" width=\"55\" height=\"34\" \/><\/strong><\/p>\n<ul>\n<li style=\"text-align: justify;\">En CPGE \u00e0 Baggio, vous avez le choix entre plusieurs LV1 : <strong>allemand, anglais, arabe et espagnol<\/strong>. Ces m\u00eames langues sont propos\u00e9es en LV2. Le fait que les LV1 et LV2 ne soient pas m\u00e9lang\u00e9es dans les m\u00eames groupes est une chance assez rare\u00a0en CPGE\u00a0!<\/li>\n<li style=\"text-align: justify;\">Que ce soit en LV1 ou en LV2, vous avez <strong>deux heures de cours par semaine<\/strong>. Ces cours sont consacr\u00e9s \u00e0 <strong>l\u2019actualit\u00e9<\/strong> politique, \u00e9conomique, sociale et scientifique des pays dont vous apprenez la langue, \u00e0 <strong>l\u2019oral<\/strong> comme \u00e0 <strong>l\u2019\u00e9crit<\/strong>.<\/li>\n<li style=\"text-align: justify;\">Vous pouvez <strong>inverser les LV1 et LV2<\/strong> que vous aviez au lyc\u00e9e\u00a0: par exemple, si vous n\u2019\u00eates pas tr\u00e8s bon en anglais LV1 et que vous vous sentez en revanche \u00e0 l\u2019aise dans votre LV2 espagnol ou allemand, vous pouvez inverser vos langues. En LV1 arabe, espagnol ou allemand, vous b\u00e9n\u00e9ficierez de plus petits effectifs. A noter\u00a0: la LV2 anglais est alors obligatoire, elle aussi en des effectifs plus r\u00e9duits.<\/li>\n<li style=\"text-align: justify;\">La LV2 est <strong>facultative<\/strong> (sauf l\u2019anglais quand on a une autre LV1 que l\u2019anglais) <strong>mais<\/strong> il est <strong>tr\u00e8s utile<\/strong> de la conserver\u00a0: \u00e0 court terme d\u2019abord, car pour r\u00e9ussir les concours des \u00e9coles d\u2019ing\u00e9nieurs, seuls les points au-dessus de 10\/20 sont comptabilis\u00e9s\u00a0; ensuite \u00e0 moyen terme, car les \u00e9coles d\u2019ing\u00e9nieurs exigent de plus en plus la ma\u00eetrise\u00a0d\u2019une seconde langue ; et enfin \u00e0 long terme, car \u00e0 CV \u00e9gal, la ma\u00eetrise d\u2019une bonne LV2 fera toute la diff\u00e9rence au moment du recrutement dans les entreprises\u00a0!<\/li>\n<\/ul>\n<p style=\"text-align: justify;\"><strong><img loading=\"lazy\" decoding=\"async\" class=\"alignleft\" src=\"https:\/\/upload.wikimedia.org\/wikipedia\/commons\/thumb\/f\/f2\/Flag_of_Great_Britain_%281707%E2%80%931800%29.svg\/220px-Flag_of_Great_Britain_%281707%E2%80%931800%29.svg.png\" alt=\"Bandiera del Regno Unito - Wikipedia\" width=\"76\" height=\"46\" \/>L\u2019anglais<\/strong> est aujourd\u2019hui la langue fondamentale dans le monde de l\u2019ing\u00e9nierie, vous ne pouvez vous en passer et sa ma\u00eetrise est aussi importante que celle de la langue fran\u00e7aise. Les s\u00e9jours \u00e0 l\u2019\u00e9tranger sont devenus obligatoires dans la grande majorit\u00e9 des \u00e9coles d\u2019ing\u00e9nieurs et pour cela, la ma\u00eetrise de l\u2019anglais sera presque toujours indispensable. De m\u00eame, le TOEIC sera exig\u00e9 pour l\u2019obtention de tout dipl\u00f4me d\u2019\u00e9cole d\u2019ing\u00e9nieurs\u00a0!<\/p>\n<p style=\"text-align: justify;\"><strong><img loading=\"lazy\" decoding=\"async\" class=\"alignleft\" src=\"https:\/\/cesarbaggio.fr\/WP\/wp-content\/uploads\/2021\/01\/image-37.png\" alt=\"L\u2019attribut alt de cette image est vide, son nom de fichier est image-37.png.\" width=\"75\" height=\"49\" \/>L\u2019espagnol<\/strong> est parl\u00e9 comme langue maternelle dans 21 pays et par 475 millions de locuteurs. Que ce soit en Espagne ou en Am\u00e9rique latine, vous pourrez effectuer des doubles cursus tr\u00e8s avantageux\u00a0et obtenir deux dipl\u00f4mes d\u2019ing\u00e9nieur\u00a0! L\u2019espagnol est \u00e9galement beaucoup parl\u00e9 aux Etats-Unis et peut vous y \u00eatre tr\u00e8s utile.<\/p>\n<p>\u00a0<\/p>\n<p style=\"text-align: justify;\"><strong><img loading=\"lazy\" decoding=\"async\" class=\"alignleft\" src=\"https:\/\/cesarbaggio.fr\/WP\/wp-content\/uploads\/2021\/01\/image-38.png\" alt=\"L\u2019attribut alt de cette image est vide, son nom de fichier est image-38.png.\" width=\"73\" height=\"48\" \/>L\u2019arabe<\/strong> est la langue officielle de 22 \u00c9tats de la ligue arabe mais d\u2019autres pays comme le Tchad ou l\u2019\u00c9rythr\u00e9e adoptent \u00e9galement cette langue comme langue officielle. L\u2019arabe est parl\u00e9 comme langue maternelle par 440 millions de locuteurs. Beaucoup de ces populations ont des liens tr\u00e8s \u00e9troits avec la France car les relations commerciales et industrielles entre la France et le Maghreb sont tr\u00e8s d\u00e9velopp\u00e9es. Ma\u00eetriser la langue arabe est un \u00e9norme atout\u00a0!<\/p>\n<p style=\"text-align: justify;\"><strong><img loading=\"lazy\" decoding=\"async\" class=\"alignleft\" src=\"https:\/\/cesarbaggio.fr\/WP\/wp-content\/uploads\/2021\/01\/image-39.png\" alt=\"L\u2019attribut alt de cette image est vide, son nom de fichier est image-39.png.\" width=\"74\" height=\"45\" \/>L\u2019Allemagne<\/strong> est le premier partenaire commercial de la France et la langue est la premi\u00e8re langue maternelle parl\u00e9e en Europe. L\u2019Allemagne manque d\u2019ing\u00e9nieurs et recrute de nombreux ing\u00e9nieurs fran\u00e7ais\u00a0! Les doubles cursus franco-allemands y sont tr\u00e8s pris\u00e9s. Les ing\u00e9nieurs germanophones sont \u00e9galement tr\u00e8s recherch\u00e9s aux Etats-Unis et en Chine, partenaires essentiels de la puissance industrielle allemande.<\/p>\n<table width=\"0\">\n<tbody>\n<tr>\n<td width=\"242\"><img decoding=\"async\" src=\"https:\/\/cesarbaggio.fr\/WP\/wp-content\/uploads\/2021\/01\/image-35.png\" alt=\"L\u2019attribut alt de cette image est vide, son nom de fichier est image-35.png.\" \/><\/td>\n<td width=\"230\"><img decoding=\"async\" src=\"https:\/\/cesarbaggio.fr\/WP\/wp-content\/uploads\/2021\/01\/image-33.png\" alt=\"L\u2019attribut alt de cette image est vide, son nom de fichier est image-33.png.\" \/><\/td>\n<td width=\"234\"><img decoding=\"async\" src=\"https:\/\/cesarbaggio.fr\/WP\/wp-content\/uploads\/2021\/01\/image-32.png\" alt=\"L\u2019attribut alt de cette image est vide, son nom de fichier est image-32.png.\" \/><\/td>\n<\/tr>\n<\/tbody>\n<\/table>\n<p>Tabl\u00e9es polyglottes (mensuelles)<\/p>\n<p style=\"text-align: justify;\"><strong style=\"font-size: inherit;\"><img loading=\"lazy\" decoding=\"async\" class=\"alignnone\" src=\"https:\/\/cesarbaggio.fr\/WP\/wp-content\/uploads\/2021\/01\/image-30.png\" alt=\"L\u2019attribut alt de cette image est vide, son nom de fichier est image-30.png.\" width=\"285\" height=\"191\" \/> <img loading=\"lazy\" decoding=\"async\" class=\"alignnone\" src=\"https:\/\/cesarbaggio.fr\/WP\/wp-content\/uploads\/2021\/01\/image-31.png\" alt=\"L\u2019attribut alt de cette image est vide, son nom de fichier est image-31.png.\" width=\"284\" height=\"189\" \/><br \/>\u00a0<\/strong>Anciens \u00e9tudiants de Baggio pr\u00e9sentant leurs double cursus (ici franco-allemand)<\/p>\n<p><strong>\u00a0<\/strong><\/p>\n<p><strong>Pr\u00e9cisions concernant le cours de fran\u00e7ais et philosophie\u00a0: <\/strong>\u00a0<\/p>\n<p><img decoding=\"async\" src=\"https:\/\/cesarbaggio.fr\/WP\/wp-content\/uploads\/2021\/01\/image-28.png\" alt=\"L\u2019attribut alt de cette image est vide, son nom de fichier est image-28.png.\" \/>\u00a0 <img decoding=\"async\" src=\"https:\/\/cesarbaggio.fr\/WP\/wp-content\/uploads\/2021\/01\/image-29.png\" alt=\"L\u2019attribut alt de cette image est vide, son nom de fichier est image-29.png.\" \/><\/p>\n<p style=\"text-align: justify;\">En fran\u00e7ais, vous avez <strong>deux heures de cours par semaine<\/strong>, et <strong>une colle par trimestre<\/strong>. Le but du cours est d\u2019apprendre \u00e0 raisonner conceptuellement et \u00e0 exposer clairement et pr\u00e9cis\u00e9ment une pens\u00e9e \u00e0 l\u2019\u00e9crit. Il s\u2019agit aussi d\u2019acqu\u00e9rir les <strong>m\u00e9thodes propres aux humanit\u00e9s<\/strong>\u00a0: celles-ci sont indispensables pour de futur.e.s ing\u00e9nieur.e.s qui auront \u00e0 prendre des d\u00e9cisions en tenant compte des enjeux moraux et sociaux li\u00e9s au d\u00e9veloppement scientifique et industriel.<\/p>\n<p style=\"text-align: justify;\">Pour cela, les concours \u00e9valuent les candidat.e.s sur deux exercices qui mettent \u00e0 l\u2019\u00e9preuve leurs capacit\u00e9s de r\u00e9flexion, de synth\u00e8se et d\u2019expression\u00a0: <strong>le r\u00e9sum\u00e9 et la dissertation<\/strong>. Les cours visent \u00e0 vous pr\u00e9parer efficacement \u00e0 ces deux exercices.<\/p>\n<p style=\"text-align: justify;\">Les \u00e9preuves des concours portent sur un <strong>programme<\/strong>, d\u00e9fini nationalement, et qui change chaque ann\u00e9e. Par exemple, en 2019-2020, nous avons explor\u00e9 le th\u00e8me de \u00ab\u00a0la d\u00e9mocratie\u00a0\u00bb en analysant des \u0153uvres d\u2019Aristophane, Tocqueville et Philip Roth. En 2020-2021, nous travaillons sur \u00ab\u00a0la force de vivre\u00a0\u00bb \u00e0 l\u2019aide d\u2019Hugo, Nietzsche et Svetlana Alexievitch. Chaque ann\u00e9e, il y a deux \u0153uvres litt\u00e9raires et une \u0153uvre philosophique \u2013 ce qui explique le nom de la mati\u00e8re\u00a0! En cours, vous approfondirez les \u0153uvres au programme, afin d\u2019arriver pr\u00eat.e pour les concours.<\/p>\n<p><img decoding=\"async\" src=\"https:\/\/cesarbaggio.fr\/WP\/wp-content\/uploads\/2021\/01\/image-26.png\" alt=\"L\u2019attribut alt de cette image est vide, son nom de fichier est image-26.png.\" \/> <img decoding=\"async\" class=\"alignright\" src=\"https:\/\/cesarbaggio.fr\/WP\/wp-content\/uploads\/2021\/01\/image-27.png\" alt=\"L\u2019attribut alt de cette image est vide, son nom de fichier est image-27.png.\" \/><\/p>\n<p style=\"text-align: justify;\">Conf\u00e9rence de Pierre Judet de La Combe, professeur de l\u2019EHESS, en f\u00e9vrier 2018, sur l\u2019Odyss\u00e9e d\u2019Hom\u00e8re, au programme cette ann\u00e9e-l\u00e0 sur le th\u00e8me de \u00ab\u00a0l\u2019aventure\u00a0\u00bb<\/p>\n<\/div>\n\n\n\n<div class=\"wp-block-column is-layout-flow wp-block-column-is-layout-flow\" style=\"flex-basis:33.33%\"><div class=\"menu-ptsi-container\"><ul id=\"menu-ptsi\" class=\"menu\"><li id=\"menu-item-871\" class=\"menu-item menu-item-type-post_type menu-item-object-page menu-item-871\"><a href=\"https:\/\/cesarbaggio.fr\/WP\/formations\/cpge\/ptsi-pt-pt\/pourquoi-ptsi\/\">Pourquoi choisir la fili\u00e8re PTSI?<\/a><\/li>\n<li id=\"menu-item-1487\" class=\"menu-item menu-item-type-post_type menu-item-object-page menu-item-1487\"><a href=\"https:\/\/cesarbaggio.fr\/WP\/formations\/cpge\/ptsi-pt-pt\/une-semaine-ptsi-pt\/\">Une semaine en PTSI ou en PT<\/a><\/li>\n<li id=\"menu-item-1486\" class=\"menu-item menu-item-type-post_type menu-item-object-page menu-item-1486\"><a href=\"https:\/\/cesarbaggio.fr\/WP\/formations\/cpge\/ptsi-pt-pt\/les-enseignements-ptsi-pt\/\">Les enseignements en PTSI ou en PT<\/a><\/li>\n<li id=\"menu-item-1485\" class=\"menu-item menu-item-type-post_type menu-item-object-page menu-item-1485\"><a href=\"https:\/\/cesarbaggio.fr\/WP\/formations\/cpge\/ptsi-pt-pt\/les-ecoles-dingenieur-apres-une-pt\/\">Les \u00e9coles d\u2019ing\u00e9nieur apr\u00e8s une PT<\/a><\/li>\n<li id=\"menu-item-1484\" class=\"menu-item menu-item-type-post_type menu-item-object-page menu-item-1484\"><a href=\"https:\/\/cesarbaggio.fr\/WP\/formations\/cpge\/ptsi-pt-pt\/les-resultats-des-concours-en-pt-au-lycee-baggio\/\">Les r\u00e9sultats des concours en PT au lyc\u00e9e Baggio<\/a><\/li>\n<li id=\"menu-item-1483\" class=\"menu-item menu-item-type-post_type menu-item-object-page menu-item-1483\"><a href=\"https:\/\/cesarbaggio.fr\/WP\/formations\/cpge\/ptsi-pt-pt\/le-devenir-de-nos-etudiants-au-lycee-baggio\/\">Le devenir de nos \u00e9tudiants au Lyc\u00e9e Baggio<\/a><\/li>\n<li id=\"menu-item-1698\" class=\"menu-item menu-item-type-post_type menu-item-object-page menu-item-1698\"><a href=\"https:\/\/cesarbaggio.fr\/WP\/formations\/cpge\/ptsi-pt-pt\/les-matieres-litteraires\/\">Les mati\u00e8res litt\u00e9raires<\/a><\/li>\n<li id=\"menu-item-1960\" class=\"menu-item menu-item-type-taxonomy menu-item-object-category menu-item-1960\"><a href=\"https:\/\/cesarbaggio.fr\/WP\/category\/actualite-cpge\/\">Actualit\u00e9 &#8211; CPGE<\/a><\/li>\n<li id=\"menu-item-1961\" class=\"menu-item menu-item-type-taxonomy menu-item-object-category menu-item-1961\"><a href=\"https:\/\/cesarbaggio.fr\/WP\/category\/temoignage-cpge\/\">T\u00e9moignage &#8211; CPGE<\/a><\/li>\n<li id=\"menu-item-1482\" class=\"menu-item menu-item-type-post_type menu-item-object-page menu-item-1482\"><a href=\"https:\/\/cesarbaggio.fr\/WP\/formations\/cpge\/ptsi-pt-pt\/contacts\/\">Contacts<\/a><\/li>\n<\/ul><\/div>\n\n\n\n<div class=\"wp-block-blockspare-blockspare-social-links blockspare-cf18b3da-eea2-4 blockspare-socaillink-block\"><style>.blockspare-cf18b3da-eea2-4 .blockspare-social-wrapper{text-align:left;margin-top:30px;margin-bottom:30px}<\/style><div class=\"blockspare-blocks blockspare-social-wrapper\"><ul class=\"blockspare-social-links blockspare-default-official-color blockspare-social-icon-circle blockspare-social-icon-medium blockspare-icon-only blockspare-social-icon-solid\"><li><a href=\"https:\/\/fr-fr.facebook.com\/prepabaggio\/\" class=\"\" target=\"_blank\" rel=\"noopener noreferrer nofollow\"><span class=\"blockspare-social-icons\"><i class=\"fab fa-facebook-f\"><\/i> <span class=\"screen-reader-text\">facebook<\/span><\/span><\/a><\/li><li><a href=\"https:\/\/www.youtube.com\/channel\/UCRR1M3fKaxZa8C-_BNBQ7jg\" class=\"\" target=\"_blank\" rel=\"noopener noreferrer nofollow\"><span class=\"blockspare-social-icons\"><i class=\"fab fa-youtube\"><\/i><span class=\"screen-reader-text\">YouTube<\/span><\/span><\/a><\/li><\/ul><\/div><\/div>\n<\/div>\n<\/div>\n\n\n\n<figure class=\"wp-block-embed is-type-video is-provider-youtube wp-block-embed-youtube wp-embed-aspect-16-9 wp-has-aspect-ratio\"><div class=\"wp-block-embed__wrapper\">\n<iframe loading=\"lazy\" title=\"Les langues en classes pr\u00e9paratoires \u00e0 Baggio\" width=\"640\" height=\"360\" src=\"https:\/\/www.youtube.com\/embed\/IK7zHzuyw7A?feature=oembed\" frameborder=\"0\" allow=\"accelerometer; autoplay; clipboard-write; encrypted-media; gyroscope; picture-in-picture; web-share\" referrerpolicy=\"strict-origin-when-cross-origin\" allowfullscreen><\/iframe>\n<\/div><\/figure>\n","protected":false},"excerpt":{"rendered":"<p>Les mati\u00e8res litt\u00e9raires, fran\u00e7ais-philo et langues vivantes, sont tr\u00e8s importantes en CPGE. Elles permettent de&#8230;<\/p>\n","protected":false},"author":1,"featured_media":0,"parent":487,"menu_order":7,"comment_status":"closed","ping_status":"closed","template":"","meta":{"footnotes":""},"class_list":["post-1559","page","type-page","status-publish","hentry"],"jetpack_sharing_enabled":true,"_links":{"self":[{"href":"https:\/\/cesarbaggio.fr\/WP\/wp-json\/wp\/v2\/pages\/1559","targetHints":{"allow":["GET"]}}],"collection":[{"href":"https:\/\/cesarbaggio.fr\/WP\/wp-json\/wp\/v2\/pages"}],"about":[{"href":"https:\/\/cesarbaggio.fr\/WP\/wp-json\/wp\/v2\/types\/page"}],"author":[{"embeddable":true,"href":"https:\/\/cesarbaggio.fr\/WP\/wp-json\/wp\/v2\/users\/1"}],"replies":[{"embeddable":true,"href":"https:\/\/cesarbaggio.fr\/WP\/wp-json\/wp\/v2\/comments?post=1559"}],"version-history":[{"count":9,"href":"https:\/\/cesarbaggio.fr\/WP\/wp-json\/wp\/v2\/pages\/1559\/revisions"}],"predecessor-version":[{"id":2111,"href":"https:\/\/cesarbaggio.fr\/WP\/wp-json\/wp\/v2\/pages\/1559\/revisions\/2111"}],"up":[{"embeddable":true,"href":"https:\/\/cesarbaggio.fr\/WP\/wp-json\/wp\/v2\/pages\/487"}],"wp:attachment":[{"href":"https:\/\/cesarbaggio.fr\/WP\/wp-json\/wp\/v2\/media?parent=1559"}],"curies":[{"name":"wp","href":"https:\/\/api.w.org\/{rel}","templated":true}]}}