{"id":1457,"date":"2021-01-07T09:38:47","date_gmt":"2021-01-07T08:38:47","guid":{"rendered":"https:\/\/cesarbaggio.fr\/WP\/?page_id=1457"},"modified":"2021-01-22T11:56:54","modified_gmt":"2021-01-22T10:56:54","slug":"les-ecoles-dingenieur-apres-une-pt","status":"publish","type":"page","link":"https:\/\/cesarbaggio.fr\/WP\/formations\/cpge\/ptsi-pt-pt\/les-ecoles-dingenieur-apres-une-pt\/","title":{"rendered":"Les \u00e9coles d\u2019ing\u00e9nieur apr\u00e8s une PT"},"content":{"rendered":"\n<hr class=\"wp-block-separator\"\/>\n\n\n\n<div class=\"wp-block-columns is-layout-flex wp-container-core-columns-is-layout-28f84493 wp-block-columns-is-layout-flex\">\n<div class=\"wp-block-column is-layout-flow wp-block-column-is-layout-flow\" style=\"flex-basis:66.66%\">\n<p><span style=\"font-family: Helvetica; font-size: 14pt; color: #993366;\">Les \u00e9coles et les concours<\/span><\/p>\n<p style=\"text-align: justify;\"><span style=\"font-family: Helvetica;\">La fili\u00e8re PTSI-PT offre un <em><strong>acc\u00e8s \u00e0 la quasi-totalit\u00e9 des grandes \u00e9coles d\u2019ing\u00e9nieur<\/strong><\/em><em>.<\/em> Si les Arts et M\u00e9tiers constituent une des \u00e9coles phares de la fili\u00e8re avec pr\u00e8s de 550 places, tout \u00e9tudiant engag\u00e9 et motiv\u00e9 trouvera une \u00e9cole adapt\u00e9e \u00e0 son niveau. L\u2019organisation des concours s\u2019effectuent au travers d\u2019une banque de notes d\u00e9di\u00e9e \u00e0 la fili\u00e8re.<\/span><\/p>\n<p><span style=\"font-family: Helvetica;\"><em>&nbsp;<\/em><\/span><span style=\"font-family: Helvetica; font-size: 14pt; color: #993366;\">R\u00e9partitions des places offertes apr\u00e8s une PT<\/span><\/p>\n<p><span style=\"font-family: Helvetica;\"><em><img loading=\"lazy\" decoding=\"async\" class=\"aligncenter\" src=\"https:\/\/cesarbaggio.fr\/WP\/wp-content\/uploads\/2021\/01\/image-7.png\" alt=\"L\u2019attribut alt de cette image est vide, son nom de fichier est image-7.png.\" width=\"606\" height=\"425\"><\/em><\/span><\/p>\n<p style=\"text-align: justify;\"><span style=\"font-family: Helvetica;\">La fili\u00e8re PTSI-PT est une fili\u00e8re moins concurrentielle offrant les meilleurs ratios d\u2019int\u00e9gration (rapport entre <strong>nombre de places\/nombre de candidats)<\/strong><\/span><\/p>\n<p><span style=\"font-family: Helvetica;\"><img decoding=\"async\" class=\"\" src=\"https:\/\/cesarbaggio.fr\/WP\/wp-content\/uploads\/2021\/01\/image-8-1024x211.png\" alt=\"L\u2019attribut alt de cette image est vide, son nom de fichier est image-8-1024x211.png.\" width=\"100%\" height=\"100%\"><\/span><\/p>\n<p><span style=\"font-family: Helvetica;\"><strong>&nbsp;<\/strong><span style=\"font-size: inherit;\">(Extrait du site officiel de gestion des concours,&nbsp;<\/span><a style=\"font-size: inherit;\" href=\"http:\/\/www.scei-concours.fr\/cadre_statistique.htm\" rel=\"nofollow noopener\" target=\"_blank\">http:\/\/www.scei-concours.org<\/a><span style=\"font-size: inherit;\">) :<\/span><\/span><\/p>\n<p><span style=\"font-family: Helvetica;\"><strong>&nbsp;<\/strong><\/span><\/p>\n<p><strong>&nbsp;<\/strong><\/p>\n<\/div>\n\n\n\n<div class=\"wp-block-column is-layout-flow wp-block-column-is-layout-flow\" style=\"flex-basis:33.33%\">\n<p><strong>PTSI<\/strong> <strong>&#8211; PT &#8211; PT*<\/strong><\/p>\n\n\n\n<hr class=\"wp-block-separator\"\/>\n\n\n<div class=\"menu-ptsi-container\"><ul id=\"menu-ptsi\" class=\"menu\"><li id=\"menu-item-871\" class=\"menu-item menu-item-type-post_type menu-item-object-page menu-item-871\"><a href=\"https:\/\/cesarbaggio.fr\/WP\/formations\/cpge\/ptsi-pt-pt\/pourquoi-ptsi\/\">Pourquoi choisir la fili\u00e8re PTSI?<\/a><\/li>\n<li id=\"menu-item-1487\" class=\"menu-item menu-item-type-post_type menu-item-object-page menu-item-1487\"><a href=\"https:\/\/cesarbaggio.fr\/WP\/formations\/cpge\/ptsi-pt-pt\/une-semaine-ptsi-pt\/\">Une semaine en PTSI ou en PT<\/a><\/li>\n<li id=\"menu-item-1486\" class=\"menu-item menu-item-type-post_type menu-item-object-page menu-item-1486\"><a href=\"https:\/\/cesarbaggio.fr\/WP\/formations\/cpge\/ptsi-pt-pt\/les-enseignements-ptsi-pt\/\">Les enseignements en PTSI ou en PT<\/a><\/li>\n<li id=\"menu-item-1485\" class=\"menu-item menu-item-type-post_type menu-item-object-page menu-item-1485\"><a href=\"https:\/\/cesarbaggio.fr\/WP\/formations\/cpge\/ptsi-pt-pt\/les-ecoles-dingenieur-apres-une-pt\/\">Les \u00e9coles d\u2019ing\u00e9nieur apr\u00e8s une PT<\/a><\/li>\n<li id=\"menu-item-1484\" class=\"menu-item menu-item-type-post_type menu-item-object-page menu-item-1484\"><a href=\"https:\/\/cesarbaggio.fr\/WP\/formations\/cpge\/ptsi-pt-pt\/les-resultats-des-concours-en-pt-au-lycee-baggio\/\">Les r\u00e9sultats des concours en PT au lyc\u00e9e Baggio<\/a><\/li>\n<li id=\"menu-item-1483\" class=\"menu-item menu-item-type-post_type menu-item-object-page menu-item-1483\"><a href=\"https:\/\/cesarbaggio.fr\/WP\/formations\/cpge\/ptsi-pt-pt\/le-devenir-de-nos-etudiants-au-lycee-baggio\/\">Le devenir de nos \u00e9tudiants au Lyc\u00e9e Baggio<\/a><\/li>\n<li id=\"menu-item-1698\" class=\"menu-item menu-item-type-post_type menu-item-object-page menu-item-1698\"><a href=\"https:\/\/cesarbaggio.fr\/WP\/formations\/cpge\/ptsi-pt-pt\/les-matieres-litteraires\/\">Les mati\u00e8res litt\u00e9raires<\/a><\/li>\n<li id=\"menu-item-1960\" class=\"menu-item menu-item-type-taxonomy menu-item-object-category menu-item-1960\"><a href=\"https:\/\/cesarbaggio.fr\/WP\/category\/actualite-cpge\/\">Actualit\u00e9 &#8211; CPGE<\/a><\/li>\n<li id=\"menu-item-1961\" class=\"menu-item menu-item-type-taxonomy menu-item-object-category menu-item-1961\"><a href=\"https:\/\/cesarbaggio.fr\/WP\/category\/temoignage-cpge\/\">T\u00e9moignage &#8211; CPGE<\/a><\/li>\n<li id=\"menu-item-1482\" class=\"menu-item menu-item-type-post_type menu-item-object-page menu-item-1482\"><a href=\"https:\/\/cesarbaggio.fr\/WP\/formations\/cpge\/ptsi-pt-pt\/contacts\/\">Contacts<\/a><\/li>\n<\/ul><\/div>\n\n\n\n<div class=\"wp-block-blockspare-blockspare-social-links blockspare-f61c55e0-22df-4 blockspare-socaillink-block\"><style>.blockspare-f61c55e0-22df-4 .blockspare-social-wrapper{text-align:left;margin-top:30px;margin-bottom:30px}<\/style><div class=\"blockspare-blocks blockspare-social-wrapper\"><ul class=\"blockspare-social-links blockspare-default-official-color blockspare-social-icon-circle blockspare-social-icon-medium blockspare-icon-only blockspare-social-icon-solid\"><li><a href=\"https:\/\/fr-fr.facebook.com\/prepabaggio\/\" class=\"\" target=\"_blank\" rel=\"noopener noreferrer nofollow\"><span class=\"blockspare-social-icons\"><i class=\"fab fa-facebook-f\"><\/i> <span class=\"screen-reader-text\">facebook<\/span><\/span><\/a><\/li><li><a href=\"https:\/\/www.youtube.com\/channel\/UCRR1M3fKaxZa8C-_BNBQ7jg\" class=\"\" target=\"_blank\" rel=\"noopener noreferrer nofollow\"><span class=\"blockspare-social-icons\"><i class=\"fab fa-youtube\"><\/i><span class=\"screen-reader-text\">YouTube<\/span><\/span><\/a><\/li><\/ul><\/div><\/div>\n<\/div>\n<\/div>\n\n\n\n<p><\/p>\n","protected":false},"excerpt":{"rendered":"<p>Les \u00e9coles et les concours La fili\u00e8re PTSI-PT offre un acc\u00e8s \u00e0 la quasi-totalit\u00e9 des&#8230;<\/p>\n","protected":false},"author":1,"featured_media":0,"parent":487,"menu_order":4,"comment_status":"closed","ping_status":"closed","template":"","meta":{"footnotes":""},"class_list":["post-1457","page","type-page","status-publish","hentry"],"jetpack_sharing_enabled":true,"_links":{"self":[{"href":"https:\/\/cesarbaggio.fr\/WP\/wp-json\/wp\/v2\/pages\/1457","targetHints":{"allow":["GET"]}}],"collection":[{"href":"https:\/\/cesarbaggio.fr\/WP\/wp-json\/wp\/v2\/pages"}],"about":[{"href":"https:\/\/cesarbaggio.fr\/WP\/wp-json\/wp\/v2\/types\/page"}],"author":[{"embeddable":true,"href":"https:\/\/cesarbaggio.fr\/WP\/wp-json\/wp\/v2\/users\/1"}],"replies":[{"embeddable":true,"href":"https:\/\/cesarbaggio.fr\/WP\/wp-json\/wp\/v2\/comments?post=1457"}],"version-history":[{"count":3,"href":"https:\/\/cesarbaggio.fr\/WP\/wp-json\/wp\/v2\/pages\/1457\/revisions"}],"predecessor-version":[{"id":1924,"href":"https:\/\/cesarbaggio.fr\/WP\/wp-json\/wp\/v2\/pages\/1457\/revisions\/1924"}],"up":[{"embeddable":true,"href":"https:\/\/cesarbaggio.fr\/WP\/wp-json\/wp\/v2\/pages\/487"}],"wp:attachment":[{"href":"https:\/\/cesarbaggio.fr\/WP\/wp-json\/wp\/v2\/media?parent=1457"}],"curies":[{"name":"wp","href":"https:\/\/api.w.org\/{rel}","templated":true}]}}