{"id":1449,"date":"2021-01-07T09:16:25","date_gmt":"2021-01-07T08:16:25","guid":{"rendered":"https:\/\/cesarbaggio.fr\/WP\/?page_id=1449"},"modified":"2021-01-31T14:28:22","modified_gmt":"2021-01-31T13:28:22","slug":"les-enseignements-ptsi-pt","status":"publish","type":"page","link":"https:\/\/cesarbaggio.fr\/WP\/formations\/cpge\/ptsi-pt-pt\/les-enseignements-ptsi-pt\/","title":{"rendered":"Les enseignements en PTSI ou en PT"},"content":{"rendered":"\n<hr class=\"wp-block-separator\"\/>\n\n\n\n<div class=\"wp-block-columns is-layout-flex wp-container-core-columns-is-layout-28f84493 wp-block-columns-is-layout-flex\">\n<div class=\"wp-block-column is-layout-flow wp-block-column-is-layout-flow\" style=\"flex-basis:66.66%\">\n<p><span style=\"font-family: Helvetica; font-size: 14pt; color: #993366;\"><strong>Les enseignements\u00a0?<\/strong><\/span><\/p>\n<p style=\"text-align: justify;\"><span style=\"font-family: Helvetica;\"><img decoding=\"async\" class=\"alignleft\" src=\"https:\/\/cesarbaggio.fr\/WP\/wp-content\/uploads\/2021\/01\/image-3.png\" alt=\"L\u2019attribut alt de cette image est vide, son nom de fichier est image-3.png.\" \/>Les\u00a0<em>Sciences de l\u2019Ing\u00e9nieur<\/em>\u00a0sont souvent une nouvelle discipline pour les \u00e9tudiants n\u2019ayant pas suivi cette sp\u00e9cialit\u00e9 au lyc\u00e9e. Cet enseignement est dispens\u00e9 \u00e0 travers des travaux pratiques, cours, et travaux dirig\u00e9s et a pour\u00a0support\u00a0les\u00a0<strong>technologies nouvelles<\/strong>.\u00a0Cette mati\u00e8re permet \u00e0 l\u2019\u00e9tudiant de s\u2019ouvrir aux techniques de l\u2019ing\u00e9nieur, et de d\u00e9velopper une culture industrielle, des m\u00e9thodes de traitement de projet, un esprit de synth\u00e8se \u2026 Les th\u00e8mes abord\u00e9s sont tr\u00e8s g\u00e9n\u00e9ralistes, et concernent par exemple des domaines tels que l\u2019industrie automobile, a\u00e9ronautique, spatiale, \u00e9lectronique, des automatismes, de l\u2019informatique, etc.<\/span><\/p>\n<p>\u00a0<\/p>\n<p style=\"text-align: justify;\"><span style=\"font-family: Helvetica;\"><img decoding=\"async\" class=\"alignleft\" src=\"https:\/\/cesarbaggio.fr\/WP\/wp-content\/uploads\/2021\/01\/image-4.png\" alt=\"L\u2019attribut alt de cette image est vide, son nom de fichier est image-4.png.\" \/>Le programme de\u00a0<em>Sciences Physiques<\/em>,\u00a0qui comprend une partie de chimie, est abord\u00e9 d\u2019un point de vue th\u00e9orique et exp\u00e9rimental.\u00a0 Les activit\u00e9s exp\u00e9rimentales sont au c\u0153ur de l\u2019enseignement de la discipline.<\/span><\/p>\n<p>\u00a0<\/p>\n<p style=\"text-align: justify;\"><span style=\"font-family: Helvetica;\"><img decoding=\"async\" class=\"alignleft\" src=\"https:\/\/cesarbaggio.fr\/WP\/wp-content\/uploads\/2021\/01\/image-5.png\" alt=\"L\u2019attribut alt de cette image est vide, son nom de fichier est image-5.png.\" \/>L\u2019importance fondamentale des\u00a0<em>Math\u00e9matiques<\/em>\u00a0se traduit par un programme de haut niveau, adapt\u00e9 \u00e0 l\u2019esprit de la fili\u00e8re. Une approche plus pratique sera mise en avant.<\/span><\/p>\n<p>\u00a0<\/p>\n<p style=\"text-align: justify;\"><span style=\"font-family: Helvetica;\"><img decoding=\"async\" class=\"alignleft\" src=\"https:\/\/cesarbaggio.fr\/WP\/wp-content\/uploads\/2021\/01\/image-6.png\" alt=\"L\u2019attribut alt de cette image est vide, son nom de fichier est image-6.png.\" \/>L\u2019<em>Informatique<\/em> vient compl\u00e9ter l\u2019enseignement scientifiques et suit un programme commun \u00e0 toutes les fili\u00e8res (algorithmique, programmation, bases de donn\u00e9es).<\/span><\/p>\n<p style=\"text-align: justify;\"><span style=\"font-family: Helvetica;\">Comme dans les autres fili\u00e8res, le pilier constitu\u00e9 par les mati\u00e8res litt\u00e9raires<strong> (<em><strong>F<\/strong>ran\u00e7ais et les Langues vivantes<\/em>)<\/strong> est important car il \u00e9quivaut aux 3 piliers scientifiques en termes de coefficients. Ces mati\u00e8res participent \u00e0 une\u00a0formation pluridisciplinaire indispensable pour des futurs ing\u00e9nieurs\u00a0et citoyens et permettent souvent de faire la diff\u00e9rence aux concours.<\/span><\/p>\n<p style=\"text-align: justify;\"><span style=\"font-family: Helvetica;\"><em>\u00e0 noter<\/em> : le pilier constitu\u00e9 par les mati\u00e8res litt\u00e9raires est important car il \u00e9quivaut aux 3 piliers scientifiques en termes de coefficients au concours<\/span><\/p>\n<p><div class=\"jetpack-video-wrapper\"><iframe loading=\"lazy\" title=\"Les Sciences de l&#039;Ing\u00e9nieur en pr\u00e9pa PTSI, PCSI \u00e0 Baggio\" width=\"640\" height=\"360\" src=\"https:\/\/www.youtube.com\/embed\/FKdyGvkrQec?feature=oembed\" frameborder=\"0\" allow=\"accelerometer; autoplay; clipboard-write; encrypted-media; gyroscope; picture-in-picture; web-share\" referrerpolicy=\"strict-origin-when-cross-origin\" allowfullscreen><\/iframe><\/div><\/p>\n<p><div class=\"jetpack-video-wrapper\"><iframe loading=\"lazy\" title=\"La Physique Chimie en pr\u00e9pa \u00e0  Baggio\" width=\"640\" height=\"360\" src=\"https:\/\/www.youtube.com\/embed\/v4zFYUCT3Xk?feature=oembed\" frameborder=\"0\" allow=\"accelerometer; autoplay; clipboard-write; encrypted-media; gyroscope; picture-in-picture; web-share\" referrerpolicy=\"strict-origin-when-cross-origin\" allowfullscreen><\/iframe><\/div><\/p>\n<\/div>\n\n\n\n<div class=\"wp-block-column is-layout-flow wp-block-column-is-layout-flow\" style=\"flex-basis:33.33%\"><div class=\"menu-ptsi-container\"><ul id=\"menu-ptsi\" class=\"menu\"><li id=\"menu-item-871\" class=\"menu-item menu-item-type-post_type menu-item-object-page menu-item-871\"><a href=\"https:\/\/cesarbaggio.fr\/WP\/formations\/cpge\/ptsi-pt-pt\/pourquoi-ptsi\/\">Pourquoi choisir la fili\u00e8re PTSI?<\/a><\/li>\n<li id=\"menu-item-1487\" class=\"menu-item menu-item-type-post_type menu-item-object-page menu-item-1487\"><a href=\"https:\/\/cesarbaggio.fr\/WP\/formations\/cpge\/ptsi-pt-pt\/une-semaine-ptsi-pt\/\">Une semaine en PTSI ou en PT<\/a><\/li>\n<li id=\"menu-item-1486\" class=\"menu-item menu-item-type-post_type menu-item-object-page menu-item-1486\"><a href=\"https:\/\/cesarbaggio.fr\/WP\/formations\/cpge\/ptsi-pt-pt\/les-enseignements-ptsi-pt\/\">Les enseignements en PTSI ou en PT<\/a><\/li>\n<li id=\"menu-item-1485\" class=\"menu-item menu-item-type-post_type menu-item-object-page menu-item-1485\"><a href=\"https:\/\/cesarbaggio.fr\/WP\/formations\/cpge\/ptsi-pt-pt\/les-ecoles-dingenieur-apres-une-pt\/\">Les \u00e9coles d\u2019ing\u00e9nieur apr\u00e8s une PT<\/a><\/li>\n<li id=\"menu-item-1484\" class=\"menu-item menu-item-type-post_type menu-item-object-page menu-item-1484\"><a href=\"https:\/\/cesarbaggio.fr\/WP\/formations\/cpge\/ptsi-pt-pt\/les-resultats-des-concours-en-pt-au-lycee-baggio\/\">Les r\u00e9sultats des concours en PT au lyc\u00e9e Baggio<\/a><\/li>\n<li id=\"menu-item-1483\" class=\"menu-item menu-item-type-post_type menu-item-object-page menu-item-1483\"><a href=\"https:\/\/cesarbaggio.fr\/WP\/formations\/cpge\/ptsi-pt-pt\/le-devenir-de-nos-etudiants-au-lycee-baggio\/\">Le devenir de nos \u00e9tudiants au Lyc\u00e9e Baggio<\/a><\/li>\n<li id=\"menu-item-1698\" class=\"menu-item menu-item-type-post_type menu-item-object-page menu-item-1698\"><a href=\"https:\/\/cesarbaggio.fr\/WP\/formations\/cpge\/ptsi-pt-pt\/les-matieres-litteraires\/\">Les mati\u00e8res litt\u00e9raires<\/a><\/li>\n<li id=\"menu-item-1960\" class=\"menu-item menu-item-type-taxonomy menu-item-object-category menu-item-1960\"><a href=\"https:\/\/cesarbaggio.fr\/WP\/category\/actualite-cpge\/\">Actualit\u00e9 &#8211; CPGE<\/a><\/li>\n<li id=\"menu-item-1961\" class=\"menu-item menu-item-type-taxonomy menu-item-object-category menu-item-1961\"><a href=\"https:\/\/cesarbaggio.fr\/WP\/category\/temoignage-cpge\/\">T\u00e9moignage &#8211; CPGE<\/a><\/li>\n<li id=\"menu-item-1482\" class=\"menu-item menu-item-type-post_type menu-item-object-page menu-item-1482\"><a href=\"https:\/\/cesarbaggio.fr\/WP\/formations\/cpge\/ptsi-pt-pt\/contacts\/\">Contacts<\/a><\/li>\n<\/ul><\/div>\n\n\n\n<div class=\"wp-block-blockspare-blockspare-social-links blockspare-893c723c-6daf-4 blockspare-socaillink-block\"><style>.blockspare-893c723c-6daf-4 .blockspare-social-wrapper{text-align:left;margin-top:30px;margin-bottom:30px}<\/style><div class=\"blockspare-blocks blockspare-social-wrapper\"><ul class=\"blockspare-social-links blockspare-default-official-color blockspare-social-icon-circle blockspare-social-icon-medium blockspare-icon-only blockspare-social-icon-solid\"><li><a href=\"https:\/\/fr-fr.facebook.com\/prepabaggio\/\" class=\"\" target=\"_blank\" rel=\"noopener noreferrer nofollow\"><span class=\"blockspare-social-icons\"><i class=\"fab fa-facebook-f\"><\/i> <span class=\"screen-reader-text\">facebook<\/span><\/span><\/a><\/li><li><a href=\"https:\/\/www.youtube.com\/channel\/UCRR1M3fKaxZa8C-_BNBQ7jg\" class=\"\" target=\"_blank\" rel=\"noopener noreferrer nofollow\"><span class=\"blockspare-social-icons\"><i class=\"fab fa-youtube\"><\/i><span class=\"screen-reader-text\">YouTube<\/span><\/span><\/a><\/li><\/ul><\/div><\/div>\n<\/div>\n<\/div>\n","protected":false},"excerpt":{"rendered":"<p>Les enseignements\u00a0? Les\u00a0Sciences de l\u2019Ing\u00e9nieur\u00a0sont souvent une nouvelle discipline pour les \u00e9tudiants n\u2019ayant pas suivi&#8230;<\/p>\n","protected":false},"author":1,"featured_media":0,"parent":487,"menu_order":3,"comment_status":"closed","ping_status":"closed","template":"","meta":{"footnotes":""},"class_list":["post-1449","page","type-page","status-publish","hentry"],"jetpack_sharing_enabled":true,"_links":{"self":[{"href":"https:\/\/cesarbaggio.fr\/WP\/wp-json\/wp\/v2\/pages\/1449","targetHints":{"allow":["GET"]}}],"collection":[{"href":"https:\/\/cesarbaggio.fr\/WP\/wp-json\/wp\/v2\/pages"}],"about":[{"href":"https:\/\/cesarbaggio.fr\/WP\/wp-json\/wp\/v2\/types\/page"}],"author":[{"embeddable":true,"href":"https:\/\/cesarbaggio.fr\/WP\/wp-json\/wp\/v2\/users\/1"}],"replies":[{"embeddable":true,"href":"https:\/\/cesarbaggio.fr\/WP\/wp-json\/wp\/v2\/comments?post=1449"}],"version-history":[{"count":7,"href":"https:\/\/cesarbaggio.fr\/WP\/wp-json\/wp\/v2\/pages\/1449\/revisions"}],"predecessor-version":[{"id":2109,"href":"https:\/\/cesarbaggio.fr\/WP\/wp-json\/wp\/v2\/pages\/1449\/revisions\/2109"}],"up":[{"embeddable":true,"href":"https:\/\/cesarbaggio.fr\/WP\/wp-json\/wp\/v2\/pages\/487"}],"wp:attachment":[{"href":"https:\/\/cesarbaggio.fr\/WP\/wp-json\/wp\/v2\/media?parent=1449"}],"curies":[{"name":"wp","href":"https:\/\/api.w.org\/{rel}","templated":true}]}}