{"id":1436,"date":"2021-01-07T08:51:53","date_gmt":"2021-01-07T07:51:53","guid":{"rendered":"https:\/\/cesarbaggio.fr\/WP\/?page_id=1436"},"modified":"2021-01-22T11:56:13","modified_gmt":"2021-01-22T10:56:13","slug":"une-semaine-ptsi-pt","status":"publish","type":"page","link":"https:\/\/cesarbaggio.fr\/WP\/formations\/cpge\/ptsi-pt-pt\/une-semaine-ptsi-pt\/","title":{"rendered":"Une semaine en PTSI ou en PT"},"content":{"rendered":"\n<hr class=\"wp-block-separator\"\/>\n\n\n\n<div class=\"wp-block-columns is-layout-flex wp-container-core-columns-is-layout-28f84493 wp-block-columns-is-layout-flex\">\n<div class=\"wp-block-column is-layout-flow wp-block-column-is-layout-flow\" style=\"flex-basis:66.66%\">\n<p style=\"text-align: justify;\"><span style=\"font-size: 14pt; color: #993366; font-family: Helvetica;\"><strong>Les horaires des diff\u00e9rentes mati\u00e8res en PTSI\/PT<\/strong><\/span><\/p>\n<p style=\"text-align: justify;\"><span style=\"font-family: Helvetica;\">L\u2019enseignement en fili\u00e8re PTSI\/PT est \u00e9quilibr\u00e9 entre les Math\u00e9matiques, la Physique-Chimie et les Sciences de l\u2019Ing\u00e9nieur (SII). Les aspects pratiques des sciences y sont privil\u00e9gi\u00e9s. Comme dans toutes les autres fili\u00e8res, il y a \u00e9galement de l\u2019Informatique, du Fran\u00e7ais et des Langues vivantes (une LV1 obligatoire, une LV2 facultative). Sans oublier le sport !<\/span><\/p>\n<p><img loading=\"lazy\" decoding=\"async\" class=\"aligncenter  wp-image-1439\" src=\"https:\/\/cesarbaggio.fr\/WP\/wp-content\/uploads\/2021\/01\/horaires-ptsi-300x225.png\" alt=\"\" width=\"467\" height=\"350\" srcset=\"https:\/\/cesarbaggio.fr\/WP\/wp-content\/uploads\/2021\/01\/horaires-ptsi-300x225.png 300w, https:\/\/cesarbaggio.fr\/WP\/wp-content\/uploads\/2021\/01\/horaires-ptsi.png 628w\" sizes=\"auto, (max-width: 467px) 100vw, 467px\" \/><\/p>\n<p style=\"text-align: justify;\"><span style=\"font-family: Helvetica; font-size: 14pt; color: #993366;\">Organisation des \u00e9tudes<\/span><\/p>\n<p><img loading=\"lazy\" decoding=\"async\" class=\"aligncenter  wp-image-1441\" src=\"https:\/\/cesarbaggio.fr\/WP\/wp-content\/uploads\/2021\/01\/table-ptsi-300x200.png\" alt=\"\" width=\"458\" height=\"306\" srcset=\"https:\/\/cesarbaggio.fr\/WP\/wp-content\/uploads\/2021\/01\/table-ptsi-300x200.png 300w, https:\/\/cesarbaggio.fr\/WP\/wp-content\/uploads\/2021\/01\/table-ptsi-1024x684.png 1024w, https:\/\/cesarbaggio.fr\/WP\/wp-content\/uploads\/2021\/01\/table-ptsi-768x513.png 768w, https:\/\/cesarbaggio.fr\/WP\/wp-content\/uploads\/2021\/01\/table-ptsi.png 1102w\" sizes=\"auto, (max-width: 458px) 100vw, 458px\" \/><\/p>\n<p style=\"text-align: justify;\"><span style=\"font-family: Helvetica;\">(a)&nbsp; &nbsp;Le TIPE et l\u2019heure de cours en informatique commence au semestre 2 de PTSI<br><\/span><span style=\"font-family: Helvetica;\">(b)&nbsp; &nbsp;A rajouter :&nbsp; 2h de soutien en Sciences de l\u2019Ing\u00e9nieur en PTSI<\/span><\/p>\n<p style=\"text-align: justify;\"><span style=\"font-family: Helvetica; font-size: 14pt; color: #993366;\">Les colles<\/span><\/p>\n<p style=\"text-align: justify;\"><span style=\"font-family: Helvetica;\">Les colles sont une sp\u00e9cificit\u00e9 des classes pr\u00e9paratoires. Il s\u2019agit d\u2019interrogations orales hebdomadaires (\u00e0 raison de deux heures par semaine). Les \u00e9tudiants passent au tableau, par groupe de trois, et doivent r\u00e9pondre \u00e0 des questions de cours et r\u00e9soudre des exercices.<\/span><\/p>\n<p><img loading=\"lazy\" decoding=\"async\" class=\"aligncenter  wp-image-1445\" src=\"https:\/\/cesarbaggio.fr\/WP\/wp-content\/uploads\/2021\/01\/colle-300x200.jpg\" alt=\"\" width=\"461\" height=\"307\" srcset=\"https:\/\/cesarbaggio.fr\/WP\/wp-content\/uploads\/2021\/01\/colle-300x200.jpg 300w, https:\/\/cesarbaggio.fr\/WP\/wp-content\/uploads\/2021\/01\/colle-1024x683.jpg 1024w, https:\/\/cesarbaggio.fr\/WP\/wp-content\/uploads\/2021\/01\/colle-768x512.jpg 768w, https:\/\/cesarbaggio.fr\/WP\/wp-content\/uploads\/2021\/01\/colle-1536x1024.jpg 1536w, https:\/\/cesarbaggio.fr\/WP\/wp-content\/uploads\/2021\/01\/colle-2048x1365.jpg 2048w\" sizes=\"auto, (max-width: 461px) 100vw, 461px\" \/><\/p>\n<p style=\"text-align: justify;\"><span style=\"font-family: Helvetica;\">Au cours d&rsquo;une colle, l&rsquo;\u00e9l\u00e8ve&nbsp;teste son niveau de compr\u00e9hension et d&rsquo;apprentissage du cours. C&rsquo;est un moment privil\u00e9gi\u00e9 d&rsquo;\u00e9change&nbsp;avec le professeur qui lui permet de progresser, de s\u2019entra\u00eener \u00e0 l\u2019oral et de <strong>b\u00e9n\u00e9ficier d\u2019un vrai suivi personnalis\u00e9.<\/strong><\/span><\/p>\n<p style=\"text-align: left;\">\n<\/p><p style=\"text-align: justify;\"><span style=\"font-family: Helvetica;\">Les \u00e9tudiants ont chaque semaine deux heures de colles alternant entre&nbsp; les math\u00e9matiques, la Physique-Chimie, Les Sciences de l\u2019Ing\u00e9nieur ou les Langues Vivantes. Des colles de Fran\u00e7ais sont \u00e9galement mises en place.<\/span><\/p>\n<p style=\"text-align: left;\"><span style=\"font-family: Helvetica; font-size: 14pt; color: #993366;\">Les devoirs surveill\u00e9s<\/span><\/p>\n<p style=\"text-align: justify;\"><span style=\"font-family: Helvetica;\">Les \u00e9tudiants ont un devoir surveill\u00e9 <strong>toutes les semaines<\/strong>, le samedi matin, de 8h \u00e0 12h. Ce rythme r\u00e9gulier d\u2019\u00e9valuations permet un contr\u00f4le continu de l\u2019acquisition des notions vues en cours. Ces s\u00e9ances de DS permettent \u00e9galement de travailler sur des sujets type \u00ab&nbsp;concours&nbsp;\u00bb.<\/span><\/p>\n<p><\/p>\n<p><\/p>\n<\/div>\n\n\n\n<div class=\"wp-block-column is-layout-flow wp-block-column-is-layout-flow\" style=\"flex-basis:33.33%\"><div class=\"menu-ptsi-container\"><ul id=\"menu-ptsi\" class=\"menu\"><li id=\"menu-item-871\" class=\"menu-item menu-item-type-post_type menu-item-object-page menu-item-871\"><a href=\"https:\/\/cesarbaggio.fr\/WP\/formations\/cpge\/ptsi-pt-pt\/pourquoi-ptsi\/\">Pourquoi choisir la fili\u00e8re PTSI?<\/a><\/li>\n<li id=\"menu-item-1487\" class=\"menu-item menu-item-type-post_type menu-item-object-page menu-item-1487\"><a href=\"https:\/\/cesarbaggio.fr\/WP\/formations\/cpge\/ptsi-pt-pt\/une-semaine-ptsi-pt\/\">Une semaine en PTSI ou en PT<\/a><\/li>\n<li id=\"menu-item-1486\" class=\"menu-item menu-item-type-post_type menu-item-object-page menu-item-1486\"><a href=\"https:\/\/cesarbaggio.fr\/WP\/formations\/cpge\/ptsi-pt-pt\/les-enseignements-ptsi-pt\/\">Les enseignements en PTSI ou en PT<\/a><\/li>\n<li id=\"menu-item-1485\" class=\"menu-item menu-item-type-post_type menu-item-object-page menu-item-1485\"><a href=\"https:\/\/cesarbaggio.fr\/WP\/formations\/cpge\/ptsi-pt-pt\/les-ecoles-dingenieur-apres-une-pt\/\">Les \u00e9coles d\u2019ing\u00e9nieur apr\u00e8s une PT<\/a><\/li>\n<li id=\"menu-item-1484\" class=\"menu-item menu-item-type-post_type menu-item-object-page menu-item-1484\"><a href=\"https:\/\/cesarbaggio.fr\/WP\/formations\/cpge\/ptsi-pt-pt\/les-resultats-des-concours-en-pt-au-lycee-baggio\/\">Les r\u00e9sultats des concours en PT au lyc\u00e9e Baggio<\/a><\/li>\n<li id=\"menu-item-1483\" class=\"menu-item menu-item-type-post_type menu-item-object-page menu-item-1483\"><a href=\"https:\/\/cesarbaggio.fr\/WP\/formations\/cpge\/ptsi-pt-pt\/le-devenir-de-nos-etudiants-au-lycee-baggio\/\">Le devenir de nos \u00e9tudiants au Lyc\u00e9e Baggio<\/a><\/li>\n<li id=\"menu-item-1698\" class=\"menu-item menu-item-type-post_type menu-item-object-page menu-item-1698\"><a href=\"https:\/\/cesarbaggio.fr\/WP\/formations\/cpge\/ptsi-pt-pt\/les-matieres-litteraires\/\">Les mati\u00e8res litt\u00e9raires<\/a><\/li>\n<li id=\"menu-item-1960\" class=\"menu-item menu-item-type-taxonomy menu-item-object-category menu-item-1960\"><a href=\"https:\/\/cesarbaggio.fr\/WP\/category\/actualite-cpge\/\">Actualit\u00e9 &#8211; CPGE<\/a><\/li>\n<li id=\"menu-item-1961\" class=\"menu-item menu-item-type-taxonomy menu-item-object-category menu-item-1961\"><a href=\"https:\/\/cesarbaggio.fr\/WP\/category\/temoignage-cpge\/\">T\u00e9moignage &#8211; CPGE<\/a><\/li>\n<li id=\"menu-item-1482\" class=\"menu-item menu-item-type-post_type menu-item-object-page menu-item-1482\"><a href=\"https:\/\/cesarbaggio.fr\/WP\/formations\/cpge\/ptsi-pt-pt\/contacts\/\">Contacts<\/a><\/li>\n<\/ul><\/div>\n\n\n\n<div class=\"wp-block-blockspare-blockspare-social-links blockspare-f34010ee-ba2f-4 blockspare-socaillink-block\"><style>.blockspare-f34010ee-ba2f-4 .blockspare-social-wrapper{text-align:left;margin-top:30px;margin-bottom:30px}<\/style><div class=\"blockspare-blocks blockspare-social-wrapper\"><ul class=\"blockspare-social-links blockspare-default-official-color blockspare-social-icon-circle blockspare-social-icon-medium blockspare-icon-only blockspare-social-icon-solid\"><li><a href=\"https:\/\/fr-fr.facebook.com\/prepabaggio\/\" class=\"\" target=\"_blank\" rel=\"noopener noreferrer nofollow\"><span class=\"blockspare-social-icons\"><i class=\"fab fa-facebook-f\"><\/i> <span class=\"screen-reader-text\">facebook<\/span><\/span><\/a><\/li><li><a href=\"https:\/\/www.youtube.com\/channel\/UCRR1M3fKaxZa8C-_BNBQ7jg\" class=\"\" target=\"_blank\" rel=\"noopener noreferrer nofollow\"><span class=\"blockspare-social-icons\"><i class=\"fab fa-youtube\"><\/i><span class=\"screen-reader-text\">YouTube<\/span><\/span><\/a><\/li><\/ul><\/div><\/div>\n<\/div>\n<\/div>\n","protected":false},"excerpt":{"rendered":"<p>Les horaires des diff\u00e9rentes mati\u00e8res en PTSI\/PT L\u2019enseignement en fili\u00e8re PTSI\/PT est \u00e9quilibr\u00e9 entre les&#8230;<\/p>\n","protected":false},"author":1,"featured_media":0,"parent":487,"menu_order":1,"comment_status":"closed","ping_status":"closed","template":"","meta":{"footnotes":""},"class_list":["post-1436","page","type-page","status-publish","hentry"],"jetpack_sharing_enabled":true,"_links":{"self":[{"href":"https:\/\/cesarbaggio.fr\/WP\/wp-json\/wp\/v2\/pages\/1436","targetHints":{"allow":["GET"]}}],"collection":[{"href":"https:\/\/cesarbaggio.fr\/WP\/wp-json\/wp\/v2\/pages"}],"about":[{"href":"https:\/\/cesarbaggio.fr\/WP\/wp-json\/wp\/v2\/types\/page"}],"author":[{"embeddable":true,"href":"https:\/\/cesarbaggio.fr\/WP\/wp-json\/wp\/v2\/users\/1"}],"replies":[{"embeddable":true,"href":"https:\/\/cesarbaggio.fr\/WP\/wp-json\/wp\/v2\/comments?post=1436"}],"version-history":[{"count":6,"href":"https:\/\/cesarbaggio.fr\/WP\/wp-json\/wp\/v2\/pages\/1436\/revisions"}],"predecessor-version":[{"id":1922,"href":"https:\/\/cesarbaggio.fr\/WP\/wp-json\/wp\/v2\/pages\/1436\/revisions\/1922"}],"up":[{"embeddable":true,"href":"https:\/\/cesarbaggio.fr\/WP\/wp-json\/wp\/v2\/pages\/487"}],"wp:attachment":[{"href":"https:\/\/cesarbaggio.fr\/WP\/wp-json\/wp\/v2\/media?parent=1436"}],"curies":[{"name":"wp","href":"https:\/\/api.w.org\/{rel}","templated":true}]}}