{"id":1327,"date":"2021-01-05T08:58:51","date_gmt":"2021-01-05T07:58:51","guid":{"rendered":"https:\/\/cesarbaggio.fr\/WP\/?page_id=1327"},"modified":"2022-03-02T15:43:05","modified_gmt":"2022-03-02T14:43:05","slug":"3-prepa-metiers","status":"publish","type":"page","link":"https:\/\/cesarbaggio.fr\/WP\/3-prepa-metiers\/","title":{"rendered":"3 PR\u00c9PA-M\u00c9TIERS"},"content":{"rendered":"\n<hr class=\"wp-block-separator\"\/>\n\n\n\n<div class=\"wp-block-columns is-layout-flex wp-container-core-columns-is-layout-28f84493 wp-block-columns-is-layout-flex\">\n<div class=\"wp-block-column is-layout-flow wp-block-column-is-layout-flow\" style=\"flex-basis:66.66%\">\n<p class=\"has-text-align-justify\"><\/p>\n\n\n\n<p style=\"text-align: justify;\">Le Lyc\u00e9e professionnel Baggio poss\u00e8de une classe de 3\u00e8me pr\u00e9pa-m\u00e9tiers qui accueille, chaque ann\u00e9e, au maximum 24 coll\u00e9giens.<br>Les particularit\u00e9s de cette classe : des cours en demi-classe, 5h de module professionnel chaque semaine, 4 semaines de p\u00e9riodes de stage en milieu professionnel (PMFP ou stages) dans l\u2019ann\u00e9e.<\/p>\n<p style=\"text-align: justify;\">Les formalit\u00e9s d\u2019admission se font aupr\u00e8s des coll\u00e8ges de scolarisation des \u00e9l\u00e8ves de 4\u00e8me.<\/p>\n<p><strong><span style=\"font-family: Helvetica; font-size: 14pt;\">Objectif de la 3e \u00ab&nbsp;pr\u00e9pa-m\u00e9tiers&nbsp;\u00bb<\/span><\/strong><\/p>\n<p style=\"text-align: left;\">Il s\u2019agit de proposer, \u00e0 des \u00e9l\u00e8ves volontaires, <strong>\u00e0 l\u2019issue de la classe de quatri\u00e8me<\/strong>, un ensemble d\u2019environnements professionnels et de les accompagner dans la poursuite de l\u2019\u00e9laboration de leur projet d\u2019orientation en particulier vers la voie professionnelle ou par l\u2019apprentissage.<\/p>\n<p style=\"text-align: left;\"><strong>Les \u00e9l\u00e8ves effectuent 4 semaines de stages en entreprises lors de cette ann\u00e9e de troisi\u00e8me.<\/strong><\/p>\n<p style=\"text-align: left;\">Comme pour toute classe de troisi\u00e8me, les enseignements visent la ma\u00eetrise du socle commun de connaissances, de comp\u00e9tences et de culture.<\/p>\n<p><span style=\"font-size: 14pt; font-family: Helvetica;\">Admission des \u00e9l\u00e8ves<\/span><\/p>\n<p style=\"text-align: left;\">Les \u00e9l\u00e8ves volontaires en fin de classe de quatri\u00e8me souhaitant entrer dans une troisi\u00e8me \u00ab pr\u00e9pa\u2011m\u00e9tiers \u00bb, avec l\u2019accord de leurs repr\u00e9sentants l\u00e9gaux, <strong>effectueront une demande aupr\u00e8s du coll\u00e8ge d\u2019origine<\/strong>.<\/p>\n<p style=\"text-align: left;\">La demande de passage en troisi\u00e8me \u00abpr\u00e9pa-m\u00e9tiers\u00bb est examin\u00e9e par une commission qui prend la d\u00e9cision d\u2019affecter les \u00e9l\u00e8ves en 3\u00e8me pr\u00e9pa-m\u00e9tiers. En cas d\u2019avis favorable, <strong>les \u00e9l\u00e8ves peuvent s\u2019inscrire dans le lyc\u00e9e professionnel, support de la classe de 3\u00e8me pr\u00e9pa-m\u00e9tiers<\/strong>.<\/p>\n<p><span style=\"font-family: Helvetica; font-size: 14pt;\">Le Dipl\u00f4me National du Brevet (DNB)<\/span><\/p>\n<p style=\"text-align: left;\">Les \u00e9l\u00e8ves de troisi\u00e8me \u00ab pr\u00e9pa-m\u00e9tiers \u00bb pr\u00e9sentent le dipl\u00f4me national du brevet (DNB)<strong>.<\/strong><\/p>\n<p style=\"text-align: left;\">Pour les candidats de la <strong>s\u00e9rie professionnelle<\/strong> du DNB, des sujets distincts sont \u00e9labor\u00e9s en ad\u00e9quation avec les sp\u00e9cificit\u00e9s des classes de 3\u00e8me \u00ab pr\u00e9pa-m\u00e9tiers&nbsp;\u00bb.<\/p>\n<\/div>\n\n\n\n<div class=\"wp-block-column is-layout-flow wp-block-column-is-layout-flow\" style=\"flex-basis:33.33%\">\n<figure class=\"wp-block-image size-large\"><img loading=\"lazy\" decoding=\"async\" width=\"286\" height=\"416\" src=\"https:\/\/cesarbaggio.fr\/WP\/wp-content\/uploads\/2021\/01\/image-2.png\" alt=\"\" class=\"wp-image-1328\" srcset=\"https:\/\/cesarbaggio.fr\/WP\/wp-content\/uploads\/2021\/01\/image-2.png 286w, https:\/\/cesarbaggio.fr\/WP\/wp-content\/uploads\/2021\/01\/image-2-206x300.png 206w, https:\/\/cesarbaggio.fr\/WP\/wp-content\/uploads\/2021\/01\/image-2-17x24.png 17w, https:\/\/cesarbaggio.fr\/WP\/wp-content\/uploads\/2021\/01\/image-2-25x36.png 25w, https:\/\/cesarbaggio.fr\/WP\/wp-content\/uploads\/2021\/01\/image-2-33x48.png 33w\" sizes=\"auto, (max-width: 286px) 100vw, 286px\" \/><\/figure>\n\n\n\n<p><span style=\"font-size: 14pt;\">Poursuite<\/span> <span style=\"font-size: 14pt;\">d\u2019\u00e9tudes<\/span><\/p>\n<p style=\"text-align: justify;\">A l\u2019issue de la classe de troisi\u00e8me \u00ab&nbsp;pr\u00e9pa-m\u00e9tiers&nbsp;\u00bb, les \u00e9l\u00e8ves participent \u00e0 la m\u00eame proc\u00e9dure d\u2019orientation et d\u2019affectation que les autres \u00e9l\u00e8ves.<br>L\u2019acc\u00e8s aux formations professionnelles de ces \u00e9l\u00e8ves est favoris\u00e9 par une bonification dans le traitement de leur demande d\u2019affectation vers la voie professionnelle.<\/p>\n<p>La poursuite d\u2019\u00e9tudes se fait, le plus souvent, vers une seconde professionnelle ou vers l\u2019apprentissage.<\/p>\n<\/div>\n<\/div>\n","protected":false},"excerpt":{"rendered":"<p>Le Lyc\u00e9e professionnel Baggio poss\u00e8de une classe de 3\u00e8me pr\u00e9pa-m\u00e9tiers qui accueille, chaque ann\u00e9e, au&#8230;<\/p>\n","protected":false},"author":1,"featured_media":0,"parent":0,"menu_order":0,"comment_status":"closed","ping_status":"closed","template":"","meta":{"footnotes":""},"class_list":["post-1327","page","type-page","status-publish","hentry"],"jetpack_sharing_enabled":true,"_links":{"self":[{"href":"https:\/\/cesarbaggio.fr\/WP\/wp-json\/wp\/v2\/pages\/1327","targetHints":{"allow":["GET"]}}],"collection":[{"href":"https:\/\/cesarbaggio.fr\/WP\/wp-json\/wp\/v2\/pages"}],"about":[{"href":"https:\/\/cesarbaggio.fr\/WP\/wp-json\/wp\/v2\/types\/page"}],"author":[{"embeddable":true,"href":"https:\/\/cesarbaggio.fr\/WP\/wp-json\/wp\/v2\/users\/1"}],"replies":[{"embeddable":true,"href":"https:\/\/cesarbaggio.fr\/WP\/wp-json\/wp\/v2\/comments?post=1327"}],"version-history":[{"count":5,"href":"https:\/\/cesarbaggio.fr\/WP\/wp-json\/wp\/v2\/pages\/1327\/revisions"}],"predecessor-version":[{"id":3264,"href":"https:\/\/cesarbaggio.fr\/WP\/wp-json\/wp\/v2\/pages\/1327\/revisions\/3264"}],"wp:attachment":[{"href":"https:\/\/cesarbaggio.fr\/WP\/wp-json\/wp\/v2\/media?parent=1327"}],"curies":[{"name":"wp","href":"https:\/\/api.w.org\/{rel}","templated":true}]}}